{"id":1122,"date":"2022-04-06T15:19:58","date_gmt":"2022-04-06T21:19:58","guid":{"rendered":"https:\/\/live-color-latina.pantheonsite.io\/?page_id=1122"},"modified":"2025-05-15T15:04:43","modified_gmt":"2025-05-15T21:04:43","slug":"volunteer","status":"publish","type":"page","link":"https:\/\/www.colorlatina.org\/es\/join-us\/volunteer\/","title":{"rendered":"\u00a1Voluntariado con COLOR!"},"content":{"rendered":"<div data-elementor-type=\"wp-page\" data-elementor-id=\"1122\" class=\"elementor elementor-1122\" data-elementor-post-type=\"page\">\n\t\t\t\t\t\t<section class=\"elementor-section elementor-top-section elementor-element elementor-element-3d1ba420 elementor-section-boxed elementor-section-height-default elementor-section-height-default\" data-id=\"3d1ba420\" data-element_type=\"section\">\n\t\t\t\t\t\t<div class=\"elementor-container elementor-column-gap-default\">\n\t\t\t\t\t<div class=\"elementor-column elementor-col-100 elementor-top-column elementor-element elementor-element-1f75dbab\" data-id=\"1f75dbab\" data-element_type=\"column\">\n\t\t\t<div class=\"elementor-widget-wrap elementor-element-populated\">\n\t\t\t\t\t\t<div class=\"elementor-element elementor-element-153411b0 elementor-widget elementor-widget-text-editor\" data-id=\"153411b0\" data-element_type=\"widget\" data-widget_type=\"text-editor.default\">\n\t\t\t\t<div class=\"elementor-widget-container\">\n\t\t\t\t\t\t\t\t\t<p><\/p>\n<div style=\"flex-basis: var(--flex-basis); flex-grow: var(--flex-grow); flex-shrink: var(--flex-shrink); order: var(--order); align-self: var(--align-self); flex-direction: var(--flex-direction); flex-wrap: var(--flex-wrap); justify-content: var(--justify-content); align-items: var(--align-items); align-content: var(--align-content); gap: var(--gap); display: var(--page-title-display); --swiper-theme-color: #000; --swiper-navigation-size: 44px; --swiper-pagination-bullet-size: 6px; --swiper-pagination-bullet-horizontal-gap: 6px; --widgets-spacing: 20px 20px; width: 1120px;\" data-id=\"d4f81be\" data-element_type=\"widget\" data-widget_type=\"theme-post-title.default\">\n<div style=\"transition: background .3s,border .3s,border-radius .3s,box-shadow .3s,transform var(--e-transform-transition-duration,.4s);\">\n<h1><span style=\"color: var( --e-global-color-abc20db ); font-size: 1.75rem;\">Construimos nuestras familias. Controlamos nuestro futuro.<\/span><\/h1>\n<\/div>\n<\/div>\n<div style=\"flex-basis: var(--flex-basis); flex-grow: var(--flex-grow); flex-shrink: var(--flex-shrink); order: var(--order); align-self: var(--align-self); flex-direction: var(--flex-direction); flex-wrap: var(--flex-wrap); justify-content: var(--justify-content); align-items: var(--align-items); align-content: var(--align-content); gap: var(--gap); --swiper-theme-color: #000; --swiper-navigation-size: 44px; --swiper-pagination-bullet-size: 6px; --swiper-pagination-bullet-horizontal-gap: 6px; --widgets-spacing: 20px 20px; width: 1120px;\" data-id=\"33c811f\" data-element_type=\"widget\" data-widget_type=\"theme-post-content.default\">\n<div style=\"transition: background .3s,border .3s,border-radius .3s,box-shadow .3s,transform var(--e-transform-transition-duration,.4s);\">\n<div data-elementor-type=\"wp-page\" data-elementor-id=\"39\" data-elementor-post-type=\"page\">\n<section style=\"flex-basis: var(--flex-basis); flex-grow: var(--flex-grow); flex-shrink: var(--flex-shrink); order: var(--order); align-self: var(--align-self); --swiper-theme-color: #000; --swiper-navigation-size: 44px; --swiper-pagination-bullet-size: 6px; --swiper-pagination-bullet-horizontal-gap: 6px; --widgets-spacing: 20px 20px;\" data-id=\"1380a292\" data-element_type=\"section\">\n<div style=\"flex-basis: var(--flex-basis); flex-grow: var(--flex-grow); flex-shrink: var(--flex-shrink); order: var(--order); align-self: var(--align-self); --swiper-theme-color: #000; --swiper-navigation-size: 44px; --swiper-pagination-bullet-size: 6px; --swiper-pagination-bullet-horizontal-gap: 6px; --widgets-spacing: 20px 20px; width: 1120px;\" data-id=\"6cb1caee\" data-element_type=\"column\">\n<div style=\"width: 1120px; padding: 0px;\">\n<div style=\"flex-basis: var(--flex-basis); flex-grow: var(--flex-grow); flex-shrink: var(--flex-shrink); order: var(--order); align-self: var(--align-self); flex-direction: var(--flex-direction); flex-wrap: var(--flex-wrap); justify-content: var(--justify-content); align-items: var(--align-items); align-content: var(--align-content); gap: var(--gap); --swiper-theme-color: #000; --swiper-navigation-size: 44px; --swiper-pagination-bullet-size: 6px; --swiper-pagination-bullet-horizontal-gap: 6px; --widgets-spacing: 20px 20px; width: 1120px; margin-bottom: 20px; margin-block-end: 20px;\" data-id=\"d3288db\" data-element_type=\"widget\" data-widget_type=\"text-editor.default\">\n<div style=\"transition: background .3s,border .3s,border-radius .3s,box-shadow .3s,transform var(--e-transform-transition-duration,.4s);\"><span style=\"color: var( --e-global-color-secondary ); font-size: 1rem;\">Creemos que cada uno de nosotros deber\u00eda poder tomar sus propias decisiones sobre si ser padres y cu\u00e1ndo serlo. Eso significa que todos, ricos y&nbsp;<\/span><\/div><div style=\"transition: background .3s,border .3s,border-radius .3s,box-shadow .3s,transform var(--e-transform-transition-duration,.4s);\"><span style=\"color: var( --e-global-color-secondary ); font-size: 1rem;\">o pobres, necesitan poder acceder a la gama completa de servicios de salud reproductiva,&nbsp;<\/span><span style=\"color: var( --e-global-color-secondary ); font-size: 1rem;\">incluyendo el aborto, la anticoncepci\u00f3n, <br>Atenci\u00f3n prenatal y atenci\u00f3n de maternidad.<\/span><\/div>\n<\/div>\n<\/div>\n<\/div>\n<\/section>\n<\/div>\n<\/div>\n<\/div>\n<div style=\"flex-basis: var(--flex-basis); flex-grow: var(--flex-grow); flex-shrink: var(--flex-shrink); order: var(--order); align-self: var(--align-self); flex-direction: var(--flex-direction); flex-wrap: var(--flex-wrap); justify-content: var(--justify-content); align-items: var(--align-items); align-content: var(--align-content); gap: var(--gap); --swiper-theme-color: #000; --swiper-navigation-size: 44px; --swiper-pagination-bullet-size: 6px; --swiper-pagination-bullet-horizontal-gap: 6px; --widgets-spacing: 20px 20px; width: 1120px;\" data-id=\"33c811f\" data-element_type=\"widget\" data-widget_type=\"theme-post-content.default\">\n<div style=\"transition: background .3s,border .3s,border-radius .3s,box-shadow .3s,transform var(--e-transform-transition-duration,.4s);\">\n<div data-elementor-type=\"wp-page\" data-elementor-id=\"39\" data-elementor-post-type=\"page\">\n<section style=\"flex-basis: var(--flex-basis); flex-grow: var(--flex-grow); flex-shrink: var(--flex-shrink); order: var(--order); align-self: var(--align-self); --swiper-theme-color: #000; --swiper-navigation-size: 44px; --swiper-pagination-bullet-size: 6px; --swiper-pagination-bullet-horizontal-gap: 6px; --widgets-spacing: 20px 20px;\" data-id=\"1380a292\" data-element_type=\"section\">\n<div style=\"flex-basis: var(--flex-basis); flex-grow: var(--flex-grow); flex-shrink: var(--flex-shrink); order: var(--order); align-self: var(--align-self); --swiper-theme-color: #000; --swiper-navigation-size: 44px; --swiper-pagination-bullet-size: 6px; --swiper-pagination-bullet-horizontal-gap: 6px; --widgets-spacing: 20px 20px; width: 1120px;\" data-id=\"6cb1caee\" data-element_type=\"column\">\n<div style=\"width: 1120px; padding: 0px;\">\n<div style=\"flex-basis: var(--flex-basis); flex-grow: var(--flex-grow); flex-shrink: var(--flex-shrink); order: var(--order); align-self: var(--align-self); flex-direction: var(--flex-direction); flex-wrap: var(--flex-wrap); justify-content: var(--justify-content); align-items: var(--align-items); align-content: var(--align-content); gap: var(--gap); --swiper-theme-color: #000; --swiper-navigation-size: 44px; --swiper-pagination-bullet-size: 6px; --swiper-pagination-bullet-horizontal-gap: 6px; --widgets-spacing: 20px 20px; width: 1120px; margin-bottom: 20px; margin-block-end: 20px;\" data-id=\"d3288db\" data-element_type=\"widget\" data-widget_type=\"text-editor.default\">\n<div style=\"transition: background .3s,border .3s,border-radius .3s,box-shadow .3s,transform var(--e-transform-transition-duration,.4s);\">\n<p>Pero muchos habitantes de Colorado, en particular las personas de color, los inmigrantes, los j\u00f3venes y las familias de bajos ingresos, enfrentan barreras significativas para...&nbsp;<br><span style=\"color: var( --e-global-color-secondary ); font-size: 1rem;\">obtener acceso a la atenci\u00f3n del aborto y a toda la atenci\u00f3n de salud reproductiva que necesitan.<\/span><\/p>\n<\/div>\n<\/div>\n<\/div>\n<\/div>\n<\/section>\n<\/div>\n<\/div>\n<\/div>\n<p><b>Siempre hay una&nbsp;<\/b><b style=\"color: var( --e-global-color-secondary ); font-size: 1rem;\">\u00a1Oportunidad para inscribirte y ser voluntario con nosotros! \ud83d\udc4f\ud83c\udffd Si eres alguien apasionado por la justicia reproductiva y centrar las voces de los latinos en Colorado, \u00a1esta es una oportunidad para ti!<\/b><\/p>\n<p><\/p>\t\t\t\t\t\t\t\t<\/div>\n\t\t\t\t<\/div>\n\t\t\t\t\t<\/div>\n\t\t<\/div>\n\t\t\t\t\t<\/div>\n\t\t<\/section>\n\t\t\t\t<section class=\"elementor-section elementor-top-section elementor-element elementor-element-c41146e elementor-section-boxed elementor-section-height-default elementor-section-height-default\" data-id=\"c41146e\" data-element_type=\"section\">\n\t\t\t\t\t\t<div class=\"elementor-container elementor-column-gap-default\">\n\t\t\t\t\t<div class=\"elementor-column elementor-col-100 elementor-top-column elementor-element elementor-element-248a3c9\" data-id=\"248a3c9\" data-element_type=\"column\">\n\t\t\t<div class=\"elementor-widget-wrap elementor-element-populated\">\n\t\t\t\t\t\t<div class=\"elementor-element elementor-element-2b22625 elementor-align-center elementor-widget elementor-widget-button\" data-id=\"2b22625\" data-element_type=\"widget\" data-widget_type=\"button.default\">\n\t\t\t\t<div class=\"elementor-widget-container\">\n\t\t\t\t\t\t\t\t\t<div class=\"elementor-button-wrapper\">\n\t\t\t\t\t<a class=\"elementor-button elementor-button-link elementor-size-sm\" href=\"https:\/\/secure.everyaction.com\/7nC_XI7GbUikkyL8ZvxeuA2\">\n\t\t\t\t\t\t<span class=\"elementor-button-content-wrapper\">\n\t\t\t\t\t\t\t\t\t<span class=\"elementor-button-text\">VOLUNTARIOS CON NOSOTROS<\/span>\n\t\t\t\t\t<\/span>\n\t\t\t\t\t<\/a>\n\t\t\t\t<\/div>\n\t\t\t\t\t\t\t\t<\/div>\n\t\t\t\t<\/div>\n\t\t\t\t<div class=\"elementor-element elementor-element-2ca0229 elementor-widget elementor-widget-heading\" data-id=\"2ca0229\" data-element_type=\"widget\" data-widget_type=\"heading.default\">\n\t\t\t\t<div class=\"elementor-widget-container\">\n\t\t\t\t\t<h2 class=\"elementor-heading-title elementor-size-default\">\u00a1Voluntario destacado! \ud83e\udde1<\/h2>\t\t\t\t<\/div>\n\t\t\t\t<\/div>\n\t\t\t\t<section class=\"elementor-section elementor-inner-section elementor-element elementor-element-33c4531 elementor-section-boxed elementor-section-height-default elementor-section-height-default\" data-id=\"33c4531\" data-element_type=\"section\">\n\t\t\t\t\t\t<div class=\"elementor-container elementor-column-gap-default\">\n\t\t\t\t\t<div class=\"elementor-column elementor-col-50 elementor-inner-column elementor-element elementor-element-dfe2b87\" data-id=\"dfe2b87\" data-element_type=\"column\">\n\t\t\t<div class=\"elementor-widget-wrap elementor-element-populated\">\n\t\t\t\t\t\t<div class=\"elementor-element elementor-element-11ac0b5 elementor-widget__width-initial elementor-widget elementor-widget-image\" data-id=\"11ac0b5\" data-element_type=\"widget\" data-widget_type=\"image.default\">\n\t\t\t\t<div class=\"elementor-widget-container\">\n\t\t\t\t\t\t\t\t\t\t\t\t\t\t\t<img fetchpriority=\"high\" decoding=\"async\" width=\"800\" height=\"563\" src=\"https:\/\/www.colorlatina.org\/wp-content\/uploads\/2024\/05\/Screenshot-2024-05-03-at-11.44.48\u202fAM-1024x720.png\" class=\"attachment-large size-large wp-image-4276\" alt=\"\" srcset=\"https:\/\/www.colorlatina.org\/wp-content\/uploads\/2024\/05\/Screenshot-2024-05-03-at-11.44.48\u202fAM-1024x720.png 1024w, https:\/\/www.colorlatina.org\/wp-content\/uploads\/2024\/05\/Screenshot-2024-05-03-at-11.44.48\u202fAM-300x211.png 300w, https:\/\/www.colorlatina.org\/wp-content\/uploads\/2024\/05\/Screenshot-2024-05-03-at-11.44.48\u202fAM-768x540.png 768w, https:\/\/www.colorlatina.org\/wp-content\/uploads\/2024\/05\/Screenshot-2024-05-03-at-11.44.48\u202fAM-1536x1080.png 1536w, https:\/\/www.colorlatina.org\/wp-content\/uploads\/2024\/05\/Screenshot-2024-05-03-at-11.44.48\u202fAM-18x12.png 18w, https:\/\/www.colorlatina.org\/wp-content\/uploads\/2024\/05\/Screenshot-2024-05-03-at-11.44.48\u202fAM.png 1792w\" sizes=\"(max-width: 800px) 100vw, 800px\" \/>\t\t\t\t\t\t\t\t\t\t\t\t\t\t\t<\/div>\n\t\t\t\t<\/div>\n\t\t\t\t\t<\/div>\n\t\t<\/div>\n\t\t\t\t<div class=\"elementor-column elementor-col-50 elementor-inner-column elementor-element elementor-element-9da1b7f\" data-id=\"9da1b7f\" data-element_type=\"column\">\n\t\t\t<div class=\"elementor-widget-wrap elementor-element-populated\">\n\t\t\t\t\t\t<div class=\"elementor-element elementor-element-1fc631e elementor-widget elementor-widget-text-editor\" data-id=\"1fc631e\" data-element_type=\"widget\" data-widget_type=\"text-editor.default\">\n\t\t\t\t<div class=\"elementor-widget-container\">\n\t\t\t\t\t\t\t\t\t<p>En marzo, m\u00e1s de 35 voluntarios se unieron a COLOR para crear m\u00e1s de 100 kits de higiene para migrantes recientes en Denver. Sin ellos, no habr\u00edamos podido preparar estos kits con suministros esenciales como detergente para ropa, pruebas de embarazo, anticonceptivos de emergencia y protector solar. \u00a1Gracias a todos los voluntarios que nos ayudaron a hacer posible estos kits, especialmente a aquellos que donaron suministros y a los voluntarios de Legacy High School que trajeron a m\u00e1s de 10 voluntarios a nuestro evento!<\/p>\n<p><i><a href=\"https:\/\/www.tiktok.com\/@colorlatina\/video\/7361903693588876587?is_from_webapp=1&amp;sender_device=pc&amp;web_id=7117737782685926958\">\u00a1Mira nuestro tiktok del evento!<\/a><\/i><\/p>\t\t\t\t\t\t\t\t<\/div>\n\t\t\t\t<\/div>\n\t\t\t\t\t<\/div>\n\t\t<\/div>\n\t\t\t\t\t<\/div>\n\t\t<\/section>\n\t\t\t\t\t<\/div>\n\t\t<\/div>\n\t\t\t\t\t<\/div>\n\t\t<\/section>\n\t\t\t\t<section class=\"elementor-section elementor-top-section elementor-element elementor-element-e54e8f6 elementor-section-boxed elementor-section-height-default elementor-section-height-default\" data-id=\"e54e8f6\" data-element_type=\"section\">\n\t\t\t\t\t\t<div class=\"elementor-container elementor-column-gap-default\">\n\t\t\t\t\t<div class=\"elementor-column elementor-col-100 elementor-top-column elementor-element elementor-element-bc9ae8e\" data-id=\"bc9ae8e\" data-element_type=\"column\">\n\t\t\t<div class=\"elementor-widget-wrap elementor-element-populated\">\n\t\t\t\t\t\t<div class=\"elementor-element elementor-element-635f1dd elementor-widget elementor-widget-text-editor\" data-id=\"635f1dd\" data-element_type=\"widget\" data-widget_type=\"text-editor.default\">\n\t\t\t\t<div class=\"elementor-widget-container\">\n\t\t\t\t\t\t\t\t\t<p><span style=\"font-weight: bolder;\">\u00bfTienes una oportunidad que quieras compartir con COLOR? \ud83d\udde3\ufe0f Re\u00fanete con nuestro personal para hablar m\u00e1s sobre c\u00f3mo te ves generando un impacto en nuestra comunidad.\u00a0<\/span>Para obtener m\u00e1s informaci\u00f3n, comun\u00edquese con jennifer@colorlatina.org.\u00a0<\/p>\t\t\t\t\t\t\t\t<\/div>\n\t\t\t\t<\/div>\n\t\t\t\t\t<\/div>\n\t\t<\/div>\n\t\t\t\t\t<\/div>\n\t\t<\/section>\n\t\t\t\t<\/div>","protected":false},"excerpt":{"rendered":"<p>Construimos nuestras familias. Controlamos nuestro futuro. Creemos que cada uno de nosotros deber\u00eda poder tomar sus propias decisiones sobre si ser padres y cu\u00e1ndo serlo. Eso [\u2026]<\/p>","protected":false},"author":1,"featured_media":0,"parent":724,"menu_order":1,"comment_status":"closed","ping_status":"closed","template":"","meta":{"footnotes":""},"class_list":["post-1122","page","type-page","status-publish","hentry"],"yoast_head":"<!-- This site is optimized with the Yoast SEO plugin v26.0 - https:\/\/yoast.com\/wordpress\/plugins\/seo\/ -->\n<title>Volunteer With Us - COLOR Latina<\/title>\n<meta name=\"robots\" content=\"index, follow, max-snippet:-1, max-image-preview:large, max-video-preview:-1\" \/>\n<link rel=\"canonical\" href=\"https:\/\/www.colorlatina.org\/es\/join-us\/volunteer\/\" \/>\n<meta property=\"og:locale\" content=\"es_MX\" \/>\n<meta property=\"og:type\" content=\"article\" \/>\n<meta property=\"og:title\" content=\"Volunteer With Us - COLOR Latina\" \/>\n<meta property=\"og:description\" content=\"We build our families. We control our futures. We believe that each of us should be able to make our own decisions about if and when to become parents. That [&hellip;]\" \/>\n<meta property=\"og:url\" content=\"https:\/\/www.colorlatina.org\/es\/join-us\/volunteer\/\" \/>\n<meta property=\"og:site_name\" content=\"COLOR Latina\" \/>\n<meta property=\"article:modified_time\" content=\"2025-05-15T21:04:43+00:00\" \/>\n<meta property=\"og:image\" content=\"https:\/\/www.colorlatina.org\/wp-content\/uploads\/2022\/04\/color-latina-fb.jpg\" \/>\n\t<meta property=\"og:image:width\" content=\"1200\" \/>\n\t<meta property=\"og:image:height\" content=\"630\" \/>\n\t<meta property=\"og:image:type\" content=\"image\/jpeg\" \/>\n<meta name=\"twitter:card\" content=\"summary_large_image\" \/>\n<meta name=\"twitter:label1\" content=\"Tiempo de lectura\" \/>\n\t<meta name=\"twitter:data1\" content=\"2 minutos\" \/>\n<script type=\"application\/ld+json\" class=\"yoast-schema-graph\">{\"@context\":\"https:\/\/schema.org\",\"@graph\":[{\"@type\":\"WebPage\",\"@id\":\"https:\/\/www.colorlatina.org\/join-us\/volunteer\/\",\"url\":\"https:\/\/www.colorlatina.org\/join-us\/volunteer\/\",\"name\":\"Volunteer With Us - COLOR Latina\",\"isPartOf\":{\"@id\":\"https:\/\/www.colorlatina.org\/#website\"},\"datePublished\":\"2022-04-06T21:19:58+00:00\",\"dateModified\":\"2025-05-15T21:04:43+00:00\",\"breadcrumb\":{\"@id\":\"https:\/\/www.colorlatina.org\/join-us\/volunteer\/#breadcrumb\"},\"inLanguage\":\"es\",\"potentialAction\":[{\"@type\":\"ReadAction\",\"target\":[\"https:\/\/www.colorlatina.org\/join-us\/volunteer\/\"]}]},{\"@type\":\"BreadcrumbList\",\"@id\":\"https:\/\/www.colorlatina.org\/join-us\/volunteer\/#breadcrumb\",\"itemListElement\":[{\"@type\":\"ListItem\",\"position\":1,\"name\":\"Home\",\"item\":\"https:\/\/www.colorlatina.org\/\"},{\"@type\":\"ListItem\",\"position\":2,\"name\":\"Join Our Movement for Reproductive Justice\",\"item\":\"https:\/\/www.colorlatina.org\/join-us\/\"},{\"@type\":\"ListItem\",\"position\":3,\"name\":\"Volunteer With Us\"}]},{\"@type\":\"WebSite\",\"@id\":\"https:\/\/www.colorlatina.org\/#website\",\"url\":\"https:\/\/www.colorlatina.org\/\",\"name\":\"COLOR Latina\",\"description\":\"\",\"publisher\":{\"@id\":\"https:\/\/www.colorlatina.org\/#organization\"},\"potentialAction\":[{\"@type\":\"SearchAction\",\"target\":{\"@type\":\"EntryPoint\",\"urlTemplate\":\"https:\/\/www.colorlatina.org\/?s={search_term_string}\"},\"query-input\":{\"@type\":\"PropertyValueSpecification\",\"valueRequired\":true,\"valueName\":\"search_term_string\"}}],\"inLanguage\":\"es\"},{\"@type\":\"Organization\",\"@id\":\"https:\/\/www.colorlatina.org\/#organization\",\"name\":\"COLOR Latina\",\"url\":\"https:\/\/www.colorlatina.org\/\",\"logo\":{\"@type\":\"ImageObject\",\"inLanguage\":\"es\",\"@id\":\"https:\/\/www.colorlatina.org\/#\/schema\/logo\/image\/\",\"url\":\"https:\/\/live-color-latina.pantheonsite.io\/wp-content\/uploads\/2022\/04\/color-latina-fb.jpg\",\"contentUrl\":\"https:\/\/live-color-latina.pantheonsite.io\/wp-content\/uploads\/2022\/04\/color-latina-fb.jpg\",\"width\":1200,\"height\":630,\"caption\":\"COLOR Latina\"},\"image\":{\"@id\":\"https:\/\/www.colorlatina.org\/#\/schema\/logo\/image\/\"}}]}<\/script>\n<!-- \/ Yoast SEO plugin. -->","yoast_head_json":{"title":"Sea voluntario con nosotros - COLOR Latina","robots":{"index":"index","follow":"follow","max-snippet":"max-snippet:-1","max-image-preview":"max-image-preview:large","max-video-preview":"max-video-preview:-1"},"canonical":"https:\/\/www.colorlatina.org\/es\/join-us\/volunteer\/","og_locale":"es_MX","og_type":"article","og_title":"Volunteer With Us - COLOR Latina","og_description":"We build our families. We control our futures. We believe that each of us should be able to make our own decisions about if and when to become parents. That [&hellip;]","og_url":"https:\/\/www.colorlatina.org\/es\/join-us\/volunteer\/","og_site_name":"COLOR Latina","article_modified_time":"2025-05-15T21:04:43+00:00","og_image":[{"width":1200,"height":630,"url":"https:\/\/www.colorlatina.org\/wp-content\/uploads\/2022\/04\/color-latina-fb.jpg","type":"image\/jpeg"}],"twitter_card":"summary_large_image","twitter_misc":{"Tiempo de lectura":"2 minutos"},"schema":{"@context":"https:\/\/schema.org","@graph":[{"@type":"WebPage","@id":"https:\/\/www.colorlatina.org\/join-us\/volunteer\/","url":"https:\/\/www.colorlatina.org\/join-us\/volunteer\/","name":"Sea voluntario con nosotros - COLOR Latina","isPartOf":{"@id":"https:\/\/www.colorlatina.org\/#website"},"datePublished":"2022-04-06T21:19:58+00:00","dateModified":"2025-05-15T21:04:43+00:00","breadcrumb":{"@id":"https:\/\/www.colorlatina.org\/join-us\/volunteer\/#breadcrumb"},"inLanguage":"es","potentialAction":[{"@type":"ReadAction","target":["https:\/\/www.colorlatina.org\/join-us\/volunteer\/"]}]},{"@type":"BreadcrumbList","@id":"https:\/\/www.colorlatina.org\/join-us\/volunteer\/#breadcrumb","itemListElement":[{"@type":"ListItem","position":1,"name":"Home","item":"https:\/\/www.colorlatina.org\/"},{"@type":"ListItem","position":2,"name":"Join Our Movement for Reproductive Justice","item":"https:\/\/www.colorlatina.org\/join-us\/"},{"@type":"ListItem","position":3,"name":"Volunteer With Us"}]},{"@type":"WebSite","@id":"https:\/\/www.colorlatina.org\/#website","url":"https:\/\/www.colorlatina.org\/","name":"COLOR Latina","description":"","publisher":{"@id":"https:\/\/www.colorlatina.org\/#organization"},"potentialAction":[{"@type":"SearchAction","target":{"@type":"EntryPoint","urlTemplate":"https:\/\/www.colorlatina.org\/?s={search_term_string}"},"query-input":{"@type":"PropertyValueSpecification","valueRequired":true,"valueName":"search_term_string"}}],"inLanguage":"es"},{"@type":"Organization","@id":"https:\/\/www.colorlatina.org\/#organization","name":"COLOR Latina","url":"https:\/\/www.colorlatina.org\/","logo":{"@type":"ImageObject","inLanguage":"es","@id":"https:\/\/www.colorlatina.org\/#\/schema\/logo\/image\/","url":"https:\/\/live-color-latina.pantheonsite.io\/wp-content\/uploads\/2022\/04\/color-latina-fb.jpg","contentUrl":"https:\/\/live-color-latina.pantheonsite.io\/wp-content\/uploads\/2022\/04\/color-latina-fb.jpg","width":1200,"height":630,"caption":"COLOR Latina"},"image":{"@id":"https:\/\/www.colorlatina.org\/#\/schema\/logo\/image\/"}}]}},"_links":{"self":[{"href":"https:\/\/www.colorlatina.org\/es\/wp-json\/wp\/v2\/pages\/1122","targetHints":{"allow":["GET"]}}],"collection":[{"href":"https:\/\/www.colorlatina.org\/es\/wp-json\/wp\/v2\/pages"}],"about":[{"href":"https:\/\/www.colorlatina.org\/es\/wp-json\/wp\/v2\/types\/page"}],"author":[{"embeddable":true,"href":"https:\/\/www.colorlatina.org\/es\/wp-json\/wp\/v2\/users\/1"}],"replies":[{"embeddable":true,"href":"https:\/\/www.colorlatina.org\/es\/wp-json\/wp\/v2\/comments?post=1122"}],"version-history":[{"count":82,"href":"https:\/\/www.colorlatina.org\/es\/wp-json\/wp\/v2\/pages\/1122\/revisions"}],"predecessor-version":[{"id":5480,"href":"https:\/\/www.colorlatina.org\/es\/wp-json\/wp\/v2\/pages\/1122\/revisions\/5480"}],"up":[{"embeddable":true,"href":"https:\/\/www.colorlatina.org\/es\/wp-json\/wp\/v2\/pages\/724"}],"wp:attachment":[{"href":"https:\/\/www.colorlatina.org\/es\/wp-json\/wp\/v2\/media?parent=1122"}],"curies":[{"name":"wp","href":"https:\/\/api.w.org\/{rel}","templated":true}]}}