{"id":1134,"date":"2022-04-12T13:21:49","date_gmt":"2022-04-12T19:21:49","guid":{"rendered":"https:\/\/live-color-latina.pantheonsite.io\/?page_id=1134"},"modified":"2023-12-14T16:28:40","modified_gmt":"2023-12-14T23:28:40","slug":"learn-about-rhea","status":"publish","type":"page","link":"https:\/\/www.colorlatina.org\/es\/learn-about-rhea\/","title":{"rendered":"la Ley de Equidad en Salud Reproductiva (RHEA)"},"content":{"rendered":"<h3 class=\"wp-block-heading\">\u00bfQu\u00e9 es RHEA? <\/h3>\n\n\n\n<p>La Ley de Equidad en Salud Reproductiva (HB22-1279) es una ley que moderniza el estatuto de Colorado que establece los derechos reproductivos como derechos fundamentales. Establece que:<\/p>\n\n\n\n<ul class=\"wp-block-list\">\n<li>Toda persona tiene derecho a elegir o rechazar la anticoncepci\u00f3n,&nbsp;<\/li>\n\n\n\n<li>Que toda persona embarazada tiene derecho a dar a luz o a abortar,<\/li>\n\n\n\n<li>Y esa personalidad no se puede establecer en la ley estatal.&nbsp;<\/li>\n<\/ul>\n\n\n\n<h3 class=\"wp-block-heading\">\u00bfAhora qu\u00e9?<\/h3>\n\n\n\n<p class=\"translation-block\">La aprobaci\u00f3n de RHEA no pod\u00eda llegar en un momento m\u00e1s urgente. Hasta ahora, los habitantes de Colorado han confiado en la <a href=\"https:\/\/msmagazine.com\/2021\/11\/09\/us-history-controlling-women-texas-abortion-supreme-court\/\" target=\"_self\">protecci\u00f3n constitucional de Roe y los tribunales federales<\/a>, que est\u00e1n a punto de anular Roe este mes de junio con su sentencia en el caso Dobbs contra la Organizaci\u00f3n de Salud de la Mujer de Jackson (Dobbs v. Jackson), un caso que desaf\u00eda la prohibici\u00f3n inconstitucional del aborto en Mississippi..<\/p>\n\n\n\n<p class=\"has-text-align-center has-luminous-vivid-orange-color has-text-color has-medium-font-size\"><strong><em>Sin RHEA, no habr\u00eda habido nada que protegiera expl\u00edcitamente el acceso al aborto en la ley de Colorado, y juntos nos aseguramos de que, sin importar el resultado de Roe, los derechos fundamentales de los habitantes de Colorado est\u00e9n protegidos.<\/em><\/strong><\/p>\n\n\n\n<p><strong>\u00a1Y sabemos que nuestro trabajo no termina aqu\u00ed! <\/strong>Proteger nuestro derecho a la atenci\u00f3n del aborto es solo una parte de nuestro trabajo de Justicia Reproductiva. \u00a1Estamos trabajando para lograr un futuro en el que todos los habitantes de Colorado tengan acceso a la atenci\u00f3n de la salud reproductiva que necesitan y merecen!&nbsp;<\/p>\n\n\n\n<figure class=\"wp-block-image aligncenter size-large is-resized\"><img fetchpriority=\"high\" decoding=\"async\" src=\"https:\/\/live-color-latina.pantheonsite.io\/wp-content\/uploads\/2022\/04\/DSC_0572-1024x683.jpg\" alt=\"\" class=\"wp-image-1135\" style=\"width:604px;height:402px\" width=\"604\" height=\"402\" srcset=\"https:\/\/www.colorlatina.org\/wp-content\/uploads\/2022\/04\/DSC_0572-1024x683.jpg 1024w, https:\/\/www.colorlatina.org\/wp-content\/uploads\/2022\/04\/DSC_0572-300x200.jpg 300w, https:\/\/www.colorlatina.org\/wp-content\/uploads\/2022\/04\/DSC_0572-768x512.jpg 768w, https:\/\/www.colorlatina.org\/wp-content\/uploads\/2022\/04\/DSC_0572-1536x1024.jpg 1536w, https:\/\/www.colorlatina.org\/wp-content\/uploads\/2022\/04\/DSC_0572.jpg 2048w\" sizes=\"(max-width: 604px) 100vw, 604px\" \/><figcaption class=\"wp-element-caption\"><em>\u00a1Nuestro equipo RHEA!<\/em><\/figcaption><\/figure>\n\n\n\n<p class=\"translation-block\">Estamos orgullosos de haber ayudado a aprobar RHEA, la Ley de Equidad en Salud Reproductiva, junto con los defensores de COBALT y nos unimos a los miembros de la comunidad en la mansi\u00f3n del gobernador cuando el gobernador Jared Polis promulg\u00f3 RHEA como ley en abril de 2022. Como resultado de aprobar esta legislaci\u00f3n crucial, Colorado ahora se une a 15 estados y D.C. para consagrar el derecho fundamental a la salud reproductiva. \u00a1Esta victoria legislativa para consagrar el acceso al aborto en la estatua de Colorado est\u00e1 en los titulares nacionales! CNN, The Colorado Sun y The Denver Post son algunos de los medios de comunicaci\u00f3n que cubren esta hist\u00f3rica ley.<\/p>\n\n\n\n<p><\/p>\n\n\n\n<figure class=\"wp-block-image aligncenter size-large is-resized\"><img decoding=\"async\" src=\"https:\/\/www.colorlatina.org\/wp-content\/uploads\/2022\/11\/DSC_0530-1024x683.jpg\" alt=\"\" class=\"wp-image-3270\" style=\"width:567px;height:378px\" width=\"567\" height=\"378\" srcset=\"https:\/\/www.colorlatina.org\/wp-content\/uploads\/2022\/11\/DSC_0530-1024x683.jpg 1024w, https:\/\/www.colorlatina.org\/wp-content\/uploads\/2022\/11\/DSC_0530-300x200.jpg 300w, https:\/\/www.colorlatina.org\/wp-content\/uploads\/2022\/11\/DSC_0530-768x512.jpg 768w, https:\/\/www.colorlatina.org\/wp-content\/uploads\/2022\/11\/DSC_0530-1536x1024.jpg 1536w, https:\/\/www.colorlatina.org\/wp-content\/uploads\/2022\/11\/DSC_0530-18x12.jpg 18w, https:\/\/www.colorlatina.org\/wp-content\/uploads\/2022\/11\/DSC_0530.jpg 2048w\" sizes=\"(max-width: 567px) 100vw, 567px\" \/><\/figure>\n\n\n\n<p class=\"has-text-align-center\"><em>El gobernador Jared Polis firma RHEA en la Ley de Colorado.<\/em><\/p>\n\n\n\n<p><\/p>\n\n\n\n<h2 class=\"wp-block-heading\"><\/h2>","protected":false},"excerpt":{"rendered":"<p>What is RHEA? The Reproductive Health Equity Act (HB22-1279) is a law that modernizes Colorado statute establishing reproductive rights as fundamental rights. It establishes that: What Now? RHEA becoming law [&hellip;]<\/p>","protected":false},"author":1,"featured_media":0,"parent":0,"menu_order":0,"comment_status":"closed","ping_status":"closed","template":"","meta":{"footnotes":""},"class_list":["post-1134","page","type-page","status-publish","hentry"],"yoast_head":"<!-- This site is optimized with the Yoast SEO plugin v26.0 - https:\/\/yoast.com\/wordpress\/plugins\/seo\/ -->\n<title>Reproductive Health Equity Act (RHEA) - COLOR Latina<\/title>\n<meta name=\"robots\" content=\"index, follow, max-snippet:-1, max-image-preview:large, max-video-preview:-1\" \/>\n<link rel=\"canonical\" href=\"https:\/\/www.colorlatina.org\/es\/learn-about-rhea\/\" \/>\n<meta property=\"og:locale\" content=\"es_MX\" \/>\n<meta property=\"og:type\" content=\"article\" \/>\n<meta property=\"og:title\" content=\"Reproductive Health Equity Act (RHEA) - COLOR Latina\" \/>\n<meta property=\"og:description\" content=\"What is RHEA? The Reproductive Health Equity Act (HB22-1279) is a law that modernizes Colorado statute establishing reproductive rights as fundamental rights. It establishes that: What Now? RHEA becoming law [&hellip;]\" \/>\n<meta property=\"og:url\" content=\"https:\/\/www.colorlatina.org\/es\/learn-about-rhea\/\" \/>\n<meta property=\"og:site_name\" content=\"COLOR Latina\" \/>\n<meta property=\"article:modified_time\" content=\"2023-12-14T23:28:40+00:00\" \/>\n<meta property=\"og:image\" content=\"https:\/\/live-color-latina.pantheonsite.io\/wp-content\/uploads\/2022\/04\/DSC_0572-1024x683.jpg\" \/>\n<meta name=\"twitter:card\" content=\"summary_large_image\" \/>\n<meta name=\"twitter:label1\" content=\"Tiempo de lectura\" \/>\n\t<meta name=\"twitter:data1\" content=\"2 minutos\" \/>\n<script type=\"application\/ld+json\" class=\"yoast-schema-graph\">{\"@context\":\"https:\/\/schema.org\",\"@graph\":[{\"@type\":\"WebPage\",\"@id\":\"https:\/\/www.colorlatina.org\/learn-about-rhea\/\",\"url\":\"https:\/\/www.colorlatina.org\/learn-about-rhea\/\",\"name\":\"Reproductive Health Equity Act (RHEA) - COLOR Latina\",\"isPartOf\":{\"@id\":\"https:\/\/www.colorlatina.org\/#website\"},\"primaryImageOfPage\":{\"@id\":\"https:\/\/www.colorlatina.org\/learn-about-rhea\/#primaryimage\"},\"image\":{\"@id\":\"https:\/\/www.colorlatina.org\/learn-about-rhea\/#primaryimage\"},\"thumbnailUrl\":\"https:\/\/live-color-latina.pantheonsite.io\/wp-content\/uploads\/2022\/04\/DSC_0572-1024x683.jpg\",\"datePublished\":\"2022-04-12T19:21:49+00:00\",\"dateModified\":\"2023-12-14T23:28:40+00:00\",\"breadcrumb\":{\"@id\":\"https:\/\/www.colorlatina.org\/learn-about-rhea\/#breadcrumb\"},\"inLanguage\":\"es\",\"potentialAction\":[{\"@type\":\"ReadAction\",\"target\":[\"https:\/\/www.colorlatina.org\/learn-about-rhea\/\"]}]},{\"@type\":\"ImageObject\",\"inLanguage\":\"es\",\"@id\":\"https:\/\/www.colorlatina.org\/learn-about-rhea\/#primaryimage\",\"url\":\"https:\/\/live-color-latina.pantheonsite.io\/wp-content\/uploads\/2022\/04\/DSC_0572-1024x683.jpg\",\"contentUrl\":\"https:\/\/live-color-latina.pantheonsite.io\/wp-content\/uploads\/2022\/04\/DSC_0572-1024x683.jpg\"},{\"@type\":\"BreadcrumbList\",\"@id\":\"https:\/\/www.colorlatina.org\/learn-about-rhea\/#breadcrumb\",\"itemListElement\":[{\"@type\":\"ListItem\",\"position\":1,\"name\":\"Home\",\"item\":\"https:\/\/www.colorlatina.org\/\"},{\"@type\":\"ListItem\",\"position\":2,\"name\":\"Reproductive Health Equity Act (RHEA)\"}]},{\"@type\":\"WebSite\",\"@id\":\"https:\/\/www.colorlatina.org\/#website\",\"url\":\"https:\/\/www.colorlatina.org\/\",\"name\":\"COLOR Latina\",\"description\":\"\",\"publisher\":{\"@id\":\"https:\/\/www.colorlatina.org\/#organization\"},\"potentialAction\":[{\"@type\":\"SearchAction\",\"target\":{\"@type\":\"EntryPoint\",\"urlTemplate\":\"https:\/\/www.colorlatina.org\/?s={search_term_string}\"},\"query-input\":{\"@type\":\"PropertyValueSpecification\",\"valueRequired\":true,\"valueName\":\"search_term_string\"}}],\"inLanguage\":\"es\"},{\"@type\":\"Organization\",\"@id\":\"https:\/\/www.colorlatina.org\/#organization\",\"name\":\"COLOR Latina\",\"url\":\"https:\/\/www.colorlatina.org\/\",\"logo\":{\"@type\":\"ImageObject\",\"inLanguage\":\"es\",\"@id\":\"https:\/\/www.colorlatina.org\/#\/schema\/logo\/image\/\",\"url\":\"https:\/\/live-color-latina.pantheonsite.io\/wp-content\/uploads\/2022\/04\/color-latina-fb.jpg\",\"contentUrl\":\"https:\/\/live-color-latina.pantheonsite.io\/wp-content\/uploads\/2022\/04\/color-latina-fb.jpg\",\"width\":1200,\"height\":630,\"caption\":\"COLOR Latina\"},\"image\":{\"@id\":\"https:\/\/www.colorlatina.org\/#\/schema\/logo\/image\/\"}}]}<\/script>\n<!-- \/ Yoast SEO plugin. -->","yoast_head_json":{"title":"Reproductive Health Equity Act (RHEA) - COLOR Latina","robots":{"index":"index","follow":"follow","max-snippet":"max-snippet:-1","max-image-preview":"max-image-preview:large","max-video-preview":"max-video-preview:-1"},"canonical":"https:\/\/www.colorlatina.org\/es\/learn-about-rhea\/","og_locale":"es_MX","og_type":"article","og_title":"Reproductive Health Equity Act (RHEA) - COLOR Latina","og_description":"What is RHEA? The Reproductive Health Equity Act (HB22-1279) is a law that modernizes Colorado statute establishing reproductive rights as fundamental rights. It establishes that: What Now? RHEA becoming law [&hellip;]","og_url":"https:\/\/www.colorlatina.org\/es\/learn-about-rhea\/","og_site_name":"COLOR Latina","article_modified_time":"2023-12-14T23:28:40+00:00","og_image":[{"url":"https:\/\/live-color-latina.pantheonsite.io\/wp-content\/uploads\/2022\/04\/DSC_0572-1024x683.jpg","type":"","width":"","height":""}],"twitter_card":"summary_large_image","twitter_misc":{"Tiempo de lectura":"2 minutos"},"schema":{"@context":"https:\/\/schema.org","@graph":[{"@type":"WebPage","@id":"https:\/\/www.colorlatina.org\/learn-about-rhea\/","url":"https:\/\/www.colorlatina.org\/learn-about-rhea\/","name":"Reproductive Health Equity Act (RHEA) - COLOR Latina","isPartOf":{"@id":"https:\/\/www.colorlatina.org\/#website"},"primaryImageOfPage":{"@id":"https:\/\/www.colorlatina.org\/learn-about-rhea\/#primaryimage"},"image":{"@id":"https:\/\/www.colorlatina.org\/learn-about-rhea\/#primaryimage"},"thumbnailUrl":"https:\/\/live-color-latina.pantheonsite.io\/wp-content\/uploads\/2022\/04\/DSC_0572-1024x683.jpg","datePublished":"2022-04-12T19:21:49+00:00","dateModified":"2023-12-14T23:28:40+00:00","breadcrumb":{"@id":"https:\/\/www.colorlatina.org\/learn-about-rhea\/#breadcrumb"},"inLanguage":"es","potentialAction":[{"@type":"ReadAction","target":["https:\/\/www.colorlatina.org\/learn-about-rhea\/"]}]},{"@type":"ImageObject","inLanguage":"es","@id":"https:\/\/www.colorlatina.org\/learn-about-rhea\/#primaryimage","url":"https:\/\/live-color-latina.pantheonsite.io\/wp-content\/uploads\/2022\/04\/DSC_0572-1024x683.jpg","contentUrl":"https:\/\/live-color-latina.pantheonsite.io\/wp-content\/uploads\/2022\/04\/DSC_0572-1024x683.jpg"},{"@type":"BreadcrumbList","@id":"https:\/\/www.colorlatina.org\/learn-about-rhea\/#breadcrumb","itemListElement":[{"@type":"ListItem","position":1,"name":"Home","item":"https:\/\/www.colorlatina.org\/"},{"@type":"ListItem","position":2,"name":"Reproductive Health Equity Act (RHEA)"}]},{"@type":"WebSite","@id":"https:\/\/www.colorlatina.org\/#website","url":"https:\/\/www.colorlatina.org\/","name":"COLOR Latina","description":"","publisher":{"@id":"https:\/\/www.colorlatina.org\/#organization"},"potentialAction":[{"@type":"SearchAction","target":{"@type":"EntryPoint","urlTemplate":"https:\/\/www.colorlatina.org\/?s={search_term_string}"},"query-input":{"@type":"PropertyValueSpecification","valueRequired":true,"valueName":"search_term_string"}}],"inLanguage":"es"},{"@type":"Organization","@id":"https:\/\/www.colorlatina.org\/#organization","name":"COLOR Latina","url":"https:\/\/www.colorlatina.org\/","logo":{"@type":"ImageObject","inLanguage":"es","@id":"https:\/\/www.colorlatina.org\/#\/schema\/logo\/image\/","url":"https:\/\/live-color-latina.pantheonsite.io\/wp-content\/uploads\/2022\/04\/color-latina-fb.jpg","contentUrl":"https:\/\/live-color-latina.pantheonsite.io\/wp-content\/uploads\/2022\/04\/color-latina-fb.jpg","width":1200,"height":630,"caption":"COLOR Latina"},"image":{"@id":"https:\/\/www.colorlatina.org\/#\/schema\/logo\/image\/"}}]}},"_links":{"self":[{"href":"https:\/\/www.colorlatina.org\/es\/wp-json\/wp\/v2\/pages\/1134","targetHints":{"allow":["GET"]}}],"collection":[{"href":"https:\/\/www.colorlatina.org\/es\/wp-json\/wp\/v2\/pages"}],"about":[{"href":"https:\/\/www.colorlatina.org\/es\/wp-json\/wp\/v2\/types\/page"}],"author":[{"embeddable":true,"href":"https:\/\/www.colorlatina.org\/es\/wp-json\/wp\/v2\/users\/1"}],"replies":[{"embeddable":true,"href":"https:\/\/www.colorlatina.org\/es\/wp-json\/wp\/v2\/comments?post=1134"}],"version-history":[{"count":6,"href":"https:\/\/www.colorlatina.org\/es\/wp-json\/wp\/v2\/pages\/1134\/revisions"}],"predecessor-version":[{"id":3998,"href":"https:\/\/www.colorlatina.org\/es\/wp-json\/wp\/v2\/pages\/1134\/revisions\/3998"}],"wp:attachment":[{"href":"https:\/\/www.colorlatina.org\/es\/wp-json\/wp\/v2\/media?parent=1134"}],"curies":[{"name":"wp","href":"https:\/\/api.w.org\/{rel}","templated":true}]}}