{"id":1172,"date":"2022-04-13T11:00:33","date_gmt":"2022-04-13T17:00:33","guid":{"rendered":"https:\/\/live-color-latina.pantheonsite.io\/?page_id=1172"},"modified":"2024-09-18T11:53:28","modified_gmt":"2024-09-18T17:53:28","slug":"organizing-and-civic-engagement","status":"publish","type":"page","link":"https:\/\/www.colorlatina.org\/es\/organizing-and-civic-engagement\/","title":{"rendered":"Organizaci\u00f3n y participaci\u00f3n c\u00edvica"},"content":{"rendered":"<figure class=\"wp-block-image alignright size-large is-resized\"><img fetchpriority=\"high\" decoding=\"async\" width=\"1024\" height=\"683\" src=\"https:\/\/www.colorlatina.org\/wp-content\/uploads\/2024\/05\/LatinoAdvocacyDay_03.18.2024_Dac_37-1024x683.jpg\" alt=\"\" class=\"wp-image-4271\" style=\"width:420px;height:auto\" srcset=\"https:\/\/www.colorlatina.org\/wp-content\/uploads\/2024\/05\/LatinoAdvocacyDay_03.18.2024_Dac_37-1024x683.jpg 1024w, https:\/\/www.colorlatina.org\/wp-content\/uploads\/2024\/05\/LatinoAdvocacyDay_03.18.2024_Dac_37-300x200.jpg 300w, https:\/\/www.colorlatina.org\/wp-content\/uploads\/2024\/05\/LatinoAdvocacyDay_03.18.2024_Dac_37-768x512.jpg 768w, https:\/\/www.colorlatina.org\/wp-content\/uploads\/2024\/05\/LatinoAdvocacyDay_03.18.2024_Dac_37-1536x1024.jpg 1536w, https:\/\/www.colorlatina.org\/wp-content\/uploads\/2024\/05\/LatinoAdvocacyDay_03.18.2024_Dac_37-2048x1365.jpg 2048w, https:\/\/www.colorlatina.org\/wp-content\/uploads\/2024\/05\/LatinoAdvocacyDay_03.18.2024_Dac_37-18x12.jpg 18w\" sizes=\"(max-width: 1024px) 100vw, 1024px\" \/><figcaption class=\"wp-element-caption\">Fotograf\u00eda de Evan Sem\u00f3n<\/figcaption><\/figure>\n\n\n\n<p>En COLOR valoramos la organizaci\u00f3n junto con las comunidades y la construcci\u00f3n de poder en conjunto para tomar acci\u00f3n sobre los temas que m\u00e1s nos preocupan. Nuestro objetivo es profundizar las relaciones con una variedad diversa de organizaciones, comunidades e individuos liderados y en servicio por latinos en Colorado.&nbsp;&nbsp;<\/p>\n\n\n\n<p>La base est\u00e1 organizada, vibrante y sostenida. Las comunidades se encuentran en el lugar donde se encuentran: cultural, ling\u00fc\u00edstica y geogr\u00e1ficamente. Se genera confianza, las relaciones se profundizan y las conexiones con las comunidades se dan de manera aut\u00e9ntica. La creaci\u00f3n de bases durante todo el a\u00f1o y el contacto con los votantes en lugares clave mantienen la visibilidad a largo plazo de COLOR. Se cultiva la longevidad de nuestras relaciones con las personas y los socios comunitarios.&nbsp;<\/p>\n\n\n\n<p><strong>Definimos la organizaci\u00f3n de base como el trabajo con comunidades directamente afectadas para actuar colectivamente para cambiar las condiciones que perjudican a la comunidad debido a la opresi\u00f3n sist\u00e9mica y la violencia sancionada por el estado. <\/strong>Definimos la construcci\u00f3n de bases como el uso de estrategias para construir el liderazgo de las comunidades directamente impactadas para que crean y act\u00faen para crear un mundo m\u00e1s justo y seguro para ellos mismos y las comunidades que desmantelen los sistemas de opresi\u00f3n.<\/p>\n\n\n\n<p><strong>A trav\u00e9s de la organizaci\u00f3n, las personas se conectan entre s\u00ed y se involucran en soluciones autodirigidas. <\/strong>Incluye actividades de campo que llegan a individuos y familias a trav\u00e9s de campa\u00f1as de visitas puerta a puerta y banca telef\u00f3nica, distribuci\u00f3n de volantes en los vecindarios, campa\u00f1as en l\u00ednea\/digitales y fuera de l\u00ednea, difusi\u00f3n en medios sociales y tradicionales, y organizando <em>Cafecitos<\/em> y foros comunitarios donde difundimos informaci\u00f3n sobre temas de justicia reproductiva que impactan a nuestras comunidades y brindamos oportunidades de participaci\u00f3n, incluyendo la firma de compromisos, el voluntariado, la contribuci\u00f3n financiera, la inscripci\u00f3n a programas y el registro para votar.<\/p>\n\n\n\n<ul class=\"wp-block-list\">\n<li>Compromiso c\u00edvico<\/li>\n\n\n\n<li>Conciencia de fe<\/li>\n\n\n\n<li>Extensi\u00f3n comunitaria y educaci\u00f3n<\/li>\n\n\n\n<li>Organizaci\u00f3n liderada por j\u00f3venes\n<ul class=\"wp-block-list\">\n<li>Becarios de J\u00f3venes de COLOR<\/li>\n<\/ul>\n<\/li>\n<\/ul>\n\n\n\n<h2 class=\"wp-block-heading\">C\u00f3mo construimos poder<\/h2>\n\n\n\n<figure class=\"wp-block-image aligncenter size-large is-resized\"><img decoding=\"async\" width=\"1024\" height=\"597\" src=\"https:\/\/www.colorlatina.org\/wp-content\/uploads\/2024\/02\/Colordans4PRF_SELECTS_07-1024x597.jpg\" alt=\"\" class=\"wp-image-4096\" style=\"width:510px;height:auto\" srcset=\"https:\/\/www.colorlatina.org\/wp-content\/uploads\/2024\/02\/Colordans4PRF_SELECTS_07-1024x597.jpg 1024w, https:\/\/www.colorlatina.org\/wp-content\/uploads\/2024\/02\/Colordans4PRF_SELECTS_07-300x175.jpg 300w, https:\/\/www.colorlatina.org\/wp-content\/uploads\/2024\/02\/Colordans4PRF_SELECTS_07-768x448.jpg 768w, https:\/\/www.colorlatina.org\/wp-content\/uploads\/2024\/02\/Colordans4PRF_SELECTS_07-1536x896.jpg 1536w, https:\/\/www.colorlatina.org\/wp-content\/uploads\/2024\/02\/Colordans4PRF_SELECTS_07-2048x1194.jpg 2048w, https:\/\/www.colorlatina.org\/wp-content\/uploads\/2024\/02\/Colordans4PRF_SELECTS_07-18x10.jpg 18w\" sizes=\"(max-width: 1024px) 100vw, 1024px\" \/><figcaption class=\"wp-element-caption\">Fotograf\u00eda de Evan Sem\u00f3n<\/figcaption><\/figure>\n\n\n\n<p><strong>Creamos poder centrando el liderazgo y las experiencias de los m\u00e1s afectados.<\/strong> La co-creaci\u00f3n de soluciones con nuestras comunidades es absolutamente fundamental para movilizar a nuestra base. Lograr la apropiaci\u00f3n y la compra de las comunidades afectadas es la manera en que avanzamos en materia de salud reproductiva y equidad a nivel local y estatal. Las formas en que centramos a las personas y familias latinas en nuestro trabajo incluyen el desarrollo de la capacidad de liderazgo de los miembros de la comunidad y el aumento del n\u00famero de l\u00edderes j\u00f3venes y mayores. En consecuencia, potenciamos el liderazgo de base dentro de los c\u00edrculos de pares y familiares, as\u00ed como dentro de las esferas comunitarias y los dominios p\u00fablicos. <\/p>\n\n\n\n<p>Apoyamos a los activistas para que asuman roles de liderazgo en vecindarios, campus universitarios, organizaciones sin fines de lucro, el sector privado y cargos p\u00fablicos. Nos acercamos a las comunidades en su situaci\u00f3n cultural, ling\u00fc\u00edstica y geogr\u00e1fica. <strong>Nos conectamos con las comunidades de manera aut\u00e9ntica para generar confianza, profundizar las relaciones y construir comunidad. <\/strong>Durante todo el a\u00f1o, desarrollamos actividades de desarrollo de base y contacto con votantes en lugares clave para establecer una visibilidad a largo plazo y una larga vida \u00fatil de nuestras relaciones con personas e instituciones. Aprovechamos las relaciones y las redes para impulsar a las personas a la acci\u00f3n, lo que incluye participar en eventos y programas, reclutar pares, contactar y\/o reunirnos con l\u00edderes p\u00fablicos y votar. Ponemos las voces aut\u00e9nticas de los latinos en primer plano como una forma de generar poder de voz e influir en las narrativas dominantes. Trabajamos con las comunidades en la narraci\u00f3n de historias, el testimonio en audiencias p\u00fablicas, las interacciones con los medios de comunicaci\u00f3n, la capacitaci\u00f3n de portavoces y la oratoria. Ofrecemos oportunidades de participaci\u00f3n para ayudar a dar forma a las prioridades, incluidas pasant\u00edas, puestos en juntas directivas, puestos de personal y por contrato, y voluntariado.<\/p>\n\n\n\n<h2 class=\"wp-block-heading\">C\u00f3mo informamos, involucramos y movilizamos a los COLORistas<\/h2>\n\n\n\n<figure class=\"wp-block-image alignright size-large is-resized\"><img decoding=\"async\" width=\"1024\" height=\"683\" src=\"https:\/\/www.colorlatina.org\/wp-content\/uploads\/2022\/04\/DSC_0389-1024x683.jpg\" alt=\"\" class=\"wp-image-2631\" style=\"width:561px;height:auto\" srcset=\"https:\/\/www.colorlatina.org\/wp-content\/uploads\/2022\/04\/DSC_0389-1024x683.jpg 1024w, https:\/\/www.colorlatina.org\/wp-content\/uploads\/2022\/04\/DSC_0389-300x200.jpg 300w, https:\/\/www.colorlatina.org\/wp-content\/uploads\/2022\/04\/DSC_0389-768x512.jpg 768w\" sizes=\"(max-width: 1024px) 100vw, 1024px\" \/><\/figure>\n\n\n\n<p><strong>Organizaci\u00f3n de base<\/strong>:incluyendo todos nuestros contactos en l\u00ednea y fuera de l\u00ednea, as\u00ed como nuestro trabajo de relaciones y desarrollo de poder comunitario, como sesiones de informaci\u00f3n, talleres y programaci\u00f3n, grupos focales, foros comunitarios, reuniones informativas sobre pol\u00edticas, ayuntamientos, d\u00edas de cabildeo, visitas a los capitolios estatales, capacitaci\u00f3n en defensa de derechos, presentaciones en paneles y conferencias, fiestas en casas, eventos de recaudaci\u00f3n de fondos, eventos de agradecimiento a los voluntarios, cafecitos, mesas en festivales, golpeteos puerta a puerta, banca telef\u00f3nica, campa\u00f1as de registro de votantes, eventos de educaci\u00f3n de votantes, manifestaciones y marchas.<\/p>\n\n\n\n<p><strong>Liderazgo de cohorte o grupo<\/strong>:incluida una programaci\u00f3n formalizada que proporcione infraestructura para que los l\u00edderes de base eleven su propia organizaci\u00f3n, como el activismo liderado por j\u00f3venes y las campa\u00f1as dise\u00f1adas por <em>Comunidad de J\u00f3venes de COLOR<\/em>, donde los becarios reclutan y activan a sus pares; y <em>LIPS (Latinas ganando fuerza pol\u00edtica)<\/em>, de donde surgen campa\u00f1as como #wheresmysexed.<\/p>\n\n\n\n<p><strong>Difusi\u00f3n digital<\/strong>:incluyendo tanto redes sociales (campa\u00f1as publicitarias pagas, actualizaciones, recursos compartidos, historias interactivas y transmisi\u00f3n en vivo a trav\u00e9s de Facebook, Instagram, Twitter, YouTube) como t\u00e1cticas de medios digitales (actualizaciones, alertas, solicitudes de llamadas a la acci\u00f3n y difusi\u00f3n de contenido a trav\u00e9s de boletines electr\u00f3nicos, mensajes de texto, seminarios web, Google Hangouts, podcasting y sitio web).<\/p>\n\n\n\n<p><strong>Medios tradicionales<\/strong>:incluyendo interacciones con medios de comunicaci\u00f3n y esfuerzos de autopublicaci\u00f3n (cartas al editor, editoriales de opini\u00f3n, entrevistas impresas\/radio\/televisi\u00f3n, contenido de blogs\/videoblogs), educaci\u00f3n de periodistas y cultivo de influenciadores, conferencias de prensa, campa\u00f1as de visibilidad (vallas publicitarias, anuncios en marquesinas de autob\u00fas) y nuestro propio programa de radio en espa\u00f1ol y galardonado. <em>Mujeres de COLOR<\/em>.<\/p>\n\n\n\n<p><strong>Mensajer\u00eda<\/strong>:incluyendo todas las piezas colaterales (basadas en valores en l\u00ednea y fuera de l\u00ednea) que apoyan el cambio narrativo, informan a las comunidades y\/o catalizan la acci\u00f3n; como volantes, correo directo, literatura para dejar atr\u00e1s, postales de compromiso de voto, postales de petici\u00f3n, declaraciones de posici\u00f3n pol\u00edtica, declaraciones de prensa, declaraciones de respaldo, puntos de conversaci\u00f3n, testimonios de audiencias legislativas, gu\u00edas de medios, informes anuales e infograf\u00edas.&nbsp;<\/p>\n\n\n\n<p><strong>Artivismo<\/strong>:incluyendo eventos y actividades que aprovechen la creatividad y las artes para educar y promover la desestigmatizaci\u00f3n, como proyecciones de pel\u00edculas, galer\u00edas y exhibiciones emergentes de exposiciones fotogr\u00e1ficas itinerantes, presentaciones de palabra hablada, talleres de arte y manualidades, exhibiciones de m\u00fasica y lecturas en escena.<\/p>\n\n\n\n<p><strong>Experimentaci\u00f3n e investigaci\u00f3n<\/strong>:incluyendo esfuerzos que construyan un cuerpo de datos para informar el trabajo, como experimentos por correo para probar el impacto de la presi\u00f3n social y el lenguaje del derecho al voto dirigido a votantes de baja propensi\u00f3n y no votantes, entrevistas a participantes j\u00f3venes para proyectos de investigaci\u00f3n sobre abortos con medicamentos y grupos focales para evaluar el conocimiento del acceso al aborto entre adultos y j\u00f3venes inmigrantes.&nbsp;<\/p>","protected":false},"excerpt":{"rendered":"<p>En COLOR valoramos la organizaci\u00f3n comunitaria y el fortalecimiento conjunto para actuar en los temas que m\u00e1s nos preocupan. Nuestro objetivo es fortalecer las relaciones con [\u2026]<\/p>","protected":false},"author":1,"featured_media":0,"parent":0,"menu_order":0,"comment_status":"closed","ping_status":"closed","template":"","meta":{"footnotes":""},"class_list":["post-1172","page","type-page","status-publish","hentry"],"yoast_head":"<!-- This site is optimized with the Yoast SEO plugin v26.0 - https:\/\/yoast.com\/wordpress\/plugins\/seo\/ -->\n<title>Organizing and Civic Engagement - COLOR Latina<\/title>\n<meta name=\"robots\" content=\"index, follow, max-snippet:-1, max-image-preview:large, max-video-preview:-1\" \/>\n<link rel=\"canonical\" href=\"https:\/\/www.colorlatina.org\/es\/organizing-and-civic-engagement\/\" \/>\n<meta property=\"og:locale\" content=\"es_MX\" \/>\n<meta property=\"og:type\" content=\"article\" \/>\n<meta property=\"og:title\" content=\"Organizing and Civic Engagement - COLOR Latina\" \/>\n<meta property=\"og:description\" content=\"At COLOR we value organizing alongside communities and building power together to take action on issues that we care about the most. Our goal is to deepen relationships with a [&hellip;]\" \/>\n<meta property=\"og:url\" content=\"https:\/\/www.colorlatina.org\/es\/organizing-and-civic-engagement\/\" \/>\n<meta property=\"og:site_name\" content=\"COLOR Latina\" \/>\n<meta property=\"article:modified_time\" content=\"2024-09-18T17:53:28+00:00\" \/>\n<meta property=\"og:image\" content=\"https:\/\/www.colorlatina.org\/wp-content\/uploads\/2024\/05\/LatinoAdvocacyDay_03.18.2024_Dac_37-1024x683.jpg\" \/>\n<meta name=\"twitter:card\" content=\"summary_large_image\" \/>\n<meta name=\"twitter:label1\" content=\"Tiempo de lectura\" \/>\n\t<meta name=\"twitter:data1\" content=\"5 minutos\" \/>\n<script type=\"application\/ld+json\" class=\"yoast-schema-graph\">{\"@context\":\"https:\/\/schema.org\",\"@graph\":[{\"@type\":\"WebPage\",\"@id\":\"https:\/\/www.colorlatina.org\/organizing-and-civic-engagement\/\",\"url\":\"https:\/\/www.colorlatina.org\/organizing-and-civic-engagement\/\",\"name\":\"Organizing and Civic Engagement - COLOR Latina\",\"isPartOf\":{\"@id\":\"https:\/\/www.colorlatina.org\/#website\"},\"primaryImageOfPage\":{\"@id\":\"https:\/\/www.colorlatina.org\/organizing-and-civic-engagement\/#primaryimage\"},\"image\":{\"@id\":\"https:\/\/www.colorlatina.org\/organizing-and-civic-engagement\/#primaryimage\"},\"thumbnailUrl\":\"https:\/\/www.colorlatina.org\/wp-content\/uploads\/2024\/05\/LatinoAdvocacyDay_03.18.2024_Dac_37-1024x683.jpg\",\"datePublished\":\"2022-04-13T17:00:33+00:00\",\"dateModified\":\"2024-09-18T17:53:28+00:00\",\"breadcrumb\":{\"@id\":\"https:\/\/www.colorlatina.org\/organizing-and-civic-engagement\/#breadcrumb\"},\"inLanguage\":\"es\",\"potentialAction\":[{\"@type\":\"ReadAction\",\"target\":[\"https:\/\/www.colorlatina.org\/organizing-and-civic-engagement\/\"]}]},{\"@type\":\"ImageObject\",\"inLanguage\":\"es\",\"@id\":\"https:\/\/www.colorlatina.org\/organizing-and-civic-engagement\/#primaryimage\",\"url\":\"https:\/\/www.colorlatina.org\/wp-content\/uploads\/2024\/05\/LatinoAdvocacyDay_03.18.2024_Dac_37-1024x683.jpg\",\"contentUrl\":\"https:\/\/www.colorlatina.org\/wp-content\/uploads\/2024\/05\/LatinoAdvocacyDay_03.18.2024_Dac_37-1024x683.jpg\"},{\"@type\":\"BreadcrumbList\",\"@id\":\"https:\/\/www.colorlatina.org\/organizing-and-civic-engagement\/#breadcrumb\",\"itemListElement\":[{\"@type\":\"ListItem\",\"position\":1,\"name\":\"Home\",\"item\":\"https:\/\/www.colorlatina.org\/\"},{\"@type\":\"ListItem\",\"position\":2,\"name\":\"Organizing and Civic Engagement\"}]},{\"@type\":\"WebSite\",\"@id\":\"https:\/\/www.colorlatina.org\/#website\",\"url\":\"https:\/\/www.colorlatina.org\/\",\"name\":\"COLOR Latina\",\"description\":\"\",\"publisher\":{\"@id\":\"https:\/\/www.colorlatina.org\/#organization\"},\"potentialAction\":[{\"@type\":\"SearchAction\",\"target\":{\"@type\":\"EntryPoint\",\"urlTemplate\":\"https:\/\/www.colorlatina.org\/?s={search_term_string}\"},\"query-input\":{\"@type\":\"PropertyValueSpecification\",\"valueRequired\":true,\"valueName\":\"search_term_string\"}}],\"inLanguage\":\"es\"},{\"@type\":\"Organization\",\"@id\":\"https:\/\/www.colorlatina.org\/#organization\",\"name\":\"COLOR Latina\",\"url\":\"https:\/\/www.colorlatina.org\/\",\"logo\":{\"@type\":\"ImageObject\",\"inLanguage\":\"es\",\"@id\":\"https:\/\/www.colorlatina.org\/#\/schema\/logo\/image\/\",\"url\":\"https:\/\/live-color-latina.pantheonsite.io\/wp-content\/uploads\/2022\/04\/color-latina-fb.jpg\",\"contentUrl\":\"https:\/\/live-color-latina.pantheonsite.io\/wp-content\/uploads\/2022\/04\/color-latina-fb.jpg\",\"width\":1200,\"height\":630,\"caption\":\"COLOR Latina\"},\"image\":{\"@id\":\"https:\/\/www.colorlatina.org\/#\/schema\/logo\/image\/\"}}]}<\/script>\n<!-- \/ Yoast SEO plugin. -->","yoast_head_json":{"title":"Organizing and Civic Engagement - COLOR Latina","robots":{"index":"index","follow":"follow","max-snippet":"max-snippet:-1","max-image-preview":"max-image-preview:large","max-video-preview":"max-video-preview:-1"},"canonical":"https:\/\/www.colorlatina.org\/es\/organizing-and-civic-engagement\/","og_locale":"es_MX","og_type":"article","og_title":"Organizing and Civic Engagement - COLOR Latina","og_description":"At COLOR we value organizing alongside communities and building power together to take action on issues that we care about the most. Our goal is to deepen relationships with a [&hellip;]","og_url":"https:\/\/www.colorlatina.org\/es\/organizing-and-civic-engagement\/","og_site_name":"COLOR Latina","article_modified_time":"2024-09-18T17:53:28+00:00","og_image":[{"url":"https:\/\/www.colorlatina.org\/wp-content\/uploads\/2024\/05\/LatinoAdvocacyDay_03.18.2024_Dac_37-1024x683.jpg","type":"","width":"","height":""}],"twitter_card":"summary_large_image","twitter_misc":{"Tiempo de lectura":"5 minutos"},"schema":{"@context":"https:\/\/schema.org","@graph":[{"@type":"WebPage","@id":"https:\/\/www.colorlatina.org\/organizing-and-civic-engagement\/","url":"https:\/\/www.colorlatina.org\/organizing-and-civic-engagement\/","name":"Organizing and Civic Engagement - COLOR Latina","isPartOf":{"@id":"https:\/\/www.colorlatina.org\/#website"},"primaryImageOfPage":{"@id":"https:\/\/www.colorlatina.org\/organizing-and-civic-engagement\/#primaryimage"},"image":{"@id":"https:\/\/www.colorlatina.org\/organizing-and-civic-engagement\/#primaryimage"},"thumbnailUrl":"https:\/\/www.colorlatina.org\/wp-content\/uploads\/2024\/05\/LatinoAdvocacyDay_03.18.2024_Dac_37-1024x683.jpg","datePublished":"2022-04-13T17:00:33+00:00","dateModified":"2024-09-18T17:53:28+00:00","breadcrumb":{"@id":"https:\/\/www.colorlatina.org\/organizing-and-civic-engagement\/#breadcrumb"},"inLanguage":"es","potentialAction":[{"@type":"ReadAction","target":["https:\/\/www.colorlatina.org\/organizing-and-civic-engagement\/"]}]},{"@type":"ImageObject","inLanguage":"es","@id":"https:\/\/www.colorlatina.org\/organizing-and-civic-engagement\/#primaryimage","url":"https:\/\/www.colorlatina.org\/wp-content\/uploads\/2024\/05\/LatinoAdvocacyDay_03.18.2024_Dac_37-1024x683.jpg","contentUrl":"https:\/\/www.colorlatina.org\/wp-content\/uploads\/2024\/05\/LatinoAdvocacyDay_03.18.2024_Dac_37-1024x683.jpg"},{"@type":"BreadcrumbList","@id":"https:\/\/www.colorlatina.org\/organizing-and-civic-engagement\/#breadcrumb","itemListElement":[{"@type":"ListItem","position":1,"name":"Home","item":"https:\/\/www.colorlatina.org\/"},{"@type":"ListItem","position":2,"name":"Organizing and Civic Engagement"}]},{"@type":"WebSite","@id":"https:\/\/www.colorlatina.org\/#website","url":"https:\/\/www.colorlatina.org\/","name":"COLOR Latina","description":"","publisher":{"@id":"https:\/\/www.colorlatina.org\/#organization"},"potentialAction":[{"@type":"SearchAction","target":{"@type":"EntryPoint","urlTemplate":"https:\/\/www.colorlatina.org\/?s={search_term_string}"},"query-input":{"@type":"PropertyValueSpecification","valueRequired":true,"valueName":"search_term_string"}}],"inLanguage":"es"},{"@type":"Organization","@id":"https:\/\/www.colorlatina.org\/#organization","name":"COLOR Latina","url":"https:\/\/www.colorlatina.org\/","logo":{"@type":"ImageObject","inLanguage":"es","@id":"https:\/\/www.colorlatina.org\/#\/schema\/logo\/image\/","url":"https:\/\/live-color-latina.pantheonsite.io\/wp-content\/uploads\/2022\/04\/color-latina-fb.jpg","contentUrl":"https:\/\/live-color-latina.pantheonsite.io\/wp-content\/uploads\/2022\/04\/color-latina-fb.jpg","width":1200,"height":630,"caption":"COLOR Latina"},"image":{"@id":"https:\/\/www.colorlatina.org\/#\/schema\/logo\/image\/"}}]}},"_links":{"self":[{"href":"https:\/\/www.colorlatina.org\/es\/wp-json\/wp\/v2\/pages\/1172","targetHints":{"allow":["GET"]}}],"collection":[{"href":"https:\/\/www.colorlatina.org\/es\/wp-json\/wp\/v2\/pages"}],"about":[{"href":"https:\/\/www.colorlatina.org\/es\/wp-json\/wp\/v2\/types\/page"}],"author":[{"embeddable":true,"href":"https:\/\/www.colorlatina.org\/es\/wp-json\/wp\/v2\/users\/1"}],"replies":[{"embeddable":true,"href":"https:\/\/www.colorlatina.org\/es\/wp-json\/wp\/v2\/comments?post=1172"}],"version-history":[{"count":10,"href":"https:\/\/www.colorlatina.org\/es\/wp-json\/wp\/v2\/pages\/1172\/revisions"}],"predecessor-version":[{"id":5119,"href":"https:\/\/www.colorlatina.org\/es\/wp-json\/wp\/v2\/pages\/1172\/revisions\/5119"}],"wp:attachment":[{"href":"https:\/\/www.colorlatina.org\/es\/wp-json\/wp\/v2\/media?parent=1172"}],"curies":[{"name":"wp","href":"https:\/\/api.w.org\/{rel}","templated":true}]}}