{"id":154,"date":"2022-02-10T17:01:01","date_gmt":"2022-02-10T17:01:01","guid":{"rendered":"https:\/\/live-color-latina.pantheonsite.io\/?page_id=154"},"modified":"2025-12-16T16:00:32","modified_gmt":"2025-12-16T23:00:32","slug":"herstory","status":"publish","type":"page","link":"https:\/\/www.colorlatina.org\/es\/herstory\/","title":{"rendered":"Historia"},"content":{"rendered":"<div data-elementor-type=\"wp-page\" data-elementor-id=\"154\" class=\"elementor elementor-154\" data-elementor-post-type=\"page\">\n\t\t\t\t\t\t<section class=\"elementor-section elementor-top-section elementor-element elementor-element-543c369 elementor-section-boxed elementor-section-height-default elementor-section-height-default\" data-id=\"543c369\" data-element_type=\"section\">\n\t\t\t\t\t\t<div class=\"elementor-container elementor-column-gap-default\">\n\t\t\t\t\t<div class=\"elementor-column elementor-col-100 elementor-top-column elementor-element elementor-element-64de1325\" data-id=\"64de1325\" data-element_type=\"column\">\n\t\t\t<div class=\"elementor-widget-wrap elementor-element-populated\">\n\t\t\t\t\t\t<div class=\"elementor-element elementor-element-3fa2e89 elementor-widget elementor-widget-heading\" data-id=\"3fa2e89\" data-element_type=\"widget\" data-widget_type=\"heading.default\">\n\t\t\t\t<div class=\"elementor-widget-container\">\n\t\t\t\t\t<h1 class=\"elementor-heading-title elementor-size-default\">Historia<\/h1>\t\t\t\t<\/div>\n\t\t\t\t<\/div>\n\t\t\t\t<div class=\"elementor-element elementor-element-241cb2dd elementor-widget elementor-widget-text-editor\" data-id=\"241cb2dd\" data-element_type=\"widget\" data-widget_type=\"text-editor.default\">\n\t\t\t\t<div class=\"elementor-widget-container\">\n\t\t\t\t\t\t\t\t\t<p>La historia de COLOR comenz\u00f3 con un grupo de base de mujeres latinas que buscaban estrategias para superar las crecientes tasas de VIH\/SIDA y otros problemas que afectan a la comunidad latina en las \u00e1reas de educaci\u00f3n, salud, derechos civiles, justicia econ\u00f3mica e inmigraci\u00f3n. En 1998, COLOR se convirti\u00f3 en una organizaci\u00f3n sin fines de lucro y desde entonces ha estado al servicio de las comunidades latinas de Colorado.<\/p>\n<p><!-- \/wp:paragraph --><!-- wp:heading {\"level\":3} --><\/p>\n<h1 id=\"how-we-started\" class=\"wp-block-heading\"><strong>C\u00f3mo empezamos<\/strong><\/h1>\n<p><!-- \/wp:heading --><!-- wp:paragraph --><\/p>\n<p>Con la ayuda de una subvenci\u00f3n del Proyecto de la Coalici\u00f3n Estatal de Latinas Unidas para el Instituto Nacional de Salud Reproductiva, nuestras Madres Fundadoras comenzaron a trabajar para crear voz y presencia en el \u00e1mbito de la salud y la libertad reproductiva en Colorado. En abril de 1998, crearon la Organizaci\u00f3n de Colorado para la Oportunidad y los Derechos Reproductivos de las Latinas (COLOR). <strong>La primera organizaci\u00f3n de justicia reproductiva dirigida y al servicio de latinas en el estado.<\/strong>En diciembre de 2000, COLOR se constituy\u00f3 en el estado de Colorado y recibi\u00f3 el estatus 501c(3) del Servicio de Impuestos Internos.\u00a0<\/p>\n<p><!-- \/wp:paragraph --><!-- wp:heading {\"level\":3} --><\/p>\n<p><!-- \/wp:paragraph --><!-- wp:heading {\"level\":3} --><!-- \/wp:paragraph --><\/p>\t\t\t\t\t\t\t\t<\/div>\n\t\t\t\t<\/div>\n\t\t\t\t<div class=\"elementor-element elementor-element-22ebb59 elementor-align-center elementor-widget elementor-widget-button\" data-id=\"22ebb59\" data-element_type=\"widget\" data-widget_type=\"button.default\">\n\t\t\t\t<div class=\"elementor-widget-container\">\n\t\t\t\t\t\t\t\t\t<div class=\"elementor-button-wrapper\">\n\t\t\t\t\t<a class=\"elementor-button elementor-button-link elementor-size-sm\" href=\"https:\/\/www.colorlatina.org\/es\/what-is-rj\/\">\n\t\t\t\t\t\t<span class=\"elementor-button-content-wrapper\">\n\t\t\t\t\t\t\t\t\t<span class=\"elementor-button-text\">\u00bfQu\u00e9 es la justicia reproductiva?<\/span>\n\t\t\t\t\t<\/span>\n\t\t\t\t\t<\/a>\n\t\t\t\t<\/div>\n\t\t\t\t\t\t\t\t<\/div>\n\t\t\t\t<\/div>\n\t\t\t\t\t<\/div>\n\t\t<\/div>\n\t\t\t\t\t<\/div>\n\t\t<\/section>\n\t\t\t\t<section class=\"elementor-section elementor-top-section elementor-element elementor-element-b54cb28 elementor-section-boxed elementor-section-height-default elementor-section-height-default\" data-id=\"b54cb28\" data-element_type=\"section\">\n\t\t\t\t\t\t<div class=\"elementor-container elementor-column-gap-default\">\n\t\t\t\t\t<div class=\"elementor-column elementor-col-100 elementor-top-column elementor-element elementor-element-ff6d36d\" data-id=\"ff6d36d\" data-element_type=\"column\">\n\t\t\t<div class=\"elementor-widget-wrap elementor-element-populated\">\n\t\t\t\t\t\t<div class=\"elementor-element elementor-element-2bac8a7 elementor-widget elementor-widget-heading\" data-id=\"2bac8a7\" data-element_type=\"widget\" data-widget_type=\"heading.default\">\n\t\t\t\t<div class=\"elementor-widget-container\">\n\t\t\t\t\t<h1 class=\"elementor-heading-title elementor-size-default\">Nuestro enfoque<\/h1>\t\t\t\t<\/div>\n\t\t\t\t<\/div>\n\t\t\t\t<div class=\"elementor-element elementor-element-7e54660 elementor-widget elementor-widget-text-editor\" data-id=\"7e54660\" data-element_type=\"widget\" data-widget_type=\"text-editor.default\">\n\t\t\t\t<div class=\"elementor-widget-container\">\n\t\t\t\t\t\t\t\t\t<p>Como organizaci\u00f3n liderada por latinas, COLOR trabaja para promover la justicia reproductiva para todas las personas en Colorado. Su enfoque se centra en la interseccionalidad, con la convicci\u00f3n de que nadie vive una vida con un solo problema. Desafiamos todas las barreras que impiden que las comunidades lleven vidas saludables y autodeterminadas, promoviendo la justicia ambiental, la justicia econ\u00f3mica, la justicia racial, los derechos de los inmigrantes, la liberaci\u00f3n LGBTQIA+ y m\u00e1s. Adoptamos un enfoque que abarca desde j\u00f3venes hasta personas mayores, adoptando las ense\u00f1anzas de varias generaciones de una manera culturalmente centrada (es decir, nuestro trabajo evoca y realza las tradiciones, el idioma y las identidades culturales de nuestras comunidades). COLOR trabaja para cultivar y desarrollar a los miembros de nuestra comunidad a trav\u00e9s de un liderazgo que refleja aut\u00e9nticamente la vida de quienes servimos.<\/p>\t\t\t\t\t\t\t\t<\/div>\n\t\t\t\t<\/div>\n\t\t\t\t<div class=\"elementor-element elementor-element-f92cef6 elementor-align-center elementor-widget elementor-widget-button\" data-id=\"f92cef6\" data-element_type=\"widget\" data-widget_type=\"button.default\">\n\t\t\t\t<div class=\"elementor-widget-container\">\n\t\t\t\t\t\t\t\t\t<div class=\"elementor-button-wrapper\">\n\t\t\t\t\t<a class=\"elementor-button elementor-button-link elementor-size-sm\" href=\"https:\/\/www.colorlatina.org\/es\/our-work\/\">\n\t\t\t\t\t\t<span class=\"elementor-button-content-wrapper\">\n\t\t\t\t\t\t\t\t\t<span class=\"elementor-button-text\">sobre nuestro trabajo<\/span>\n\t\t\t\t\t<\/span>\n\t\t\t\t\t<\/a>\n\t\t\t\t<\/div>\n\t\t\t\t\t\t\t\t<\/div>\n\t\t\t\t<\/div>\n\t\t\t\t\t<\/div>\n\t\t<\/div>\n\t\t\t\t\t<\/div>\n\t\t<\/section>\n\t\t\t\t<section class=\"elementor-section elementor-top-section elementor-element elementor-element-df59f98 elementor-section-boxed elementor-section-height-default elementor-section-height-default\" data-id=\"df59f98\" data-element_type=\"section\">\n\t\t\t\t\t\t<div class=\"elementor-container elementor-column-gap-default\">\n\t\t\t\t\t<div class=\"elementor-column elementor-col-100 elementor-top-column elementor-element elementor-element-15d7ad4\" data-id=\"15d7ad4\" data-element_type=\"column\">\n\t\t\t<div class=\"elementor-widget-wrap elementor-element-populated\">\n\t\t\t\t\t\t<div class=\"elementor-element elementor-element-db41006 elementor-widget elementor-widget-heading\" data-id=\"db41006\" data-element_type=\"widget\" data-widget_type=\"heading.default\">\n\t\t\t\t<div class=\"elementor-widget-container\">\n\t\t\t\t\t<h1 class=\"elementor-heading-title elementor-size-default\">Fondo de Acci\u00f3n COLOR <\/h1>\t\t\t\t<\/div>\n\t\t\t\t<\/div>\n\t\t\t\t\t<\/div>\n\t\t<\/div>\n\t\t\t\t\t<\/div>\n\t\t<\/section>\n\t\t\t\t<section class=\"elementor-section elementor-top-section elementor-element elementor-element-9910e40 elementor-section-boxed elementor-section-height-default elementor-section-height-default\" data-id=\"9910e40\" data-element_type=\"section\">\n\t\t\t\t\t\t<div class=\"elementor-container elementor-column-gap-default\">\n\t\t\t\t\t<div class=\"elementor-column elementor-col-50 elementor-top-column elementor-element elementor-element-d9bf773\" data-id=\"d9bf773\" data-element_type=\"column\">\n\t\t\t<div class=\"elementor-widget-wrap elementor-element-populated\">\n\t\t\t\t\t\t<div class=\"elementor-element elementor-element-9d10d56 elementor-widget elementor-widget-text-editor\" data-id=\"9d10d56\" data-element_type=\"widget\" data-widget_type=\"text-editor.default\">\n\t\t\t\t<div class=\"elementor-widget-container\">\n\t\t\t\t\t\t\t\t\t<p>Hoy, COLOR ha ampliado su alcance e impacto, incluida la creaci\u00f3n de <a href=\"https:\/\/www.coloractionfund.org\/\" target=\"_blank\" rel=\"noopener\">Fondo de Acci\u00f3n COLOR<\/a> En 2016, nuestra organizaci\u00f3n hermana C4 se dedic\u00f3 a responsabilizar a los funcionarios electos y garantizar que realmente sirvan y representen a nuestras comunidades.<\/p>\n<p><!-- \/wp:paragraph --><!-- wp:paragraph --><\/p>\n<p>COLOR Action Fund trabaja para crear la infraestructura para identificar y apoyar a los l\u00edderes comunitarios, aumentar la representaci\u00f3n latina en cargos electos, construir influencia pol\u00edtica y replantear la narrativa en torno a nuestros problemas para, en \u00faltima instancia, aprobar pol\u00edticas que empoderen a nuestras comunidades. \u00a0<\/p>\n<p><!-- \/wp:paragraph --><!-- wp:paragraph --><\/p>\n<p>Su programaci\u00f3n est\u00e1 dedicada a identificar miembros para el Fondo de Acci\u00f3n COLOR en \u00e1reas clave en todo Colorado, y a activar a los miembros de la comunidad latina para que se conviertan en defensores vocales, voluntarios y, eventualmente, candidatos de justicia reproductiva para cargos p\u00fablicos en todos los niveles.<\/p>\t\t\t\t\t\t\t\t<\/div>\n\t\t\t\t<\/div>\n\t\t\t\t<div class=\"elementor-element elementor-element-6f8fc82 elementor-align-center elementor-widget elementor-widget-button\" data-id=\"6f8fc82\" data-element_type=\"widget\" data-widget_type=\"button.default\">\n\t\t\t\t<div class=\"elementor-widget-container\">\n\t\t\t\t\t\t\t\t\t<div class=\"elementor-button-wrapper\">\n\t\t\t\t\t<a class=\"elementor-button elementor-button-link elementor-size-sm\" href=\"https:\/\/www.coloractionfund.org\/\" target=\"_blank\">\n\t\t\t\t\t\t<span class=\"elementor-button-content-wrapper\">\n\t\t\t\t\t\t\t\t\t<span class=\"elementor-button-text\">Obtenga m\u00e1s informaci\u00f3n sobre el color af<\/span>\n\t\t\t\t\t<\/span>\n\t\t\t\t\t<\/a>\n\t\t\t\t<\/div>\n\t\t\t\t\t\t\t\t<\/div>\n\t\t\t\t<\/div>\n\t\t\t\t\t<\/div>\n\t\t<\/div>\n\t\t\t\t<div class=\"elementor-column elementor-col-50 elementor-top-column elementor-element elementor-element-1427cf6\" data-id=\"1427cf6\" data-element_type=\"column\">\n\t\t\t<div class=\"elementor-widget-wrap elementor-element-populated\">\n\t\t\t\t\t\t<div class=\"elementor-element elementor-element-6ddbcd2 elementor-widget elementor-widget-image\" data-id=\"6ddbcd2\" data-element_type=\"widget\" data-widget_type=\"image.default\">\n\t\t\t\t<div class=\"elementor-widget-container\">\n\t\t\t\t\t\t\t\t\t\t\t\t\t\t\t<img fetchpriority=\"high\" decoding=\"async\" width=\"490\" height=\"512\" src=\"https:\/\/live-color-latina.pantheonsite.io\/wp-content\/uploads\/2025\/11\/I_Am_COLORAF_Pin.avif\" class=\"attachment-full size-full wp-image-6258\" alt=\"\" srcset=\"https:\/\/live-color-latina.pantheonsite.io\/wp-content\/uploads\/2025\/11\/I_Am_COLORAF_Pin.avif 490w, https:\/\/live-color-latina.pantheonsite.io\/wp-content\/uploads\/2025\/11\/I_Am_COLORAF_Pin-287x300.avif 287w, https:\/\/live-color-latina.pantheonsite.io\/wp-content\/uploads\/2025\/11\/I_Am_COLORAF_Pin-11x12.avif 11w\" sizes=\"(max-width: 490px) 100vw, 490px\" \/>\t\t\t\t\t\t\t\t\t\t\t\t\t\t\t<\/div>\n\t\t\t\t<\/div>\n\t\t\t\t\t<\/div>\n\t\t<\/div>\n\t\t\t\t\t<\/div>\n\t\t<\/section>\n\t\t\t\t<\/div>","protected":false},"excerpt":{"rendered":"<p>Historia La historia de COLOR comenz\u00f3 con un grupo de base de latinas que buscaban estrategias para superar las crecientes tasas de VIH\/SIDA y otros problemas que afectan a la comunidad latina en las \u00e1reas de [\u2026]<\/p>","protected":false},"author":1,"featured_media":0,"parent":0,"menu_order":0,"comment_status":"closed","ping_status":"closed","template":"","meta":{"footnotes":""},"class_list":["post-154","page","type-page","status-publish","hentry"],"yoast_head":"<!-- This site is optimized with the Yoast SEO plugin v26.0 - https:\/\/yoast.com\/wordpress\/plugins\/seo\/ -->\n<title>Herstory - COLOR Latina<\/title>\n<meta name=\"robots\" content=\"index, follow, max-snippet:-1, max-image-preview:large, max-video-preview:-1\" \/>\n<link rel=\"canonical\" href=\"https:\/\/www.colorlatina.org\/es\/herstory\/\" \/>\n<meta property=\"og:locale\" content=\"es_MX\" \/>\n<meta property=\"og:type\" content=\"article\" \/>\n<meta property=\"og:title\" content=\"Herstory - COLOR Latina\" \/>\n<meta property=\"og:description\" content=\"Herstory COLOR\u2019s herstory began with a grassroots group of Latinas searching for strategies to overcome increasing rates of HIV\/AIDS and other issues impacting the Latino community in the areas of [&hellip;]\" \/>\n<meta property=\"og:url\" content=\"https:\/\/www.colorlatina.org\/es\/herstory\/\" \/>\n<meta property=\"og:site_name\" content=\"COLOR Latina\" \/>\n<meta property=\"article:modified_time\" content=\"2025-12-16T23:00:32+00:00\" \/>\n<meta property=\"og:image\" content=\"https:\/\/www.colorlatina.org\/wp-content\/uploads\/2022\/04\/color-latina-fb.jpg\" \/>\n\t<meta property=\"og:image:width\" content=\"1200\" \/>\n\t<meta property=\"og:image:height\" content=\"630\" \/>\n\t<meta property=\"og:image:type\" content=\"image\/jpeg\" \/>\n<meta name=\"twitter:card\" content=\"summary_large_image\" \/>\n<meta name=\"twitter:label1\" content=\"Tiempo de lectura\" \/>\n\t<meta name=\"twitter:data1\" content=\"2 minutos\" \/>\n<script type=\"application\/ld+json\" class=\"yoast-schema-graph\">{\"@context\":\"https:\/\/schema.org\",\"@graph\":[{\"@type\":\"WebPage\",\"@id\":\"https:\/\/www.colorlatina.org\/herstory\/\",\"url\":\"https:\/\/www.colorlatina.org\/herstory\/\",\"name\":\"Herstory - COLOR Latina\",\"isPartOf\":{\"@id\":\"https:\/\/www.colorlatina.org\/#website\"},\"primaryImageOfPage\":{\"@id\":\"https:\/\/www.colorlatina.org\/herstory\/#primaryimage\"},\"image\":{\"@id\":\"https:\/\/www.colorlatina.org\/herstory\/#primaryimage\"},\"thumbnailUrl\":\"https:\/\/www.colorlatina.org\/wp-content\/uploads\/2025\/11\/I_Am_COLORAF_Pin.avif\",\"datePublished\":\"2022-02-10T17:01:01+00:00\",\"dateModified\":\"2025-12-16T23:00:32+00:00\",\"breadcrumb\":{\"@id\":\"https:\/\/www.colorlatina.org\/herstory\/#breadcrumb\"},\"inLanguage\":\"es\",\"potentialAction\":[{\"@type\":\"ReadAction\",\"target\":[\"https:\/\/www.colorlatina.org\/herstory\/\"]}]},{\"@type\":\"ImageObject\",\"inLanguage\":\"es\",\"@id\":\"https:\/\/www.colorlatina.org\/herstory\/#primaryimage\",\"url\":\"https:\/\/www.colorlatina.org\/wp-content\/uploads\/2025\/11\/I_Am_COLORAF_Pin.avif\",\"contentUrl\":\"https:\/\/www.colorlatina.org\/wp-content\/uploads\/2025\/11\/I_Am_COLORAF_Pin.avif\"},{\"@type\":\"BreadcrumbList\",\"@id\":\"https:\/\/www.colorlatina.org\/herstory\/#breadcrumb\",\"itemListElement\":[{\"@type\":\"ListItem\",\"position\":1,\"name\":\"Home\",\"item\":\"https:\/\/www.colorlatina.org\/\"},{\"@type\":\"ListItem\",\"position\":2,\"name\":\"Herstory\"}]},{\"@type\":\"WebSite\",\"@id\":\"https:\/\/www.colorlatina.org\/#website\",\"url\":\"https:\/\/www.colorlatina.org\/\",\"name\":\"COLOR Latina\",\"description\":\"\",\"publisher\":{\"@id\":\"https:\/\/www.colorlatina.org\/#organization\"},\"potentialAction\":[{\"@type\":\"SearchAction\",\"target\":{\"@type\":\"EntryPoint\",\"urlTemplate\":\"https:\/\/www.colorlatina.org\/?s={search_term_string}\"},\"query-input\":{\"@type\":\"PropertyValueSpecification\",\"valueRequired\":true,\"valueName\":\"search_term_string\"}}],\"inLanguage\":\"es\"},{\"@type\":\"Organization\",\"@id\":\"https:\/\/www.colorlatina.org\/#organization\",\"name\":\"COLOR Latina\",\"url\":\"https:\/\/www.colorlatina.org\/\",\"logo\":{\"@type\":\"ImageObject\",\"inLanguage\":\"es\",\"@id\":\"https:\/\/www.colorlatina.org\/#\/schema\/logo\/image\/\",\"url\":\"https:\/\/live-color-latina.pantheonsite.io\/wp-content\/uploads\/2022\/04\/color-latina-fb.jpg\",\"contentUrl\":\"https:\/\/live-color-latina.pantheonsite.io\/wp-content\/uploads\/2022\/04\/color-latina-fb.jpg\",\"width\":1200,\"height\":630,\"caption\":\"COLOR Latina\"},\"image\":{\"@id\":\"https:\/\/www.colorlatina.org\/#\/schema\/logo\/image\/\"}}]}<\/script>\n<!-- \/ Yoast SEO plugin. -->","yoast_head_json":{"title":"Historia de ella - COLOR Latina","robots":{"index":"index","follow":"follow","max-snippet":"max-snippet:-1","max-image-preview":"max-image-preview:large","max-video-preview":"max-video-preview:-1"},"canonical":"https:\/\/www.colorlatina.org\/es\/herstory\/","og_locale":"es_MX","og_type":"article","og_title":"Herstory - COLOR Latina","og_description":"Herstory COLOR\u2019s herstory began with a grassroots group of Latinas searching for strategies to overcome increasing rates of HIV\/AIDS and other issues impacting the Latino community in the areas of [&hellip;]","og_url":"https:\/\/www.colorlatina.org\/es\/herstory\/","og_site_name":"COLOR Latina","article_modified_time":"2025-12-16T23:00:32+00:00","og_image":[{"width":1200,"height":630,"url":"https:\/\/www.colorlatina.org\/wp-content\/uploads\/2022\/04\/color-latina-fb.jpg","type":"image\/jpeg"}],"twitter_card":"summary_large_image","twitter_misc":{"Tiempo de lectura":"2 minutos"},"schema":{"@context":"https:\/\/schema.org","@graph":[{"@type":"WebPage","@id":"https:\/\/www.colorlatina.org\/herstory\/","url":"https:\/\/www.colorlatina.org\/herstory\/","name":"Historia de ella - COLOR Latina","isPartOf":{"@id":"https:\/\/www.colorlatina.org\/#website"},"primaryImageOfPage":{"@id":"https:\/\/www.colorlatina.org\/herstory\/#primaryimage"},"image":{"@id":"https:\/\/www.colorlatina.org\/herstory\/#primaryimage"},"thumbnailUrl":"https:\/\/www.colorlatina.org\/wp-content\/uploads\/2025\/11\/I_Am_COLORAF_Pin.avif","datePublished":"2022-02-10T17:01:01+00:00","dateModified":"2025-12-16T23:00:32+00:00","breadcrumb":{"@id":"https:\/\/www.colorlatina.org\/herstory\/#breadcrumb"},"inLanguage":"es","potentialAction":[{"@type":"ReadAction","target":["https:\/\/www.colorlatina.org\/herstory\/"]}]},{"@type":"ImageObject","inLanguage":"es","@id":"https:\/\/www.colorlatina.org\/herstory\/#primaryimage","url":"https:\/\/www.colorlatina.org\/wp-content\/uploads\/2025\/11\/I_Am_COLORAF_Pin.avif","contentUrl":"https:\/\/www.colorlatina.org\/wp-content\/uploads\/2025\/11\/I_Am_COLORAF_Pin.avif"},{"@type":"BreadcrumbList","@id":"https:\/\/www.colorlatina.org\/herstory\/#breadcrumb","itemListElement":[{"@type":"ListItem","position":1,"name":"Home","item":"https:\/\/www.colorlatina.org\/"},{"@type":"ListItem","position":2,"name":"Herstory"}]},{"@type":"WebSite","@id":"https:\/\/www.colorlatina.org\/#website","url":"https:\/\/www.colorlatina.org\/","name":"COLOR Latina","description":"","publisher":{"@id":"https:\/\/www.colorlatina.org\/#organization"},"potentialAction":[{"@type":"SearchAction","target":{"@type":"EntryPoint","urlTemplate":"https:\/\/www.colorlatina.org\/?s={search_term_string}"},"query-input":{"@type":"PropertyValueSpecification","valueRequired":true,"valueName":"search_term_string"}}],"inLanguage":"es"},{"@type":"Organization","@id":"https:\/\/www.colorlatina.org\/#organization","name":"COLOR Latina","url":"https:\/\/www.colorlatina.org\/","logo":{"@type":"ImageObject","inLanguage":"es","@id":"https:\/\/www.colorlatina.org\/#\/schema\/logo\/image\/","url":"https:\/\/live-color-latina.pantheonsite.io\/wp-content\/uploads\/2022\/04\/color-latina-fb.jpg","contentUrl":"https:\/\/live-color-latina.pantheonsite.io\/wp-content\/uploads\/2022\/04\/color-latina-fb.jpg","width":1200,"height":630,"caption":"COLOR Latina"},"image":{"@id":"https:\/\/www.colorlatina.org\/#\/schema\/logo\/image\/"}}]}},"_links":{"self":[{"href":"https:\/\/www.colorlatina.org\/es\/wp-json\/wp\/v2\/pages\/154","targetHints":{"allow":["GET"]}}],"collection":[{"href":"https:\/\/www.colorlatina.org\/es\/wp-json\/wp\/v2\/pages"}],"about":[{"href":"https:\/\/www.colorlatina.org\/es\/wp-json\/wp\/v2\/types\/page"}],"author":[{"embeddable":true,"href":"https:\/\/www.colorlatina.org\/es\/wp-json\/wp\/v2\/users\/1"}],"replies":[{"embeddable":true,"href":"https:\/\/www.colorlatina.org\/es\/wp-json\/wp\/v2\/comments?post=154"}],"version-history":[{"count":16,"href":"https:\/\/www.colorlatina.org\/es\/wp-json\/wp\/v2\/pages\/154\/revisions"}],"predecessor-version":[{"id":6356,"href":"https:\/\/www.colorlatina.org\/es\/wp-json\/wp\/v2\/pages\/154\/revisions\/6356"}],"wp:attachment":[{"href":"https:\/\/www.colorlatina.org\/es\/wp-json\/wp\/v2\/media?parent=154"}],"curies":[{"name":"wp","href":"https:\/\/api.w.org\/{rel}","templated":true}]}}