{"id":2674,"date":"2022-05-03T14:31:39","date_gmt":"2022-05-03T20:31:39","guid":{"rendered":"https:\/\/www.colorlatina.org\/?page_id=2674"},"modified":"2022-05-20T13:23:25","modified_gmt":"2022-05-20T19:23:25","slug":"rjfuture","status":"publish","type":"page","link":"https:\/\/www.colorlatina.org\/es\/rjfuture\/","title":{"rendered":"El acceso al aborto tiene que ver con nuestra libertad y poder: \u00a1controlamos nuestros propios cuerpos, vidas y futuros!"},"content":{"rendered":"<div class=\"wp-block-image\"><figure class=\"aligncenter size-full\"><img fetchpriority=\"high\" decoding=\"async\" width=\"822\" height=\"334\" src=\"https:\/\/www.colorlatina.org\/wp-content\/uploads\/2022\/05\/COLOR-header-1.png\" alt=\"\" class=\"wp-image-2686\" srcset=\"https:\/\/www.colorlatina.org\/wp-content\/uploads\/2022\/05\/COLOR-header-1.png 822w, https:\/\/www.colorlatina.org\/wp-content\/uploads\/2022\/05\/COLOR-header-1-300x122.png 300w, https:\/\/www.colorlatina.org\/wp-content\/uploads\/2022\/05\/COLOR-header-1-768x312.png 768w\" sizes=\"(max-width: 822px) 100vw, 822px\" \/><\/figure><\/div>\n\n\n\n<div class=\"wp-block-buttons is-content-justification-center is-layout-flex wp-container-core-buttons-is-layout-a89b3969 wp-block-buttons-is-layout-flex\">\n<div class=\"wp-block-button has-custom-width wp-block-button__width-25 has-custom-font-size\" style=\"font-size:24px\"><a class=\"wp-block-button__link\" href=\"https:\/\/www.colorlatina.org\/es\/rjfuture\/\"><strong>INGL\u00c9S<\/strong><\/a><\/div>\n\n\n\n<div class=\"wp-block-button has-custom-width wp-block-button__width-25 has-custom-font-size\" style=\"font-size:24px\"><a class=\"wp-block-button__link\" href=\"https:\/\/www.colorlatina.org\/es\/rjfuturo\/\"><strong>ESPA<strong>NORTE<\/strong>OJO<\/strong><\/a><\/div>\n<\/div>\n\n\n\n<p>Este a\u00f1o, frente a la prohibici\u00f3n del aborto en varios estados del pa\u00eds y a una Corte Suprema a punto de permitirles que se salgan con la suya, en Colorado lideramos la iniciativa hist\u00f3rica de proteger nuestro derecho fundamental al aborto, ahora y siempre. Al aprobar la Ley de Equidad en la Salud Reproductiva (RHEA, por sus siglas en ingl\u00e9s), estamos creando un futuro en el que todos los habitantes de Colorado puedan prosperar, en particular los latinos y otras comunidades de color que enfrentan barreras sist\u00e9micas para acceder a la atenci\u00f3n de la salud reproductiva, incluida la atenci\u00f3n del aborto.&nbsp;<\/p>\n\n\n\n<p class=\"has-medium-font-size\"><strong>El liderazgo de las latinas y nuestra creencia de que tenemos el poder de determinar lo que es mejor para nuestros propios cuerpos, vidas y futuros es la raz\u00f3n por la que nuestro derecho fundamental al aborto est\u00e1 protegido hoy en Colorado.<\/strong><\/p>\n\n\n\n<p>Creemos que la verdadera justicia reproductiva existir\u00e1 cuando el movimiento est\u00e9 liderado por las personas m\u00e1s afectadas. Cuando construimos el poder colectivo para garantizar el acceso a los recursos para tomar decisiones sobre nuestros propios cuerpos, sexualidad, relaciones y familias, nosotros \u2013y nuestras comunidades\u2013 prosperamos.&nbsp;<\/p>\n\n\n\n<p>Todos deber\u00edamos tener la libertad fundamental de llevar una vida digna y prosperar junto a nuestras familias seguras y saludables y nuestras comunidades vibrantes. Por eso aprobamos la Ley de Equidad en Salud Reproductiva.<\/p>\n\n\n\n<ul class=\"wp-block-list\"><li>Toda persona tiene el derecho fundamental a elegir o rechazar la anticoncepci\u00f3n;&nbsp;<\/li><li>Toda persona que quede embarazada tiene el derecho fundamental de elegir continuar el embarazo y dar a luz o abortar; y&nbsp;<\/li><li>Un \u00f3vulo fertilizado, un embri\u00f3n o un feto no tiene derechos independientes seg\u00fan las leyes del estado.&nbsp;<\/li><\/ul>\n\n\n\n<p class=\"has-medium-font-size\"><strong>La mayor\u00eda de los latinos\/as creemos en proteger nuestro derecho fundamental al aborto, ahora y siempre.<\/strong><\/p>\n\n\n\n<p>En 2021, COLOR lider\u00f3 la primera edici\u00f3n anual <a href=\"https:\/\/coloradolatinopolicyagenda.com\/wp-content\/uploads\/2021\/11\/CoLatinoPolicyAgenda2021_2.2.pdf\">Agenda de pol\u00edticas para los latinos en Colorado<\/a> y escuchamos a m\u00e1s de 1000 latinos y m\u00e1s de 150 l\u00edderes comunitarios latinos en todo el estado. Los datos son claros en nuestros hallazgos:&nbsp;<\/p>\n\n\n\n<ul class=\"wp-block-list\"><li>Una mayor\u00eda (66%) apoya la aprobaci\u00f3n de leyes para proteger el acceso a abortos seguros y los derechos reproductivos.&nbsp;&nbsp;<\/li><li>Los progresistas tienen m\u00e1s probabilidades de apoyar el acceso a abortos seguros (74%), pero el 67% de los latinos conservadores tambi\u00e9n lo hacen.&nbsp;<\/li><li>Una gran mayor\u00eda (85%) de l\u00edderes latinos apoya la aprobaci\u00f3n de leyes para proteger el acceso a abortos seguros y los derechos reproductivos para los residentes del estado.<\/li><\/ul>\n\n\n\n<p class=\"has-medium-font-size\"><strong>En el centro de nuestro movimiento por la justicia reproductiva se encuentra el poder comunitario, y esta hist\u00f3rica victoria es solo el comienzo.<\/strong><\/p>\n\n\n\n<p>Nuestro movimiento, impulsado por la gente, trabaj\u00f3 duro para aprobar la Ley de Equidad en Salud Reproductiva en Colorado, y sabemos que nuestro trabajo no termina aqu\u00ed. Proteger la legalidad del aborto es importante, pero el futuro que estamos construyendo es m\u00e1s grande que eso: se trata de tomar el control de nuestros propios cuerpos, vidas y futuros.&nbsp;<\/p>\n\n\n\n<p>COLOR trabaja para promover la justicia reproductiva para todos los habitantes de Colorado. El enfoque de COLOR se centra en la interseccionalidad con el conocimiento de que ninguna persona lleva una vida basada en un solo problema. Desafiamos todas las barreras que impiden que las comunidades lleven una vida exitosa y autodeterminada al promover la justicia ambiental, la justicia econ\u00f3mica, la justicia racial, los derechos de los inmigrantes, la liberaci\u00f3n LGBTQIA+ y m\u00e1s. Adoptamos un enfoque de j\u00f3venes a mayores, adoptando las ense\u00f1anzas de varias generaciones de una manera culturalmente centrada (lo que significa que nuestro trabajo evoca y eleva las tradiciones, el idioma y las identidades culturales de nuestras comunidades). COLOR trabaja para cultivar y desarrollar nuestra base de COLORistxs a trav\u00e9s de una escalera de liderazgo que refleja aut\u00e9nticamente las vidas de aquellos a quienes servimos.<\/p>\n\n\n\n<div class=\"wp-block-buttons is-content-justification-center is-layout-flex wp-container-core-buttons-is-layout-a89b3969 wp-block-buttons-is-layout-flex\">\n<div class=\"wp-block-button has-custom-width wp-block-button__width-25 has-custom-font-size\" style=\"font-size:25px\"><a class=\"wp-block-button__link\" href=\"https:\/\/secure.everyaction.com\/RwhT3C539Eqs-RePSdXotg2\"><strong>\u00daNETE A NOSOTROS<\/strong><\/a><\/div>\n\n\n\n<div class=\"wp-block-button has-custom-width wp-block-button__width-25 has-custom-font-size\" style=\"font-size:25px\"><a class=\"wp-block-button__link\" href=\"https:\/\/secure.everyaction.com\/MrgKRNNy-kmySutDOr2Khw2\"><strong>DONAR<\/strong><\/a><\/div>\n<\/div>\n\n\n\n<p><\/p>\n\n\n\n<p><\/p>","protected":false},"excerpt":{"rendered":"<p>Frente a estados de todo el pa\u00eds que proh\u00edben el aborto y una Corte Suprema a punto de permitirles salirse con la suya, este a\u00f1o en Colorado, lideramos [\u2026]<\/p>","protected":false},"author":6,"featured_media":2685,"parent":0,"menu_order":0,"comment_status":"closed","ping_status":"closed","template":"","meta":{"footnotes":""},"class_list":["post-2674","page","type-page","status-publish","has-post-thumbnail","hentry"],"yoast_head":"<!-- This site is optimized with the Yoast SEO plugin v26.0 - https:\/\/yoast.com\/wordpress\/plugins\/seo\/ -->\n<title>Abortion access is about our freedom and power - we control our own bodies, lives, and futures! - COLOR Latina<\/title>\n<meta name=\"robots\" content=\"index, follow, max-snippet:-1, max-image-preview:large, max-video-preview:-1\" \/>\n<link rel=\"canonical\" href=\"https:\/\/www.colorlatina.org\/es\/rjfuture\/\" \/>\n<meta property=\"og:locale\" content=\"es_MX\" \/>\n<meta property=\"og:type\" content=\"article\" \/>\n<meta property=\"og:title\" content=\"Abortion access is about our freedom and power - we control our own bodies, lives, and futures! - COLOR Latina\" \/>\n<meta property=\"og:description\" content=\"In the face of states across the country banning abortion and a Supreme Court on the verge of letting them get away with it, this year in Colorado, we led [&hellip;]\" \/>\n<meta property=\"og:url\" content=\"https:\/\/www.colorlatina.org\/es\/rjfuture\/\" \/>\n<meta property=\"og:site_name\" content=\"COLOR Latina\" \/>\n<meta property=\"article:modified_time\" content=\"2022-05-20T19:23:25+00:00\" \/>\n<meta property=\"og:image\" content=\"https:\/\/www.colorlatina.org\/wp-content\/uploads\/2022\/05\/COLOR-header.png\" \/>\n\t<meta property=\"og:image:width\" content=\"822\" \/>\n\t<meta property=\"og:image:height\" content=\"334\" \/>\n\t<meta property=\"og:image:type\" content=\"image\/png\" \/>\n<meta name=\"twitter:card\" content=\"summary_large_image\" \/>\n<meta name=\"twitter:label1\" content=\"Tiempo de lectura\" \/>\n\t<meta name=\"twitter:data1\" content=\"3 minutos\" \/>\n<script type=\"application\/ld+json\" class=\"yoast-schema-graph\">{\"@context\":\"https:\/\/schema.org\",\"@graph\":[{\"@type\":\"WebPage\",\"@id\":\"https:\/\/www.colorlatina.org\/rjfuture\/\",\"url\":\"https:\/\/www.colorlatina.org\/rjfuture\/\",\"name\":\"Abortion access is about our freedom and power - we control our own bodies, lives, and futures! - COLOR Latina\",\"isPartOf\":{\"@id\":\"https:\/\/www.colorlatina.org\/#website\"},\"primaryImageOfPage\":{\"@id\":\"https:\/\/www.colorlatina.org\/rjfuture\/#primaryimage\"},\"image\":{\"@id\":\"https:\/\/www.colorlatina.org\/rjfuture\/#primaryimage\"},\"thumbnailUrl\":\"https:\/\/www.colorlatina.org\/wp-content\/uploads\/2022\/05\/COLOR-header.png\",\"datePublished\":\"2022-05-03T20:31:39+00:00\",\"dateModified\":\"2022-05-20T19:23:25+00:00\",\"breadcrumb\":{\"@id\":\"https:\/\/www.colorlatina.org\/rjfuture\/#breadcrumb\"},\"inLanguage\":\"es\",\"potentialAction\":[{\"@type\":\"ReadAction\",\"target\":[\"https:\/\/www.colorlatina.org\/rjfuture\/\"]}]},{\"@type\":\"ImageObject\",\"inLanguage\":\"es\",\"@id\":\"https:\/\/www.colorlatina.org\/rjfuture\/#primaryimage\",\"url\":\"https:\/\/www.colorlatina.org\/wp-content\/uploads\/2022\/05\/COLOR-header.png\",\"contentUrl\":\"https:\/\/www.colorlatina.org\/wp-content\/uploads\/2022\/05\/COLOR-header.png\",\"width\":822,\"height\":334},{\"@type\":\"BreadcrumbList\",\"@id\":\"https:\/\/www.colorlatina.org\/rjfuture\/#breadcrumb\",\"itemListElement\":[{\"@type\":\"ListItem\",\"position\":1,\"name\":\"Home\",\"item\":\"https:\/\/www.colorlatina.org\/\"},{\"@type\":\"ListItem\",\"position\":2,\"name\":\"Abortion access is about our freedom and power &#8211; we control our own bodies, lives, and futures!\"}]},{\"@type\":\"WebSite\",\"@id\":\"https:\/\/www.colorlatina.org\/#website\",\"url\":\"https:\/\/www.colorlatina.org\/\",\"name\":\"COLOR Latina\",\"description\":\"\",\"publisher\":{\"@id\":\"https:\/\/www.colorlatina.org\/#organization\"},\"potentialAction\":[{\"@type\":\"SearchAction\",\"target\":{\"@type\":\"EntryPoint\",\"urlTemplate\":\"https:\/\/www.colorlatina.org\/?s={search_term_string}\"},\"query-input\":{\"@type\":\"PropertyValueSpecification\",\"valueRequired\":true,\"valueName\":\"search_term_string\"}}],\"inLanguage\":\"es\"},{\"@type\":\"Organization\",\"@id\":\"https:\/\/www.colorlatina.org\/#organization\",\"name\":\"COLOR Latina\",\"url\":\"https:\/\/www.colorlatina.org\/\",\"logo\":{\"@type\":\"ImageObject\",\"inLanguage\":\"es\",\"@id\":\"https:\/\/www.colorlatina.org\/#\/schema\/logo\/image\/\",\"url\":\"https:\/\/live-color-latina.pantheonsite.io\/wp-content\/uploads\/2022\/04\/color-latina-fb.jpg\",\"contentUrl\":\"https:\/\/live-color-latina.pantheonsite.io\/wp-content\/uploads\/2022\/04\/color-latina-fb.jpg\",\"width\":1200,\"height\":630,\"caption\":\"COLOR Latina\"},\"image\":{\"@id\":\"https:\/\/www.colorlatina.org\/#\/schema\/logo\/image\/\"}}]}<\/script>\n<!-- \/ Yoast SEO plugin. -->","yoast_head_json":{"title":"El acceso al aborto se trata de nuestra libertad y poder: \u00a1controlamos nuestros propios cuerpos, vidas y futuros! - COLOR Latina","robots":{"index":"index","follow":"follow","max-snippet":"max-snippet:-1","max-image-preview":"max-image-preview:large","max-video-preview":"max-video-preview:-1"},"canonical":"https:\/\/www.colorlatina.org\/es\/rjfuture\/","og_locale":"es_MX","og_type":"article","og_title":"Abortion access is about our freedom and power - we control our own bodies, lives, and futures! - COLOR Latina","og_description":"In the face of states across the country banning abortion and a Supreme Court on the verge of letting them get away with it, this year in Colorado, we led [&hellip;]","og_url":"https:\/\/www.colorlatina.org\/es\/rjfuture\/","og_site_name":"COLOR Latina","article_modified_time":"2022-05-20T19:23:25+00:00","og_image":[{"width":822,"height":334,"url":"https:\/\/www.colorlatina.org\/wp-content\/uploads\/2022\/05\/COLOR-header.png","type":"image\/png"}],"twitter_card":"summary_large_image","twitter_misc":{"Tiempo de lectura":"3 minutos"},"schema":{"@context":"https:\/\/schema.org","@graph":[{"@type":"WebPage","@id":"https:\/\/www.colorlatina.org\/rjfuture\/","url":"https:\/\/www.colorlatina.org\/rjfuture\/","name":"El acceso al aborto se trata de nuestra libertad y poder: \u00a1controlamos nuestros propios cuerpos, vidas y futuros! - COLOR Latina","isPartOf":{"@id":"https:\/\/www.colorlatina.org\/#website"},"primaryImageOfPage":{"@id":"https:\/\/www.colorlatina.org\/rjfuture\/#primaryimage"},"image":{"@id":"https:\/\/www.colorlatina.org\/rjfuture\/#primaryimage"},"thumbnailUrl":"https:\/\/www.colorlatina.org\/wp-content\/uploads\/2022\/05\/COLOR-header.png","datePublished":"2022-05-03T20:31:39+00:00","dateModified":"2022-05-20T19:23:25+00:00","breadcrumb":{"@id":"https:\/\/www.colorlatina.org\/rjfuture\/#breadcrumb"},"inLanguage":"es","potentialAction":[{"@type":"ReadAction","target":["https:\/\/www.colorlatina.org\/rjfuture\/"]}]},{"@type":"ImageObject","inLanguage":"es","@id":"https:\/\/www.colorlatina.org\/rjfuture\/#primaryimage","url":"https:\/\/www.colorlatina.org\/wp-content\/uploads\/2022\/05\/COLOR-header.png","contentUrl":"https:\/\/www.colorlatina.org\/wp-content\/uploads\/2022\/05\/COLOR-header.png","width":822,"height":334},{"@type":"BreadcrumbList","@id":"https:\/\/www.colorlatina.org\/rjfuture\/#breadcrumb","itemListElement":[{"@type":"ListItem","position":1,"name":"Home","item":"https:\/\/www.colorlatina.org\/"},{"@type":"ListItem","position":2,"name":"Abortion access is about our freedom and power &#8211; we control our own bodies, lives, and futures!"}]},{"@type":"WebSite","@id":"https:\/\/www.colorlatina.org\/#website","url":"https:\/\/www.colorlatina.org\/","name":"COLOR Latina","description":"","publisher":{"@id":"https:\/\/www.colorlatina.org\/#organization"},"potentialAction":[{"@type":"SearchAction","target":{"@type":"EntryPoint","urlTemplate":"https:\/\/www.colorlatina.org\/?s={search_term_string}"},"query-input":{"@type":"PropertyValueSpecification","valueRequired":true,"valueName":"search_term_string"}}],"inLanguage":"es"},{"@type":"Organization","@id":"https:\/\/www.colorlatina.org\/#organization","name":"COLOR Latina","url":"https:\/\/www.colorlatina.org\/","logo":{"@type":"ImageObject","inLanguage":"es","@id":"https:\/\/www.colorlatina.org\/#\/schema\/logo\/image\/","url":"https:\/\/live-color-latina.pantheonsite.io\/wp-content\/uploads\/2022\/04\/color-latina-fb.jpg","contentUrl":"https:\/\/live-color-latina.pantheonsite.io\/wp-content\/uploads\/2022\/04\/color-latina-fb.jpg","width":1200,"height":630,"caption":"COLOR Latina"},"image":{"@id":"https:\/\/www.colorlatina.org\/#\/schema\/logo\/image\/"}}]}},"_links":{"self":[{"href":"https:\/\/www.colorlatina.org\/es\/wp-json\/wp\/v2\/pages\/2674","targetHints":{"allow":["GET"]}}],"collection":[{"href":"https:\/\/www.colorlatina.org\/es\/wp-json\/wp\/v2\/pages"}],"about":[{"href":"https:\/\/www.colorlatina.org\/es\/wp-json\/wp\/v2\/types\/page"}],"author":[{"embeddable":true,"href":"https:\/\/www.colorlatina.org\/es\/wp-json\/wp\/v2\/users\/6"}],"replies":[{"embeddable":true,"href":"https:\/\/www.colorlatina.org\/es\/wp-json\/wp\/v2\/comments?post=2674"}],"version-history":[{"count":16,"href":"https:\/\/www.colorlatina.org\/es\/wp-json\/wp\/v2\/pages\/2674\/revisions"}],"predecessor-version":[{"id":2776,"href":"https:\/\/www.colorlatina.org\/es\/wp-json\/wp\/v2\/pages\/2674\/revisions\/2776"}],"wp:featuredmedia":[{"embeddable":true,"href":"https:\/\/www.colorlatina.org\/es\/wp-json\/wp\/v2\/media\/2685"}],"wp:attachment":[{"href":"https:\/\/www.colorlatina.org\/es\/wp-json\/wp\/v2\/media?parent=2674"}],"curies":[{"name":"wp","href":"https:\/\/api.w.org\/{rel}","templated":true}]}}