{"id":2741,"date":"2022-05-20T12:47:27","date_gmt":"2022-05-20T18:47:27","guid":{"rendered":"https:\/\/www.colorlatina.org\/?page_id=2741"},"modified":"2022-05-20T13:06:59","modified_gmt":"2022-05-20T19:06:59","slug":"rjfuturo","status":"publish","type":"page","link":"https:\/\/www.colorlatina.org\/es\/rjfuturo\/","title":{"rendered":"El acceso al aborto tiene que ver con nuestra libertad y poder: \u00a1Controlamos nuestros propios cuerpos, vidas y futuro!"},"content":{"rendered":"<div class=\"wp-block-image\"><figure class=\"aligncenter size-full\"><img fetchpriority=\"high\" decoding=\"async\" width=\"822\" height=\"334\" src=\"https:\/\/www.colorlatina.org\/wp-content\/uploads\/2022\/05\/COLOR-header-1.png\" alt=\"\" class=\"wp-image-2686\" srcset=\"https:\/\/www.colorlatina.org\/wp-content\/uploads\/2022\/05\/COLOR-header-1.png 822w, https:\/\/www.colorlatina.org\/wp-content\/uploads\/2022\/05\/COLOR-header-1-300x122.png 300w, https:\/\/www.colorlatina.org\/wp-content\/uploads\/2022\/05\/COLOR-header-1-768x312.png 768w\" sizes=\"(max-width: 822px) 100vw, 822px\" \/><\/figure><\/div>\n\n\n\n<p>Frente a los estados de todo el pa\u00eds que proh\u00edben el aborto y una Corte Suprema a punto de dejar que se salgan con la suya, este a\u00f1o en Colorado, lideramos el movimiento hist\u00f3rico para proteger nuestro derecho fundamental al aborto, ahora y siempre. Al aprobar la Ley de Equidad en Salud Reproductiva (RHEA), estamos creando un futuro en el que todas las personas de Colorado puedan progresar, en particular los Latinos\/as y otras comunidades de color que enfrentan barreras sist\u00e9micas para acceder a los servicios de salud reproductiva, incluyendo los servicios de aborto.<\/p>\n\n\n\n<p><strong>La raz\u00f3n por la cual protegemos hoy nuestro derecho fundamental al aborto en Colorado es el liderazgo de las Latinas y nuestra creencia de que tenemos el poder de determinar qu\u00e9 es lo mejor para nuestros propios cuerpos, vidas y futuro.<\/strong><\/p>\n\n\n\n<p>Creemos que la verdadera justicia reproductiva existir\u00e1 cuando el movimiento sea liderado por las personas m\u00e1s afectadas. Cuando generamos el poder colectivo para garantizar el acceso a los recursos para tomar decisiones sobre nuestros propios cuerpos, sexualidad, relaciones y familias, nosotros y nuestras comunidades progresamos.<\/p>\n\n\n\n<p>Todos nosotros deber\u00edamos tener la libertad fundamental para tener una vida digna y progresar junto a nuestras familias y comunidades vibrantes de forma segura y saludable. Es por eso por lo que aprobamos la Ley de Equidad en Salud Reproductiva.<\/p>\n\n\n\n<ul class=\"wp-block-list\"><li>Todas las personas tienen el derecho fundamental de elegir o rechazar la anticoncepci\u00f3n;<\/li><li>Todas las personas que resultan embarazadas tienen el derecho fundamental de decidir si contin\u00faan con el embarazo y dan a luz o si tienen un aborto; y<\/li><li>Un \u00f3vulo fecundo, embri\u00f3n o feto no tiene derechos independientes seg\u00fan las leyes del estado.<\/li><\/ul>\n\n\n\n<p><strong>La mayor\u00eda de los Latinos\/as creemos en proteger nuestro derecho fundamental al aborto, ahora y siempre.<\/strong><\/p>\n\n\n\n<p>En 2021, COLOR dirigi\u00f3 la primera agenda anual de <a href=\"https:\/\/coloradolatinopolicyagenda.com\/wp-content\/uploads\/2021\/11\/CoLatinoPolicyAgenda2021_2.2.pdf\">pol\u00edticas de los Latinos\/as de Colorado<\/a> y escuch\u00f3 a m\u00e1s de 1,000 Latinos\/as y m\u00e1s de 150 l\u00edderes de la comunidad latina en todo el estado. Los datos de nuestros hallazgos son claros:&nbsp;<\/p>\n\n\n\n<ul class=\"wp-block-list\"><li>Una mayor\u00eda (66%) apoya la aprobaci\u00f3n de leyes para proteger el acceso al aborto seguro y los derechos reproductivos. \u25cf Los dem\u00f3cratas son m\u00e1s propensos a apoyar el acceso a los abortos seguros (74 %), pero el 67% de los republicanos latinos tambi\u00e9n lo apoyan.<\/li><li>Una gran mayor\u00eda (85%) de los l\u00edderes latinos apoyan la aprobaci\u00f3n de leyes para proteger el acceso a los abortos seguros y los derechos reproductivos de las personas del estado.<\/li><\/ul>\n\n\n\n<p><strong>En el centro de nuestro movimiento por la justicia reproductiva se encuentra el poder comunitario. Y esta victoria hist\u00f3rica es solo el comienzo.<\/strong><\/p>\n\n\n\n<p>Nuestro movimiento impulsado por la gente trabaj\u00f3 arduamente para aprobar la Ley de Equidad en Salud Reproductiva en Colorado y sabemos que nuestro trabajo no termina aqu\u00ed. Proteger la legalidad del aborto es importante, pero el futuro que estamos construyendo es m\u00e1s grande que eso\u2014es tomar el control de nuestros propios cuerpos, vidas y futuro.<\/p>\n\n\n\n<p>COLOR trabaja para promover la justicia reproductiva para todas las personas de Colorado. El enfoque de COLOR se centra en la interseccionalidad con el conocimiento de que ninguna persona vive una vida de forma aislada por un solo problema. Desafiamos todas las barreras que impiden que las comunidades tengan vidas exitosas y autodeterminadas al promover la justicia ambiental, la justicia econ\u00f3mica, la justicia racial, los derechos de las personas inmigrantes, la liberaci\u00f3n LGBTQIA+ y m\u00e1s. Adoptamos un enfoque de j\u00f3venes a personas mayores, adoptando las ense\u00f1anzas de M\u00faltiples generaciones de una manera centrada en la cultura (lo que significa que nuestro trabajo evoca y eleva las tradiciones, el idioma y las identidades culturales de nuestras comunidades). COLOR trabaja para cultivar y desarrollar nuestra base de COLORistxs a trav\u00e9s de la promoci\u00f3n del liderazgo que refleja aut\u00e9nticamente las vidas de aquellas personas a quienes servimos.<\/p>\n\n\n\n<div class=\"wp-block-buttons is-content-justification-center is-layout-flex wp-container-core-buttons-is-layout-a89b3969 wp-block-buttons-is-layout-flex\">\n<div class=\"wp-block-button has-custom-width wp-block-button__width-25 has-custom-font-size\" style=\"font-size:25px\"><a class=\"wp-block-button__link\" href=\"https:\/\/secure.everyaction.com\/RwhT3C539Eqs-RePSdXotg2\"><strong>\u00daNETE<\/strong><\/a><\/div>\n\n\n\n<div class=\"wp-block-button has-custom-width wp-block-button__width-25 has-custom-font-size\" style=\"font-size:25px\"><a class=\"wp-block-button__link\" href=\"https:\/\/secure.everyaction.com\/MrgKRNNy-kmySutDOr2Khw2\"><strong>DONAR<\/strong><\/a><\/div>\n<\/div>\n\n\n\n<p><\/p>","protected":false},"excerpt":{"rendered":"<p>Frente a los estados de todo el pa\u00eds que proh\u00edben el aborto y una Corte Suprema a punto de dejar que se salgan con la suya, este a\u00f1o en Colorado, [\u2026]<\/p>","protected":false},"author":6,"featured_media":0,"parent":0,"menu_order":0,"comment_status":"closed","ping_status":"closed","template":"","meta":{"footnotes":""},"class_list":["post-2741","page","type-page","status-publish","hentry"],"yoast_head":"<!-- This site is optimized with the Yoast SEO plugin v26.0 - https:\/\/yoast.com\/wordpress\/plugins\/seo\/ -->\n<title>El acceso al aborto tiene que ver con nuestra libertad y poder: \u00a1Controlamos nuestros propios cuerpos, vidas y futuro! - COLOR Latina<\/title>\n<meta name=\"robots\" content=\"index, follow, max-snippet:-1, max-image-preview:large, max-video-preview:-1\" \/>\n<link rel=\"canonical\" href=\"https:\/\/www.colorlatina.org\/es\/rjfuturo\/\" \/>\n<meta property=\"og:locale\" content=\"es_MX\" \/>\n<meta property=\"og:type\" content=\"article\" \/>\n<meta property=\"og:title\" content=\"El acceso al aborto tiene que ver con nuestra libertad y poder: \u00a1Controlamos nuestros propios cuerpos, vidas y futuro! - COLOR Latina\" \/>\n<meta property=\"og:description\" content=\"Frente a los estados de todo el pa\u00eds que proh\u00edben el aborto y una Corte Suprema a punto de dejar que se salgan con la suya, este a\u00f1o en Colorado, [&hellip;]\" \/>\n<meta property=\"og:url\" content=\"https:\/\/www.colorlatina.org\/es\/rjfuturo\/\" \/>\n<meta property=\"og:site_name\" content=\"COLOR Latina\" \/>\n<meta property=\"article:modified_time\" content=\"2022-05-20T19:06:59+00:00\" \/>\n<meta property=\"og:image\" content=\"https:\/\/www.colorlatina.org\/wp-content\/uploads\/2022\/05\/COLOR-header-1.png\" \/>\n<meta name=\"twitter:card\" content=\"summary_large_image\" \/>\n<meta name=\"twitter:label1\" content=\"Tiempo de lectura\" \/>\n\t<meta name=\"twitter:data1\" content=\"3 minutos\" \/>\n<script type=\"application\/ld+json\" class=\"yoast-schema-graph\">{\"@context\":\"https:\/\/schema.org\",\"@graph\":[{\"@type\":\"WebPage\",\"@id\":\"https:\/\/www.colorlatina.org\/rjfuturo\/\",\"url\":\"https:\/\/www.colorlatina.org\/rjfuturo\/\",\"name\":\"El acceso al aborto tiene que ver con nuestra libertad y poder: \u00a1Controlamos nuestros propios cuerpos, vidas y futuro! - COLOR Latina\",\"isPartOf\":{\"@id\":\"https:\/\/www.colorlatina.org\/#website\"},\"primaryImageOfPage\":{\"@id\":\"https:\/\/www.colorlatina.org\/rjfuturo\/#primaryimage\"},\"image\":{\"@id\":\"https:\/\/www.colorlatina.org\/rjfuturo\/#primaryimage\"},\"thumbnailUrl\":\"https:\/\/www.colorlatina.org\/wp-content\/uploads\/2022\/05\/COLOR-header-1.png\",\"datePublished\":\"2022-05-20T18:47:27+00:00\",\"dateModified\":\"2022-05-20T19:06:59+00:00\",\"breadcrumb\":{\"@id\":\"https:\/\/www.colorlatina.org\/rjfuturo\/#breadcrumb\"},\"inLanguage\":\"es\",\"potentialAction\":[{\"@type\":\"ReadAction\",\"target\":[\"https:\/\/www.colorlatina.org\/rjfuturo\/\"]}]},{\"@type\":\"ImageObject\",\"inLanguage\":\"es\",\"@id\":\"https:\/\/www.colorlatina.org\/rjfuturo\/#primaryimage\",\"url\":\"https:\/\/www.colorlatina.org\/wp-content\/uploads\/2022\/05\/COLOR-header-1.png\",\"contentUrl\":\"https:\/\/www.colorlatina.org\/wp-content\/uploads\/2022\/05\/COLOR-header-1.png\"},{\"@type\":\"BreadcrumbList\",\"@id\":\"https:\/\/www.colorlatina.org\/rjfuturo\/#breadcrumb\",\"itemListElement\":[{\"@type\":\"ListItem\",\"position\":1,\"name\":\"Home\",\"item\":\"https:\/\/www.colorlatina.org\/\"},{\"@type\":\"ListItem\",\"position\":2,\"name\":\"El acceso al aborto tiene que ver con nuestra libertad y poder: \u00a1Controlamos nuestros propios cuerpos, vidas y futuro!\"}]},{\"@type\":\"WebSite\",\"@id\":\"https:\/\/www.colorlatina.org\/#website\",\"url\":\"https:\/\/www.colorlatina.org\/\",\"name\":\"COLOR Latina\",\"description\":\"\",\"publisher\":{\"@id\":\"https:\/\/www.colorlatina.org\/#organization\"},\"potentialAction\":[{\"@type\":\"SearchAction\",\"target\":{\"@type\":\"EntryPoint\",\"urlTemplate\":\"https:\/\/www.colorlatina.org\/?s={search_term_string}\"},\"query-input\":{\"@type\":\"PropertyValueSpecification\",\"valueRequired\":true,\"valueName\":\"search_term_string\"}}],\"inLanguage\":\"es\"},{\"@type\":\"Organization\",\"@id\":\"https:\/\/www.colorlatina.org\/#organization\",\"name\":\"COLOR Latina\",\"url\":\"https:\/\/www.colorlatina.org\/\",\"logo\":{\"@type\":\"ImageObject\",\"inLanguage\":\"es\",\"@id\":\"https:\/\/www.colorlatina.org\/#\/schema\/logo\/image\/\",\"url\":\"https:\/\/live-color-latina.pantheonsite.io\/wp-content\/uploads\/2022\/04\/color-latina-fb.jpg\",\"contentUrl\":\"https:\/\/live-color-latina.pantheonsite.io\/wp-content\/uploads\/2022\/04\/color-latina-fb.jpg\",\"width\":1200,\"height\":630,\"caption\":\"COLOR Latina\"},\"image\":{\"@id\":\"https:\/\/www.colorlatina.org\/#\/schema\/logo\/image\/\"}}]}<\/script>\n<!-- \/ Yoast SEO plugin. -->","yoast_head_json":{"title":"El acceso al aborto tiene que ver con nuestra libertad y poder: \u00a1Controlamos nuestros propios cuerpos, vidas y futuro! - COLOR Latina","robots":{"index":"index","follow":"follow","max-snippet":"max-snippet:-1","max-image-preview":"max-image-preview:large","max-video-preview":"max-video-preview:-1"},"canonical":"https:\/\/www.colorlatina.org\/es\/rjfuturo\/","og_locale":"es_MX","og_type":"article","og_title":"El acceso al aborto tiene que ver con nuestra libertad y poder: \u00a1Controlamos nuestros propios cuerpos, vidas y futuro! - COLOR Latina","og_description":"Frente a los estados de todo el pa\u00eds que proh\u00edben el aborto y una Corte Suprema a punto de dejar que se salgan con la suya, este a\u00f1o en Colorado, [&hellip;]","og_url":"https:\/\/www.colorlatina.org\/es\/rjfuturo\/","og_site_name":"COLOR Latina","article_modified_time":"2022-05-20T19:06:59+00:00","og_image":[{"url":"https:\/\/www.colorlatina.org\/wp-content\/uploads\/2022\/05\/COLOR-header-1.png","type":"","width":"","height":""}],"twitter_card":"summary_large_image","twitter_misc":{"Tiempo de lectura":"3 minutos"},"schema":{"@context":"https:\/\/schema.org","@graph":[{"@type":"WebPage","@id":"https:\/\/www.colorlatina.org\/rjfuturo\/","url":"https:\/\/www.colorlatina.org\/rjfuturo\/","name":"El acceso al aborto tiene que ver con nuestra libertad y poder: \u00a1Controlamos nuestros propios cuerpos, vidas y futuro! - COLOR Latina","isPartOf":{"@id":"https:\/\/www.colorlatina.org\/#website"},"primaryImageOfPage":{"@id":"https:\/\/www.colorlatina.org\/rjfuturo\/#primaryimage"},"image":{"@id":"https:\/\/www.colorlatina.org\/rjfuturo\/#primaryimage"},"thumbnailUrl":"https:\/\/www.colorlatina.org\/wp-content\/uploads\/2022\/05\/COLOR-header-1.png","datePublished":"2022-05-20T18:47:27+00:00","dateModified":"2022-05-20T19:06:59+00:00","breadcrumb":{"@id":"https:\/\/www.colorlatina.org\/rjfuturo\/#breadcrumb"},"inLanguage":"es","potentialAction":[{"@type":"ReadAction","target":["https:\/\/www.colorlatina.org\/rjfuturo\/"]}]},{"@type":"ImageObject","inLanguage":"es","@id":"https:\/\/www.colorlatina.org\/rjfuturo\/#primaryimage","url":"https:\/\/www.colorlatina.org\/wp-content\/uploads\/2022\/05\/COLOR-header-1.png","contentUrl":"https:\/\/www.colorlatina.org\/wp-content\/uploads\/2022\/05\/COLOR-header-1.png"},{"@type":"BreadcrumbList","@id":"https:\/\/www.colorlatina.org\/rjfuturo\/#breadcrumb","itemListElement":[{"@type":"ListItem","position":1,"name":"Home","item":"https:\/\/www.colorlatina.org\/"},{"@type":"ListItem","position":2,"name":"El acceso al aborto tiene que ver con nuestra libertad y poder: \u00a1Controlamos nuestros propios cuerpos, vidas y futuro!"}]},{"@type":"WebSite","@id":"https:\/\/www.colorlatina.org\/#website","url":"https:\/\/www.colorlatina.org\/","name":"COLOR Latina","description":"","publisher":{"@id":"https:\/\/www.colorlatina.org\/#organization"},"potentialAction":[{"@type":"SearchAction","target":{"@type":"EntryPoint","urlTemplate":"https:\/\/www.colorlatina.org\/?s={search_term_string}"},"query-input":{"@type":"PropertyValueSpecification","valueRequired":true,"valueName":"search_term_string"}}],"inLanguage":"es"},{"@type":"Organization","@id":"https:\/\/www.colorlatina.org\/#organization","name":"COLOR Latina","url":"https:\/\/www.colorlatina.org\/","logo":{"@type":"ImageObject","inLanguage":"es","@id":"https:\/\/www.colorlatina.org\/#\/schema\/logo\/image\/","url":"https:\/\/live-color-latina.pantheonsite.io\/wp-content\/uploads\/2022\/04\/color-latina-fb.jpg","contentUrl":"https:\/\/live-color-latina.pantheonsite.io\/wp-content\/uploads\/2022\/04\/color-latina-fb.jpg","width":1200,"height":630,"caption":"COLOR Latina"},"image":{"@id":"https:\/\/www.colorlatina.org\/#\/schema\/logo\/image\/"}}]}},"_links":{"self":[{"href":"https:\/\/www.colorlatina.org\/es\/wp-json\/wp\/v2\/pages\/2741","targetHints":{"allow":["GET"]}}],"collection":[{"href":"https:\/\/www.colorlatina.org\/es\/wp-json\/wp\/v2\/pages"}],"about":[{"href":"https:\/\/www.colorlatina.org\/es\/wp-json\/wp\/v2\/types\/page"}],"author":[{"embeddable":true,"href":"https:\/\/www.colorlatina.org\/es\/wp-json\/wp\/v2\/users\/6"}],"replies":[{"embeddable":true,"href":"https:\/\/www.colorlatina.org\/es\/wp-json\/wp\/v2\/comments?post=2741"}],"version-history":[{"count":16,"href":"https:\/\/www.colorlatina.org\/es\/wp-json\/wp\/v2\/pages\/2741\/revisions"}],"predecessor-version":[{"id":2763,"href":"https:\/\/www.colorlatina.org\/es\/wp-json\/wp\/v2\/pages\/2741\/revisions\/2763"}],"wp:attachment":[{"href":"https:\/\/www.colorlatina.org\/es\/wp-json\/wp\/v2\/media?parent=2741"}],"curies":[{"name":"wp","href":"https:\/\/api.w.org\/{rel}","templated":true}]}}