{"id":31,"date":"2022-02-04T20:18:11","date_gmt":"2022-02-04T20:18:11","guid":{"rendered":"https:\/\/live-color-latina.pantheonsite.io\/?page_id=31"},"modified":"2025-11-18T19:25:08","modified_gmt":"2025-11-19T02:25:08","slug":"what-is-rj","status":"publish","type":"page","link":"https:\/\/www.colorlatina.org\/es\/what-is-rj\/","title":{"rendered":"Justicia Reproductiva"},"content":{"rendered":"<div data-elementor-type=\"wp-page\" data-elementor-id=\"31\" class=\"elementor elementor-31\" data-elementor-post-type=\"page\">\n\t\t\t\t\t\t<section class=\"elementor-section elementor-top-section elementor-element elementor-element-c3a79e8 elementor-section-boxed elementor-section-height-default elementor-section-height-default\" data-id=\"c3a79e8\" data-element_type=\"section\">\n\t\t\t\t\t\t<div class=\"elementor-container elementor-column-gap-default\">\n\t\t\t\t\t<div class=\"elementor-column elementor-col-100 elementor-top-column elementor-element elementor-element-db916fc\" data-id=\"db916fc\" data-element_type=\"column\">\n\t\t\t<div class=\"elementor-widget-wrap elementor-element-populated\">\n\t\t\t\t\t\t<div class=\"elementor-element elementor-element-2997356 elementor-widget elementor-widget-heading\" data-id=\"2997356\" data-element_type=\"widget\" data-widget_type=\"heading.default\">\n\t\t\t\t<div class=\"elementor-widget-container\">\n\t\t\t\t\t<h1 class=\"elementor-heading-title elementor-size-default\">\u00bfQu\u00e9 es la justicia reproductiva?<\/h1>\t\t\t\t<\/div>\n\t\t\t\t<\/div>\n\t\t\t\t<div class=\"elementor-element elementor-element-371db8c elementor-widget elementor-widget-text-editor\" data-id=\"371db8c\" data-element_type=\"widget\" data-widget_type=\"text-editor.default\">\n\t\t\t\t<div class=\"elementor-widget-container\">\n\t\t\t\t\t\t\t\t\t<p>El t\u00e9rmino justicia reproductiva fue acu\u00f1ado por Loretta Ross, la fundadora de la organizaci\u00f3n. <a href=\"https:\/\/www.sistersong.net\/\">SisterSong<\/a> en Chicago en 1994. El movimiento por la justicia reproductiva surgi\u00f3 del reconocimiento de que las mujeres de color a menudo son las m\u00e1s perjudicadas por los ataques a nuestros derechos y comunidades, y que nuestras voces y experiencias a menudo han sido excluidas de las iniciativas convencionales de derechos reproductivos.<\/p>\n<p><strong>La justicia reproductiva es diferente de la salud reproductiva, derechos o elecci\u00f3n. Aqu\u00ed est\u00e1 un desglose de los diferentes t\u00e9rminos y sus significados:<\/strong><\/p>\t\t\t\t\t\t\t\t<\/div>\n\t\t\t\t<\/div>\n\t\t\t\t<div class=\"elementor-element elementor-element-b134b0d elementor-widget elementor-widget-toggle\" data-id=\"b134b0d\" data-element_type=\"widget\" data-widget_type=\"toggle.default\">\n\t\t\t\t<div class=\"elementor-widget-container\">\n\t\t\t\t\t\t\t<div class=\"elementor-toggle\">\n\t\t\t\t\t\t\t<div class=\"elementor-toggle-item\">\n\t\t\t\t\t<div id=\"elementor-tab-title-1851\" class=\"elementor-tab-title\" data-tab=\"1\" role=\"button\" aria-controls=\"elementor-tab-content-1851\" aria-expanded=\"false\">\n\t\t\t\t\t\t\t\t\t\t\t\t<span class=\"elementor-toggle-icon elementor-toggle-icon-left\" aria-hidden=\"true\">\n\t\t\t\t\t\t\t\t\t\t\t\t\t\t\t<span class=\"elementor-toggle-icon-closed\"><i class=\"fas fa-caret-right\"><\/i><\/span>\n\t\t\t\t\t\t\t\t<span class=\"elementor-toggle-icon-opened\"><i class=\"elementor-toggle-icon-opened fas fa-caret-up\"><\/i><\/span>\n\t\t\t\t\t\t\t\t\t\t\t\t\t<\/span>\n\t\t\t\t\t\t\t\t\t\t\t\t<a class=\"elementor-toggle-title\" tabindex=\"0\">Salud reproductiva <\/a>\n\t\t\t\t\t<\/div>\n\n\t\t\t\t\t<div id=\"elementor-tab-content-1851\" class=\"elementor-tab-content elementor-clearfix\" data-tab=\"1\" role=\"region\" aria-labelledby=\"elementor-tab-title-1851\"><p>Una continuidad de cuidado f\u00edsico, mental y social-emocional pertinente al sistema reproductivo en todas las etapas de la vida (e.j., Informaci\u00f3n, ex\u00e1menes, tratamientos y cuidado de ETS\/ITS y VIH\/SIDA, contracepci\u00f3n, aborto). RH aborda la habilidad de una persona de tener una vida sexual saludable y satisfactoria, la capacidad de reproducirse y la libertad de decidir si, cuando y con cu\u00e1nta frecuencia lo quiere hacer. Tambi\u00e9n se enfoca en la creaci\u00f3n, monitoreo y disponibilidad de diferentes m\u00e9todos y servicios que alguien puede utilizar para manejar su salud y fertilidad. Los grupos de RH est\u00e1n frecuentemente envueltos en el trabajo alrededor de las aprobaciones y regulaciones de la FDA, al igual que, abogac\u00eda tradicional en cuanto al aborto y contracepci\u00f3n.<\/p><\/div>\n\t\t\t\t<\/div>\n\t\t\t\t\t\t\t<div class=\"elementor-toggle-item\">\n\t\t\t\t\t<div id=\"elementor-tab-title-1852\" class=\"elementor-tab-title\" data-tab=\"2\" role=\"button\" aria-controls=\"elementor-tab-content-1852\" aria-expanded=\"false\">\n\t\t\t\t\t\t\t\t\t\t\t\t<span class=\"elementor-toggle-icon elementor-toggle-icon-left\" aria-hidden=\"true\">\n\t\t\t\t\t\t\t\t\t\t\t\t\t\t\t<span class=\"elementor-toggle-icon-closed\"><i class=\"fas fa-caret-right\"><\/i><\/span>\n\t\t\t\t\t\t\t\t<span class=\"elementor-toggle-icon-opened\"><i class=\"elementor-toggle-icon-opened fas fa-caret-up\"><\/i><\/span>\n\t\t\t\t\t\t\t\t\t\t\t\t\t<\/span>\n\t\t\t\t\t\t\t\t\t\t\t\t<a class=\"elementor-toggle-title\" tabindex=\"0\">Derechos reproductivos<\/a>\n\t\t\t\t\t<\/div>\n\n\t\t\t\t\t<div id=\"elementor-tab-content-1852\" class=\"elementor-tab-content elementor-clearfix\" data-tab=\"2\" role=\"region\" aria-labelledby=\"elementor-tab-title-1852\"><p>El trabajo en derechos reproductivos se centra en las protecciones legales existentes y en la b\u00fasqueda de las mismas a trav\u00e9s de la legislaci\u00f3n y los litigios para salvaguardar el derecho al acceso a los servicios de salud reproductiva. Este trabajo se ha enfocado principalmente en el aborto y la anticoncepci\u00f3n. Los derechos reproductivos suelen tener un enfoque limitado en... <strong>(1)<\/strong> <strong>aprobar la capacidad de una persona para decidir interrumpir un embarazo<\/strong>, y <strong>(2)<\/strong> <strong>garantizar que cuenten con las protecciones legales para actuar en funci\u00f3n de esa decisi\u00f3n<\/strong>.<\/p><\/div>\n\t\t\t\t<\/div>\n\t\t\t\t\t\t\t<div class=\"elementor-toggle-item\">\n\t\t\t\t\t<div id=\"elementor-tab-title-1853\" class=\"elementor-tab-title\" data-tab=\"3\" role=\"button\" aria-controls=\"elementor-tab-content-1853\" aria-expanded=\"false\">\n\t\t\t\t\t\t\t\t\t\t\t\t<span class=\"elementor-toggle-icon elementor-toggle-icon-left\" aria-hidden=\"true\">\n\t\t\t\t\t\t\t\t\t\t\t\t\t\t\t<span class=\"elementor-toggle-icon-closed\"><i class=\"fas fa-caret-right\"><\/i><\/span>\n\t\t\t\t\t\t\t\t<span class=\"elementor-toggle-icon-opened\"><i class=\"elementor-toggle-icon-opened fas fa-caret-up\"><\/i><\/span>\n\t\t\t\t\t\t\t\t\t\t\t\t\t<\/span>\n\t\t\t\t\t\t\t\t\t\t\t\t<a class=\"elementor-toggle-title\" tabindex=\"0\">Pro-elecci\u00f3n<\/a>\n\t\t\t\t\t<\/div>\n\n\t\t\t\t\t<div id=\"elementor-tab-content-1853\" class=\"elementor-tab-content elementor-clearfix\" data-tab=\"3\" role=\"region\" aria-labelledby=\"elementor-tab-title-1853\"><p>El t\u00e9rmino pro-elecci\u00f3n ha sido utilizado para etiquetar el trabajo de las organizaciones de los derechos reproductivos y el derecho de obtener un aborto. Generalmente se refiere a la abogac\u00eda de pol\u00edtica a nombre del acceso al aborto. Es frecuentemente utilizado como lo opuesto a \u201cpro-vida\u201d. Los medios tambi\u00e9n utilizan \u201cpro-aborto\u201d y \u201canti-aborto\u201d para etiquetar lo que es presentado como los dos lados de un problema. En estos \u00faltimos a\u00f1os, ha habido una gran discusi\u00f3n acerca de ambas, los l\u00edmites de utilizar etiquetas, al igual que el hecho de que la etiqueta de \u201cpro-elecci\u00f3n\u201d no refleja la misi\u00f3n completa y el trabajo del movimiento de justicia reproductiva el cual incorpora a un rango m\u00e1s diverso de problemas, voces y puntos de vista.<\/p><\/div>\n\t\t\t\t<\/div>\n\t\t\t\t\t\t\t<div class=\"elementor-toggle-item\">\n\t\t\t\t\t<div id=\"elementor-tab-title-1854\" class=\"elementor-tab-title\" data-tab=\"4\" role=\"button\" aria-controls=\"elementor-tab-content-1854\" aria-expanded=\"false\">\n\t\t\t\t\t\t\t\t\t\t\t\t<span class=\"elementor-toggle-icon elementor-toggle-icon-left\" aria-hidden=\"true\">\n\t\t\t\t\t\t\t\t\t\t\t\t\t\t\t<span class=\"elementor-toggle-icon-closed\"><i class=\"fas fa-caret-right\"><\/i><\/span>\n\t\t\t\t\t\t\t\t<span class=\"elementor-toggle-icon-opened\"><i class=\"elementor-toggle-icon-opened fas fa-caret-up\"><\/i><\/span>\n\t\t\t\t\t\t\t\t\t\t\t\t\t<\/span>\n\t\t\t\t\t\t\t\t\t\t\t\t<a class=\"elementor-toggle-title\" tabindex=\"0\">Justicia Reproductiva<\/a>\n\t\t\t\t\t<\/div>\n\n\t\t\t\t\t<div id=\"elementor-tab-content-1854\" class=\"elementor-tab-content elementor-clearfix\" data-tab=\"4\" role=\"region\" aria-labelledby=\"elementor-tab-title-1854\"><p>La justicia reproductiva pretende ser m\u00e1s que una etiqueta. Es una <strong>marco de cuatro principios<\/strong> que ofrece un enfoque diferente para realizar el trabajo. La justicia reproductiva afirma que la persona tiene derecho y debe tener el derecho humano:<\/p>\n<p><strong>(1) decidir cu\u00e1ndo y si tendr\u00e1n un hijo y las condiciones bajo las cuales definir\u00e1n y ampliar\u00e1n su familia,<\/strong><\/p>\n<p><strong>(2) decidir si ellos no van a tener un hijo(a) y su acceso a la prevenci\u00f3n o terminaci\u00f3n de un embarazo de una manera segura y digna.<\/strong><\/p>\n<p><strong>(3) Una persona tiene el derecho humano de cuidar de la familia que ya tienen con los apoyos sociales necesarios en ambientes seguros y en comunidades saludables y sustentables y<\/strong><\/p>\n<p><strong>(4) una persona tiene el derecho humano de expresar su identidad de g\u00e9nero, expresi\u00f3n, orientaci\u00f3n sexual y sexualidad libremente.<\/strong><\/p>\n<p>Todo ello sin temor a la violencia, la discriminaci\u00f3n, la separaci\u00f3n, la vigilancia o las represalias por parte de individuos o del gobierno. Desde el punto de vista de la comunicaci\u00f3n y la organizaci\u00f3n, la justicia reproductiva abarca una amplia gama de temas y busca enfatizar las intersecciones entre diferentes movimientos y comunidades para fomentar una mayor comprensi\u00f3n y crear un movimiento m\u00e1s fuerte.\u00a0<\/p><\/div>\n\t\t\t\t<\/div>\n\t\t\t\t\t\t\t\t<\/div>\n\t\t\t\t\t\t<\/div>\n\t\t\t\t<\/div>\n\t\t\t\t<div class=\"elementor-element elementor-element-08353e3 elementor-widget elementor-widget-spacer\" data-id=\"08353e3\" data-element_type=\"widget\" data-widget_type=\"spacer.default\">\n\t\t\t\t<div class=\"elementor-widget-container\">\n\t\t\t\t\t\t\t<div class=\"elementor-spacer\">\n\t\t\t<div class=\"elementor-spacer-inner\"><\/div>\n\t\t<\/div>\n\t\t\t\t\t\t<\/div>\n\t\t\t\t<\/div>\n\t\t\t\t\t<\/div>\n\t\t<\/div>\n\t\t\t\t\t<\/div>\n\t\t<\/section>\n\t\t\t\t<section class=\"elementor-section elementor-top-section elementor-element elementor-element-b0bf5b2 elementor-section-boxed elementor-section-height-default elementor-section-height-default\" data-id=\"b0bf5b2\" data-element_type=\"section\">\n\t\t\t\t\t\t<div class=\"elementor-container elementor-column-gap-default\">\n\t\t\t\t\t<div class=\"elementor-column elementor-col-50 elementor-top-column elementor-element elementor-element-d079784\" data-id=\"d079784\" data-element_type=\"column\">\n\t\t\t<div class=\"elementor-widget-wrap elementor-element-populated\">\n\t\t\t\t\t\t<div class=\"elementor-element elementor-element-ed574ab elementor-widget elementor-widget-heading\" data-id=\"ed574ab\" data-element_type=\"widget\" data-widget_type=\"heading.default\">\n\t\t\t\t<div class=\"elementor-widget-container\">\n\t\t\t\t\t<h1 class=\"elementor-heading-title elementor-size-default\">COLOR y justicia reproductiva <\/h1>\t\t\t\t<\/div>\n\t\t\t\t<\/div>\n\t\t\t\t<div class=\"elementor-element elementor-element-bb29e83 elementor-widget elementor-widget-text-editor\" data-id=\"bb29e83\" data-element_type=\"widget\" data-widget_type=\"text-editor.default\">\n\t\t\t\t<div class=\"elementor-widget-container\">\n\t\t\t\t\t\t\t\t\t<p>COLOR fue fundada en 1998 por siete mujeres latinas que buscaban soluciones para superar las desigualdades en salud que afectan a la comunidad latina y para llenar un vac\u00edo en el \u00e1mbito de la salud reproductiva que no representaba la experiencia latina. Les agradecemos por ser pioneras en este movimiento hacia un cambio revolucionario.<\/p>\n<p>En abril de 1998, nuestras madrinas, tambi\u00e9n conocidas como madres fundadoras, con la ayuda de una subvenci\u00f3n del Proyecto de Coalici\u00f3n Estatal de Latinas Unidas del Instituto Nacional de Latinas para la Salud Reproductiva, comenzaron a trabajar para crear una voz y una presencia en el \u00e1rea de la salud y la libertad reproductiva en Colorado y crearon la Organizaci\u00f3n de Colorado para la Oportunidad y los Derechos Reproductivos de las Latinas (COLOR). En diciembre de 2000, COLOR se constituy\u00f3 en el estado de Colorado y recibi\u00f3 el estatus 501(C)(3).\u00a0<\/p>\t\t\t\t\t\t\t\t<\/div>\n\t\t\t\t<\/div>\n\t\t\t\t<div class=\"elementor-element elementor-element-a28b485 elementor-widget elementor-widget-heading\" data-id=\"a28b485\" data-element_type=\"widget\" data-widget_type=\"heading.default\">\n\t\t\t\t<div class=\"elementor-widget-container\">\n\t\t\t\t\t<h2 class=\"elementor-heading-title elementor-size-default\">Madrinas de COLOR<\/h2>\t\t\t\t<\/div>\n\t\t\t\t<\/div>\n\t\t\t\t<div class=\"elementor-element elementor-element-b65a115 elementor-widget elementor-widget-text-editor\" data-id=\"b65a115\" data-element_type=\"widget\" data-widget_type=\"text-editor.default\">\n\t\t\t\t<div class=\"elementor-widget-container\">\n\t\t\t\t\t\t\t\t\t<h4><strong style=\"color: var( --e-global-color-abc20db ); font-size: 1.25rem;\">Mar\u00eda Corral<\/strong><\/h4>\n<h5><strong>Flora Rodr\u00edguez Russell<\/strong><\/h5>\n<h5><strong>Melanie Herrera Bortz<\/strong><\/h5>\n<h5><strong>Charlene Ortiz<\/strong><\/h5>\n<h5><strong>Precio de Jacinta Montoya<\/strong><\/h5>\n<h5><strong>Gloria S\u00e1nchez<\/strong><\/h5>\n<h5><strong>Darci Mart\u00ednez<\/strong><\/h5>\t\t\t\t\t\t\t\t<\/div>\n\t\t\t\t<\/div>\n\t\t\t\t\t<\/div>\n\t\t<\/div>\n\t\t\t\t<div class=\"elementor-column elementor-col-50 elementor-top-column elementor-element elementor-element-5c04bd6\" data-id=\"5c04bd6\" data-element_type=\"column\">\n\t\t\t<div class=\"elementor-widget-wrap elementor-element-populated\">\n\t\t\t\t\t\t<div class=\"elementor-element elementor-element-57a7d1a elementor-widget elementor-widget-text-editor\" data-id=\"57a7d1a\" data-element_type=\"widget\" data-widget_type=\"text-editor.default\">\n\t\t\t\t<div class=\"elementor-widget-container\">\n\t\t\t\t\t\t\t\t\t<p><!-- \/wp:image --><\/p>\n<p><!-- wp:paragraph --><\/p>\n<p><img fetchpriority=\"high\" decoding=\"async\" class=\"wp-image-1145\" src=\"https:\/\/live-color-latina.pantheonsite.io\/wp-content\/uploads\/2022\/04\/colormadrinas4.png\" alt=\"\" width=\"512\" height=\"337\" srcset=\"https:\/\/www.colorlatina.org\/wp-content\/uploads\/2022\/04\/colormadrinas4.png 512w, https:\/\/www.colorlatina.org\/wp-content\/uploads\/2022\/04\/colormadrinas4-300x197.png 300w\" sizes=\"(max-width: 512px) 100vw, 512px\" \/><em>De izquierda a derecha: Gloria Steinmen, Melanie Herrera Bortz, Marie Wilson, CEO de Ms. Foundation en el 2003.<\/em><\/p>\n<p><!-- \/wp:image --><\/p>\n<p><!-- wp:image {\"align\":\"center\",\"id\":1143,\"sizeSlug\":\"full\",\"linkDestination\":\"none\"} --><\/p>\n<div class=\"wp-block-image\">\n<figure class=\"aligncenter size-full\"><img decoding=\"async\" width=\"512\" height=\"383\" class=\"wp-image-1143\" src=\"https:\/\/live-color-latina.pantheonsite.io\/wp-content\/uploads\/2022\/04\/colormadrinas2.png\" alt=\"\" srcset=\"https:\/\/www.colorlatina.org\/wp-content\/uploads\/2022\/04\/colormadrinas2.png 512w, https:\/\/www.colorlatina.org\/wp-content\/uploads\/2022\/04\/colormadrinas2-300x224.png 300w\" sizes=\"(max-width: 512px) 100vw, 512px\" \/><\/figure>\n<\/div>\n<p><!-- \/wp:paragraph --><\/p>\t\t\t\t\t\t\t\t<\/div>\n\t\t\t\t<\/div>\n\t\t\t\t\t<\/div>\n\t\t<\/div>\n\t\t\t\t\t<\/div>\n\t\t<\/section>\n\t\t\t\t<\/div>","protected":false},"excerpt":{"rendered":"<p>\u00bfQu\u00e9 es la justicia reproductiva? El t\u00e9rmino justicia reproductiva fue acu\u00f1ado por Loretta Ross, fundadora de la organizaci\u00f3n SisterSong en Chicago en 1994. El movimiento por la justicia reproductiva surgi\u00f3 de [\u2026]<\/p>","protected":false},"author":1,"featured_media":0,"parent":0,"menu_order":0,"comment_status":"closed","ping_status":"closed","template":"","meta":{"footnotes":""},"class_list":["post-31","page","type-page","status-publish","hentry"],"yoast_head":"<!-- This site is optimized with the Yoast SEO plugin v26.0 - https:\/\/yoast.com\/wordpress\/plugins\/seo\/ -->\n<title>Reproductive Justice - COLOR Latina<\/title>\n<meta name=\"robots\" content=\"index, follow, max-snippet:-1, max-image-preview:large, max-video-preview:-1\" \/>\n<link rel=\"canonical\" href=\"https:\/\/www.colorlatina.org\/es\/what-is-rj\/\" \/>\n<meta property=\"og:locale\" content=\"es_MX\" \/>\n<meta property=\"og:type\" content=\"article\" \/>\n<meta property=\"og:title\" content=\"Reproductive Justice - COLOR Latina\" \/>\n<meta property=\"og:description\" content=\"What is Reproductive Justice? The term reproductive justice was coined by Loretta Ross, the founder of the organization SisterSong in Chicago in 1994. The reproductive justice movement came out of [&hellip;]\" \/>\n<meta property=\"og:url\" content=\"https:\/\/www.colorlatina.org\/es\/what-is-rj\/\" \/>\n<meta property=\"og:site_name\" content=\"COLOR Latina\" \/>\n<meta property=\"article:modified_time\" content=\"2025-11-19T02:25:08+00:00\" \/>\n<meta property=\"og:image\" content=\"https:\/\/live-color-latina.pantheonsite.io\/wp-content\/uploads\/2022\/04\/colormadrinas4.png\" \/>\n<meta name=\"twitter:card\" content=\"summary_large_image\" \/>\n<meta name=\"twitter:label1\" content=\"Tiempo de lectura\" \/>\n\t<meta name=\"twitter:data1\" content=\"4 minutos\" \/>\n<script type=\"application\/ld+json\" class=\"yoast-schema-graph\">{\"@context\":\"https:\/\/schema.org\",\"@graph\":[{\"@type\":\"WebPage\",\"@id\":\"https:\/\/www.colorlatina.org\/what-is-rj\/\",\"url\":\"https:\/\/www.colorlatina.org\/what-is-rj\/\",\"name\":\"Reproductive Justice - COLOR Latina\",\"isPartOf\":{\"@id\":\"https:\/\/www.colorlatina.org\/#website\"},\"primaryImageOfPage\":{\"@id\":\"https:\/\/www.colorlatina.org\/what-is-rj\/#primaryimage\"},\"image\":{\"@id\":\"https:\/\/www.colorlatina.org\/what-is-rj\/#primaryimage\"},\"thumbnailUrl\":\"https:\/\/live-color-latina.pantheonsite.io\/wp-content\/uploads\/2022\/04\/colormadrinas4.png\",\"datePublished\":\"2022-02-04T20:18:11+00:00\",\"dateModified\":\"2025-11-19T02:25:08+00:00\",\"breadcrumb\":{\"@id\":\"https:\/\/www.colorlatina.org\/what-is-rj\/#breadcrumb\"},\"inLanguage\":\"es\",\"potentialAction\":[{\"@type\":\"ReadAction\",\"target\":[\"https:\/\/www.colorlatina.org\/what-is-rj\/\"]}]},{\"@type\":\"ImageObject\",\"inLanguage\":\"es\",\"@id\":\"https:\/\/www.colorlatina.org\/what-is-rj\/#primaryimage\",\"url\":\"https:\/\/live-color-latina.pantheonsite.io\/wp-content\/uploads\/2022\/04\/colormadrinas4.png\",\"contentUrl\":\"https:\/\/live-color-latina.pantheonsite.io\/wp-content\/uploads\/2022\/04\/colormadrinas4.png\"},{\"@type\":\"BreadcrumbList\",\"@id\":\"https:\/\/www.colorlatina.org\/what-is-rj\/#breadcrumb\",\"itemListElement\":[{\"@type\":\"ListItem\",\"position\":1,\"name\":\"Home\",\"item\":\"https:\/\/www.colorlatina.org\/\"},{\"@type\":\"ListItem\",\"position\":2,\"name\":\"Reproductive Justice\"}]},{\"@type\":\"WebSite\",\"@id\":\"https:\/\/www.colorlatina.org\/#website\",\"url\":\"https:\/\/www.colorlatina.org\/\",\"name\":\"COLOR Latina\",\"description\":\"\",\"publisher\":{\"@id\":\"https:\/\/www.colorlatina.org\/#organization\"},\"potentialAction\":[{\"@type\":\"SearchAction\",\"target\":{\"@type\":\"EntryPoint\",\"urlTemplate\":\"https:\/\/www.colorlatina.org\/?s={search_term_string}\"},\"query-input\":{\"@type\":\"PropertyValueSpecification\",\"valueRequired\":true,\"valueName\":\"search_term_string\"}}],\"inLanguage\":\"es\"},{\"@type\":\"Organization\",\"@id\":\"https:\/\/www.colorlatina.org\/#organization\",\"name\":\"COLOR Latina\",\"url\":\"https:\/\/www.colorlatina.org\/\",\"logo\":{\"@type\":\"ImageObject\",\"inLanguage\":\"es\",\"@id\":\"https:\/\/www.colorlatina.org\/#\/schema\/logo\/image\/\",\"url\":\"https:\/\/live-color-latina.pantheonsite.io\/wp-content\/uploads\/2022\/04\/color-latina-fb.jpg\",\"contentUrl\":\"https:\/\/live-color-latina.pantheonsite.io\/wp-content\/uploads\/2022\/04\/color-latina-fb.jpg\",\"width\":1200,\"height\":630,\"caption\":\"COLOR Latina\"},\"image\":{\"@id\":\"https:\/\/www.colorlatina.org\/#\/schema\/logo\/image\/\"}}]}<\/script>\n<!-- \/ Yoast SEO plugin. -->","yoast_head_json":{"title":"Justicia reproductiva - COLOR Latina","robots":{"index":"index","follow":"follow","max-snippet":"max-snippet:-1","max-image-preview":"max-image-preview:large","max-video-preview":"max-video-preview:-1"},"canonical":"https:\/\/www.colorlatina.org\/es\/what-is-rj\/","og_locale":"es_MX","og_type":"article","og_title":"Reproductive Justice - COLOR Latina","og_description":"What is Reproductive Justice? The term reproductive justice was coined by Loretta Ross, the founder of the organization SisterSong in Chicago in 1994. The reproductive justice movement came out of [&hellip;]","og_url":"https:\/\/www.colorlatina.org\/es\/what-is-rj\/","og_site_name":"COLOR Latina","article_modified_time":"2025-11-19T02:25:08+00:00","og_image":[{"url":"https:\/\/live-color-latina.pantheonsite.io\/wp-content\/uploads\/2022\/04\/colormadrinas4.png","type":"","width":"","height":""}],"twitter_card":"summary_large_image","twitter_misc":{"Tiempo de lectura":"4 minutos"},"schema":{"@context":"https:\/\/schema.org","@graph":[{"@type":"WebPage","@id":"https:\/\/www.colorlatina.org\/what-is-rj\/","url":"https:\/\/www.colorlatina.org\/what-is-rj\/","name":"Justicia reproductiva - COLOR Latina","isPartOf":{"@id":"https:\/\/www.colorlatina.org\/#website"},"primaryImageOfPage":{"@id":"https:\/\/www.colorlatina.org\/what-is-rj\/#primaryimage"},"image":{"@id":"https:\/\/www.colorlatina.org\/what-is-rj\/#primaryimage"},"thumbnailUrl":"https:\/\/live-color-latina.pantheonsite.io\/wp-content\/uploads\/2022\/04\/colormadrinas4.png","datePublished":"2022-02-04T20:18:11+00:00","dateModified":"2025-11-19T02:25:08+00:00","breadcrumb":{"@id":"https:\/\/www.colorlatina.org\/what-is-rj\/#breadcrumb"},"inLanguage":"es","potentialAction":[{"@type":"ReadAction","target":["https:\/\/www.colorlatina.org\/what-is-rj\/"]}]},{"@type":"ImageObject","inLanguage":"es","@id":"https:\/\/www.colorlatina.org\/what-is-rj\/#primaryimage","url":"https:\/\/live-color-latina.pantheonsite.io\/wp-content\/uploads\/2022\/04\/colormadrinas4.png","contentUrl":"https:\/\/live-color-latina.pantheonsite.io\/wp-content\/uploads\/2022\/04\/colormadrinas4.png"},{"@type":"BreadcrumbList","@id":"https:\/\/www.colorlatina.org\/what-is-rj\/#breadcrumb","itemListElement":[{"@type":"ListItem","position":1,"name":"Home","item":"https:\/\/www.colorlatina.org\/"},{"@type":"ListItem","position":2,"name":"Reproductive Justice"}]},{"@type":"WebSite","@id":"https:\/\/www.colorlatina.org\/#website","url":"https:\/\/www.colorlatina.org\/","name":"COLOR Latina","description":"","publisher":{"@id":"https:\/\/www.colorlatina.org\/#organization"},"potentialAction":[{"@type":"SearchAction","target":{"@type":"EntryPoint","urlTemplate":"https:\/\/www.colorlatina.org\/?s={search_term_string}"},"query-input":{"@type":"PropertyValueSpecification","valueRequired":true,"valueName":"search_term_string"}}],"inLanguage":"es"},{"@type":"Organization","@id":"https:\/\/www.colorlatina.org\/#organization","name":"COLOR Latina","url":"https:\/\/www.colorlatina.org\/","logo":{"@type":"ImageObject","inLanguage":"es","@id":"https:\/\/www.colorlatina.org\/#\/schema\/logo\/image\/","url":"https:\/\/live-color-latina.pantheonsite.io\/wp-content\/uploads\/2022\/04\/color-latina-fb.jpg","contentUrl":"https:\/\/live-color-latina.pantheonsite.io\/wp-content\/uploads\/2022\/04\/color-latina-fb.jpg","width":1200,"height":630,"caption":"COLOR Latina"},"image":{"@id":"https:\/\/www.colorlatina.org\/#\/schema\/logo\/image\/"}}]}},"_links":{"self":[{"href":"https:\/\/www.colorlatina.org\/es\/wp-json\/wp\/v2\/pages\/31","targetHints":{"allow":["GET"]}}],"collection":[{"href":"https:\/\/www.colorlatina.org\/es\/wp-json\/wp\/v2\/pages"}],"about":[{"href":"https:\/\/www.colorlatina.org\/es\/wp-json\/wp\/v2\/types\/page"}],"author":[{"embeddable":true,"href":"https:\/\/www.colorlatina.org\/es\/wp-json\/wp\/v2\/users\/1"}],"replies":[{"embeddable":true,"href":"https:\/\/www.colorlatina.org\/es\/wp-json\/wp\/v2\/comments?post=31"}],"version-history":[{"count":13,"href":"https:\/\/www.colorlatina.org\/es\/wp-json\/wp\/v2\/pages\/31\/revisions"}],"predecessor-version":[{"id":6144,"href":"https:\/\/www.colorlatina.org\/es\/wp-json\/wp\/v2\/pages\/31\/revisions\/6144"}],"wp:attachment":[{"href":"https:\/\/www.colorlatina.org\/es\/wp-json\/wp\/v2\/media?parent=31"}],"curies":[{"name":"wp","href":"https:\/\/api.w.org\/{rel}","templated":true}]}}