{"id":3338,"date":"2023-01-31T14:05:39","date_gmt":"2023-01-31T21:05:39","guid":{"rendered":"https:\/\/www.colorlatina.org\/?page_id=3338"},"modified":"2023-05-31T14:10:16","modified_gmt":"2023-05-31T20:10:16","slug":"25years","status":"publish","type":"page","link":"https:\/\/www.colorlatina.org\/es\/25years\/","title":{"rendered":"25 a\u00f1os de justicia reproductiva"},"content":{"rendered":"<figure class=\"wp-block-image aligncenter size-large is-resized\"><img fetchpriority=\"high\" decoding=\"async\" src=\"https:\/\/www.colorlatina.org\/wp-content\/uploads\/2023\/01\/25yearslogo-1024x1024.png\" alt=\"\" class=\"wp-image-3339\" width=\"364\" height=\"364\" srcset=\"https:\/\/www.colorlatina.org\/wp-content\/uploads\/2023\/01\/25yearslogo-1024x1024.png 1024w, https:\/\/www.colorlatina.org\/wp-content\/uploads\/2023\/01\/25yearslogo-300x300.png 300w, https:\/\/www.colorlatina.org\/wp-content\/uploads\/2023\/01\/25yearslogo-150x150.png 150w, https:\/\/www.colorlatina.org\/wp-content\/uploads\/2023\/01\/25yearslogo-768x768.png 768w, https:\/\/www.colorlatina.org\/wp-content\/uploads\/2023\/01\/25yearslogo-12x12.png 12w, https:\/\/www.colorlatina.org\/wp-content\/uploads\/2023\/01\/25yearslogo.png 1080w\" sizes=\"(max-width: 364px) 100vw, 364px\" \/><\/figure>\n\n\n\n<p class=\"has-luminous-vivid-orange-color has-text-color has-medium-font-size\"><strong>\u00a1La venta de entradas para este evento est\u00e1 oficialmente cerrada! A\u00fan puedes <a href=\"https:\/\/secure.everyaction.com\/mwrTK14iVUu0KdCLzDgdTA2\">Convi\u00e9rtete en patrocinador<\/a> o <a href=\"https:\/\/secure.everyaction.com\/MrgKRNNy-kmySutDOr2Khw2\">Haz una donaci\u00f3n a COLOR aqu\u00ed<\/a>.<\/strong><\/p>\n\n\n\n<p>El 27 de abril de 2023 celebramos <strong>\u00a125 a\u00f1os de Justicia Reproductiva en Colorado!<\/strong> Estamos emocionados de celebrar este hito con usted y nuestra comunidad de seguidores que han invertido en el trabajo de nuestra organizaci\u00f3n y en el futuro de Colorado.\u00a0<\/p>\n\n\n\n<p>Nuestro movimiento de Justicia Reproductiva ha demostrado lo que significa luchar por la justicia y la autodeterminaci\u00f3n de TODOS los habitantes de Colorado, especialmente despu\u00e9s de la revocaci\u00f3n de la <em>Hueva <\/em>el pasado mes de junio, que elimin\u00f3 el derecho al aborto a nivel nacional. <strong><em>Pero eso no nos detuvo, y no nos impedir\u00e1 seguir protegiendo, ampliando y apoyando la gama completa de atenci\u00f3n para todos.<\/em><\/strong><\/p>\n\n\n\n<p>Hace veinticinco a\u00f1os, nuestras Madrinas, las Madres Fundadoras de COLOR, imaginaron un mundo donde la comunidad latina pudiera llevar una vida exitosa y autodeterminada utilizando un enfoque interseccional basado en un marco de derechos humanos. En abril de 1998, fundaron COLOR como una voz a favor de la justicia reproductiva en Colorado. Como la primera organizaci\u00f3n de justicia reproductiva liderada por latinas en el estado, estamos celebrando este incre\u00edble hito y proyectando nuestra visi\u00f3n hacia el futuro.&nbsp;<\/p>\n\n\n\n<figure class=\"wp-block-image aligncenter size-large is-resized\"><img decoding=\"async\" src=\"https:\/\/www.colorlatina.org\/wp-content\/uploads\/2023\/03\/COLORxLiberalJane-Illustration-1024x791.png\" alt=\"\" class=\"wp-image-3429\" width=\"637\" height=\"491\" srcset=\"https:\/\/www.colorlatina.org\/wp-content\/uploads\/2023\/03\/COLORxLiberalJane-Illustration-1024x791.png 1024w, https:\/\/www.colorlatina.org\/wp-content\/uploads\/2023\/03\/COLORxLiberalJane-Illustration-300x232.png 300w, https:\/\/www.colorlatina.org\/wp-content\/uploads\/2023\/03\/COLORxLiberalJane-Illustration-768x593.png 768w, https:\/\/www.colorlatina.org\/wp-content\/uploads\/2023\/03\/COLORxLiberalJane-Illustration-1536x1187.png 1536w, https:\/\/www.colorlatina.org\/wp-content\/uploads\/2023\/03\/COLORxLiberalJane-Illustration-2048x1583.png 2048w, https:\/\/www.colorlatina.org\/wp-content\/uploads\/2023\/03\/COLORxLiberalJane-Illustration-16x12.png 16w\" sizes=\"(max-width: 637px) 100vw, 637px\" \/><\/figure>\n\n\n\n<p class=\"has-text-align-center has-medium-font-size\"><strong><em><a href=\"https:\/\/www.bonfire.com\/color-25years\/?emci=277b814e-afcc-ed11-a8e0-00224832e811&amp;emdi=ea000000-0000-0000-0000-000000000001&amp;ceid=\">\u00a1Por tiempo limitado, compra hoy tu camiseta COLOR 25\u00ba Aniversario!<\/a><\/em><\/strong><\/p>\n\n\n\n<figure class=\"wp-block-image aligncenter size-full\"><a href=\"https:\/\/www.bonfire.com\/color-25years\/?emci=277b814e-afcc-ed11-a8e0-00224832e811&amp;emdi=ea000000-0000-0000-0000-000000000001&amp;ceid=\"><img decoding=\"async\" width=\"500\" height=\"137\" src=\"https:\/\/www.colorlatina.org\/wp-content\/uploads\/2023\/03\/COLOR-Organe-Button_25yearsliberaljane.jpg\" alt=\"\" class=\"wp-image-3533\" srcset=\"https:\/\/www.colorlatina.org\/wp-content\/uploads\/2023\/03\/COLOR-Organe-Button_25yearsliberaljane.jpg 500w, https:\/\/www.colorlatina.org\/wp-content\/uploads\/2023\/03\/COLOR-Organe-Button_25yearsliberaljane-300x82.jpg 300w, https:\/\/www.colorlatina.org\/wp-content\/uploads\/2023\/03\/COLOR-Organe-Button_25yearsliberaljane-18x5.jpg 18w\" sizes=\"(max-width: 500px) 100vw, 500px\" \/><\/a><\/figure>\n\n\n\n<p>Como la \u00fanica organizaci\u00f3n de justicia reproductiva liderada por latinas en Colorado, trabajamos para promover la justicia reproductiva para todas las personas en nuestro estado. El enfoque de COLOR se centra en la interseccionalidad con el conocimiento de que ninguna persona lleva una vida centrada en un solo tema.<strong> <\/strong>Desafiamos las barreras que impiden a nuestra comunidad llevar una vida exitosa y autodeterminada promoviendo la justicia ambiental, la justicia econ\u00f3mica, la justicia racial, los derechos de los inmigrantes y la liberaci\u00f3n LGBTQIA+.<strong>&nbsp;<\/strong><\/p>\n\n\n\n<p><strong>COLOR contin\u00faa fortaleciendo y agudizando nuestra capacidad para proteger la autonom\u00eda reproductiva y las libertades de los latinos en nuestro estado. Todas y cada una de las personas merecen su derecho a la autodeterminaci\u00f3n con ferocidad y justicia. Y merecemos celebrar nuestras victorias e imaginar un futuro mejor para nuestra comunidad.<\/strong><\/p>\n\n\n\n<p>Al conmemorar los 25 a\u00f1os desde nuestra fundaci\u00f3n, nos mantenemos firmes en nuestro compromiso con un futuro sostenible para nuestra comunidad y sabemos que estamos comprometidos a llevar la voz de la justicia reproductiva por otros 25 a\u00f1os m\u00e1s. \u00a1La justicia reproductiva es para la liberaci\u00f3n de nuestra comunidad y COLOR lleg\u00f3 para quedarse!&nbsp;<\/p>\n\n\n\n<figure class=\"wp-block-embed is-type-video is-provider-youtube wp-block-embed-youtube wp-embed-aspect-16-9 wp-has-aspect-ratio\"><div class=\"wp-block-embed__wrapper\">\n<iframe title=\"\u00a125 a\u00f1os de Justicia Reproductiva!\" width=\"800\" height=\"450\" src=\"https:\/\/www.youtube.com\/embed\/lfBihN-ICZw?feature=oembed\" frameborder=\"0\" allow=\"accelerometer; autoplay; clipboard-write; encrypted-media; gyroscope; picture-in-picture; web-share\" allowfullscreen><\/iframe>\n<\/div><\/figure>\n\n\n\n<p class=\"has-text-align-center\"><strong>Para obtener m\u00e1s informaci\u00f3n,<\/strong><em> Por favor env\u00edenos un correo electr\u00f3nico a <\/em><a href=\"mailto:info@colorlatina.org\"><em>Correo electr\u00f3nico<\/em><\/a><\/p>","protected":false},"excerpt":{"rendered":"<p>Ticket sales are officially closed for this event! You can still become a sponsor or make a donation to COLOR here. On April 27, 2023, we celebrated 25 years of [&hellip;]<\/p>","protected":false},"author":1,"featured_media":3339,"parent":0,"menu_order":0,"comment_status":"closed","ping_status":"closed","template":"","meta":{"footnotes":""},"class_list":["post-3338","page","type-page","status-publish","has-post-thumbnail","hentry"],"yoast_head":"<!-- This site is optimized with the Yoast SEO plugin v26.0 - https:\/\/yoast.com\/wordpress\/plugins\/seo\/ -->\n<title>25 Years of Reproductive Justice - COLOR Latina<\/title>\n<meta name=\"robots\" content=\"index, follow, max-snippet:-1, max-image-preview:large, max-video-preview:-1\" \/>\n<link rel=\"canonical\" href=\"https:\/\/www.colorlatina.org\/es\/25years\/\" \/>\n<meta property=\"og:locale\" content=\"es_MX\" \/>\n<meta property=\"og:type\" content=\"article\" \/>\n<meta property=\"og:title\" content=\"25 Years of Reproductive Justice - COLOR Latina\" \/>\n<meta property=\"og:description\" content=\"Ticket sales are officially closed for this event! You can still become a sponsor or make a donation to COLOR here. On April 27, 2023, we celebrated 25 years of [&hellip;]\" \/>\n<meta property=\"og:url\" content=\"https:\/\/www.colorlatina.org\/es\/25years\/\" \/>\n<meta property=\"og:site_name\" content=\"COLOR Latina\" \/>\n<meta property=\"article:modified_time\" content=\"2023-05-31T20:10:16+00:00\" \/>\n<meta property=\"og:image\" content=\"https:\/\/www.colorlatina.org\/wp-content\/uploads\/2023\/01\/25yearslogo.png\" \/>\n\t<meta property=\"og:image:width\" content=\"1080\" \/>\n\t<meta property=\"og:image:height\" content=\"1080\" \/>\n\t<meta property=\"og:image:type\" content=\"image\/png\" \/>\n<meta name=\"twitter:card\" content=\"summary_large_image\" \/>\n<meta name=\"twitter:label1\" content=\"Tiempo de lectura\" \/>\n\t<meta name=\"twitter:data1\" content=\"3 minutos\" \/>\n<script type=\"application\/ld+json\" class=\"yoast-schema-graph\">{\"@context\":\"https:\/\/schema.org\",\"@graph\":[{\"@type\":\"WebPage\",\"@id\":\"https:\/\/www.colorlatina.org\/25years\/\",\"url\":\"https:\/\/www.colorlatina.org\/25years\/\",\"name\":\"25 Years of Reproductive Justice - COLOR Latina\",\"isPartOf\":{\"@id\":\"https:\/\/www.colorlatina.org\/#website\"},\"primaryImageOfPage\":{\"@id\":\"https:\/\/www.colorlatina.org\/25years\/#primaryimage\"},\"image\":{\"@id\":\"https:\/\/www.colorlatina.org\/25years\/#primaryimage\"},\"thumbnailUrl\":\"https:\/\/www.colorlatina.org\/wp-content\/uploads\/2023\/01\/25yearslogo.png\",\"datePublished\":\"2023-01-31T21:05:39+00:00\",\"dateModified\":\"2023-05-31T20:10:16+00:00\",\"breadcrumb\":{\"@id\":\"https:\/\/www.colorlatina.org\/25years\/#breadcrumb\"},\"inLanguage\":\"es\",\"potentialAction\":[{\"@type\":\"ReadAction\",\"target\":[\"https:\/\/www.colorlatina.org\/25years\/\"]}]},{\"@type\":\"ImageObject\",\"inLanguage\":\"es\",\"@id\":\"https:\/\/www.colorlatina.org\/25years\/#primaryimage\",\"url\":\"https:\/\/www.colorlatina.org\/wp-content\/uploads\/2023\/01\/25yearslogo.png\",\"contentUrl\":\"https:\/\/www.colorlatina.org\/wp-content\/uploads\/2023\/01\/25yearslogo.png\",\"width\":1080,\"height\":1080},{\"@type\":\"BreadcrumbList\",\"@id\":\"https:\/\/www.colorlatina.org\/25years\/#breadcrumb\",\"itemListElement\":[{\"@type\":\"ListItem\",\"position\":1,\"name\":\"Home\",\"item\":\"https:\/\/www.colorlatina.org\/\"},{\"@type\":\"ListItem\",\"position\":2,\"name\":\"25 Years of Reproductive Justice\"}]},{\"@type\":\"WebSite\",\"@id\":\"https:\/\/www.colorlatina.org\/#website\",\"url\":\"https:\/\/www.colorlatina.org\/\",\"name\":\"COLOR Latina\",\"description\":\"\",\"publisher\":{\"@id\":\"https:\/\/www.colorlatina.org\/#organization\"},\"potentialAction\":[{\"@type\":\"SearchAction\",\"target\":{\"@type\":\"EntryPoint\",\"urlTemplate\":\"https:\/\/www.colorlatina.org\/?s={search_term_string}\"},\"query-input\":{\"@type\":\"PropertyValueSpecification\",\"valueRequired\":true,\"valueName\":\"search_term_string\"}}],\"inLanguage\":\"es\"},{\"@type\":\"Organization\",\"@id\":\"https:\/\/www.colorlatina.org\/#organization\",\"name\":\"COLOR Latina\",\"url\":\"https:\/\/www.colorlatina.org\/\",\"logo\":{\"@type\":\"ImageObject\",\"inLanguage\":\"es\",\"@id\":\"https:\/\/www.colorlatina.org\/#\/schema\/logo\/image\/\",\"url\":\"https:\/\/live-color-latina.pantheonsite.io\/wp-content\/uploads\/2022\/04\/color-latina-fb.jpg\",\"contentUrl\":\"https:\/\/live-color-latina.pantheonsite.io\/wp-content\/uploads\/2022\/04\/color-latina-fb.jpg\",\"width\":1200,\"height\":630,\"caption\":\"COLOR Latina\"},\"image\":{\"@id\":\"https:\/\/www.colorlatina.org\/#\/schema\/logo\/image\/\"}}]}<\/script>\n<!-- \/ Yoast SEO plugin. -->","yoast_head_json":{"title":"25 Years of Reproductive Justice - COLOR Latina","robots":{"index":"index","follow":"follow","max-snippet":"max-snippet:-1","max-image-preview":"max-image-preview:large","max-video-preview":"max-video-preview:-1"},"canonical":"https:\/\/www.colorlatina.org\/es\/25years\/","og_locale":"es_MX","og_type":"article","og_title":"25 Years of Reproductive Justice - COLOR Latina","og_description":"Ticket sales are officially closed for this event! You can still become a sponsor or make a donation to COLOR here. On April 27, 2023, we celebrated 25 years of [&hellip;]","og_url":"https:\/\/www.colorlatina.org\/es\/25years\/","og_site_name":"COLOR Latina","article_modified_time":"2023-05-31T20:10:16+00:00","og_image":[{"width":1080,"height":1080,"url":"https:\/\/www.colorlatina.org\/wp-content\/uploads\/2023\/01\/25yearslogo.png","type":"image\/png"}],"twitter_card":"summary_large_image","twitter_misc":{"Tiempo de lectura":"3 minutos"},"schema":{"@context":"https:\/\/schema.org","@graph":[{"@type":"WebPage","@id":"https:\/\/www.colorlatina.org\/25years\/","url":"https:\/\/www.colorlatina.org\/25years\/","name":"25 Years of Reproductive Justice - COLOR Latina","isPartOf":{"@id":"https:\/\/www.colorlatina.org\/#website"},"primaryImageOfPage":{"@id":"https:\/\/www.colorlatina.org\/25years\/#primaryimage"},"image":{"@id":"https:\/\/www.colorlatina.org\/25years\/#primaryimage"},"thumbnailUrl":"https:\/\/www.colorlatina.org\/wp-content\/uploads\/2023\/01\/25yearslogo.png","datePublished":"2023-01-31T21:05:39+00:00","dateModified":"2023-05-31T20:10:16+00:00","breadcrumb":{"@id":"https:\/\/www.colorlatina.org\/25years\/#breadcrumb"},"inLanguage":"es","potentialAction":[{"@type":"ReadAction","target":["https:\/\/www.colorlatina.org\/25years\/"]}]},{"@type":"ImageObject","inLanguage":"es","@id":"https:\/\/www.colorlatina.org\/25years\/#primaryimage","url":"https:\/\/www.colorlatina.org\/wp-content\/uploads\/2023\/01\/25yearslogo.png","contentUrl":"https:\/\/www.colorlatina.org\/wp-content\/uploads\/2023\/01\/25yearslogo.png","width":1080,"height":1080},{"@type":"BreadcrumbList","@id":"https:\/\/www.colorlatina.org\/25years\/#breadcrumb","itemListElement":[{"@type":"ListItem","position":1,"name":"Home","item":"https:\/\/www.colorlatina.org\/"},{"@type":"ListItem","position":2,"name":"25 Years of Reproductive Justice"}]},{"@type":"WebSite","@id":"https:\/\/www.colorlatina.org\/#website","url":"https:\/\/www.colorlatina.org\/","name":"COLOR Latina","description":"","publisher":{"@id":"https:\/\/www.colorlatina.org\/#organization"},"potentialAction":[{"@type":"SearchAction","target":{"@type":"EntryPoint","urlTemplate":"https:\/\/www.colorlatina.org\/?s={search_term_string}"},"query-input":{"@type":"PropertyValueSpecification","valueRequired":true,"valueName":"search_term_string"}}],"inLanguage":"es"},{"@type":"Organization","@id":"https:\/\/www.colorlatina.org\/#organization","name":"COLOR Latina","url":"https:\/\/www.colorlatina.org\/","logo":{"@type":"ImageObject","inLanguage":"es","@id":"https:\/\/www.colorlatina.org\/#\/schema\/logo\/image\/","url":"https:\/\/live-color-latina.pantheonsite.io\/wp-content\/uploads\/2022\/04\/color-latina-fb.jpg","contentUrl":"https:\/\/live-color-latina.pantheonsite.io\/wp-content\/uploads\/2022\/04\/color-latina-fb.jpg","width":1200,"height":630,"caption":"COLOR Latina"},"image":{"@id":"https:\/\/www.colorlatina.org\/#\/schema\/logo\/image\/"}}]}},"_links":{"self":[{"href":"https:\/\/www.colorlatina.org\/es\/wp-json\/wp\/v2\/pages\/3338","targetHints":{"allow":["GET"]}}],"collection":[{"href":"https:\/\/www.colorlatina.org\/es\/wp-json\/wp\/v2\/pages"}],"about":[{"href":"https:\/\/www.colorlatina.org\/es\/wp-json\/wp\/v2\/types\/page"}],"author":[{"embeddable":true,"href":"https:\/\/www.colorlatina.org\/es\/wp-json\/wp\/v2\/users\/1"}],"replies":[{"embeddable":true,"href":"https:\/\/www.colorlatina.org\/es\/wp-json\/wp\/v2\/comments?post=3338"}],"version-history":[{"count":32,"href":"https:\/\/www.colorlatina.org\/es\/wp-json\/wp\/v2\/pages\/3338\/revisions"}],"predecessor-version":[{"id":3662,"href":"https:\/\/www.colorlatina.org\/es\/wp-json\/wp\/v2\/pages\/3338\/revisions\/3662"}],"wp:featuredmedia":[{"embeddable":true,"href":"https:\/\/www.colorlatina.org\/es\/wp-json\/wp\/v2\/media\/3339"}],"wp:attachment":[{"href":"https:\/\/www.colorlatina.org\/es\/wp-json\/wp\/v2\/media?parent=3338"}],"curies":[{"name":"wp","href":"https:\/\/api.w.org\/{rel}","templated":true}]}}