{"id":3579,"date":"2023-04-14T09:54:31","date_gmt":"2023-04-14T15:54:31","guid":{"rendered":"https:\/\/www.colorlatina.org\/?page_id=3579"},"modified":"2024-09-23T06:51:21","modified_gmt":"2024-09-23T12:51:21","slug":"safeaccess","status":"publish","type":"page","link":"https:\/\/www.colorlatina.org\/es\/safeaccess\/","title":{"rendered":"Acceso seguro a un paquete de atenci\u00f3n sanitaria protegida"},"content":{"rendered":"<p>La Ley de Equidad en Salud Reproductiva (RHEA) protegi\u00f3 el derecho al aborto en Colorado, pero todav\u00eda existen problemas de acceso, desinformaci\u00f3n e inequidad que deben abordarse. <strong>El acceso seguro a una atenci\u00f3n sanitaria protegida<\/strong> <strong>Paquete<\/strong> El objetivo de este proyecto de ley es abordar las oportunidades en las que Colorado puede ir m\u00e1s all\u00e1 para proteger los derechos al aborto, la atenci\u00f3n m\u00e9dica que afirma el g\u00e9nero y los derechos de los pacientes y los proveedores, para abordar la desinformaci\u00f3n en nuestras comunidades y hacer que la atenci\u00f3n sea m\u00e1s asequible cerrando las brechas en la cobertura de seguros. Estos proyectos de ley se crearon en conjunto con proveedores, pacientes y miembros de la comunidad para garantizar que abordemos los problemas m\u00e1s cr\u00edticos para nuestras comunidades.&nbsp;<\/p>\n\n\n\n<figure class=\"wp-block-image alignright size-large is-resized\"><img fetchpriority=\"high\" decoding=\"async\" width=\"1024\" height=\"1024\" src=\"https:\/\/www.colorlatina.org\/wp-content\/uploads\/2024\/09\/KR_SAPCH1-1024x1024.jpg\" alt=\"\" class=\"wp-image-5131\" style=\"width:374px;height:auto\" srcset=\"https:\/\/www.colorlatina.org\/wp-content\/uploads\/2024\/09\/KR_SAPCH1-1024x1024.jpg 1024w, https:\/\/www.colorlatina.org\/wp-content\/uploads\/2024\/09\/KR_SAPCH1-300x300.jpg 300w, https:\/\/www.colorlatina.org\/wp-content\/uploads\/2024\/09\/KR_SAPCH1-150x150.jpg 150w, https:\/\/www.colorlatina.org\/wp-content\/uploads\/2024\/09\/KR_SAPCH1-768x768.jpg 768w, https:\/\/www.colorlatina.org\/wp-content\/uploads\/2024\/09\/KR_SAPCH1-12x12.jpg 12w, https:\/\/www.colorlatina.org\/wp-content\/uploads\/2024\/09\/KR_SAPCH1.jpg 1080w\" sizes=\"(max-width: 1024px) 100vw, 1024px\" \/><\/figure>\n\n\n\n<p>COLOR y New Era Colorado lideraron la aprobaci\u00f3n de <strong>SB23-190, Prohibici\u00f3n de pr\u00e1cticas comerciales enga\u00f1osas en servicios relacionados con el embarazo<\/strong>Los centros antiaborto (tambi\u00e9n conocidos como centros de asesoramiento antiaborto, centros de crisis de embarazo o cl\u00ednicas falsas) se dirigen a los pacientes, especialmente a los que viven cerca de los campus universitarios, a los que tienen ingresos m\u00e1s bajos y a los que pertenecen a comunidades inmigrantes, negras y latinas, con publicidad enga\u00f1osa para interceptar y evitar que las personas busquen atenci\u00f3n para el aborto. Los centros antiaborto est\u00e1n documentados en todo el pa\u00eds como centros religiosos que se hacen pasar por proveedores integrales de atenci\u00f3n de salud reproductiva cre\u00edbles que en realidad ofrecen consejos y pr\u00e1cticas peligrosas que impiden que los pacientes reciban atenci\u00f3n reproductiva urgente.\u00a0<\/p>\n\n\n\n<p>Es enga\u00f1oso para alguien que es <em>No es un proveedor de atenci\u00f3n m\u00e9dica autorizado<\/em> intentar interceptar a alguien que est\u00e1 tratando de hacer una <em>cita m\u00e9dica<\/em>, y programarlos para lo que creen que es una cita m\u00e9dica, con el fin de evitar que reciban la atenci\u00f3n m\u00e9dica que buscan.<\/p>\n\n\n\n<p>Los AAC tambi\u00e9n comercializan un tratamiento experimental, el Abortion Pill Reversal, para detener el proceso de un aborto con medicamentos mediante un tratamiento con progesterona que debe tomarse despu\u00e9s de la primera p\u00edldora abortiva. No hay evidencia cient\u00edfica cre\u00edble de que un aborto con medicamentos pueda revertirse; por lo tanto, los m\u00e9dicos no pueden, sin enga\u00f1arlas, decirles a sus pacientes que es posible hacerlo. Ning\u00fan proveedor de abortos puede obligar a una paciente a completar un aborto con medicamentos si no lo desea y esta ley no exige esto a nadie. Un proveedor \u00e9tico asesorar\u00eda a la paciente sobre sus opciones y le presentar\u00eda informaci\u00f3n imparcial sobre todos los resultados posibles y los riesgos asociados. No administrar\u00eda un tratamiento experimental no probado para el cual no hay informaci\u00f3n sobre riesgos, dosis o efectos secundarios, y que es denunciado por la Asociaci\u00f3n M\u00e9dica Estadounidense.<\/p>\n\n\n\n<p>Siguiendo el modelo de un reciente y exitoso <a href=\"https:\/\/www.cga.ct.gov\/2021\/ACT\/PA\/PDF\/2021PA-00017-R00SB-00835-PA.PDF\"><strong>Proyecto de ley de Connecticut<\/strong><\/a> que el discurso comercial considerado enga\u00f1oso no est\u00e1 protegido por la Primera Enmienda y, por lo tanto, est\u00e1 sujeto a regulaci\u00f3n, ser\u00e1:<\/p>\n\n\n\n<figure class=\"wp-block-image alignright size-full is-resized\"><img decoding=\"async\" width=\"756\" height=\"1008\" src=\"https:\/\/www.colorlatina.org\/wp-content\/uploads\/2024\/09\/58F3BC34-0946-43D0-B5FF-7F6702FFF34B.jpg\" alt=\"\" class=\"wp-image-5129\" style=\"width:379px;height:auto\" srcset=\"https:\/\/www.colorlatina.org\/wp-content\/uploads\/2024\/09\/58F3BC34-0946-43D0-B5FF-7F6702FFF34B.jpg 756w, https:\/\/www.colorlatina.org\/wp-content\/uploads\/2024\/09\/58F3BC34-0946-43D0-B5FF-7F6702FFF34B-225x300.jpg 225w, https:\/\/www.colorlatina.org\/wp-content\/uploads\/2024\/09\/58F3BC34-0946-43D0-B5FF-7F6702FFF34B-9x12.jpg 9w\" sizes=\"(max-width: 756px) 100vw, 756px\" \/><\/figure>\n\n\n\n<ul class=\"wp-block-list\">\n<li>Prohibir el uso de publicidad enga\u00f1osa por parte de los centros de asesoramiento antiabortista<\/li>\n\n\n\n<li>Considera que la revocaci\u00f3n de la p\u00edldora abortiva es una pr\u00e1ctica comercial enga\u00f1osa<\/li>\n\n\n\n<li>Convierte la prescripci\u00f3n, oferta o facilitaci\u00f3n de la reversi\u00f3n de la p\u00edldora abortiva en una conducta no profesional para un profesional de la salud autorizado, registrado o certificado.<\/li>\n<\/ul>\n\n\n\n<p class=\"has-text-align-center has-medium-font-size\"><strong>Haga clic aqu\u00ed para&nbsp;<a href=\"https:\/\/www.abortionfinder.org\/\" target=\"_blank\" rel=\"noreferrer noopener\">Encuentre atenci\u00f3n para el aborto cerca de usted<\/a>&nbsp;y haga clic aqu\u00ed para&nbsp;<a href=\"https:\/\/crisispregnancycentermap.com\/\" target=\"_blank\" rel=\"noreferrer noopener\">Descubra si hay un Centro Antiabortista en su zona<\/a>.&nbsp;<\/strong><\/p>\n\n\n\n<p>Nuestros socios de Cobalt lideraron la aprobaci\u00f3n de <strong>SB23-188, Protecciones para el acceso a la atenci\u00f3n de salud reproductiva<\/strong>, que proporciona una legislaci\u00f3n de \u201cescudo\u201d fuerte para proteger a los pacientes, proveedores y asistentes de servicios de atenci\u00f3n m\u00e9dica pol\u00edticamente dirigidos, incluidos el aborto y la atenci\u00f3n de afirmaci\u00f3n de g\u00e9nero, de amenazas civiles y penales interestatales. Despu\u00e9s de la ca\u00edda de Roe, los estados hostiles a los derechos reproductivos no se conforman con prohibir el aborto dentro de sus fronteras; buscan imponer sus restricciones en todos los estados. De manera similar, hemos visto un tremendo aumento en la legislaci\u00f3n dirigida a los pacientes transg\u00e9nero y sus familias. Esta ley protege a los pacientes, proveedores y asistentes de atenci\u00f3n m\u00e9dica legalmente protegidos del procesamiento penal y el encarcelamiento; la extradici\u00f3n; las demandas civiles; las citaciones judiciales, las citaciones y los arrestos; las investigaciones interestatales, la divulgaci\u00f3n de informaci\u00f3n o la asistencia con las investigaciones; y la p\u00e9rdida de licencias profesionales y otras formas de discriminaci\u00f3n.<\/p>\n\n\n\n<p>Nuestros socios de Planned Parenthood of the Rocky Mountains lideraron la aprobaci\u00f3n de <strong>SB23-189, Aumentar el acceso a la atenci\u00f3n de la salud reproductiva, <\/strong>que cierra varias brechas de acceso en la cobertura relacionada con las infecciones de transmisi\u00f3n sexual y la atenci\u00f3n del aborto. Esta ley tambi\u00e9n se basa en el trabajo de COLOR en 2021 que hizo que los servicios de planificaci\u00f3n familiar fueran gratuitos para los inmigrantes indocumentados. Este proyecto de ley busca ampliar esos servicios para incluir servicios relacionados con la planificaci\u00f3n familiar, como pruebas y asesoramiento sobre ETS y detecci\u00f3n y asesoramiento sobre c\u00e1ncer, lo que cierra a\u00fan m\u00e1s la brecha en la equidad en materia de salud para nuestras comunidades.<\/p>","protected":false},"excerpt":{"rendered":"<p>La Ley de Equidad en la Salud Reproductiva (RHEA) protegi\u00f3 el derecho al aborto en Colorado, pero a\u00fan existen problemas de acceso, desinformaci\u00f3n e inequidad que deben abordarse. El Acceso Seguro a [\u2026]<\/p>","protected":false},"author":1,"featured_media":0,"parent":0,"menu_order":0,"comment_status":"closed","ping_status":"closed","template":"","meta":{"footnotes":""},"class_list":["post-3579","page","type-page","status-publish","hentry"],"yoast_head":"<!-- This site is optimized with the Yoast SEO plugin v26.0 - https:\/\/yoast.com\/wordpress\/plugins\/seo\/ -->\n<title>Safe Access to Protected Healthcare Package - COLOR Latina<\/title>\n<meta name=\"robots\" content=\"index, follow, max-snippet:-1, max-image-preview:large, max-video-preview:-1\" \/>\n<link rel=\"canonical\" href=\"https:\/\/www.colorlatina.org\/es\/safeaccess\/\" \/>\n<meta property=\"og:locale\" content=\"es_MX\" \/>\n<meta property=\"og:type\" content=\"article\" \/>\n<meta property=\"og:title\" content=\"Safe Access to Protected Healthcare Package - COLOR Latina\" \/>\n<meta property=\"og:description\" content=\"The Reproductive Health Equity Act (RHEA) protected the right to abortion in Colorado, but there are still issues of access, misinformation, and inequity that need addressing. The Safe Access to [&hellip;]\" \/>\n<meta property=\"og:url\" content=\"https:\/\/www.colorlatina.org\/es\/safeaccess\/\" \/>\n<meta property=\"og:site_name\" content=\"COLOR Latina\" \/>\n<meta property=\"article:modified_time\" content=\"2024-09-23T12:51:21+00:00\" \/>\n<meta property=\"og:image\" content=\"https:\/\/www.colorlatina.org\/wp-content\/uploads\/2024\/09\/KR_SAPCH1-1024x1024.jpg\" \/>\n<meta name=\"twitter:card\" content=\"summary_large_image\" \/>\n<meta name=\"twitter:label1\" content=\"Tiempo de lectura\" \/>\n\t<meta name=\"twitter:data1\" content=\"4 minutos\" \/>\n<script type=\"application\/ld+json\" class=\"yoast-schema-graph\">{\"@context\":\"https:\/\/schema.org\",\"@graph\":[{\"@type\":\"WebPage\",\"@id\":\"https:\/\/www.colorlatina.org\/safeaccess\/\",\"url\":\"https:\/\/www.colorlatina.org\/safeaccess\/\",\"name\":\"Safe Access to Protected Healthcare Package - COLOR Latina\",\"isPartOf\":{\"@id\":\"https:\/\/www.colorlatina.org\/#website\"},\"primaryImageOfPage\":{\"@id\":\"https:\/\/www.colorlatina.org\/safeaccess\/#primaryimage\"},\"image\":{\"@id\":\"https:\/\/www.colorlatina.org\/safeaccess\/#primaryimage\"},\"thumbnailUrl\":\"https:\/\/www.colorlatina.org\/wp-content\/uploads\/2024\/09\/KR_SAPCH1-1024x1024.jpg\",\"datePublished\":\"2023-04-14T15:54:31+00:00\",\"dateModified\":\"2024-09-23T12:51:21+00:00\",\"breadcrumb\":{\"@id\":\"https:\/\/www.colorlatina.org\/safeaccess\/#breadcrumb\"},\"inLanguage\":\"es\",\"potentialAction\":[{\"@type\":\"ReadAction\",\"target\":[\"https:\/\/www.colorlatina.org\/safeaccess\/\"]}]},{\"@type\":\"ImageObject\",\"inLanguage\":\"es\",\"@id\":\"https:\/\/www.colorlatina.org\/safeaccess\/#primaryimage\",\"url\":\"https:\/\/www.colorlatina.org\/wp-content\/uploads\/2024\/09\/KR_SAPCH1-1024x1024.jpg\",\"contentUrl\":\"https:\/\/www.colorlatina.org\/wp-content\/uploads\/2024\/09\/KR_SAPCH1-1024x1024.jpg\"},{\"@type\":\"BreadcrumbList\",\"@id\":\"https:\/\/www.colorlatina.org\/safeaccess\/#breadcrumb\",\"itemListElement\":[{\"@type\":\"ListItem\",\"position\":1,\"name\":\"Home\",\"item\":\"https:\/\/www.colorlatina.org\/\"},{\"@type\":\"ListItem\",\"position\":2,\"name\":\"Safe Access to Protected Healthcare Package\"}]},{\"@type\":\"WebSite\",\"@id\":\"https:\/\/www.colorlatina.org\/#website\",\"url\":\"https:\/\/www.colorlatina.org\/\",\"name\":\"COLOR Latina\",\"description\":\"\",\"publisher\":{\"@id\":\"https:\/\/www.colorlatina.org\/#organization\"},\"potentialAction\":[{\"@type\":\"SearchAction\",\"target\":{\"@type\":\"EntryPoint\",\"urlTemplate\":\"https:\/\/www.colorlatina.org\/?s={search_term_string}\"},\"query-input\":{\"@type\":\"PropertyValueSpecification\",\"valueRequired\":true,\"valueName\":\"search_term_string\"}}],\"inLanguage\":\"es\"},{\"@type\":\"Organization\",\"@id\":\"https:\/\/www.colorlatina.org\/#organization\",\"name\":\"COLOR Latina\",\"url\":\"https:\/\/www.colorlatina.org\/\",\"logo\":{\"@type\":\"ImageObject\",\"inLanguage\":\"es\",\"@id\":\"https:\/\/www.colorlatina.org\/#\/schema\/logo\/image\/\",\"url\":\"https:\/\/live-color-latina.pantheonsite.io\/wp-content\/uploads\/2022\/04\/color-latina-fb.jpg\",\"contentUrl\":\"https:\/\/live-color-latina.pantheonsite.io\/wp-content\/uploads\/2022\/04\/color-latina-fb.jpg\",\"width\":1200,\"height\":630,\"caption\":\"COLOR Latina\"},\"image\":{\"@id\":\"https:\/\/www.colorlatina.org\/#\/schema\/logo\/image\/\"}}]}<\/script>\n<!-- \/ Yoast SEO plugin. -->","yoast_head_json":{"title":"Safe Access to Protected Healthcare Package - COLOR Latina","robots":{"index":"index","follow":"follow","max-snippet":"max-snippet:-1","max-image-preview":"max-image-preview:large","max-video-preview":"max-video-preview:-1"},"canonical":"https:\/\/www.colorlatina.org\/es\/safeaccess\/","og_locale":"es_MX","og_type":"article","og_title":"Safe Access to Protected Healthcare Package - COLOR Latina","og_description":"The Reproductive Health Equity Act (RHEA) protected the right to abortion in Colorado, but there are still issues of access, misinformation, and inequity that need addressing. The Safe Access to [&hellip;]","og_url":"https:\/\/www.colorlatina.org\/es\/safeaccess\/","og_site_name":"COLOR Latina","article_modified_time":"2024-09-23T12:51:21+00:00","og_image":[{"url":"https:\/\/www.colorlatina.org\/wp-content\/uploads\/2024\/09\/KR_SAPCH1-1024x1024.jpg","type":"","width":"","height":""}],"twitter_card":"summary_large_image","twitter_misc":{"Tiempo de lectura":"4 minutos"},"schema":{"@context":"https:\/\/schema.org","@graph":[{"@type":"WebPage","@id":"https:\/\/www.colorlatina.org\/safeaccess\/","url":"https:\/\/www.colorlatina.org\/safeaccess\/","name":"Safe Access to Protected Healthcare Package - COLOR Latina","isPartOf":{"@id":"https:\/\/www.colorlatina.org\/#website"},"primaryImageOfPage":{"@id":"https:\/\/www.colorlatina.org\/safeaccess\/#primaryimage"},"image":{"@id":"https:\/\/www.colorlatina.org\/safeaccess\/#primaryimage"},"thumbnailUrl":"https:\/\/www.colorlatina.org\/wp-content\/uploads\/2024\/09\/KR_SAPCH1-1024x1024.jpg","datePublished":"2023-04-14T15:54:31+00:00","dateModified":"2024-09-23T12:51:21+00:00","breadcrumb":{"@id":"https:\/\/www.colorlatina.org\/safeaccess\/#breadcrumb"},"inLanguage":"es","potentialAction":[{"@type":"ReadAction","target":["https:\/\/www.colorlatina.org\/safeaccess\/"]}]},{"@type":"ImageObject","inLanguage":"es","@id":"https:\/\/www.colorlatina.org\/safeaccess\/#primaryimage","url":"https:\/\/www.colorlatina.org\/wp-content\/uploads\/2024\/09\/KR_SAPCH1-1024x1024.jpg","contentUrl":"https:\/\/www.colorlatina.org\/wp-content\/uploads\/2024\/09\/KR_SAPCH1-1024x1024.jpg"},{"@type":"BreadcrumbList","@id":"https:\/\/www.colorlatina.org\/safeaccess\/#breadcrumb","itemListElement":[{"@type":"ListItem","position":1,"name":"Home","item":"https:\/\/www.colorlatina.org\/"},{"@type":"ListItem","position":2,"name":"Safe Access to Protected Healthcare Package"}]},{"@type":"WebSite","@id":"https:\/\/www.colorlatina.org\/#website","url":"https:\/\/www.colorlatina.org\/","name":"COLOR Latina","description":"","publisher":{"@id":"https:\/\/www.colorlatina.org\/#organization"},"potentialAction":[{"@type":"SearchAction","target":{"@type":"EntryPoint","urlTemplate":"https:\/\/www.colorlatina.org\/?s={search_term_string}"},"query-input":{"@type":"PropertyValueSpecification","valueRequired":true,"valueName":"search_term_string"}}],"inLanguage":"es"},{"@type":"Organization","@id":"https:\/\/www.colorlatina.org\/#organization","name":"COLOR Latina","url":"https:\/\/www.colorlatina.org\/","logo":{"@type":"ImageObject","inLanguage":"es","@id":"https:\/\/www.colorlatina.org\/#\/schema\/logo\/image\/","url":"https:\/\/live-color-latina.pantheonsite.io\/wp-content\/uploads\/2022\/04\/color-latina-fb.jpg","contentUrl":"https:\/\/live-color-latina.pantheonsite.io\/wp-content\/uploads\/2022\/04\/color-latina-fb.jpg","width":1200,"height":630,"caption":"COLOR Latina"},"image":{"@id":"https:\/\/www.colorlatina.org\/#\/schema\/logo\/image\/"}}]}},"_links":{"self":[{"href":"https:\/\/www.colorlatina.org\/es\/wp-json\/wp\/v2\/pages\/3579","targetHints":{"allow":["GET"]}}],"collection":[{"href":"https:\/\/www.colorlatina.org\/es\/wp-json\/wp\/v2\/pages"}],"about":[{"href":"https:\/\/www.colorlatina.org\/es\/wp-json\/wp\/v2\/types\/page"}],"author":[{"embeddable":true,"href":"https:\/\/www.colorlatina.org\/es\/wp-json\/wp\/v2\/users\/1"}],"replies":[{"embeddable":true,"href":"https:\/\/www.colorlatina.org\/es\/wp-json\/wp\/v2\/comments?post=3579"}],"version-history":[{"count":7,"href":"https:\/\/www.colorlatina.org\/es\/wp-json\/wp\/v2\/pages\/3579\/revisions"}],"predecessor-version":[{"id":5132,"href":"https:\/\/www.colorlatina.org\/es\/wp-json\/wp\/v2\/pages\/3579\/revisions\/5132"}],"wp:attachment":[{"href":"https:\/\/www.colorlatina.org\/es\/wp-json\/wp\/v2\/media?parent=3579"}],"curies":[{"name":"wp","href":"https:\/\/api.w.org\/{rel}","templated":true}]}}