{"id":3602,"date":"2023-04-25T15:13:32","date_gmt":"2023-04-25T21:13:32","guid":{"rendered":"https:\/\/www.colorlatina.org\/?page_id=3602"},"modified":"2023-04-25T15:15:00","modified_gmt":"2023-04-25T21:15:00","slug":"policy-wins-2022","status":"publish","type":"page","link":"https:\/\/www.colorlatina.org\/es\/policy-wins-2022\/","title":{"rendered":"Pol\u00edticas ganadoras 2022"},"content":{"rendered":"<div data-elementor-type=\"wp-page\" data-elementor-id=\"3602\" class=\"elementor elementor-3602\" data-elementor-post-type=\"page\">\n\t\t\t\t\t\t<section class=\"elementor-section elementor-top-section elementor-element elementor-element-9f34f47 elementor-section-content-bottom elementor-section-boxed elementor-section-height-default elementor-section-height-default\" data-id=\"9f34f47\" data-element_type=\"section\">\n\t\t\t\t\t\t<div class=\"elementor-container elementor-column-gap-default\">\n\t\t\t\t\t<div class=\"elementor-column elementor-col-33 elementor-top-column elementor-element elementor-element-fa11f70\" data-id=\"fa11f70\" data-element_type=\"column\">\n\t\t\t<div class=\"elementor-widget-wrap elementor-element-populated\">\n\t\t\t\t\t\t<div class=\"elementor-element elementor-element-313015e elementor-widget elementor-widget-heading\" data-id=\"313015e\" data-element_type=\"widget\" data-widget_type=\"heading.default\">\n\t\t\t\t<div class=\"elementor-widget-container\">\n\t\t\t\t\t<h4 class=\"elementor-heading-title elementor-size-default\">Nombre de la Pol\u00edtica<\/h4>\t\t\t\t<\/div>\n\t\t\t\t<\/div>\n\t\t\t\t\t<\/div>\n\t\t<\/div>\n\t\t\t\t<div class=\"elementor-column elementor-col-33 elementor-top-column elementor-element elementor-element-fdf1106\" data-id=\"fdf1106\" data-element_type=\"column\">\n\t\t\t<div class=\"elementor-widget-wrap elementor-element-populated\">\n\t\t\t\t\t\t<div class=\"elementor-element elementor-element-65b0b15 elementor-widget elementor-widget-heading\" data-id=\"65b0b15\" data-element_type=\"widget\" data-widget_type=\"heading.default\">\n\t\t\t\t<div class=\"elementor-widget-container\">\n\t\t\t\t\t<h4 class=\"elementor-heading-title elementor-size-default\">Triunfo o bloqueo de la pol\u00edtica<\/h4>\t\t\t\t<\/div>\n\t\t\t\t<\/div>\n\t\t\t\t\t<\/div>\n\t\t<\/div>\n\t\t\t\t<div class=\"elementor-column elementor-col-33 elementor-top-column elementor-element elementor-element-1e21ff0\" data-id=\"1e21ff0\" data-element_type=\"column\">\n\t\t\t<div class=\"elementor-widget-wrap elementor-element-populated\">\n\t\t\t\t\t\t<div class=\"elementor-element elementor-element-27b6e8b elementor-widget elementor-widget-heading\" data-id=\"27b6e8b\" data-element_type=\"widget\" data-widget_type=\"heading.default\">\n\t\t\t\t<div class=\"elementor-widget-container\">\n\t\t\t\t\t<h4 class=\"elementor-heading-title elementor-size-default\">Descripci\u00f3n de c\u00f3mo esta pol\u00edtica beneficia o amenaza la Justicia Reproductiva<\/h4>\t\t\t\t<\/div>\n\t\t\t\t<\/div>\n\t\t\t\t\t<\/div>\n\t\t<\/div>\n\t\t\t\t\t<\/div>\n\t\t<\/section>\n\t\t\t\t<section class=\"elementor-section elementor-top-section elementor-element elementor-element-f271ff2 elementor-section-boxed elementor-section-height-default elementor-section-height-default\" data-id=\"f271ff2\" data-element_type=\"section\">\n\t\t\t\t\t\t<div class=\"elementor-container elementor-column-gap-default\">\n\t\t\t\t\t<div class=\"elementor-column elementor-col-33 elementor-top-column elementor-element elementor-element-2c73473\" data-id=\"2c73473\" data-element_type=\"column\">\n\t\t\t<div class=\"elementor-widget-wrap elementor-element-populated\">\n\t\t\t\t\t\t<div class=\"elementor-element elementor-element-3d32fdc elementor-widget elementor-widget-text-editor\" data-id=\"3d32fdc\" data-element_type=\"widget\" data-widget_type=\"text-editor.default\">\n\t\t\t\t<div class=\"elementor-widget-container\">\n\t\t\t\t\t\t\t\t\t<p><a href=\"https:\/\/leg.colorado.gov\/bills\/hb21-1053\" target=\"_blank\" rel=\"noopener\"><strong>HB21-1053<\/strong>: Solicitudes de recuento electoral<\/a><\/p>\t\t\t\t\t\t\t\t<\/div>\n\t\t\t\t<\/div>\n\t\t\t\t\t<\/div>\n\t\t<\/div>\n\t\t\t\t<div class=\"elementor-column elementor-col-33 elementor-top-column elementor-element elementor-element-c46471a\" data-id=\"c46471a\" data-element_type=\"column\">\n\t\t\t<div class=\"elementor-widget-wrap elementor-element-populated\">\n\t\t\t\t\t\t<div class=\"elementor-element elementor-element-c7b2aa7 elementor-widget elementor-widget-text-editor\" data-id=\"c7b2aa7\" data-element_type=\"widget\" data-widget_type=\"text-editor.default\">\n\t\t\t\t<div class=\"elementor-widget-container\">\n\t\t\t\t\t\t\t\t\t<p><span style=\"color: #ff0000;\"><strong>Bloqueo<\/strong><\/span> \/ pospuesta indefinidamente<\/p>\t\t\t\t\t\t\t\t<\/div>\n\t\t\t\t<\/div>\n\t\t\t\t\t<\/div>\n\t\t<\/div>\n\t\t\t\t<div class=\"elementor-column elementor-col-33 elementor-top-column elementor-element elementor-element-bce4957\" data-id=\"bce4957\" data-element_type=\"column\">\n\t\t\t<div class=\"elementor-widget-wrap elementor-element-populated\">\n\t\t\t\t\t\t<div class=\"elementor-element elementor-element-6181e43 bad-icon elementor-view-default elementor-widget elementor-widget-icon\" data-id=\"6181e43\" data-element_type=\"widget\" data-widget_type=\"icon.default\">\n\t\t\t\t<div class=\"elementor-widget-container\">\n\t\t\t\t\t\t\t<div class=\"elementor-icon-wrapper\">\n\t\t\t<div class=\"elementor-icon\">\n\t\t\t<i aria-hidden=\"true\" class=\"fas fa-times-circle\"><\/i>\t\t\t<\/div>\n\t\t<\/div>\n\t\t\t\t\t\t<\/div>\n\t\t\t\t<\/div>\n\t\t\t\t<div class=\"elementor-element elementor-element-aa9832e good-bad-text elementor-widget elementor-widget-text-editor\" data-id=\"aa9832e\" data-element_type=\"widget\" data-widget_type=\"text-editor.default\">\n\t\t\t\t<div class=\"elementor-widget-container\">\n\t\t\t\t\t\t\t\t\t<p>Amenazaba con socavar la decisi\u00f3n de los votantes al permitirles a los votantes registrados solicitar y pagar un recuento, cuando de otra manera no es necesario.<\/p>\t\t\t\t\t\t\t\t<\/div>\n\t\t\t\t<\/div>\n\t\t\t\t\t<\/div>\n\t\t<\/div>\n\t\t\t\t\t<\/div>\n\t\t<\/section>\n\t\t\t\t<section class=\"elementor-section elementor-top-section elementor-element elementor-element-8053ee6 elementor-section-boxed elementor-section-height-default elementor-section-height-default\" data-id=\"8053ee6\" data-element_type=\"section\">\n\t\t\t\t\t\t<div class=\"elementor-container elementor-column-gap-default\">\n\t\t\t\t\t<div class=\"elementor-column elementor-col-33 elementor-top-column elementor-element elementor-element-30895c0\" data-id=\"30895c0\" data-element_type=\"column\">\n\t\t\t<div class=\"elementor-widget-wrap elementor-element-populated\">\n\t\t\t\t\t\t<div class=\"elementor-element elementor-element-a1a73c2 elementor-widget elementor-widget-text-editor\" data-id=\"a1a73c2\" data-element_type=\"widget\" data-widget_type=\"text-editor.default\">\n\t\t\t\t<div class=\"elementor-widget-container\">\n\t\t\t\t\t\t\t\t\t<p><a href=\"https:\/\/leg.colorado.gov\/bills\/sb21-009\" target=\"_blank\" rel=\"noopener\"><strong>SB21-009:<\/strong> Cobertura de anticonceptivos de Medicaid para personas indocumentadas y suministro para 12 meses<\/a><\/p>\t\t\t\t\t\t\t\t<\/div>\n\t\t\t\t<\/div>\n\t\t\t\t\t<\/div>\n\t\t<\/div>\n\t\t\t\t<div class=\"elementor-column elementor-col-33 elementor-top-column elementor-element elementor-element-a40bdc6\" data-id=\"a40bdc6\" data-element_type=\"column\">\n\t\t\t<div class=\"elementor-widget-wrap elementor-element-populated\">\n\t\t\t\t\t\t<div class=\"elementor-element elementor-element-0af9961 elementor-widget elementor-widget-text-editor\" data-id=\"0af9961\" data-element_type=\"widget\" data-widget_type=\"text-editor.default\">\n\t\t\t\t<div class=\"elementor-widget-container\">\n\t\t\t\t\t\t\t\t\t<p><span style=\"color: #008000;\"><strong>Triunfo<\/strong><\/span> \/ aprobada<\/p>\t\t\t\t\t\t\t\t<\/div>\n\t\t\t\t<\/div>\n\t\t\t\t\t<\/div>\n\t\t<\/div>\n\t\t\t\t<div class=\"elementor-column elementor-col-33 elementor-top-column elementor-element elementor-element-8dcfec4\" data-id=\"8dcfec4\" data-element_type=\"column\">\n\t\t\t<div class=\"elementor-widget-wrap elementor-element-populated\">\n\t\t\t\t\t\t<div class=\"elementor-element elementor-element-54ef39a bad-icon elementor-view-default elementor-widget elementor-widget-icon\" data-id=\"54ef39a\" data-element_type=\"widget\" data-widget_type=\"icon.default\">\n\t\t\t\t<div class=\"elementor-widget-container\">\n\t\t\t\t\t\t\t<div class=\"elementor-icon-wrapper\">\n\t\t\t<div class=\"elementor-icon\">\n\t\t\t<i aria-hidden=\"true\" class=\"fas fa-check-circle\"><\/i>\t\t\t<\/div>\n\t\t<\/div>\n\t\t\t\t\t\t<\/div>\n\t\t\t\t<\/div>\n\t\t\t\t<div class=\"elementor-element elementor-element-e3cc367 good-bad-text elementor-widget elementor-widget-text-editor\" data-id=\"e3cc367\" data-element_type=\"widget\" data-widget_type=\"text-editor.default\">\n\t\t\t\t<div class=\"elementor-widget-container\">\n\t\t\t\t\t\t\t\t\t<p>Ayuda a poner los anticonceptivos al alcance de las comunidades indocumentadas, quienes, a su vez, pueden llevar a cabo m\u00e1s f\u00e1cilmente sus metas reproductivas, lo cual ayuda a las personas a lograr sus ambiciones educativas, laborales y financieras.<\/p>\t\t\t\t\t\t\t\t<\/div>\n\t\t\t\t<\/div>\n\t\t\t\t\t<\/div>\n\t\t<\/div>\n\t\t\t\t\t<\/div>\n\t\t<\/section>\n\t\t\t\t<\/div>","protected":false},"excerpt":{"rendered":"<p>Nombre de la pol\u00edtica: \u00bfGana o bloquea la pol\u00edtica? \u00bfAmenaza o favorece la justicia reproductiva? HB21-1053: Solicitudes de recuento electoral bloqueadas\/pospuestas indefinidamente. Amenaz\u00f3 con socavar la decisi\u00f3n de los votantes al permitir que los votantes registrados [\u2026]<\/p>","protected":false},"author":1,"featured_media":0,"parent":0,"menu_order":0,"comment_status":"closed","ping_status":"closed","template":"","meta":{"footnotes":""},"class_list":["post-3602","page","type-page","status-publish","hentry"],"yoast_head":"<!-- This site is optimized with the Yoast SEO plugin v26.0 - https:\/\/yoast.com\/wordpress\/plugins\/seo\/ -->\n<title>Policy Wins 2022 - COLOR Latina<\/title>\n<meta name=\"robots\" content=\"index, follow, max-snippet:-1, max-image-preview:large, max-video-preview:-1\" \/>\n<link rel=\"canonical\" href=\"http:\/\/www.colorlatina.org\/es\/policy-wins-2022\/\" \/>\n<meta property=\"og:locale\" content=\"es_MX\" \/>\n<meta property=\"og:type\" content=\"article\" \/>\n<meta property=\"og:title\" content=\"Policy Wins 2022 - COLOR Latina\" \/>\n<meta property=\"og:description\" content=\"Policy Name Policy Win Or Block Threatens or Helps Reproductive Justice? HB21-1053: Election Recount Requests Block \/ postponed indefinitely Threatened to undermine the decision of voters by allowing registered voters [&hellip;]\" \/>\n<meta property=\"og:url\" content=\"http:\/\/www.colorlatina.org\/es\/policy-wins-2022\/\" \/>\n<meta property=\"og:site_name\" content=\"COLOR Latina\" \/>\n<meta property=\"article:modified_time\" content=\"2023-04-25T21:15:00+00:00\" \/>\n<meta property=\"og:image\" content=\"https:\/\/www.colorlatina.org\/wp-content\/uploads\/2022\/04\/color-latina-fb.jpg\" \/>\n\t<meta property=\"og:image:width\" content=\"1200\" \/>\n\t<meta property=\"og:image:height\" content=\"630\" \/>\n\t<meta property=\"og:image:type\" content=\"image\/jpeg\" \/>\n<meta name=\"twitter:card\" content=\"summary_large_image\" \/>\n<meta name=\"twitter:label1\" content=\"Tiempo de lectura\" \/>\n\t<meta name=\"twitter:data1\" content=\"1 minuto\" \/>\n<script type=\"application\/ld+json\" class=\"yoast-schema-graph\">{\"@context\":\"https:\/\/schema.org\",\"@graph\":[{\"@type\":\"WebPage\",\"@id\":\"http:\/\/www.colorlatina.org\/policy-wins-2022\/\",\"url\":\"http:\/\/www.colorlatina.org\/policy-wins-2022\/\",\"name\":\"Policy Wins 2022 - COLOR Latina\",\"isPartOf\":{\"@id\":\"https:\/\/www.colorlatina.org\/#website\"},\"datePublished\":\"2023-04-25T21:13:32+00:00\",\"dateModified\":\"2023-04-25T21:15:00+00:00\",\"breadcrumb\":{\"@id\":\"http:\/\/www.colorlatina.org\/policy-wins-2022\/#breadcrumb\"},\"inLanguage\":\"es\",\"potentialAction\":[{\"@type\":\"ReadAction\",\"target\":[\"http:\/\/www.colorlatina.org\/policy-wins-2022\/\"]}]},{\"@type\":\"BreadcrumbList\",\"@id\":\"http:\/\/www.colorlatina.org\/policy-wins-2022\/#breadcrumb\",\"itemListElement\":[{\"@type\":\"ListItem\",\"position\":1,\"name\":\"Home\",\"item\":\"https:\/\/www.colorlatina.org\/\"},{\"@type\":\"ListItem\",\"position\":2,\"name\":\"Policy Wins 2022\"}]},{\"@type\":\"WebSite\",\"@id\":\"https:\/\/www.colorlatina.org\/#website\",\"url\":\"https:\/\/www.colorlatina.org\/\",\"name\":\"COLOR Latina\",\"description\":\"\",\"publisher\":{\"@id\":\"https:\/\/www.colorlatina.org\/#organization\"},\"potentialAction\":[{\"@type\":\"SearchAction\",\"target\":{\"@type\":\"EntryPoint\",\"urlTemplate\":\"https:\/\/www.colorlatina.org\/?s={search_term_string}\"},\"query-input\":{\"@type\":\"PropertyValueSpecification\",\"valueRequired\":true,\"valueName\":\"search_term_string\"}}],\"inLanguage\":\"es\"},{\"@type\":\"Organization\",\"@id\":\"https:\/\/www.colorlatina.org\/#organization\",\"name\":\"COLOR Latina\",\"url\":\"https:\/\/www.colorlatina.org\/\",\"logo\":{\"@type\":\"ImageObject\",\"inLanguage\":\"es\",\"@id\":\"https:\/\/www.colorlatina.org\/#\/schema\/logo\/image\/\",\"url\":\"https:\/\/live-color-latina.pantheonsite.io\/wp-content\/uploads\/2022\/04\/color-latina-fb.jpg\",\"contentUrl\":\"https:\/\/live-color-latina.pantheonsite.io\/wp-content\/uploads\/2022\/04\/color-latina-fb.jpg\",\"width\":1200,\"height\":630,\"caption\":\"COLOR Latina\"},\"image\":{\"@id\":\"https:\/\/www.colorlatina.org\/#\/schema\/logo\/image\/\"}}]}<\/script>\n<!-- \/ Yoast SEO plugin. -->","yoast_head_json":{"title":"Policy Wins 2022 - COLOR Latina","robots":{"index":"index","follow":"follow","max-snippet":"max-snippet:-1","max-image-preview":"max-image-preview:large","max-video-preview":"max-video-preview:-1"},"canonical":"http:\/\/www.colorlatina.org\/es\/policy-wins-2022\/","og_locale":"es_MX","og_type":"article","og_title":"Policy Wins 2022 - COLOR Latina","og_description":"Policy Name Policy Win Or Block Threatens or Helps Reproductive Justice? HB21-1053: Election Recount Requests Block \/ postponed indefinitely Threatened to undermine the decision of voters by allowing registered voters [&hellip;]","og_url":"http:\/\/www.colorlatina.org\/es\/policy-wins-2022\/","og_site_name":"COLOR Latina","article_modified_time":"2023-04-25T21:15:00+00:00","og_image":[{"width":1200,"height":630,"url":"https:\/\/www.colorlatina.org\/wp-content\/uploads\/2022\/04\/color-latina-fb.jpg","type":"image\/jpeg"}],"twitter_card":"summary_large_image","twitter_misc":{"Tiempo de lectura":"1 minuto"},"schema":{"@context":"https:\/\/schema.org","@graph":[{"@type":"WebPage","@id":"http:\/\/www.colorlatina.org\/policy-wins-2022\/","url":"http:\/\/www.colorlatina.org\/policy-wins-2022\/","name":"Policy Wins 2022 - COLOR Latina","isPartOf":{"@id":"https:\/\/www.colorlatina.org\/#website"},"datePublished":"2023-04-25T21:13:32+00:00","dateModified":"2023-04-25T21:15:00+00:00","breadcrumb":{"@id":"http:\/\/www.colorlatina.org\/policy-wins-2022\/#breadcrumb"},"inLanguage":"es","potentialAction":[{"@type":"ReadAction","target":["http:\/\/www.colorlatina.org\/policy-wins-2022\/"]}]},{"@type":"BreadcrumbList","@id":"http:\/\/www.colorlatina.org\/policy-wins-2022\/#breadcrumb","itemListElement":[{"@type":"ListItem","position":1,"name":"Home","item":"https:\/\/www.colorlatina.org\/"},{"@type":"ListItem","position":2,"name":"Policy Wins 2022"}]},{"@type":"WebSite","@id":"https:\/\/www.colorlatina.org\/#website","url":"https:\/\/www.colorlatina.org\/","name":"COLOR Latina","description":"","publisher":{"@id":"https:\/\/www.colorlatina.org\/#organization"},"potentialAction":[{"@type":"SearchAction","target":{"@type":"EntryPoint","urlTemplate":"https:\/\/www.colorlatina.org\/?s={search_term_string}"},"query-input":{"@type":"PropertyValueSpecification","valueRequired":true,"valueName":"search_term_string"}}],"inLanguage":"es"},{"@type":"Organization","@id":"https:\/\/www.colorlatina.org\/#organization","name":"COLOR Latina","url":"https:\/\/www.colorlatina.org\/","logo":{"@type":"ImageObject","inLanguage":"es","@id":"https:\/\/www.colorlatina.org\/#\/schema\/logo\/image\/","url":"https:\/\/live-color-latina.pantheonsite.io\/wp-content\/uploads\/2022\/04\/color-latina-fb.jpg","contentUrl":"https:\/\/live-color-latina.pantheonsite.io\/wp-content\/uploads\/2022\/04\/color-latina-fb.jpg","width":1200,"height":630,"caption":"COLOR Latina"},"image":{"@id":"https:\/\/www.colorlatina.org\/#\/schema\/logo\/image\/"}}]}},"_links":{"self":[{"href":"https:\/\/www.colorlatina.org\/es\/wp-json\/wp\/v2\/pages\/3602","targetHints":{"allow":["GET"]}}],"collection":[{"href":"https:\/\/www.colorlatina.org\/es\/wp-json\/wp\/v2\/pages"}],"about":[{"href":"https:\/\/www.colorlatina.org\/es\/wp-json\/wp\/v2\/types\/page"}],"author":[{"embeddable":true,"href":"https:\/\/www.colorlatina.org\/es\/wp-json\/wp\/v2\/users\/1"}],"replies":[{"embeddable":true,"href":"https:\/\/www.colorlatina.org\/es\/wp-json\/wp\/v2\/comments?post=3602"}],"version-history":[{"count":4,"href":"https:\/\/www.colorlatina.org\/es\/wp-json\/wp\/v2\/pages\/3602\/revisions"}],"predecessor-version":[{"id":3612,"href":"https:\/\/www.colorlatina.org\/es\/wp-json\/wp\/v2\/pages\/3602\/revisions\/3612"}],"wp:attachment":[{"href":"https:\/\/www.colorlatina.org\/es\/wp-json\/wp\/v2\/media?parent=3602"}],"curies":[{"name":"wp","href":"https:\/\/api.w.org\/{rel}","templated":true}]}}