{"id":3862,"date":"2023-09-28T13:14:59","date_gmt":"2023-09-28T19:14:59","guid":{"rendered":"https:\/\/www.colorlatina.org\/?page_id=3862"},"modified":"2023-10-05T09:36:24","modified_gmt":"2023-10-05T15:36:24","slug":"pueblo-23","status":"publish","type":"page","link":"https:\/\/www.colorlatina.org\/es\/civic-engagement\/pueblo-23\/","title":{"rendered":"Elecciones municipales de Pueblo"},"content":{"rendered":"<p class=\"has-text-align-center\"><em>\u00a1Las elecciones municipales de Pueblo se llevar\u00e1n a cabo el 7 de noviembre de 2023!<\/em><\/p>\n\n\n\n<p>Nos comprometemos con la participaci\u00f3n de nuestra comunidad durante todo el a\u00f1o, especialmente en \u00e9pocas electorales. Por eso, COLOR invierte en nuestras iniciativas de GOTV en todo el estado. <\/p>\n\n\n\n<p><strong>Este noviembre, los votantes de Pueblo podr\u00e1n elegir un Alcalde, Representantes del Concejo Municipal de los Distritos Dos y Cuatro, un Representante General del Concejo Municipal y el Representante General \u2013 Presidente.<\/strong>\u00a1COLOR se compromete a presentarte todo lo que necesitas para emitir tu voto con confianza! <\/p>\n\n\n\n<p>Est\u00e9 atento a todo lo relacionado con las elecciones municipales de Pueblo en nuestro sitio web y redes sociales \ud83d\udc40<\/p>\n\n\n\n<p class=\"has-text-align-center\"><em>Esperamos verte actuar en estas elecciones. \u00a1No te lo pierdas!<\/em><\/p>\n\n\n\n<div class=\"wp-block-buttons is-content-justification-center is-layout-flex wp-container-core-buttons-is-layout-a89b3969 wp-block-buttons-is-layout-flex\">\n<div class=\"wp-block-button\"><a class=\"wp-block-button__link has-white-color has-vivid-cyan-blue-to-vivid-purple-gradient-background has-text-color has-background wp-element-button\" href=\"http:\/\/bit.ly\/COLORVotes23\" target=\"_blank\" rel=\"noreferrer noopener\">Reg\u00edstrese para votar o actualice su registro de votante.<\/a><\/div>\n<\/div>\n\n\n\n<div style=\"height:21px\" aria-hidden=\"true\" class=\"wp-block-spacer\"><\/div>\n\n\n\n<h2 class=\"wp-block-heading\">Detalles de la elecci\u00f3n:<\/h2>\n\n\n\n<ul class=\"wp-block-list\">\n<li>Las elecciones municipales de Pueblo son no partidistas.&nbsp;<\/li>\n\n\n\n<li>Las papeletas se enviar\u00e1n autom\u00e1ticamente por correo a todos los registrados para votar. Aseg\u00farese de que su registro est\u00e9 al d\u00eda con su direcci\u00f3n actual antes del 16 de octubre.<\/li>\n<\/ul>\n\n\n\n<p class=\"has-text-align-center\"><em>Para obtener m\u00e1s informaci\u00f3n sobre las ubicaciones de Dropboxes y VSPC en Pueblo, <a href=\"https:\/\/justvotecolorado.org\/\">Visita este nosotros<\/a><a href=\"https:\/\/justvotecolorado.org\/\" target=\"_blank\" rel=\"noreferrer noopener\">b<\/a><a href=\"https:\/\/justvotecolorado.org\/\">sitio<\/a>.<\/em><\/p>\n\n\n\n<div style=\"height:23px\" aria-hidden=\"true\" class=\"wp-block-spacer\"><\/div>\n\n\n\n<h2 class=\"wp-block-heading\">Fechas electorales importantes:<\/h2>\n\n\n\n<h4 class=\"wp-block-heading\">16 de octubre de 2023<\/h4>\n\n\n\n<ul class=\"wp-block-list\">\n<li>\u00a1Boletas enviadas por correo!<\/li>\n\n\n\n<li>Buzones de votaci\u00f3n abiertos (acceso 24\/7)<\/li>\n<\/ul>\n\n\n\n<h4 class=\"wp-block-heading\">30 de octubre de 2023<\/h4>\n\n\n\n<ul class=\"wp-block-list\">\n<li>\u00daltimo d\u00eda para devolver su boleta por correo<\/li>\n\n\n\n<li>\u00daltimo d\u00eda para registrarse para votar y recibir una boleta por correo<\/li>\n\n\n\n<li>VSPCs abiertos<\/li>\n<\/ul>\n\n\n\n<h4 class=\"wp-block-heading\">7 de noviembre de 2023 \u2013 \u00a1D\u00eda de elecciones! \ud83d\uddf3\ufe0f<\/h4>\n\n\n\n<ul class=\"wp-block-list\">\n<li>\u00daltimo d\u00eda para votar\/D\u00eda de las elecciones<\/li>\n\n\n\n<li>Las papeletas de voto por correo deben devolverse antes de las 7 p. m. o<\/li>\n\n\n\n<li>Los votantes deben estar en fila a las 7 p. m. para emitir su voto en persona.\n<ul class=\"wp-block-list\">\n<li>Mant\u00e9ngase en la fila hasta votar, incluso si son m\u00e1s de las 7 p. m.<\/li>\n<\/ul>\n<\/li>\n<\/ul>\n\n\n\n<div style=\"height:42px\" aria-hidden=\"true\" class=\"wp-block-spacer\"><\/div>\n\n\n\n<div class=\"wp-block-buttons is-content-justification-center is-layout-flex wp-container-core-buttons-is-layout-a89b3969 wp-block-buttons-is-layout-flex\">\n<div class=\"wp-block-button\"><a class=\"wp-block-button__link has-white-color has-vivid-cyan-blue-to-vivid-purple-gradient-background has-text-color has-background wp-element-button\" href=\"http:\/\/bit.ly\/COLORVotes23\" target=\"_blank\" rel=\"noreferrer noopener\">Reg\u00edstrese para votar o actualice su registro de votante.<\/a><\/div>\n<\/div>","protected":false},"excerpt":{"rendered":"<p>\u00a1Las elecciones municipales de Pueblo se celebrar\u00e1n el 7 de noviembre de 2023! Nos comprometemos a involucrar a nuestra comunidad durante todo el a\u00f1o, especialmente en la \u00e9poca electoral. Por eso, COLOR invierte en [\u2026]<\/p>","protected":false},"author":1,"featured_media":0,"parent":33,"menu_order":0,"comment_status":"closed","ping_status":"closed","template":"","meta":{"footnotes":""},"class_list":["post-3862","page","type-page","status-publish","hentry"],"yoast_head":"<!-- This site is optimized with the Yoast SEO plugin v26.0 - https:\/\/yoast.com\/wordpress\/plugins\/seo\/ -->\n<title>Pueblo Municipal Elections - COLOR Latina<\/title>\n<meta name=\"robots\" content=\"index, follow, max-snippet:-1, max-image-preview:large, max-video-preview:-1\" \/>\n<link rel=\"canonical\" href=\"https:\/\/www.colorlatina.org\/es\/civic-engagement\/pueblo-23\/\" \/>\n<meta property=\"og:locale\" content=\"es_MX\" \/>\n<meta property=\"og:type\" content=\"article\" \/>\n<meta property=\"og:title\" content=\"Pueblo Municipal Elections - COLOR Latina\" \/>\n<meta property=\"og:description\" content=\"Pueblo Municipal Elections are happening on November 7th, 2023! We&#8217;re committed to the engagement of our community year-round, especially around election season. This is why COLOR is investing in our [&hellip;]\" \/>\n<meta property=\"og:url\" content=\"https:\/\/www.colorlatina.org\/es\/civic-engagement\/pueblo-23\/\" \/>\n<meta property=\"og:site_name\" content=\"COLOR Latina\" \/>\n<meta property=\"article:modified_time\" content=\"2023-10-05T15:36:24+00:00\" \/>\n<meta property=\"og:image\" content=\"https:\/\/www.colorlatina.org\/wp-content\/uploads\/2022\/04\/color-latina-fb.jpg\" \/>\n\t<meta property=\"og:image:width\" content=\"1200\" \/>\n\t<meta property=\"og:image:height\" content=\"630\" \/>\n\t<meta property=\"og:image:type\" content=\"image\/jpeg\" \/>\n<meta name=\"twitter:card\" content=\"summary_large_image\" \/>\n<meta name=\"twitter:label1\" content=\"Tiempo de lectura\" \/>\n\t<meta name=\"twitter:data1\" content=\"2 minutos\" \/>\n<script type=\"application\/ld+json\" class=\"yoast-schema-graph\">{\"@context\":\"https:\/\/schema.org\",\"@graph\":[{\"@type\":\"WebPage\",\"@id\":\"https:\/\/www.colorlatina.org\/civic-engagement\/pueblo-23\/\",\"url\":\"https:\/\/www.colorlatina.org\/civic-engagement\/pueblo-23\/\",\"name\":\"Pueblo Municipal Elections - COLOR Latina\",\"isPartOf\":{\"@id\":\"https:\/\/www.colorlatina.org\/#website\"},\"datePublished\":\"2023-09-28T19:14:59+00:00\",\"dateModified\":\"2023-10-05T15:36:24+00:00\",\"breadcrumb\":{\"@id\":\"https:\/\/www.colorlatina.org\/civic-engagement\/pueblo-23\/#breadcrumb\"},\"inLanguage\":\"es\",\"potentialAction\":[{\"@type\":\"ReadAction\",\"target\":[\"https:\/\/www.colorlatina.org\/civic-engagement\/pueblo-23\/\"]}]},{\"@type\":\"BreadcrumbList\",\"@id\":\"https:\/\/www.colorlatina.org\/civic-engagement\/pueblo-23\/#breadcrumb\",\"itemListElement\":[{\"@type\":\"ListItem\",\"position\":1,\"name\":\"Home\",\"item\":\"https:\/\/www.colorlatina.org\/\"},{\"@type\":\"ListItem\",\"position\":2,\"name\":\"Civic &#038; Voter Education\",\"item\":\"https:\/\/www.colorlatina.org\/civic-engagement\/\"},{\"@type\":\"ListItem\",\"position\":3,\"name\":\"Pueblo Municipal Elections\"}]},{\"@type\":\"WebSite\",\"@id\":\"https:\/\/www.colorlatina.org\/#website\",\"url\":\"https:\/\/www.colorlatina.org\/\",\"name\":\"COLOR Latina\",\"description\":\"\",\"publisher\":{\"@id\":\"https:\/\/www.colorlatina.org\/#organization\"},\"potentialAction\":[{\"@type\":\"SearchAction\",\"target\":{\"@type\":\"EntryPoint\",\"urlTemplate\":\"https:\/\/www.colorlatina.org\/?s={search_term_string}\"},\"query-input\":{\"@type\":\"PropertyValueSpecification\",\"valueRequired\":true,\"valueName\":\"search_term_string\"}}],\"inLanguage\":\"es\"},{\"@type\":\"Organization\",\"@id\":\"https:\/\/www.colorlatina.org\/#organization\",\"name\":\"COLOR Latina\",\"url\":\"https:\/\/www.colorlatina.org\/\",\"logo\":{\"@type\":\"ImageObject\",\"inLanguage\":\"es\",\"@id\":\"https:\/\/www.colorlatina.org\/#\/schema\/logo\/image\/\",\"url\":\"https:\/\/live-color-latina.pantheonsite.io\/wp-content\/uploads\/2022\/04\/color-latina-fb.jpg\",\"contentUrl\":\"https:\/\/live-color-latina.pantheonsite.io\/wp-content\/uploads\/2022\/04\/color-latina-fb.jpg\",\"width\":1200,\"height\":630,\"caption\":\"COLOR Latina\"},\"image\":{\"@id\":\"https:\/\/www.colorlatina.org\/#\/schema\/logo\/image\/\"}}]}<\/script>\n<!-- \/ Yoast SEO plugin. -->","yoast_head_json":{"title":"Pueblo Municipal Elections - COLOR Latina","robots":{"index":"index","follow":"follow","max-snippet":"max-snippet:-1","max-image-preview":"max-image-preview:large","max-video-preview":"max-video-preview:-1"},"canonical":"https:\/\/www.colorlatina.org\/es\/civic-engagement\/pueblo-23\/","og_locale":"es_MX","og_type":"article","og_title":"Pueblo Municipal Elections - COLOR Latina","og_description":"Pueblo Municipal Elections are happening on November 7th, 2023! We&#8217;re committed to the engagement of our community year-round, especially around election season. This is why COLOR is investing in our [&hellip;]","og_url":"https:\/\/www.colorlatina.org\/es\/civic-engagement\/pueblo-23\/","og_site_name":"COLOR Latina","article_modified_time":"2023-10-05T15:36:24+00:00","og_image":[{"width":1200,"height":630,"url":"https:\/\/www.colorlatina.org\/wp-content\/uploads\/2022\/04\/color-latina-fb.jpg","type":"image\/jpeg"}],"twitter_card":"summary_large_image","twitter_misc":{"Tiempo de lectura":"2 minutos"},"schema":{"@context":"https:\/\/schema.org","@graph":[{"@type":"WebPage","@id":"https:\/\/www.colorlatina.org\/civic-engagement\/pueblo-23\/","url":"https:\/\/www.colorlatina.org\/civic-engagement\/pueblo-23\/","name":"Pueblo Municipal Elections - COLOR Latina","isPartOf":{"@id":"https:\/\/www.colorlatina.org\/#website"},"datePublished":"2023-09-28T19:14:59+00:00","dateModified":"2023-10-05T15:36:24+00:00","breadcrumb":{"@id":"https:\/\/www.colorlatina.org\/civic-engagement\/pueblo-23\/#breadcrumb"},"inLanguage":"es","potentialAction":[{"@type":"ReadAction","target":["https:\/\/www.colorlatina.org\/civic-engagement\/pueblo-23\/"]}]},{"@type":"BreadcrumbList","@id":"https:\/\/www.colorlatina.org\/civic-engagement\/pueblo-23\/#breadcrumb","itemListElement":[{"@type":"ListItem","position":1,"name":"Home","item":"https:\/\/www.colorlatina.org\/"},{"@type":"ListItem","position":2,"name":"Civic &#038; Voter Education","item":"https:\/\/www.colorlatina.org\/civic-engagement\/"},{"@type":"ListItem","position":3,"name":"Pueblo Municipal Elections"}]},{"@type":"WebSite","@id":"https:\/\/www.colorlatina.org\/#website","url":"https:\/\/www.colorlatina.org\/","name":"COLOR Latina","description":"","publisher":{"@id":"https:\/\/www.colorlatina.org\/#organization"},"potentialAction":[{"@type":"SearchAction","target":{"@type":"EntryPoint","urlTemplate":"https:\/\/www.colorlatina.org\/?s={search_term_string}"},"query-input":{"@type":"PropertyValueSpecification","valueRequired":true,"valueName":"search_term_string"}}],"inLanguage":"es"},{"@type":"Organization","@id":"https:\/\/www.colorlatina.org\/#organization","name":"COLOR Latina","url":"https:\/\/www.colorlatina.org\/","logo":{"@type":"ImageObject","inLanguage":"es","@id":"https:\/\/www.colorlatina.org\/#\/schema\/logo\/image\/","url":"https:\/\/live-color-latina.pantheonsite.io\/wp-content\/uploads\/2022\/04\/color-latina-fb.jpg","contentUrl":"https:\/\/live-color-latina.pantheonsite.io\/wp-content\/uploads\/2022\/04\/color-latina-fb.jpg","width":1200,"height":630,"caption":"COLOR Latina"},"image":{"@id":"https:\/\/www.colorlatina.org\/#\/schema\/logo\/image\/"}}]}},"_links":{"self":[{"href":"https:\/\/www.colorlatina.org\/es\/wp-json\/wp\/v2\/pages\/3862","targetHints":{"allow":["GET"]}}],"collection":[{"href":"https:\/\/www.colorlatina.org\/es\/wp-json\/wp\/v2\/pages"}],"about":[{"href":"https:\/\/www.colorlatina.org\/es\/wp-json\/wp\/v2\/types\/page"}],"author":[{"embeddable":true,"href":"https:\/\/www.colorlatina.org\/es\/wp-json\/wp\/v2\/users\/1"}],"replies":[{"embeddable":true,"href":"https:\/\/www.colorlatina.org\/es\/wp-json\/wp\/v2\/comments?post=3862"}],"version-history":[{"count":6,"href":"https:\/\/www.colorlatina.org\/es\/wp-json\/wp\/v2\/pages\/3862\/revisions"}],"predecessor-version":[{"id":3884,"href":"https:\/\/www.colorlatina.org\/es\/wp-json\/wp\/v2\/pages\/3862\/revisions\/3884"}],"up":[{"embeddable":true,"href":"https:\/\/www.colorlatina.org\/es\/wp-json\/wp\/v2\/pages\/33"}],"wp:attachment":[{"href":"https:\/\/www.colorlatina.org\/es\/wp-json\/wp\/v2\/media?parent=3862"}],"curies":[{"name":"wp","href":"https:\/\/api.w.org\/{rel}","templated":true}]}}