{"id":3876,"date":"2023-10-02T10:51:48","date_gmt":"2023-10-02T16:51:48","guid":{"rendered":"https:\/\/www.colorlatina.org\/?page_id=3876"},"modified":"2024-04-29T09:53:48","modified_gmt":"2024-04-29T15:53:48","slug":"online-store","status":"publish","type":"page","link":"https:\/\/www.colorlatina.org\/es\/join-us\/online-store\/","title":{"rendered":"Tienda en l\u00ednea"},"content":{"rendered":"<p>Disponemos de una tienda online a trav\u00e9s de <a href=\"https:\/\/www.bonfire.com\/store\/color-latina\/\">Hoguera<\/a>\u00a1Aseg\u00farate de revisar los dise\u00f1os m\u00e1s nuevos y las \u00faltimas campa\u00f1as en nuestra tienda que financian directamente nuestro trabajo de Justicia Reproductiva. <\/p>\n\n\n\n<p>A continuaci\u00f3n se muestran algunas de nuestras campa\u00f1as disponibles para que las compre:<\/p>\n\n\n\n<h3 class=\"wp-block-heading\">Las latinas ganan fuerza pol\u00edtica (LIPS) <a href=\"https:\/\/www.bonfire.com\/lipsquince\/?utm_source=copy_link&amp;utm_medium=campaign_page&amp;utm_campaign=lipsquince&amp;utm_content=default\" target=\"_blank\" rel=\"noreferrer noopener\">cumple 15 a\u00f1os<\/a>! <\/h3>\n\n\n\n<figure class=\"wp-block-image alignright size-large is-resized\"><img fetchpriority=\"high\" decoding=\"async\" width=\"1024\" height=\"865\" src=\"https:\/\/www.colorlatina.org\/wp-content\/uploads\/2024\/04\/Screenshot-2024-04-29-at-9.51.15\u202fAM-1024x865.png\" alt=\"\" class=\"wp-image-4239\" style=\"width:383px;height:auto\" srcset=\"https:\/\/www.colorlatina.org\/wp-content\/uploads\/2024\/04\/Screenshot-2024-04-29-at-9.51.15\u202fAM-1024x865.png 1024w, https:\/\/www.colorlatina.org\/wp-content\/uploads\/2024\/04\/Screenshot-2024-04-29-at-9.51.15\u202fAM-300x253.png 300w, https:\/\/www.colorlatina.org\/wp-content\/uploads\/2024\/04\/Screenshot-2024-04-29-at-9.51.15\u202fAM-768x649.png 768w, https:\/\/www.colorlatina.org\/wp-content\/uploads\/2024\/04\/Screenshot-2024-04-29-at-9.51.15\u202fAM-14x12.png 14w, https:\/\/www.colorlatina.org\/wp-content\/uploads\/2024\/04\/Screenshot-2024-04-29-at-9.51.15\u202fAM.png 1328w\" sizes=\"(max-width: 1024px) 100vw, 1024px\" \/><\/figure>\n\n\n\n<p><strong>\u00a1Latinas Incrementando Fuerza Pol\u00edtica (LIPS) cumple 15 a\u00f1os!<\/strong>&nbsp;\ud83d\udc8b\ud83c\udf82 Celebraremos el poder de las j\u00f3venes latinas en todas partes lo mejor que sabemos: \u00a1con la Quincea\u00f1era de nuestros sue\u00f1os!&nbsp;<strong>LIPS es el programa de desarrollo de liderazgo juvenil exclusivo de COLOR&nbsp;<\/strong>para j\u00f3venes de 16 a 21 a\u00f1os en todo Colorado y&nbsp;<strong>Involucra a los participantes en una comunidad vibrante de activistas.<\/strong>&nbsp;LIPS orienta a la pr\u00f3xima generaci\u00f3n de l\u00edderes para promover el avance de nuestras comunidades y defender la justicia reproductiva.<\/p>\n\n\n\n<p>Consigue nuestro bot\u00edn de edici\u00f3n especial <em><a href=\"https:\/\/www.bonfire.com\/lipsquince\/?utm_source=copy_link&amp;utm_medium=campaign_page&amp;utm_campaign=lipsquince&amp;utm_content=default\" target=\"_blank\" rel=\"noreferrer noopener\">Mi voz, mi cuerpo, mi poder<\/a><\/em> \u00a1Invertir en la pr\u00f3xima generaci\u00f3n de l\u00edderes en justicia reproductiva! \ud83d\udcaa\ud83c\udffc<\/p>\n\n\n\n<div style=\"height:47px\" aria-hidden=\"true\" class=\"wp-block-spacer\"><\/div>\n\n\n\n<h3 class=\"wp-block-heading\">\u00a125 a\u00f1os de justicia reproductiva!<a href=\"https:\/\/www.bonfire.com\/color-25years\/?utm_source=copy_link&amp;utm_medium=campaign_page&amp;utm_campaign=color-25years&amp;utm_content=default\">Ingl\u00e9s <\/a>y <a href=\"https:\/\/www.bonfire.com\/color-justicia\/?utm_source=copy_link&amp;utm_medium=campaign_page&amp;utm_campaign=color-justicia&amp;utm_content=default\">Espa\u00f1ol<\/a>)<\/h3>\n\n\n\n<figure class=\"wp-block-image alignright size-large is-resized is-style-rounded\"><img decoding=\"async\" width=\"1024\" height=\"906\" src=\"https:\/\/www.colorlatina.org\/wp-content\/uploads\/2023\/10\/Limited-Edition-Design-1024x906.png\" alt=\"\" class=\"wp-image-3877\" style=\"width:431px;height:381px\" srcset=\"https:\/\/www.colorlatina.org\/wp-content\/uploads\/2023\/10\/Limited-Edition-Design-1024x906.png 1024w, https:\/\/www.colorlatina.org\/wp-content\/uploads\/2023\/10\/Limited-Edition-Design-300x265.png 300w, https:\/\/www.colorlatina.org\/wp-content\/uploads\/2023\/10\/Limited-Edition-Design-768x679.png 768w, https:\/\/www.colorlatina.org\/wp-content\/uploads\/2023\/10\/Limited-Edition-Design-1536x1358.png 1536w, https:\/\/www.colorlatina.org\/wp-content\/uploads\/2023\/10\/Limited-Edition-Design-14x12.png 14w, https:\/\/www.colorlatina.org\/wp-content\/uploads\/2023\/10\/Limited-Edition-Design.png 2048w\" sizes=\"(max-width: 1024px) 100vw, 1024px\" \/><\/figure>\n\n\n\n<p>Esta campa\u00f1a especial celebra nuestros 25 a\u00f1os de Justicia Reproductiva en Colorado. Nuestro movimiento de Justicia Reproductiva ha demostrado lo que significa luchar por la justicia y la autodeterminaci\u00f3n de TODOS los habitantes de Colorado, especialmente despu\u00e9s de la revocaci\u00f3n del caso Roe en junio pasado, que elimin\u00f3 el derecho al aborto a nivel nacional. <strong>Pero eso no nos detuvo, y no nos impedir\u00e1 seguir protegiendo, ampliando y apoyando la gama completa de atenci\u00f3n para todos.<\/strong> \u00a1Ap\u00f3yanos comprando en esta campa\u00f1a! <em>El arte fue creado por <a href=\"https:\/\/liberaljane.store\/\">Jane liberal<\/a>.<\/em><\/p>\n\n\n\n<div style=\"height:36px\" aria-hidden=\"true\" class=\"wp-block-spacer\"><\/div>\n\n\n\n<h3 class=\"wp-block-heading\"><a href=\"https:\/\/www.bonfire.com\/abortion-is-great-policy\/?utm_source=copy_link&amp;utm_medium=campaign_page&amp;utm_campaign=abortion-is-great-policy&amp;utm_content=default\">El aborto es una buena pol\u00edtica<\/a> \u2013 \u00a1El aborto es bueno!<\/h3>\n\n\n\n<figure class=\"wp-block-image alignright size-large is-resized is-style-default\"><img decoding=\"async\" width=\"1024\" height=\"1024\" src=\"https:\/\/www.colorlatina.org\/wp-content\/uploads\/2023\/10\/ABORTION-IS-GREAT-POLICY.-We-know.-1-1024x1024.png\" alt=\"\" class=\"wp-image-3878\" style=\"width:347px;height:347px\" srcset=\"https:\/\/www.colorlatina.org\/wp-content\/uploads\/2023\/10\/ABORTION-IS-GREAT-POLICY.-We-know.-1-1024x1024.png 1024w, https:\/\/www.colorlatina.org\/wp-content\/uploads\/2023\/10\/ABORTION-IS-GREAT-POLICY.-We-know.-1-300x300.png 300w, https:\/\/www.colorlatina.org\/wp-content\/uploads\/2023\/10\/ABORTION-IS-GREAT-POLICY.-We-know.-1-150x150.png 150w, https:\/\/www.colorlatina.org\/wp-content\/uploads\/2023\/10\/ABORTION-IS-GREAT-POLICY.-We-know.-1-768x768.png 768w, https:\/\/www.colorlatina.org\/wp-content\/uploads\/2023\/10\/ABORTION-IS-GREAT-POLICY.-We-know.-1-12x12.png 12w, https:\/\/www.colorlatina.org\/wp-content\/uploads\/2023\/10\/ABORTION-IS-GREAT-POLICY.-We-know.-1.png 1080w\" sizes=\"(max-width: 1024px) 100vw, 1024px\" \/><\/figure>\n\n\n\n<p><strong>Los habitantes de Colorado han votado una y otra vez para proteger el acceso a la atenci\u00f3n del aborto porque el acceso a cualquier forma de atenci\u00f3n m\u00e9dica es m\u00e1s que una buena pol\u00edtica, es una excelente pol\u00edtica. <\/strong>Los votantes de nuestro estado han derrotado con \u00e9xito m\u00e1s de 44 intentos de prohibir o restringir el aborto en la Asamblea General desde 2010 y 4 intentos en las urnas desde 2008. En 2020, los habitantes de Colorado votaron rotundamente en contra de la Propuesta 115, que habr\u00eda establecido l\u00edmites de gestaci\u00f3n para las personas que buscan atenci\u00f3n de aborto m\u00e1s all\u00e1 de las 22 semanas. Para los latinos, proteger y ampliar el acceso a la atenci\u00f3n del aborto fue un motivo clave para acudir a votar durante las elecciones de mitad de per\u00edodo en 2022. <a href=\"http:\/\/coloradolatinopolicyagenda.org\">En nuestra agenda de pol\u00edticas latinas de Colorado<\/a>, descubrimos que el 68% de los latinos que encuestamos apoyan pol\u00edticas que garanticen que los residentes del estado tengan acceso a abortos seguros y salud reproductiva. Apoye nuestro trabajo de pol\u00edticas <a href=\"https:\/\/www.bonfire.com\/abortion-is-great-policy\/?utm_source=copy_link&amp;utm_medium=campaign_page&amp;utm_campaign=abortion-is-great-policy&amp;utm_content=default\">comprando en esta campa\u00f1a<\/a>! <em>El arte fue creado por el miembro del personal de COLOR, Aurea BP <\/em><\/p>\n\n\n\n<p><\/p>","protected":false},"excerpt":{"rendered":"<p>\u00a1Tenemos una tienda en l\u00ednea a trav\u00e9s de Bonfire!\u2728 No te pierdas los dise\u00f1os m\u00e1s recientes y las \u00faltimas campa\u00f1as en nuestra tienda que financian directamente nuestro trabajo de Justicia Reproductiva. Aqu\u00ed [\u2026]<\/p>","protected":false},"author":1,"featured_media":0,"parent":724,"menu_order":0,"comment_status":"closed","ping_status":"closed","template":"","meta":{"footnotes":""},"class_list":["post-3876","page","type-page","status-publish","hentry"],"yoast_head":"<!-- This site is optimized with the Yoast SEO plugin v26.0 - https:\/\/yoast.com\/wordpress\/plugins\/seo\/ -->\n<title>Online Store - COLOR Latina<\/title>\n<meta name=\"robots\" content=\"index, follow, max-snippet:-1, max-image-preview:large, max-video-preview:-1\" \/>\n<link rel=\"canonical\" href=\"https:\/\/live-color-latina.pantheonsite.io\/es\/join-us\/online-store\/\" \/>\n<meta property=\"og:locale\" content=\"es_MX\" \/>\n<meta property=\"og:type\" content=\"article\" \/>\n<meta property=\"og:title\" content=\"Online Store - COLOR Latina\" \/>\n<meta property=\"og:description\" content=\"We have an online store through Bonfire!\u2728 Make sure that you check out the newest designs and latest campaigns on our store that directly fund our Reproductive Justice work. Here [&hellip;]\" \/>\n<meta property=\"og:url\" content=\"https:\/\/live-color-latina.pantheonsite.io\/es\/join-us\/online-store\/\" \/>\n<meta property=\"og:site_name\" content=\"COLOR Latina\" \/>\n<meta property=\"article:modified_time\" content=\"2024-04-29T15:53:48+00:00\" \/>\n<meta property=\"og:image\" content=\"https:\/\/www.colorlatina.org\/wp-content\/uploads\/2023\/10\/Limited-Edition-Design-1024x906.png\" \/>\n<meta name=\"twitter:card\" content=\"summary_large_image\" \/>\n<meta name=\"twitter:label1\" content=\"Tiempo de lectura\" \/>\n\t<meta name=\"twitter:data1\" content=\"3 minutos\" \/>\n<script type=\"application\/ld+json\" class=\"yoast-schema-graph\">{\"@context\":\"https:\/\/schema.org\",\"@graph\":[{\"@type\":\"WebPage\",\"@id\":\"https:\/\/live-color-latina.pantheonsite.io\/es\/join-us\/online-store\/\",\"url\":\"https:\/\/live-color-latina.pantheonsite.io\/es\/join-us\/online-store\/\",\"name\":\"Online Store - COLOR Latina\",\"isPartOf\":{\"@id\":\"https:\/\/www.colorlatina.org\/#website\"},\"primaryImageOfPage\":{\"@id\":\"https:\/\/live-color-latina.pantheonsite.io\/es\/join-us\/online-store\/#primaryimage\"},\"image\":{\"@id\":\"https:\/\/live-color-latina.pantheonsite.io\/es\/join-us\/online-store\/#primaryimage\"},\"thumbnailUrl\":\"https:\/\/www.colorlatina.org\/wp-content\/uploads\/2023\/10\/Limited-Edition-Design-1024x906.png\",\"datePublished\":\"2023-10-02T16:51:48+00:00\",\"dateModified\":\"2024-04-29T15:53:48+00:00\",\"breadcrumb\":{\"@id\":\"https:\/\/live-color-latina.pantheonsite.io\/es\/join-us\/online-store\/#breadcrumb\"},\"inLanguage\":\"es\",\"potentialAction\":[{\"@type\":\"ReadAction\",\"target\":[\"https:\/\/live-color-latina.pantheonsite.io\/es\/join-us\/online-store\/\"]}]},{\"@type\":\"ImageObject\",\"inLanguage\":\"es\",\"@id\":\"https:\/\/live-color-latina.pantheonsite.io\/es\/join-us\/online-store\/#primaryimage\",\"url\":\"https:\/\/www.colorlatina.org\/wp-content\/uploads\/2023\/10\/Limited-Edition-Design-1024x906.png\",\"contentUrl\":\"https:\/\/www.colorlatina.org\/wp-content\/uploads\/2023\/10\/Limited-Edition-Design-1024x906.png\"},{\"@type\":\"BreadcrumbList\",\"@id\":\"https:\/\/live-color-latina.pantheonsite.io\/es\/join-us\/online-store\/#breadcrumb\",\"itemListElement\":[{\"@type\":\"ListItem\",\"position\":1,\"name\":\"Home\",\"item\":\"https:\/\/www.colorlatina.org\/\"},{\"@type\":\"ListItem\",\"position\":2,\"name\":\"Join Our Movement for Reproductive Justice\",\"item\":\"https:\/\/www.colorlatina.org\/join-us\/\"},{\"@type\":\"ListItem\",\"position\":3,\"name\":\"Online Store\"}]},{\"@type\":\"WebSite\",\"@id\":\"https:\/\/www.colorlatina.org\/#website\",\"url\":\"https:\/\/www.colorlatina.org\/\",\"name\":\"COLOR Latina\",\"description\":\"\",\"publisher\":{\"@id\":\"https:\/\/www.colorlatina.org\/#organization\"},\"potentialAction\":[{\"@type\":\"SearchAction\",\"target\":{\"@type\":\"EntryPoint\",\"urlTemplate\":\"https:\/\/www.colorlatina.org\/?s={search_term_string}\"},\"query-input\":{\"@type\":\"PropertyValueSpecification\",\"valueRequired\":true,\"valueName\":\"search_term_string\"}}],\"inLanguage\":\"es\"},{\"@type\":\"Organization\",\"@id\":\"https:\/\/www.colorlatina.org\/#organization\",\"name\":\"COLOR Latina\",\"url\":\"https:\/\/www.colorlatina.org\/\",\"logo\":{\"@type\":\"ImageObject\",\"inLanguage\":\"es\",\"@id\":\"https:\/\/www.colorlatina.org\/#\/schema\/logo\/image\/\",\"url\":\"https:\/\/live-color-latina.pantheonsite.io\/wp-content\/uploads\/2022\/04\/color-latina-fb.jpg\",\"contentUrl\":\"https:\/\/live-color-latina.pantheonsite.io\/wp-content\/uploads\/2022\/04\/color-latina-fb.jpg\",\"width\":1200,\"height\":630,\"caption\":\"COLOR Latina\"},\"image\":{\"@id\":\"https:\/\/www.colorlatina.org\/#\/schema\/logo\/image\/\"}}]}<\/script>\n<!-- \/ Yoast SEO plugin. -->","yoast_head_json":{"title":"Tienda en l\u00ednea - COLOR Latina","robots":{"index":"index","follow":"follow","max-snippet":"max-snippet:-1","max-image-preview":"max-image-preview:large","max-video-preview":"max-video-preview:-1"},"canonical":"https:\/\/live-color-latina.pantheonsite.io\/es\/join-us\/online-store\/","og_locale":"es_MX","og_type":"article","og_title":"Online Store - COLOR Latina","og_description":"We have an online store through Bonfire!\u2728 Make sure that you check out the newest designs and latest campaigns on our store that directly fund our Reproductive Justice work. Here [&hellip;]","og_url":"https:\/\/live-color-latina.pantheonsite.io\/es\/join-us\/online-store\/","og_site_name":"COLOR Latina","article_modified_time":"2024-04-29T15:53:48+00:00","og_image":[{"url":"https:\/\/www.colorlatina.org\/wp-content\/uploads\/2023\/10\/Limited-Edition-Design-1024x906.png","type":"","width":"","height":""}],"twitter_card":"summary_large_image","twitter_misc":{"Tiempo de lectura":"3 minutos"},"schema":{"@context":"https:\/\/schema.org","@graph":[{"@type":"WebPage","@id":"https:\/\/live-color-latina.pantheonsite.io\/es\/join-us\/online-store\/","url":"https:\/\/live-color-latina.pantheonsite.io\/es\/join-us\/online-store\/","name":"Tienda en l\u00ednea - COLOR Latina","isPartOf":{"@id":"https:\/\/www.colorlatina.org\/#website"},"primaryImageOfPage":{"@id":"https:\/\/live-color-latina.pantheonsite.io\/es\/join-us\/online-store\/#primaryimage"},"image":{"@id":"https:\/\/live-color-latina.pantheonsite.io\/es\/join-us\/online-store\/#primaryimage"},"thumbnailUrl":"https:\/\/www.colorlatina.org\/wp-content\/uploads\/2023\/10\/Limited-Edition-Design-1024x906.png","datePublished":"2023-10-02T16:51:48+00:00","dateModified":"2024-04-29T15:53:48+00:00","breadcrumb":{"@id":"https:\/\/live-color-latina.pantheonsite.io\/es\/join-us\/online-store\/#breadcrumb"},"inLanguage":"es","potentialAction":[{"@type":"ReadAction","target":["https:\/\/live-color-latina.pantheonsite.io\/es\/join-us\/online-store\/"]}]},{"@type":"ImageObject","inLanguage":"es","@id":"https:\/\/live-color-latina.pantheonsite.io\/es\/join-us\/online-store\/#primaryimage","url":"https:\/\/www.colorlatina.org\/wp-content\/uploads\/2023\/10\/Limited-Edition-Design-1024x906.png","contentUrl":"https:\/\/www.colorlatina.org\/wp-content\/uploads\/2023\/10\/Limited-Edition-Design-1024x906.png"},{"@type":"BreadcrumbList","@id":"https:\/\/live-color-latina.pantheonsite.io\/es\/join-us\/online-store\/#breadcrumb","itemListElement":[{"@type":"ListItem","position":1,"name":"Home","item":"https:\/\/www.colorlatina.org\/"},{"@type":"ListItem","position":2,"name":"Join Our Movement for Reproductive Justice","item":"https:\/\/www.colorlatina.org\/join-us\/"},{"@type":"ListItem","position":3,"name":"Online Store"}]},{"@type":"WebSite","@id":"https:\/\/www.colorlatina.org\/#website","url":"https:\/\/www.colorlatina.org\/","name":"COLOR Latina","description":"","publisher":{"@id":"https:\/\/www.colorlatina.org\/#organization"},"potentialAction":[{"@type":"SearchAction","target":{"@type":"EntryPoint","urlTemplate":"https:\/\/www.colorlatina.org\/?s={search_term_string}"},"query-input":{"@type":"PropertyValueSpecification","valueRequired":true,"valueName":"search_term_string"}}],"inLanguage":"es"},{"@type":"Organization","@id":"https:\/\/www.colorlatina.org\/#organization","name":"COLOR Latina","url":"https:\/\/www.colorlatina.org\/","logo":{"@type":"ImageObject","inLanguage":"es","@id":"https:\/\/www.colorlatina.org\/#\/schema\/logo\/image\/","url":"https:\/\/live-color-latina.pantheonsite.io\/wp-content\/uploads\/2022\/04\/color-latina-fb.jpg","contentUrl":"https:\/\/live-color-latina.pantheonsite.io\/wp-content\/uploads\/2022\/04\/color-latina-fb.jpg","width":1200,"height":630,"caption":"COLOR Latina"},"image":{"@id":"https:\/\/www.colorlatina.org\/#\/schema\/logo\/image\/"}}]}},"_links":{"self":[{"href":"https:\/\/www.colorlatina.org\/es\/wp-json\/wp\/v2\/pages\/3876","targetHints":{"allow":["GET"]}}],"collection":[{"href":"https:\/\/www.colorlatina.org\/es\/wp-json\/wp\/v2\/pages"}],"about":[{"href":"https:\/\/www.colorlatina.org\/es\/wp-json\/wp\/v2\/types\/page"}],"author":[{"embeddable":true,"href":"https:\/\/www.colorlatina.org\/es\/wp-json\/wp\/v2\/users\/1"}],"replies":[{"embeddable":true,"href":"https:\/\/www.colorlatina.org\/es\/wp-json\/wp\/v2\/comments?post=3876"}],"version-history":[{"count":6,"href":"https:\/\/www.colorlatina.org\/es\/wp-json\/wp\/v2\/pages\/3876\/revisions"}],"predecessor-version":[{"id":4243,"href":"https:\/\/www.colorlatina.org\/es\/wp-json\/wp\/v2\/pages\/3876\/revisions\/4243"}],"up":[{"embeddable":true,"href":"https:\/\/www.colorlatina.org\/es\/wp-json\/wp\/v2\/pages\/724"}],"wp:attachment":[{"href":"https:\/\/www.colorlatina.org\/es\/wp-json\/wp\/v2\/media?parent=3876"}],"curies":[{"name":"wp","href":"https:\/\/api.w.org\/{rel}","templated":true}]}}