{"id":401,"date":"2022-02-10T20:48:18","date_gmt":"2022-02-10T20:48:18","guid":{"rendered":"https:\/\/live-color-latina.pantheonsite.io\/?page_id=401"},"modified":"2023-09-05T20:01:33","modified_gmt":"2023-09-06T02:01:33","slug":"intergenerational-programs","status":"publish","type":"page","link":"https:\/\/www.colorlatina.org\/es\/intergenerational-programs\/","title":{"rendered":"Programas intergeneracionales"},"content":{"rendered":"<h2 class=\"wp-block-heading\" id=\"cafecitos\">Cafecitos<\/h2>\n\n\n\n<p>Los Cafecitos son un modelo de divulgaci\u00f3n en grupos peque\u00f1os que involucra principalmente a padres latinos y llega a un promedio de 15 padres cada vez. El entorno \u00edntimo es culturalmente apropiado y muy eficaz para aprovechar la confianza y establecer una relaci\u00f3n con un p\u00fablico adulto, en su mayor\u00eda familias inmigrantes de habla hispana. Los Cafecitos ayudan a informar, organizar y movilizar a los participantes en torno a cuestiones de justicia reproductiva.&nbsp;&nbsp;<\/p>\n\n\n\n<p>Los Cafecitos son un modelo de reuniones para involucrar a grupos de personas, principalmente padres. Estas charlas tienen lugar en un entorno \u00edntimo y culturalmente apropiado, muy eficaz para crear confianza y relaci\u00f3n con un p\u00fablico adulto, en su mayor\u00eda familias inmigrantes de habla hispana. Los Cafecitos ayudan a informar, organizar y movilizar a los participantes en torno a cuestiones de justicia reproductiva.<\/p>\n\n\n\n<p>Para programar un Cafecito, por favor p\u00f3ngase en contacto con la organizadora comunitaria Gina Millan a gina@colorlatina.org o por tel\u00e9fono al 303.393.0382 Ext 140.<\/p>\n\n\n\n<h3 class=\"wp-block-heading\">Testimonio de Cafecitos<\/h3>\n\n\n\n<p class=\"has-text-align-center translation-block\">\"<em>He participado en tus cafecitos durante los \u00faltimos dos a\u00f1os y no tienes idea de cu\u00e1nto me has cambiado la vida con tus charlas. Ahora tengo mejor comunicaci\u00f3n con mis hijos y mi esposo. Siento que estoy m\u00e1s preparada para brindar educaci\u00f3n sexual de una manera m\u00e1s integral a mis hijos. Ahora s\u00e9 que hablar con naturalidad sobre el cuerpo es la mejor manera de ayudarlos a tomar las mejores decisiones.<\/em><\/p>\n\n\n\n<p class=\"has-text-align-center translation-block\"><em>Gracias Gina, tu trabajo ha cambiado mi vida. Sigo siendo una persona muy religiosa, pero tambi\u00e9n informada.<\/em>\"<\/p>\n\n\n\n<p class=\"has-text-align-center has-medium-font-size\"><strong>\u2013 Magdalena<\/strong><\/p>\n\n\n\n<h2 class=\"wp-block-heading\" id=\"cafecitos\">Mujeres de COLOR<\/h2>\n\n\n\n<p>En 2017 lanzamos el \u00fanico programa de radio de Justicia Reproductiva en espa\u00f1ol del pa\u00eds. Sabemos que la radio sigue siendo un medio de comunicaci\u00f3n utilizado por la comunidad latina y que puede brindar las actualizaciones m\u00e1s recientes a los oyentes. <\/p>\n\n\n\n<p><strong>En los \u00faltimos 6 a\u00f1os, Mujeres de COLOR ha:<\/strong><\/p>\n\n\n\n<ul class=\"wp-block-list\">\n<li>Present\u00f3 un programa<strong> Todos los martes<\/strong> Ma\u00f1ana a las 9 am \u2014 \u00a1llueva, nieve o haga sol!<\/li>\n\n\n\n<li><strong>Gan\u00f3 cinco premios<\/strong> de la Asociaci\u00f3n de Radiodifusi\u00f3n de Colorado\n<ul class=\"wp-block-list\">\n<li>Mejor programa matutino de 2018<\/li>\n\n\n\n<li>Mejor programa matutino de 2020<\/li>\n\n\n\n<li>Mejor programa de asuntos p\u00fablicos 2021<\/li>\n\n\n\n<li>Mejor programa matutino de 2021<\/li>\n\n\n\n<li>Mejor presentador o equipo de programa de noticias o entrevistas de 2021<\/li>\n<\/ul>\n<\/li>\n<\/ul>\n\n\n\n<p>Y proporcion\u00f3 informaci\u00f3n, respondi\u00f3 preguntas, brind\u00f3 el apoyo que tanto se necesitaba y <strong>Recursos compartidos para ayudar a nuestra comunidad<\/strong> navegar la pandemia de COVID-19. <\/p>\n\n\n\n<p class=\"has-text-align-center\"><em>Si est\u00e1s interesada en conocer m\u00e1s sobre Mujeres de COLOR, escr\u00edbenos a gina@colorlatina.org<\/em><\/p>","protected":false},"excerpt":{"rendered":"<p>Cafecitos. Cafecitos es un modelo de extensi\u00f3n comunitaria para grupos peque\u00f1os que involucra principalmente a padres latinos y alcanza a un promedio de 15 padres cada vez. El ambiente \u00edntimo es culturalmente apropiado y muy efectivo [\u2026]<\/p>","protected":false},"author":1,"featured_media":0,"parent":0,"menu_order":0,"comment_status":"closed","ping_status":"closed","template":"","meta":{"footnotes":""},"class_list":["post-401","page","type-page","status-publish","hentry"],"yoast_head":"<!-- This site is optimized with the Yoast SEO plugin v26.0 - https:\/\/yoast.com\/wordpress\/plugins\/seo\/ -->\n<title>Intergenerational Programs - COLOR Latina<\/title>\n<meta name=\"robots\" content=\"index, follow, max-snippet:-1, max-image-preview:large, max-video-preview:-1\" \/>\n<link rel=\"canonical\" href=\"https:\/\/www.colorlatina.org\/es\/intergenerational-programs\/\" \/>\n<meta property=\"og:locale\" content=\"es_MX\" \/>\n<meta property=\"og:type\" content=\"article\" \/>\n<meta property=\"og:title\" content=\"Intergenerational Programs - COLOR Latina\" \/>\n<meta property=\"og:description\" content=\"Cafecitos Cafecitos are a small-group outreach model that engages primarily Latino parents and reaches an average of 15 parents each time. The intimate setting is culturally appropriate and very effective [&hellip;]\" \/>\n<meta property=\"og:url\" content=\"https:\/\/www.colorlatina.org\/es\/intergenerational-programs\/\" \/>\n<meta property=\"og:site_name\" content=\"COLOR Latina\" \/>\n<meta property=\"article:modified_time\" content=\"2023-09-06T02:01:33+00:00\" \/>\n<meta property=\"og:image\" content=\"https:\/\/www.colorlatina.org\/wp-content\/uploads\/2022\/04\/color-latina-fb.jpg\" \/>\n\t<meta property=\"og:image:width\" content=\"1200\" \/>\n\t<meta property=\"og:image:height\" content=\"630\" \/>\n\t<meta property=\"og:image:type\" content=\"image\/jpeg\" \/>\n<meta name=\"twitter:card\" content=\"summary_large_image\" \/>\n<meta name=\"twitter:label1\" content=\"Tiempo de lectura\" \/>\n\t<meta name=\"twitter:data1\" content=\"2 minutos\" \/>\n<script type=\"application\/ld+json\" class=\"yoast-schema-graph\">{\"@context\":\"https:\/\/schema.org\",\"@graph\":[{\"@type\":\"WebPage\",\"@id\":\"https:\/\/www.colorlatina.org\/es\/intergenerational-programs\/\",\"url\":\"https:\/\/www.colorlatina.org\/es\/intergenerational-programs\/\",\"name\":\"Intergenerational Programs - COLOR Latina\",\"isPartOf\":{\"@id\":\"https:\/\/www.colorlatina.org\/#website\"},\"datePublished\":\"2022-02-10T20:48:18+00:00\",\"dateModified\":\"2023-09-06T02:01:33+00:00\",\"breadcrumb\":{\"@id\":\"https:\/\/www.colorlatina.org\/es\/intergenerational-programs\/#breadcrumb\"},\"inLanguage\":\"es\",\"potentialAction\":[{\"@type\":\"ReadAction\",\"target\":[\"https:\/\/www.colorlatina.org\/es\/intergenerational-programs\/\"]}]},{\"@type\":\"BreadcrumbList\",\"@id\":\"https:\/\/www.colorlatina.org\/es\/intergenerational-programs\/#breadcrumb\",\"itemListElement\":[{\"@type\":\"ListItem\",\"position\":1,\"name\":\"Home\",\"item\":\"https:\/\/www.colorlatina.org\/\"},{\"@type\":\"ListItem\",\"position\":2,\"name\":\"Intergenerational Programs\"}]},{\"@type\":\"WebSite\",\"@id\":\"https:\/\/www.colorlatina.org\/#website\",\"url\":\"https:\/\/www.colorlatina.org\/\",\"name\":\"COLOR Latina\",\"description\":\"\",\"publisher\":{\"@id\":\"https:\/\/www.colorlatina.org\/#organization\"},\"potentialAction\":[{\"@type\":\"SearchAction\",\"target\":{\"@type\":\"EntryPoint\",\"urlTemplate\":\"https:\/\/www.colorlatina.org\/?s={search_term_string}\"},\"query-input\":{\"@type\":\"PropertyValueSpecification\",\"valueRequired\":true,\"valueName\":\"search_term_string\"}}],\"inLanguage\":\"es\"},{\"@type\":\"Organization\",\"@id\":\"https:\/\/www.colorlatina.org\/#organization\",\"name\":\"COLOR Latina\",\"url\":\"https:\/\/www.colorlatina.org\/\",\"logo\":{\"@type\":\"ImageObject\",\"inLanguage\":\"es\",\"@id\":\"https:\/\/www.colorlatina.org\/#\/schema\/logo\/image\/\",\"url\":\"https:\/\/live-color-latina.pantheonsite.io\/wp-content\/uploads\/2022\/04\/color-latina-fb.jpg\",\"contentUrl\":\"https:\/\/live-color-latina.pantheonsite.io\/wp-content\/uploads\/2022\/04\/color-latina-fb.jpg\",\"width\":1200,\"height\":630,\"caption\":\"COLOR Latina\"},\"image\":{\"@id\":\"https:\/\/www.colorlatina.org\/#\/schema\/logo\/image\/\"}}]}<\/script>\n<!-- \/ Yoast SEO plugin. -->","yoast_head_json":{"title":"Intergenerational Programs - COLOR Latina","robots":{"index":"index","follow":"follow","max-snippet":"max-snippet:-1","max-image-preview":"max-image-preview:large","max-video-preview":"max-video-preview:-1"},"canonical":"https:\/\/www.colorlatina.org\/es\/intergenerational-programs\/","og_locale":"es_MX","og_type":"article","og_title":"Intergenerational Programs - COLOR Latina","og_description":"Cafecitos Cafecitos are a small-group outreach model that engages primarily Latino parents and reaches an average of 15 parents each time. The intimate setting is culturally appropriate and very effective [&hellip;]","og_url":"https:\/\/www.colorlatina.org\/es\/intergenerational-programs\/","og_site_name":"COLOR Latina","article_modified_time":"2023-09-06T02:01:33+00:00","og_image":[{"width":1200,"height":630,"url":"https:\/\/www.colorlatina.org\/wp-content\/uploads\/2022\/04\/color-latina-fb.jpg","type":"image\/jpeg"}],"twitter_card":"summary_large_image","twitter_misc":{"Tiempo de lectura":"2 minutos"},"schema":{"@context":"https:\/\/schema.org","@graph":[{"@type":"WebPage","@id":"https:\/\/www.colorlatina.org\/es\/intergenerational-programs\/","url":"https:\/\/www.colorlatina.org\/es\/intergenerational-programs\/","name":"Intergenerational Programs - COLOR Latina","isPartOf":{"@id":"https:\/\/www.colorlatina.org\/#website"},"datePublished":"2022-02-10T20:48:18+00:00","dateModified":"2023-09-06T02:01:33+00:00","breadcrumb":{"@id":"https:\/\/www.colorlatina.org\/es\/intergenerational-programs\/#breadcrumb"},"inLanguage":"es","potentialAction":[{"@type":"ReadAction","target":["https:\/\/www.colorlatina.org\/es\/intergenerational-programs\/"]}]},{"@type":"BreadcrumbList","@id":"https:\/\/www.colorlatina.org\/es\/intergenerational-programs\/#breadcrumb","itemListElement":[{"@type":"ListItem","position":1,"name":"Home","item":"https:\/\/www.colorlatina.org\/"},{"@type":"ListItem","position":2,"name":"Intergenerational Programs"}]},{"@type":"WebSite","@id":"https:\/\/www.colorlatina.org\/#website","url":"https:\/\/www.colorlatina.org\/","name":"COLOR Latina","description":"","publisher":{"@id":"https:\/\/www.colorlatina.org\/#organization"},"potentialAction":[{"@type":"SearchAction","target":{"@type":"EntryPoint","urlTemplate":"https:\/\/www.colorlatina.org\/?s={search_term_string}"},"query-input":{"@type":"PropertyValueSpecification","valueRequired":true,"valueName":"search_term_string"}}],"inLanguage":"es"},{"@type":"Organization","@id":"https:\/\/www.colorlatina.org\/#organization","name":"COLOR Latina","url":"https:\/\/www.colorlatina.org\/","logo":{"@type":"ImageObject","inLanguage":"es","@id":"https:\/\/www.colorlatina.org\/#\/schema\/logo\/image\/","url":"https:\/\/live-color-latina.pantheonsite.io\/wp-content\/uploads\/2022\/04\/color-latina-fb.jpg","contentUrl":"https:\/\/live-color-latina.pantheonsite.io\/wp-content\/uploads\/2022\/04\/color-latina-fb.jpg","width":1200,"height":630,"caption":"COLOR Latina"},"image":{"@id":"https:\/\/www.colorlatina.org\/#\/schema\/logo\/image\/"}}]}},"_links":{"self":[{"href":"https:\/\/www.colorlatina.org\/es\/wp-json\/wp\/v2\/pages\/401","targetHints":{"allow":["GET"]}}],"collection":[{"href":"https:\/\/www.colorlatina.org\/es\/wp-json\/wp\/v2\/pages"}],"about":[{"href":"https:\/\/www.colorlatina.org\/es\/wp-json\/wp\/v2\/types\/page"}],"author":[{"embeddable":true,"href":"https:\/\/www.colorlatina.org\/es\/wp-json\/wp\/v2\/users\/1"}],"replies":[{"embeddable":true,"href":"https:\/\/www.colorlatina.org\/es\/wp-json\/wp\/v2\/comments?post=401"}],"version-history":[{"count":7,"href":"https:\/\/www.colorlatina.org\/es\/wp-json\/wp\/v2\/pages\/401\/revisions"}],"predecessor-version":[{"id":3736,"href":"https:\/\/www.colorlatina.org\/es\/wp-json\/wp\/v2\/pages\/401\/revisions\/3736"}],"wp:attachment":[{"href":"https:\/\/www.colorlatina.org\/es\/wp-json\/wp\/v2\/media?parent=401"}],"curies":[{"name":"wp","href":"https:\/\/api.w.org\/{rel}","templated":true}]}}