{"id":411,"date":"2022-02-10T20:57:21","date_gmt":"2022-02-10T20:57:21","guid":{"rendered":"https:\/\/live-color-latina.pantheonsite.io\/?page_id=411"},"modified":"2024-10-18T11:06:17","modified_gmt":"2024-10-18T17:06:17","slug":"rhcp","status":"publish","type":"page","link":"https:\/\/www.colorlatina.org\/es\/rhcp\/","title":{"rendered":"Programa de Atenci\u00f3n de Salud Reproductiva"},"content":{"rendered":"<div data-elementor-type=\"wp-page\" data-elementor-id=\"411\" class=\"elementor elementor-411\" data-elementor-post-type=\"page\">\n\t\t\t\t\t\t<section class=\"elementor-section elementor-top-section elementor-element elementor-element-627c3c33 elementor-section-boxed elementor-section-height-default elementor-section-height-default\" data-id=\"627c3c33\" data-element_type=\"section\">\n\t\t\t\t\t\t<div class=\"elementor-container elementor-column-gap-default\">\n\t\t\t\t\t<div class=\"elementor-column elementor-col-100 elementor-top-column elementor-element elementor-element-1ea2c968\" data-id=\"1ea2c968\" data-element_type=\"column\">\n\t\t\t<div class=\"elementor-widget-wrap elementor-element-populated\">\n\t\t\t\t\t\t<div class=\"elementor-element elementor-element-d53cee7 elementor-widget elementor-widget-html\" data-id=\"d53cee7\" data-element_type=\"widget\" data-widget_type=\"html.default\">\n\t\t\t\t<div class=\"elementor-widget-container\">\n\t\t\t\t\t\n<div data-wp-interactive=\"core\/file\" class=\"wp-block-file aligncenter\"><object data-wp-bind--hidden=\"!state.hasPdfPreview\" hidden class=\"wp-block-file__embed\" style=\"width: 100%; height: 440px;\" data=\"https:\/\/www.colorlatina.org\/wp-content\/uploads\/2024\/09\/Bilingual-RHCP.pdf\" type=\"application\/pdf\" width=\"300\" height=\"150\" aria-label=\"Incrustado de Biling\u00fce-RHCP.\"><\/object><a id=\"wp-block-file--media-3415d826-79bc-4f63-acd8-f1ebe33b8852\" href=\"https:\/\/www.colorlatina.org\/wp-content\/uploads\/2024\/09\/Bilingual-RHCP.pdf\">Biling\u00fce-RHCP<\/a><a class=\"wp-block-file__button wp-element-button\" href=\"https:\/\/www.colorlatina.org\/wp-content\/uploads\/2024\/09\/Bilingual-RHCP.pdf\" download=\"\" aria-describedby=\"wp-block-file--media-3415d826-79bc-4f63-acd8-f1ebe33b8852\">Descargar<\/a><\/div>\n\t\t\t\t<\/div>\n\t\t\t\t<\/div>\n\t\t\t\t<div class=\"elementor-element elementor-element-279ea85d elementor-widget elementor-widget-text-editor\" data-id=\"279ea85d\" data-element_type=\"widget\" data-widget_type=\"text-editor.default\">\n\t\t\t\t<div class=\"elementor-widget-container\">\n\t\t\t\t\t\t\t\t\t\n<h3 class=\"wp-block-heading has-text-align-center\">\u00a1Ay\u00fadanos a difundir el mensaje! \u00a1Anticoncepci\u00f3n gratuita para todos! \ud83e\udec2<\/h3>\n\n<p>\u00bfEres un inmigrante de bajos ingresos, con o sin documentaci\u00f3n? \u00a1\u00a1Aplica hoy!!<strong> Vea nuestra gu\u00eda de inscripci\u00f3n paso a paso y <a href=\"https:\/\/www.healthfirstcolorado.com\/expanded-maternity-family-planning-benefits\/\">\u00a1Aplica hoy!<\/a>\u00a0<\/strong><\/p>\n\n<h5 class=\"wp-block-heading\"><strong><em>Esta p\u00e1gina le ayudar\u00e1 a navegar por los recursos y las preguntas relacionadas con el <\/em><\/strong><a href=\"https:\/\/www.healthfirstcolorado.com\/expanded-maternity-family-planning-benefits\/\"><strong><em>Programa de Atenci\u00f3n de Salud Reproductiva<\/em><\/strong><\/a><strong><em> y cubrir\u00e1:<\/em><\/strong><\/h5>\n\n<ul class=\"has-luminous-vivid-orange-color has-text-color wp-block-list\">\n<li><strong>\u00bfAfectar\u00e1 esto a la \u201ccarga p\u00fablica\u201d?<\/strong><\/li>\n<\/ul>\n\n<ul class=\"has-luminous-vivid-orange-color has-text-color wp-block-list\">\n<li><strong>\u00bfCalifico para el Programa de Atenci\u00f3n de la Salud Reproductiva?<\/strong><\/li>\n<\/ul>\n\n<ul class=\"has-luminous-vivid-orange-color has-text-color wp-block-list\">\n<li><strong>\u00bfC\u00f3mo puedo aplicar?<\/strong><\/li>\n<\/ul>\n\n<ul class=\"has-luminous-vivid-orange-color has-text-color wp-block-list\">\n<li><strong>Recursos Externos<\/strong><\/li>\n<\/ul>\n\n<p>\u00a0<\/p>\n\n<h2 class=\"wp-block-heading\"><strong>\u00a1El Programa de Atenci\u00f3n de la Salud Reproductiva de Colorado ya est\u00e1 abierto!<\/strong><\/h2>\n\n<p>Inmigrantes, <strong>independientemente de la documentaci\u00f3n<\/strong>,pueden acceder a m\u00e9todos anticonceptivos, servicios b\u00e1sicos de fertilidad, ex\u00e1menes de detecci\u00f3n de ITS y c\u00e1ncer y m\u00e1s <strong>de forma gratuita<\/strong> a trav\u00e9s del programa Medicaid de nuestro estado, si de otra manera calificar\u00edan para Medicaid si no fuera por su estado migratorio. Este programa es para ti!<\/p>\n\n<ul class=\"wp-block-list\">\n<li><strong>Servicios de planificaci\u00f3n familiar GRATUITOS<\/strong>,incluyendo:\n<ul class=\"wp-block-list\">\n<li>Visitas al consultorio de consejer\u00eda anticonceptiva para hablar sobre planificaci\u00f3n familiar, c\u00f3mo tomar decisiones saludables sobre su salud reproductiva y qu\u00e9 m\u00e9todo es mejor para usted<\/li>\n\n<li>Diferentes tipos de control de la natalidad (incluidas la p\u00edldora anticonceptiva, el anillo, el DIU, los implantes o la inyecci\u00f3n)\u00a0<\/li>\n\n<li>Inserci\u00f3n y extracci\u00f3n de dispositivos (DIU, implante) y servicios relacionados, incluida la gesti\u00f3n de efectos secundarios<\/li>\n\n<li>Anticoncepci\u00f3n de emergencia<\/li>\n\n<li>Servicios de esterilizaci\u00f3n (ligadura de trompas y vasectom\u00eda)<\/li>\n\n<li>Evaluaciones b\u00e1sicas de fertilidad<\/li>\n<\/ul>\n<\/li>\n\n<li><strong>12 meses de pastillas anticonceptivas <\/strong>para <em>cualquier <\/em>afiliado con Health First Colorado que lo desee.<\/li>\n<\/ul>\n\n<p class=\"has-vivid-cyan-blue-color has-text-color has-small-font-size\"><em>\u00a1Y ya no hay que volver al consultorio m\u00e9dico y a la farmacia cada 1 a 3 meses solo para obtener su control de la natalidad! Sabemos que cuando alguien pueden acceder una cantidad mayor al mismo tiempo, se reducen las barreras para el cuidado m\u00e9dico y los embarazos no deseados.<\/em><\/p>\n\n<p>Pero eso no es todo. En 2023, ampliamos el Programa de Atenci\u00f3n de Salud Reproductiva para incluir la planificaci\u00f3n familiar. <em>relacionado<\/em> Servicios. Esta ampliaci\u00f3n proporcionar\u00e1:<\/p>\n\n<ul class=\"wp-block-list\">\n<li><strong>Servicios GRATUITOS relacionados con la planificaci\u00f3n familiar, <\/strong>incluido:\n<ul class=\"wp-block-list\">\n<li>Pruebas, diagn\u00f3stico, tratamiento y prevenci\u00f3n de infecciones de transmisi\u00f3n sexual (ITS)<\/li>\n\n<li>Detecci\u00f3n y asesoramiento sobre c\u00e1ncer de cuello uterino<\/li>\n\n<li>Dejar de fumar<\/li>\n\n<li>Ex\u00e1menes de detecci\u00f3n de depresi\u00f3n<\/li>\n<\/ul>\n<\/li>\n\n<li>\u00a0<\/li>\n<\/ul>\n\n<h2 class=\"wp-block-heading\">\u00bfEsto afectar\u00e1 la \u201ccarga p\u00fablica\u201d?<\/h2>\n\n<p>El gobierno federal utiliza el t\u00e9rmino \u201ccarga p\u00fablica\u201d para decidir qui\u00e9n es elegible para ingresar a los EE. UU. o qui\u00e9n puede convertirse en residente permanente. Se puede rechazar una solicitud de un no ciudadano si se determina que es \u201cprobable que en alg\u00fan momento se convierta en una carga p\u00fablica\u201d.<\/p>\n\n<p>Durante la administraci\u00f3n Trump, se agregaron beneficios p\u00fablicos adicionales a la lista. Sin embargo, esos beneficios se eliminaron en 2021 y las reglas m\u00e1s recientes entraron en vigencia en diciembre de 2022.<\/p>\n\n<p>Los beneficios que utilizan los miembros de su familia no se tendr\u00e1n en cuenta en la prueba de carga p\u00fablica. Los \u00fanicos beneficios que se tendr\u00e1n en cuenta ser\u00e1n los que utilice el propio solicitante.<\/p>\n\n<figure class=\"wp-block-image aligncenter size-large is-resized\"><img fetchpriority=\"high\" decoding=\"async\" width=\"1024\" height=\"824\" class=\"wp-image-3696\" style=\"width: 543px; height: 437px;\" src=\"https:\/\/www.colorlatina.org\/wp-content\/uploads\/2023\/06\/Screenshot-2023-06-21-at-10.09.30-PM-1024x824.png\" alt=\"\" srcset=\"https:\/\/www.colorlatina.org\/wp-content\/uploads\/2023\/06\/Screenshot-2023-06-21-at-10.09.30-PM-1024x824.png 1024w, https:\/\/www.colorlatina.org\/wp-content\/uploads\/2023\/06\/Screenshot-2023-06-21-at-10.09.30-PM-300x241.png 300w, https:\/\/www.colorlatina.org\/wp-content\/uploads\/2023\/06\/Screenshot-2023-06-21-at-10.09.30-PM-768x618.png 768w, https:\/\/www.colorlatina.org\/wp-content\/uploads\/2023\/06\/Screenshot-2023-06-21-at-10.09.30-PM-15x12.png 15w, https:\/\/www.colorlatina.org\/wp-content\/uploads\/2023\/06\/Screenshot-2023-06-21-at-10.09.30-PM.png 1394w\" sizes=\"(max-width: 1024px) 100vw, 1024px\" \/><\/figure>\n\n<p class=\"has-text-align-center has-small-font-size\"><strong>Si necesita m\u00e1s ayuda o tiene preguntas, lo mejor es hablar con un abogado de inmigraci\u00f3n. Puede encontrar una lista en: <\/strong><a href=\"https:\/\/www.immigrationlawhelp.org\/search?state=CO\">https:\/\/www.immigrationlawhelp.org\/search?state=CO<\/a><\/p>\n\n<p>\u00a0<\/p>\n\n<h2 class=\"wp-block-heading\"><strong>\u00bfCalifico para el Programa de Atenci\u00f3n de la Salud Reproductiva?<\/strong><\/h2>\n\n<p>Puede calificar para el Programa de Atenci\u00f3n de Salud Reproductiva si cumple con los requisitos de Health First Colorado (Medicaid de Colorado), excepto su estatus migratorio. \u00a1Este programa fue creado espec\u00edficamente para inmigrantes sin documentaci\u00f3n!<strong> Su informaci\u00f3n est\u00e1 segura,<em> y los servicios est\u00e1n listos para que los uses.<\/em><\/strong><\/p>\n\n<h4 class=\"wp-block-heading\"><strong>\u00bfCalifico para Health First Colorado (Medicaid de Colorado)?<\/strong><\/h4>\n\n<p><em>Para obtener informaci\u00f3n m\u00e1s detallada, visite <\/em><a href=\"https:\/\/www.benefits.gov\/benefit\/1621\"><em>El sitio web de Health First Colorado<\/em><\/a>.<\/p>\n\n<p>\u00a0<\/p>\n\n<p>Para calificar, debe ser un \u201cresidente de Colorado\u201d (definido a continuaci\u00f3n) y tener un ingreso familiar anual (antes de impuestos) que sea inferior a los siguientes montos:<\/p>\n\n<figure class=\"wp-block-image aligncenter size-full is-resized\"><img decoding=\"async\" width=\"870\" height=\"554\" class=\"wp-image-3697\" style=\"width: 441px; height: 281px;\" src=\"https:\/\/www.colorlatina.org\/wp-content\/uploads\/2023\/06\/Screenshot-2023-06-21-at-10.12.40-PM.png\" alt=\"\" srcset=\"https:\/\/www.colorlatina.org\/wp-content\/uploads\/2023\/06\/Screenshot-2023-06-21-at-10.12.40-PM.png 870w, https:\/\/www.colorlatina.org\/wp-content\/uploads\/2023\/06\/Screenshot-2023-06-21-at-10.12.40-PM-300x191.png 300w, https:\/\/www.colorlatina.org\/wp-content\/uploads\/2023\/06\/Screenshot-2023-06-21-at-10.12.40-PM-768x489.png 768w, https:\/\/www.colorlatina.org\/wp-content\/uploads\/2023\/06\/Screenshot-2023-06-21-at-10.12.40-PM-18x12.png 18w\" sizes=\"(max-width: 870px) 100vw, 870px\" \/><\/figure>\n\n<p class=\"has-text-align-center has-vivid-cyan-blue-color has-text-color has-small-font-size\"><em>*Para hogares con m\u00e1s de ocho personas, agregue $6,836 por persona adicional. Siempre consulte con la agencia de administraci\u00f3n correspondiente para asegurarse de obtener las pautas m\u00e1s precisas.<\/em><\/p>\n\n<p><em>Un residente de Colorado se define como una persona que vive en el estado de Colorado y considera que Colorado es su lugar de residencia al momento de la solicitud. Por lo tanto, no categorizamos la residencia de nadie en Colorado en funci\u00f3n de su ciudadan\u00eda o estado de inmigrante legal. Si la persona vive en el estado de Colorado y considera que este es su lugar de residencia al momento de la solicitud, determinaremos que cumple con los requisitos de residencia independientemente de si tiene una direcci\u00f3n real.<\/em><\/p>\n<h2 class=\"wp-block-heading\">\u00bfC\u00f3mo puedo aplicar?<\/h2>\n<p><\/p>\n<p>Puede utilizar estos recursos en l\u00ednea:<\/p>\n<p><\/p>\n<ol class=\"wp-block-list\">\n<li><a href=\"http:\/\/co.gov\/PEAK\" target=\"_blank\" rel=\"noreferrer noopener\">Sitio web de PEAK<\/a>\u00a0<\/li>\n\n<li><a href=\"https:\/\/enroll.healthfirstcolorado.com\/\" target=\"_blank\" rel=\"noreferrer noopener\">Sitio web de inscripci\u00f3n de Health First Colorado<\/a><\/li>\n\n<li><a href=\"https:\/\/www.healthfirstcolorado.com\/mobileapp\/\" target=\"_blank\" rel=\"noreferrer noopener\">Aplicaci\u00f3n m\u00f3vil de Health First Colorado<\/a>\u00a0<\/li>\n<\/ol>\n\t\t\t\t\t\t\t\t<\/div>\n\t\t\t\t<\/div>\n\t\t\t\t<div class=\"elementor-element elementor-element-228d6a2 elementor-widget elementor-widget-html\" data-id=\"228d6a2\" data-element_type=\"widget\" data-no-translation=\"\" data-widget_type=\"html.default\">\n\t\t\t\t<div class=\"elementor-widget-container\">\n\t\t\t\t\t<style>.elementor-element-228d6a2{display:none !important}<\/style>\t\t\t\t<\/div>\n\t\t\t\t<\/div>\n\t\t\t\t<div class=\"elementor-element elementor-element-d4b8f27 elementor-widget elementor-widget-html\" data-id=\"d4b8f27\" data-element_type=\"widget\" data-no-translation=\"\" data-widget_type=\"html.default\">\n\t\t\t\t<div class=\"elementor-widget-container\">\n\t\t\t\t\t\n<div data-wp-interactive=\"core\/file\" class=\"wp-block-file\"><object data-wp-bind--hidden=\"!state.hasPdfPreview\" hidden class=\"wp-block-file__embed\" style=\"width: 100%; height: 600px;\" data=\"https:\/\/www.colorlatina.org\/wp-content\/uploads\/2024\/10\/Guia-para-la-Aplicacion-RHCP.pdf.pdf\" type=\"application\/pdf\" width=\"300\" height=\"150\" aria-label=\"Incrustado de RHCP-Application.\"><\/object><a id=\"wp-block-file--media-15e6899e-d7ac-4767-8039-78030b22164f\" href=\"https:\/\/www.colorlatina.org\/wp-content\/uploads\/2024\/10\/Guia-para-la-Aplicacion-RHCP.pdf.pdf\">RHCP-Application<\/a><a class=\"wp-block-file__button wp-element-button\" href=\"https:\/\/www.colorlatina.org\/wp-content\/uploads\/2024\/10\/Guia-para-la-Aplicacion-RHCP.pdf.pdf\" download=\"\" aria-describedby=\"wp-block-file--media-15e6899e-d7ac-4767-8039-78030b22164f\">Download<\/a><\/div>\n\t\t\t\t<\/div>\n\t\t\t\t<\/div>\n\t\t\t\t<div class=\"elementor-element elementor-element-6fb65a9 elementor-widget elementor-widget-text-editor\" data-id=\"6fb65a9\" data-element_type=\"widget\" data-widget_type=\"text-editor.default\">\n\t\t\t\t<div class=\"elementor-widget-container\">\n\t\t\t\t\t\t\t\t\t<p><\/p>\n<p><strong>Si prefieres hablar con alguien directamente, tambi\u00e9n puedes:<\/strong><\/p>\n<p><\/p>\n<ol class=\"wp-block-list\" start=\"4\">\n<li>Comun\u00edquese con el Centro de contacto para miembros de Health First Colorado: 1-800-221-3943<\/li>\n\n<li><a href=\"https:\/\/cdhs.colorado.gov\/our-partners\/counties\/contact-your-county-human-services-department\" target=\"_blank\" rel=\"noreferrer noopener\">Encuentre la oficina del Departamento de Servicios Humanos m\u00e1s cercana en este mapa y solicite ayuda con la solicitud.<\/a>\u00a0<\/li>\n\n<li><a href=\"https:\/\/apps.colorado.gov\/apps\/maps\/hcpf.map\" target=\"_blank\" rel=\"noreferrer noopener\">Encuentre su Centro de Salud Comunitario m\u00e1s cercano en este mapa y solicite ayuda con la solicitud<\/a>\u00a0\u00a0<\/li>\n\n<li><a href=\"https:\/\/cchn.org\/map\/\" target=\"_blank\" rel=\"noreferrer noopener\">Encuentre su proveedor de Medicaid m\u00e1s cercano en este mapa y solicite ayuda con la solicitud.<\/a><\/li>\n<\/ol>\n<p><\/p>\n<p><strong><em>Para obtener m\u00e1s informaci\u00f3n, visite Health First Colorado <\/em><\/strong><a href=\"https:\/\/www.healthfirstcolorado.com\/expanded-maternity-family-planning-benefits\"><strong><em>P\u00e1gina sobre la ampliaci\u00f3n de los beneficios de planificaci\u00f3n familiar<\/em><\/strong><\/a><strong><em> (haga clic en la tercera pesta\u00f1a titulada \u201cPlanificaci\u00f3n familiar y EMS\u201d)<\/em><\/strong><\/p>\n<p><\/p>\n<p>\u00a0<\/p>\n<p><\/p>\n<h2 class=\"wp-block-heading\">Recursos Externos<\/h2>\n<p><\/p>\n<h3 class=\"wp-block-heading\"><strong>Para personas que buscan cobertura<\/strong> \ud83e\uddfe<\/h3>\n<p><\/p>\n<ul class=\"wp-block-list\">\n<li><a href=\"https:\/\/hcpf.colorado.gov\/how-to-apply\">P\u00e1gina de recursos para la solicitud de membres\u00eda de HCPF<\/a><\/li>\n\n<li><a href=\"https:\/\/www.healthfirstcolorado.com\/expanded-maternity-family-planning-benefits\/\">P\u00e1gina de beneficios de expansi\u00f3n de planificaci\u00f3n familiar de HCPF<\/a><\/li>\n\n<li><a href=\"https:\/\/www.healthfirstcolorado.com\/benefits-services\/?tab=member-handbook\">Manual para miembros de HCPF<\/a><\/li>\n<\/ul>\n<p><\/p>\n<h3 class=\"wp-block-heading\"><strong>Para proveedores<\/strong> \ud83d\udc69\ud83c\udffd\u200d\u2695\ufe0f<\/h3>\n<p><\/p>\n<ul class=\"wp-block-list\">\n<li><a href=\"https:\/\/hcpf.colorado.gov\/reproductive-and-maternal-health-programs-and-resources\">P\u00e1gina de recursos y programas de salud reproductiva y materna de HCPF<\/a><\/li>\n\n<li><a href=\"https:\/\/hcpf.colorado.gov\/family-planning-manual\">Manual de facturaci\u00f3n para la ampliaci\u00f3n de los beneficios de planificaci\u00f3n familiar del HCPF para poblaciones especiales<\/a><\/li>\n\n<li><a href=\"https:\/\/hcpf.colorado.gov\/bulletins\">Boletines mensuales para proveedores de HCPF<\/a><\/li>\n<\/ul>\n<p><\/p>\n<h3 class=\"wp-block-heading\"><strong>Otros recursos<\/strong> \ud83e\udde0<\/h3>\n<p><\/p>\n<ul>\n<li><a href=\"https:\/\/www.immigrationlawhelp.org\/search?state=CO\">Lista de abogados de inmigraci\u00f3n<\/a>\u00a0<\/li>\n<\/ul>\t\t\t\t\t\t\t\t<\/div>\n\t\t\t\t<\/div>\n\t\t\t\t\t<\/div>\n\t\t<\/div>\n\t\t\t\t\t<\/div>\n\t\t<\/section>\n\t\t<\/p>\n<ul class=\"wp-block-list\"><!-- wp:list-item -->\n<li><a href=\"https:\/\/www.immigrationlawhelp.org\/search?state=CO\">Lista de abogados de inmigraci\u00f3n<\/a>\u00a0<\/li>\n<\/ul>\t\t\t\t\t\t\t\t<\/div>\n\t\t\t\t<\/div>\n\t\t\t\t\t<\/div>\n\t\t<\/div>\n\t\t\t\t\t<\/div>\n\t\t<\/section>\n\t\t\t\t<\/div>","protected":false},"excerpt":{"rendered":"<p>\u00a1Ay\u00fadanos a difundir el mensaje! \u00a1Anticonceptivos gratuitos para todos! \ud83e\udec2 \u00bfEres inmigrante de bajos recursos, con o sin documentaci\u00f3n? \u00a1Consulta nuestra gu\u00eda de inscripci\u00f3n paso a paso y solicita hoy mismo! Esta p\u00e1gina [\u2026]<\/p>","protected":false},"author":1,"featured_media":0,"parent":0,"menu_order":0,"comment_status":"closed","ping_status":"closed","template":"","meta":{"footnotes":""},"class_list":["post-411","page","type-page","status-publish","hentry"],"yoast_head":"<!-- This site is optimized with the Yoast SEO plugin v26.0 - https:\/\/yoast.com\/wordpress\/plugins\/seo\/ -->\n<title>Reproductive Health Care Program - COLOR Latina<\/title>\n<meta name=\"robots\" content=\"index, follow, max-snippet:-1, max-image-preview:large, max-video-preview:-1\" \/>\n<link rel=\"canonical\" href=\"https:\/\/www.colorlatina.org\/es\/rhcp\/\" \/>\n<meta property=\"og:locale\" content=\"es_MX\" \/>\n<meta property=\"og:type\" content=\"article\" \/>\n<meta property=\"og:title\" content=\"Reproductive Health Care Program - COLOR Latina\" \/>\n<meta property=\"og:description\" content=\"Help Us Spread the Word! Free Birth Control for All! \ud83e\udec2 Are you a low-income immigrant, with or without documentation? See our step-by-step enrollment guide and Apply today!\u00a0 This page [&hellip;]\" \/>\n<meta property=\"og:url\" content=\"https:\/\/www.colorlatina.org\/es\/rhcp\/\" \/>\n<meta property=\"og:site_name\" content=\"COLOR Latina\" \/>\n<meta property=\"article:modified_time\" content=\"2024-10-18T17:06:17+00:00\" \/>\n<meta property=\"og:image\" content=\"https:\/\/www.colorlatina.org\/wp-content\/uploads\/2023\/06\/Screenshot-2023-06-21-at-10.09.30-PM-1024x824.png\" \/>\n<meta name=\"twitter:card\" content=\"summary_large_image\" \/>\n<meta name=\"twitter:label1\" content=\"Tiempo de lectura\" \/>\n\t<meta name=\"twitter:data1\" content=\"4 minutos\" \/>\n<script type=\"application\/ld+json\" class=\"yoast-schema-graph\">{\"@context\":\"https:\/\/schema.org\",\"@graph\":[{\"@type\":\"WebPage\",\"@id\":\"https:\/\/www.colorlatina.org\/es\/rhcp\/\",\"url\":\"https:\/\/www.colorlatina.org\/es\/rhcp\/\",\"name\":\"Reproductive Health Care Program - COLOR Latina\",\"isPartOf\":{\"@id\":\"https:\/\/www.colorlatina.org\/#website\"},\"primaryImageOfPage\":{\"@id\":\"https:\/\/www.colorlatina.org\/es\/rhcp\/#primaryimage\"},\"image\":{\"@id\":\"https:\/\/www.colorlatina.org\/es\/rhcp\/#primaryimage\"},\"thumbnailUrl\":\"https:\/\/www.colorlatina.org\/wp-content\/uploads\/2023\/06\/Screenshot-2023-06-21-at-10.09.30-PM-1024x824.png\",\"datePublished\":\"2022-02-10T20:57:21+00:00\",\"dateModified\":\"2024-10-18T17:06:17+00:00\",\"breadcrumb\":{\"@id\":\"https:\/\/www.colorlatina.org\/es\/rhcp\/#breadcrumb\"},\"inLanguage\":\"es\",\"potentialAction\":[{\"@type\":\"ReadAction\",\"target\":[\"https:\/\/www.colorlatina.org\/es\/rhcp\/\"]}]},{\"@type\":\"ImageObject\",\"inLanguage\":\"es\",\"@id\":\"https:\/\/www.colorlatina.org\/es\/rhcp\/#primaryimage\",\"url\":\"https:\/\/www.colorlatina.org\/wp-content\/uploads\/2023\/06\/Screenshot-2023-06-21-at-10.09.30-PM-1024x824.png\",\"contentUrl\":\"https:\/\/www.colorlatina.org\/wp-content\/uploads\/2023\/06\/Screenshot-2023-06-21-at-10.09.30-PM-1024x824.png\"},{\"@type\":\"BreadcrumbList\",\"@id\":\"https:\/\/www.colorlatina.org\/es\/rhcp\/#breadcrumb\",\"itemListElement\":[{\"@type\":\"ListItem\",\"position\":1,\"name\":\"Home\",\"item\":\"https:\/\/www.colorlatina.org\/\"},{\"@type\":\"ListItem\",\"position\":2,\"name\":\"Reproductive Health Care Program\"}]},{\"@type\":\"WebSite\",\"@id\":\"https:\/\/www.colorlatina.org\/#website\",\"url\":\"https:\/\/www.colorlatina.org\/\",\"name\":\"COLOR Latina\",\"description\":\"\",\"publisher\":{\"@id\":\"https:\/\/www.colorlatina.org\/#organization\"},\"potentialAction\":[{\"@type\":\"SearchAction\",\"target\":{\"@type\":\"EntryPoint\",\"urlTemplate\":\"https:\/\/www.colorlatina.org\/?s={search_term_string}\"},\"query-input\":{\"@type\":\"PropertyValueSpecification\",\"valueRequired\":true,\"valueName\":\"search_term_string\"}}],\"inLanguage\":\"es\"},{\"@type\":\"Organization\",\"@id\":\"https:\/\/www.colorlatina.org\/#organization\",\"name\":\"COLOR Latina\",\"url\":\"https:\/\/www.colorlatina.org\/\",\"logo\":{\"@type\":\"ImageObject\",\"inLanguage\":\"es\",\"@id\":\"https:\/\/www.colorlatina.org\/#\/schema\/logo\/image\/\",\"url\":\"https:\/\/live-color-latina.pantheonsite.io\/wp-content\/uploads\/2022\/04\/color-latina-fb.jpg\",\"contentUrl\":\"https:\/\/live-color-latina.pantheonsite.io\/wp-content\/uploads\/2022\/04\/color-latina-fb.jpg\",\"width\":1200,\"height\":630,\"caption\":\"COLOR Latina\"},\"image\":{\"@id\":\"https:\/\/www.colorlatina.org\/#\/schema\/logo\/image\/\"}}]}<\/script>\n<!-- \/ Yoast SEO plugin. -->","yoast_head_json":{"title":"Programa de atenci\u00f3n de la salud reproductiva - COLOR Latina","robots":{"index":"index","follow":"follow","max-snippet":"max-snippet:-1","max-image-preview":"max-image-preview:large","max-video-preview":"max-video-preview:-1"},"canonical":"https:\/\/www.colorlatina.org\/es\/rhcp\/","og_locale":"es_MX","og_type":"article","og_title":"Reproductive Health Care Program - COLOR Latina","og_description":"Help Us Spread the Word! Free Birth Control for All! \ud83e\udec2 Are you a low-income immigrant, with or without documentation? See our step-by-step enrollment guide and Apply today!\u00a0 This page [&hellip;]","og_url":"https:\/\/www.colorlatina.org\/es\/rhcp\/","og_site_name":"COLOR Latina","article_modified_time":"2024-10-18T17:06:17+00:00","og_image":[{"url":"https:\/\/www.colorlatina.org\/wp-content\/uploads\/2023\/06\/Screenshot-2023-06-21-at-10.09.30-PM-1024x824.png","type":"","width":"","height":""}],"twitter_card":"summary_large_image","twitter_misc":{"Tiempo de lectura":"4 minutos"},"schema":{"@context":"https:\/\/schema.org","@graph":[{"@type":"WebPage","@id":"https:\/\/www.colorlatina.org\/es\/rhcp\/","url":"https:\/\/www.colorlatina.org\/es\/rhcp\/","name":"Programa de atenci\u00f3n de la salud reproductiva - COLOR Latina","isPartOf":{"@id":"https:\/\/www.colorlatina.org\/#website"},"primaryImageOfPage":{"@id":"https:\/\/www.colorlatina.org\/es\/rhcp\/#primaryimage"},"image":{"@id":"https:\/\/www.colorlatina.org\/es\/rhcp\/#primaryimage"},"thumbnailUrl":"https:\/\/www.colorlatina.org\/wp-content\/uploads\/2023\/06\/Screenshot-2023-06-21-at-10.09.30-PM-1024x824.png","datePublished":"2022-02-10T20:57:21+00:00","dateModified":"2024-10-18T17:06:17+00:00","breadcrumb":{"@id":"https:\/\/www.colorlatina.org\/es\/rhcp\/#breadcrumb"},"inLanguage":"es","potentialAction":[{"@type":"ReadAction","target":["https:\/\/www.colorlatina.org\/es\/rhcp\/"]}]},{"@type":"ImageObject","inLanguage":"es","@id":"https:\/\/www.colorlatina.org\/es\/rhcp\/#primaryimage","url":"https:\/\/www.colorlatina.org\/wp-content\/uploads\/2023\/06\/Screenshot-2023-06-21-at-10.09.30-PM-1024x824.png","contentUrl":"https:\/\/www.colorlatina.org\/wp-content\/uploads\/2023\/06\/Screenshot-2023-06-21-at-10.09.30-PM-1024x824.png"},{"@type":"BreadcrumbList","@id":"https:\/\/www.colorlatina.org\/es\/rhcp\/#breadcrumb","itemListElement":[{"@type":"ListItem","position":1,"name":"Home","item":"https:\/\/www.colorlatina.org\/"},{"@type":"ListItem","position":2,"name":"Reproductive Health Care Program"}]},{"@type":"WebSite","@id":"https:\/\/www.colorlatina.org\/#website","url":"https:\/\/www.colorlatina.org\/","name":"COLOR Latina","description":"","publisher":{"@id":"https:\/\/www.colorlatina.org\/#organization"},"potentialAction":[{"@type":"SearchAction","target":{"@type":"EntryPoint","urlTemplate":"https:\/\/www.colorlatina.org\/?s={search_term_string}"},"query-input":{"@type":"PropertyValueSpecification","valueRequired":true,"valueName":"search_term_string"}}],"inLanguage":"es"},{"@type":"Organization","@id":"https:\/\/www.colorlatina.org\/#organization","name":"COLOR Latina","url":"https:\/\/www.colorlatina.org\/","logo":{"@type":"ImageObject","inLanguage":"es","@id":"https:\/\/www.colorlatina.org\/#\/schema\/logo\/image\/","url":"https:\/\/live-color-latina.pantheonsite.io\/wp-content\/uploads\/2022\/04\/color-latina-fb.jpg","contentUrl":"https:\/\/live-color-latina.pantheonsite.io\/wp-content\/uploads\/2022\/04\/color-latina-fb.jpg","width":1200,"height":630,"caption":"COLOR Latina"},"image":{"@id":"https:\/\/www.colorlatina.org\/#\/schema\/logo\/image\/"}}]}},"_links":{"self":[{"href":"https:\/\/www.colorlatina.org\/es\/wp-json\/wp\/v2\/pages\/411","targetHints":{"allow":["GET"]}}],"collection":[{"href":"https:\/\/www.colorlatina.org\/es\/wp-json\/wp\/v2\/pages"}],"about":[{"href":"https:\/\/www.colorlatina.org\/es\/wp-json\/wp\/v2\/types\/page"}],"author":[{"embeddable":true,"href":"https:\/\/www.colorlatina.org\/es\/wp-json\/wp\/v2\/users\/1"}],"replies":[{"embeddable":true,"href":"https:\/\/www.colorlatina.org\/es\/wp-json\/wp\/v2\/comments?post=411"}],"version-history":[{"count":25,"href":"https:\/\/www.colorlatina.org\/es\/wp-json\/wp\/v2\/pages\/411\/revisions"}],"predecessor-version":[{"id":5218,"href":"https:\/\/www.colorlatina.org\/es\/wp-json\/wp\/v2\/pages\/411\/revisions\/5218"}],"wp:attachment":[{"href":"https:\/\/www.colorlatina.org\/es\/wp-json\/wp\/v2\/media?parent=411"}],"curies":[{"name":"wp","href":"https:\/\/api.w.org\/{rel}","templated":true}]}}