{"id":4216,"date":"2024-04-18T14:29:42","date_gmt":"2024-04-18T20:29:42","guid":{"rendered":"https:\/\/www.colorlatina.org\/?page_id=4216"},"modified":"2024-05-09T14:38:40","modified_gmt":"2024-05-09T20:38:40","slug":"celebrate-our-lips-quinceanera","status":"publish","type":"page","link":"https:\/\/www.colorlatina.org\/es\/youth-programs\/celebrate-our-lips-quinceanera\/","title":{"rendered":"\u00a1Celebra nuestra Quincea\u00f1era LIPS!"},"content":{"rendered":"<figure class=\"wp-block-image alignright size-large is-resized\"><img fetchpriority=\"high\" decoding=\"async\" width=\"1024\" height=\"1024\" src=\"https:\/\/www.colorlatina.org\/wp-content\/uploads\/2024\/04\/15th-Lips-Quince-Promo-Graphics-1-1-1024x1024.png\" alt=\"\" class=\"wp-image-4217\" style=\"width:356px;height:auto\" srcset=\"https:\/\/www.colorlatina.org\/wp-content\/uploads\/2024\/04\/15th-Lips-Quince-Promo-Graphics-1-1-1024x1024.png 1024w, https:\/\/www.colorlatina.org\/wp-content\/uploads\/2024\/04\/15th-Lips-Quince-Promo-Graphics-1-1-300x300.png 300w, https:\/\/www.colorlatina.org\/wp-content\/uploads\/2024\/04\/15th-Lips-Quince-Promo-Graphics-1-1-150x150.png 150w, https:\/\/www.colorlatina.org\/wp-content\/uploads\/2024\/04\/15th-Lips-Quince-Promo-Graphics-1-1-768x768.png 768w, https:\/\/www.colorlatina.org\/wp-content\/uploads\/2024\/04\/15th-Lips-Quince-Promo-Graphics-1-1-1536x1536.png 1536w, https:\/\/www.colorlatina.org\/wp-content\/uploads\/2024\/04\/15th-Lips-Quince-Promo-Graphics-1-1-12x12.png 12w, https:\/\/www.colorlatina.org\/wp-content\/uploads\/2024\/04\/15th-Lips-Quince-Promo-Graphics-1-1.png 1654w\" sizes=\"(max-width: 1024px) 100vw, 1024px\" \/><\/figure>\n\n\n\n<p><strong>\u00a1Latinas Incrementando Fuerza Pol\u00edtica (LIPS) cumple 15 a\u00f1os!<\/strong> \ud83d\udc8b\ud83c\udf82 Celebraremos el poder de las j\u00f3venes latinas en todas partes lo mejor que sabemos: \u00a1con la Quincea\u00f1era de nuestros sue\u00f1os! <strong>LIPS es el programa de desarrollo de liderazgo juvenil exclusivo de COLOR <\/strong>para j\u00f3venes de 16 a 21 a\u00f1os en todo Colorado y <strong>Involucra a los participantes en una comunidad vibrante de activistas.<\/strong> LIPS orienta a la pr\u00f3xima generaci\u00f3n de l\u00edderes para promover el avance de nuestras comunidades y defender la justicia reproductiva.<\/p>\n\n\n\n<p><strong>Con m\u00e1s de 40 proyectos de ley antiaborto y cuatro medidas electorales antiabortistas derrotadas desde 2009, los \u00faltimos 15 a\u00f1os demuestran que el movimiento de Justicia Reproductiva es resistente y que las j\u00f3venes latinas en Colorado han sido fundamentales para ello. <em>movimiento<\/em>. <\/strong>COLOR desarrolla la capacidad de los j\u00f3venes con herramientas y recursos para aumentar su poder pol\u00edtico, movilizar a sus pares para que tomen medidas sobre temas que les preocupan y contribuir al movimiento por la justicia reproductiva. <em>LIPS sirve como una rampa de entrada para que los j\u00f3venes activistas se involucren en la organizaci\u00f3n y la defensa de los derechos.<\/em><\/p>\n\n\n\n<p>El a\u00f1o 2024 marca 15 a\u00f1os de impacto significativo por parte de las latinas de todo Colorado. Celebremos junto a nosotros y sigamos invirtiendo en nuestros j\u00f3venes para ayudarnos a crear un futuro con justicia reproductiva.<\/p>\n\n\n\n<p> <\/p>\n\n\n\n<h3 class=\"wp-block-heading has-text-align-center\"><em><a href=\"https:\/\/secure.actblue.com\/donate\/lipsquince\" target=\"_blank\" rel=\"noreferrer noopener\">Compra tus entradas para la celebraci\u00f3n de la quincea\u00f1era de Latinas Incrementando Fuerza Pol\u00edtica HOY<\/a>!&nbsp;<\/em><\/h3>\n\n\n\n<p><\/p>\n\n\n\n<figure class=\"wp-block-image alignright size-large is-resized\"><img decoding=\"async\" width=\"1024\" height=\"1024\" src=\"https:\/\/www.colorlatina.org\/wp-content\/uploads\/2024\/05\/1-1-1024x1024.png\" alt=\"\" class=\"wp-image-4305\" style=\"width:303px;height:auto\" srcset=\"https:\/\/www.colorlatina.org\/wp-content\/uploads\/2024\/05\/1-1-1024x1024.png 1024w, https:\/\/www.colorlatina.org\/wp-content\/uploads\/2024\/05\/1-1-300x300.png 300w, https:\/\/www.colorlatina.org\/wp-content\/uploads\/2024\/05\/1-1-150x150.png 150w, https:\/\/www.colorlatina.org\/wp-content\/uploads\/2024\/05\/1-1-768x768.png 768w, https:\/\/www.colorlatina.org\/wp-content\/uploads\/2024\/05\/1-1-12x12.png 12w, https:\/\/www.colorlatina.org\/wp-content\/uploads\/2024\/05\/1-1.png 1080w\" sizes=\"(max-width: 1024px) 100vw, 1024px\" \/><\/figure>\n\n\n\n<figure class=\"wp-block-image alignright size-large is-resized\"><img decoding=\"async\" width=\"1024\" height=\"1024\" src=\"https:\/\/www.colorlatina.org\/wp-content\/uploads\/2024\/05\/2-1-1024x1024.png\" alt=\"\" class=\"wp-image-4306\" style=\"width:307px;height:auto\" srcset=\"https:\/\/www.colorlatina.org\/wp-content\/uploads\/2024\/05\/2-1-1024x1024.png 1024w, https:\/\/www.colorlatina.org\/wp-content\/uploads\/2024\/05\/2-1-300x300.png 300w, https:\/\/www.colorlatina.org\/wp-content\/uploads\/2024\/05\/2-1-150x150.png 150w, https:\/\/www.colorlatina.org\/wp-content\/uploads\/2024\/05\/2-1-768x768.png 768w, https:\/\/www.colorlatina.org\/wp-content\/uploads\/2024\/05\/2-1-12x12.png 12w, https:\/\/www.colorlatina.org\/wp-content\/uploads\/2024\/05\/2-1.png 1080w\" sizes=\"(max-width: 1024px) 100vw, 1024px\" \/><\/figure>\n\n\n\n<ul class=\"wp-block-list\">\n<li><strong>Recepci\u00f3n VIP:<\/strong> 17:00 a 18:30 horas\n<ul class=\"wp-block-list\">\n<li><strong>Titulares de entradas VIP&nbsp;<\/strong>Se permitir\u00e1 la llegada anticipada para un encuentro \u00edntimo con invitados especiales.&nbsp;<strong><em>Representante Elizabeth Velasco, Representante Manny Rutinel, Representante Lorena Garc\u00eda y Representante Tim Hern\u00e1ndez<\/em><\/strong>&nbsp;con acceso al patio exterior con entretenimiento en vivo a cargo&nbsp;<strong><em>Nico Mart\u00ednez y el Tr\u00edo de Fusi\u00f3n Latina<\/em><\/strong>Los titulares de VIP recibir\u00e1n un lugar de estacionamiento designado*, entrada autom\u00e1tica a un sorteo especial para ganar un Ojo de Dios original del artista chicano local.&nbsp;<strong><em>Cal Duran<\/em><\/strong>\u00a1Y bot\u00edn LIPS de edici\u00f3n limitada!<\/li>\n<\/ul>\n<\/li>\n<\/ul>\n\n\n\n<ul class=\"wp-block-list\">\n<li><b>Evento principal: 6:30 p. m. a 9:30 p. m.<\/b> <b>\u00a1Nuestro evento principal tendr\u00e1 entretenimiento en vivo, arte en exhibici\u00f3n, una subasta silenciosa y un gran ambiente!<\/b> No te lo querr\u00e1s perder \ud83d\udcab<\/li>\n<\/ul>\n\n\n\n<p><\/p>\n\n\n\n<div class=\"wp-block-buttons has-custom-font-size has-medium-font-size is-content-justification-center is-layout-flex wp-container-core-buttons-is-layout-a89b3969 wp-block-buttons-is-layout-flex\">\n<div class=\"wp-block-button has-custom-font-size has-medium-font-size\"><a class=\"wp-block-button__link has-black-color has-pale-pink-background-color has-text-color has-background has-link-color has-text-align-center wp-element-button\" href=\"https:\/\/secure.actblue.com\/donate\/lipsquince\" target=\"_blank\" rel=\"noreferrer noopener\"><strong>\u00a1Consigue tus entradas hoy!<\/strong><\/a><\/div>\n<\/div>\n\n\n\n<p><\/p>\n\n\n\n<p><\/p>\n\n\n\n<h2 class=\"wp-block-heading\">\u00a1Convi\u00e9rtete en patrocinador!<\/h2>\n\n\n\n<p><strong>\u00a1Considere patrocinar nuestro evento e invertir en la pr\u00f3xima generaci\u00f3n de l\u00edderes latinas en nuestra comunidad! <\/strong>Su donaci\u00f3n beneficiar\u00e1 a los participantes actuales y futuros del programa, ya que LIPS les ayuda a adquirir habilidades de defensa y a construir sus redes profesionales.&nbsp;<\/p>\n\n\n\n<figure class=\"wp-block-image alignleft size-large is-resized\"><img loading=\"lazy\" decoding=\"async\" width=\"1024\" height=\"1024\" src=\"https:\/\/www.colorlatina.org\/wp-content\/uploads\/2024\/04\/15th-Lips-Quince-Promo-Graphics-1-2-1024x1024.png\" alt=\"\" class=\"wp-image-4218\" style=\"width:437px;height:auto\" srcset=\"https:\/\/www.colorlatina.org\/wp-content\/uploads\/2024\/04\/15th-Lips-Quince-Promo-Graphics-1-2-1024x1024.png 1024w, https:\/\/www.colorlatina.org\/wp-content\/uploads\/2024\/04\/15th-Lips-Quince-Promo-Graphics-1-2-300x300.png 300w, https:\/\/www.colorlatina.org\/wp-content\/uploads\/2024\/04\/15th-Lips-Quince-Promo-Graphics-1-2-150x150.png 150w, https:\/\/www.colorlatina.org\/wp-content\/uploads\/2024\/04\/15th-Lips-Quince-Promo-Graphics-1-2-768x768.png 768w, https:\/\/www.colorlatina.org\/wp-content\/uploads\/2024\/04\/15th-Lips-Quince-Promo-Graphics-1-2-1536x1536.png 1536w, https:\/\/www.colorlatina.org\/wp-content\/uploads\/2024\/04\/15th-Lips-Quince-Promo-Graphics-1-2-12x12.png 12w, https:\/\/www.colorlatina.org\/wp-content\/uploads\/2024\/04\/15th-Lips-Quince-Promo-Graphics-1-2.png 1654w\" sizes=\"(max-width: 1024px) 100vw, 1024px\" \/><\/figure>\n\n\n\n<p><strong>$1,500 \u2013 Madrina y Padrino Patrocinador: <\/strong>2 entradas VIP, logo en programa, logo en presentaci\u00f3n, menci\u00f3n especial y 1 plaza de parking<\/p>\n\n\n\n<p><strong>$700 \u2013 Beso Patrocinador: <\/strong>2 entradas regulares o 1 entrada VIP, logo en programa, logo en presentaci\u00f3n, menci\u00f3n especial y 1 lugar de estacionamiento<\/p>\n\n\n\n<p><strong>$500 \u2013 Poder Patrocinador: <\/strong>2 entradas regulares, logotipo en programa, logotipo en presentaci\u00f3n, menci\u00f3n especial<\/p>\n\n\n\n<p>Esperamos poder contar con usted para ayudar a impulsar la misi\u00f3n de COLOR. Estamos profundamente agradecidos por su continuo apoyo. La Junta Directiva, el personal y los exalumnos del programa de COLOR le env\u00edan un sincero \u00a1GRACIAS!<\/p>\n\n\n\n<p>Si tiene alguna pregunta, env\u00ede un correo electr\u00f3nico a Liliana Salcido Beltr\u00e1n a liliana@colorlatina.org <\/p>\n\n\n\n<div class=\"wp-block-buttons is-content-justification-center is-layout-flex wp-container-core-buttons-is-layout-a89b3969 wp-block-buttons-is-layout-flex\">\n<div class=\"wp-block-button\"><a class=\"wp-block-button__link has-black-color has-luminous-vivid-amber-background-color has-text-color has-background has-link-color wp-element-button\" href=\"https:\/\/secure.actblue.com\/donate\/lips15sponsor\" target=\"_blank\" rel=\"noreferrer noopener\">\u00a1Convi\u00e9rtete en patrocinador!<\/a><\/div>\n<\/div>\n\n\n\n<div style=\"height:34px\" aria-hidden=\"true\" class=\"wp-block-spacer\"><\/div>\n\n\n\n<figure class=\"wp-block-image alignright size-large is-resized\"><a href=\"https:\/\/www.bonfire.com\/lipsquince\/?utm_source=copy_link&amp;utm_medium=campaign_page&amp;utm_campaign=lipsquince&amp;utm_content=default\"><img loading=\"lazy\" decoding=\"async\" width=\"1024\" height=\"865\" src=\"https:\/\/www.colorlatina.org\/wp-content\/uploads\/2024\/04\/Screenshot-2024-04-29-at-9.51.15\u202fAM-1024x865.png\" alt=\"\" class=\"wp-image-4239\" style=\"width:316px;height:auto\" srcset=\"https:\/\/www.colorlatina.org\/wp-content\/uploads\/2024\/04\/Screenshot-2024-04-29-at-9.51.15\u202fAM-1024x865.png 1024w, https:\/\/www.colorlatina.org\/wp-content\/uploads\/2024\/04\/Screenshot-2024-04-29-at-9.51.15\u202fAM-300x253.png 300w, https:\/\/www.colorlatina.org\/wp-content\/uploads\/2024\/04\/Screenshot-2024-04-29-at-9.51.15\u202fAM-768x649.png 768w, https:\/\/www.colorlatina.org\/wp-content\/uploads\/2024\/04\/Screenshot-2024-04-29-at-9.51.15\u202fAM-14x12.png 14w, https:\/\/www.colorlatina.org\/wp-content\/uploads\/2024\/04\/Screenshot-2024-04-29-at-9.51.15\u202fAM.png 1328w\" sizes=\"(max-width: 1024px) 100vw, 1024px\" \/><\/a><\/figure>\n\n\n\n<h3 class=\"wp-block-heading\"><a href=\"https:\/\/www.bonfire.com\/lipsquince\/?utm_source=copy_link&amp;utm_medium=campaign_page&amp;utm_campaign=lipsquince&amp;utm_content=default\">\u00a1Mercanc\u00eda de edici\u00f3n limitada LIPS Quince! <\/a>\u2728<\/h3>\n\n\n\n<p><strong>\u00a1Latinas Incrementando Fuerza Pol\u00edtica (LIPS) cumple 15 a\u00f1os!<\/strong>&nbsp;\ud83d\udc8b\ud83c\udf82 Celebraremos el poder de las j\u00f3venes latinas en todas partes lo mejor que sabemos: \u00a1con la Quincea\u00f1era de nuestros sue\u00f1os!&nbsp;<strong>LIPS es el programa de desarrollo de liderazgo juvenil exclusivo de COLOR&nbsp;<\/strong>para j\u00f3venes de 16 a 21 a\u00f1os en todo Colorado y&nbsp;<strong>Involucra a los participantes en una comunidad vibrante de activistas.<\/strong>&nbsp;LIPS orienta a la pr\u00f3xima generaci\u00f3n de l\u00edderes para promover el avance de nuestras comunidades y defender la justicia reproductiva.<\/p>\n\n\n\n<p>Consigue nuestro bot\u00edn de edici\u00f3n especial&nbsp;<em><a href=\"https:\/\/www.bonfire.com\/lipsquince\/?utm_source=copy_link&amp;utm_medium=campaign_page&amp;utm_campaign=lipsquince&amp;utm_content=default\" target=\"_blank\" rel=\"noreferrer noopener\">Mi voz, mi cuerpo, mi poder<\/a><\/em>&nbsp;\u00a1Invertir en la pr\u00f3xima generaci\u00f3n de l\u00edderes en justicia reproductiva! \ud83d\udcaa\ud83c\udffc<\/p>","protected":false},"excerpt":{"rendered":"<p>\u00a1Latinas Increasing Political Strength (LIPS) cumple 15 a\u00f1os! \ud83d\udc8b\ud83c\udf82 Celebraremos el poder de las j\u00f3venes latinas de todo el mundo lo mejor que sabemos: \u00a1con la quincea\u00f1era de nuestros sue\u00f1os! [\u2026]<\/p>","protected":false},"author":1,"featured_media":0,"parent":388,"menu_order":0,"comment_status":"closed","ping_status":"closed","template":"","meta":{"footnotes":""},"class_list":["post-4216","page","type-page","status-publish","hentry"],"yoast_head":"<!-- This site is optimized with the Yoast SEO plugin v26.0 - https:\/\/yoast.com\/wordpress\/plugins\/seo\/ -->\n<title>Celebrate our LIPS Quincea\u00f1era! - COLOR Latina<\/title>\n<meta name=\"robots\" content=\"index, follow, max-snippet:-1, max-image-preview:large, max-video-preview:-1\" \/>\n<link rel=\"canonical\" href=\"https:\/\/www.colorlatina.org\/es\/youth-programs\/celebrate-our-lips-quinceanera\/\" \/>\n<meta property=\"og:locale\" content=\"es_MX\" \/>\n<meta property=\"og:type\" content=\"article\" \/>\n<meta property=\"og:title\" content=\"Celebrate our LIPS Quincea\u00f1era! - COLOR Latina\" \/>\n<meta property=\"og:description\" content=\"Latinas Increasing Political Strength (LIPS) is turning 15! \ud83d\udc8b\ud83c\udf82 We will celebrate the power of young Latinas everywhere the best we know how &#8211; with the Quincea\u00f1era of our dreams! [&hellip;]\" \/>\n<meta property=\"og:url\" content=\"https:\/\/www.colorlatina.org\/es\/youth-programs\/celebrate-our-lips-quinceanera\/\" \/>\n<meta property=\"og:site_name\" content=\"COLOR Latina\" \/>\n<meta property=\"article:modified_time\" content=\"2024-05-09T20:38:40+00:00\" \/>\n<meta property=\"og:image\" content=\"https:\/\/www.colorlatina.org\/wp-content\/uploads\/2024\/04\/15th-Lips-Quince-Promo-Graphics-1-1-1024x1024.png\" \/>\n<meta name=\"twitter:card\" content=\"summary_large_image\" \/>\n<meta name=\"twitter:label1\" content=\"Tiempo de lectura\" \/>\n\t<meta name=\"twitter:data1\" content=\"4 minutos\" \/>\n<script type=\"application\/ld+json\" class=\"yoast-schema-graph\">{\"@context\":\"https:\/\/schema.org\",\"@graph\":[{\"@type\":\"WebPage\",\"@id\":\"https:\/\/www.colorlatina.org\/youth-programs\/celebrate-our-lips-quinceanera\/\",\"url\":\"https:\/\/www.colorlatina.org\/youth-programs\/celebrate-our-lips-quinceanera\/\",\"name\":\"Celebrate our LIPS Quincea\u00f1era! - COLOR Latina\",\"isPartOf\":{\"@id\":\"https:\/\/www.colorlatina.org\/#website\"},\"primaryImageOfPage\":{\"@id\":\"https:\/\/www.colorlatina.org\/youth-programs\/celebrate-our-lips-quinceanera\/#primaryimage\"},\"image\":{\"@id\":\"https:\/\/www.colorlatina.org\/youth-programs\/celebrate-our-lips-quinceanera\/#primaryimage\"},\"thumbnailUrl\":\"https:\/\/www.colorlatina.org\/wp-content\/uploads\/2024\/04\/15th-Lips-Quince-Promo-Graphics-1-1-1024x1024.png\",\"datePublished\":\"2024-04-18T20:29:42+00:00\",\"dateModified\":\"2024-05-09T20:38:40+00:00\",\"breadcrumb\":{\"@id\":\"https:\/\/www.colorlatina.org\/youth-programs\/celebrate-our-lips-quinceanera\/#breadcrumb\"},\"inLanguage\":\"es\",\"potentialAction\":[{\"@type\":\"ReadAction\",\"target\":[\"https:\/\/www.colorlatina.org\/youth-programs\/celebrate-our-lips-quinceanera\/\"]}]},{\"@type\":\"ImageObject\",\"inLanguage\":\"es\",\"@id\":\"https:\/\/www.colorlatina.org\/youth-programs\/celebrate-our-lips-quinceanera\/#primaryimage\",\"url\":\"https:\/\/www.colorlatina.org\/wp-content\/uploads\/2024\/04\/15th-Lips-Quince-Promo-Graphics-1-1-1024x1024.png\",\"contentUrl\":\"https:\/\/www.colorlatina.org\/wp-content\/uploads\/2024\/04\/15th-Lips-Quince-Promo-Graphics-1-1-1024x1024.png\"},{\"@type\":\"BreadcrumbList\",\"@id\":\"https:\/\/www.colorlatina.org\/youth-programs\/celebrate-our-lips-quinceanera\/#breadcrumb\",\"itemListElement\":[{\"@type\":\"ListItem\",\"position\":1,\"name\":\"Home\",\"item\":\"https:\/\/www.colorlatina.org\/\"},{\"@type\":\"ListItem\",\"position\":2,\"name\":\"Youth Leadership and Programs\",\"item\":\"https:\/\/www.colorlatina.org\/youth-programs\/\"},{\"@type\":\"ListItem\",\"position\":3,\"name\":\"Celebrate our LIPS Quincea\u00f1era!\"}]},{\"@type\":\"WebSite\",\"@id\":\"https:\/\/www.colorlatina.org\/#website\",\"url\":\"https:\/\/www.colorlatina.org\/\",\"name\":\"COLOR Latina\",\"description\":\"\",\"publisher\":{\"@id\":\"https:\/\/www.colorlatina.org\/#organization\"},\"potentialAction\":[{\"@type\":\"SearchAction\",\"target\":{\"@type\":\"EntryPoint\",\"urlTemplate\":\"https:\/\/www.colorlatina.org\/?s={search_term_string}\"},\"query-input\":{\"@type\":\"PropertyValueSpecification\",\"valueRequired\":true,\"valueName\":\"search_term_string\"}}],\"inLanguage\":\"es\"},{\"@type\":\"Organization\",\"@id\":\"https:\/\/www.colorlatina.org\/#organization\",\"name\":\"COLOR Latina\",\"url\":\"https:\/\/www.colorlatina.org\/\",\"logo\":{\"@type\":\"ImageObject\",\"inLanguage\":\"es\",\"@id\":\"https:\/\/www.colorlatina.org\/#\/schema\/logo\/image\/\",\"url\":\"https:\/\/live-color-latina.pantheonsite.io\/wp-content\/uploads\/2022\/04\/color-latina-fb.jpg\",\"contentUrl\":\"https:\/\/live-color-latina.pantheonsite.io\/wp-content\/uploads\/2022\/04\/color-latina-fb.jpg\",\"width\":1200,\"height\":630,\"caption\":\"COLOR Latina\"},\"image\":{\"@id\":\"https:\/\/www.colorlatina.org\/#\/schema\/logo\/image\/\"}}]}<\/script>\n<!-- \/ Yoast SEO plugin. -->","yoast_head_json":{"title":"Celebrate our LIPS Quincea\u00f1era! - COLOR Latina","robots":{"index":"index","follow":"follow","max-snippet":"max-snippet:-1","max-image-preview":"max-image-preview:large","max-video-preview":"max-video-preview:-1"},"canonical":"https:\/\/www.colorlatina.org\/es\/youth-programs\/celebrate-our-lips-quinceanera\/","og_locale":"es_MX","og_type":"article","og_title":"Celebrate our LIPS Quincea\u00f1era! - COLOR Latina","og_description":"Latinas Increasing Political Strength (LIPS) is turning 15! \ud83d\udc8b\ud83c\udf82 We will celebrate the power of young Latinas everywhere the best we know how &#8211; with the Quincea\u00f1era of our dreams! [&hellip;]","og_url":"https:\/\/www.colorlatina.org\/es\/youth-programs\/celebrate-our-lips-quinceanera\/","og_site_name":"COLOR Latina","article_modified_time":"2024-05-09T20:38:40+00:00","og_image":[{"url":"https:\/\/www.colorlatina.org\/wp-content\/uploads\/2024\/04\/15th-Lips-Quince-Promo-Graphics-1-1-1024x1024.png","type":"","width":"","height":""}],"twitter_card":"summary_large_image","twitter_misc":{"Tiempo de lectura":"4 minutos"},"schema":{"@context":"https:\/\/schema.org","@graph":[{"@type":"WebPage","@id":"https:\/\/www.colorlatina.org\/youth-programs\/celebrate-our-lips-quinceanera\/","url":"https:\/\/www.colorlatina.org\/youth-programs\/celebrate-our-lips-quinceanera\/","name":"Celebrate our LIPS Quincea\u00f1era! - COLOR Latina","isPartOf":{"@id":"https:\/\/www.colorlatina.org\/#website"},"primaryImageOfPage":{"@id":"https:\/\/www.colorlatina.org\/youth-programs\/celebrate-our-lips-quinceanera\/#primaryimage"},"image":{"@id":"https:\/\/www.colorlatina.org\/youth-programs\/celebrate-our-lips-quinceanera\/#primaryimage"},"thumbnailUrl":"https:\/\/www.colorlatina.org\/wp-content\/uploads\/2024\/04\/15th-Lips-Quince-Promo-Graphics-1-1-1024x1024.png","datePublished":"2024-04-18T20:29:42+00:00","dateModified":"2024-05-09T20:38:40+00:00","breadcrumb":{"@id":"https:\/\/www.colorlatina.org\/youth-programs\/celebrate-our-lips-quinceanera\/#breadcrumb"},"inLanguage":"es","potentialAction":[{"@type":"ReadAction","target":["https:\/\/www.colorlatina.org\/youth-programs\/celebrate-our-lips-quinceanera\/"]}]},{"@type":"ImageObject","inLanguage":"es","@id":"https:\/\/www.colorlatina.org\/youth-programs\/celebrate-our-lips-quinceanera\/#primaryimage","url":"https:\/\/www.colorlatina.org\/wp-content\/uploads\/2024\/04\/15th-Lips-Quince-Promo-Graphics-1-1-1024x1024.png","contentUrl":"https:\/\/www.colorlatina.org\/wp-content\/uploads\/2024\/04\/15th-Lips-Quince-Promo-Graphics-1-1-1024x1024.png"},{"@type":"BreadcrumbList","@id":"https:\/\/www.colorlatina.org\/youth-programs\/celebrate-our-lips-quinceanera\/#breadcrumb","itemListElement":[{"@type":"ListItem","position":1,"name":"Home","item":"https:\/\/www.colorlatina.org\/"},{"@type":"ListItem","position":2,"name":"Youth Leadership and Programs","item":"https:\/\/www.colorlatina.org\/youth-programs\/"},{"@type":"ListItem","position":3,"name":"Celebrate our LIPS Quincea\u00f1era!"}]},{"@type":"WebSite","@id":"https:\/\/www.colorlatina.org\/#website","url":"https:\/\/www.colorlatina.org\/","name":"COLOR Latina","description":"","publisher":{"@id":"https:\/\/www.colorlatina.org\/#organization"},"potentialAction":[{"@type":"SearchAction","target":{"@type":"EntryPoint","urlTemplate":"https:\/\/www.colorlatina.org\/?s={search_term_string}"},"query-input":{"@type":"PropertyValueSpecification","valueRequired":true,"valueName":"search_term_string"}}],"inLanguage":"es"},{"@type":"Organization","@id":"https:\/\/www.colorlatina.org\/#organization","name":"COLOR Latina","url":"https:\/\/www.colorlatina.org\/","logo":{"@type":"ImageObject","inLanguage":"es","@id":"https:\/\/www.colorlatina.org\/#\/schema\/logo\/image\/","url":"https:\/\/live-color-latina.pantheonsite.io\/wp-content\/uploads\/2022\/04\/color-latina-fb.jpg","contentUrl":"https:\/\/live-color-latina.pantheonsite.io\/wp-content\/uploads\/2022\/04\/color-latina-fb.jpg","width":1200,"height":630,"caption":"COLOR Latina"},"image":{"@id":"https:\/\/www.colorlatina.org\/#\/schema\/logo\/image\/"}}]}},"_links":{"self":[{"href":"https:\/\/www.colorlatina.org\/es\/wp-json\/wp\/v2\/pages\/4216","targetHints":{"allow":["GET"]}}],"collection":[{"href":"https:\/\/www.colorlatina.org\/es\/wp-json\/wp\/v2\/pages"}],"about":[{"href":"https:\/\/www.colorlatina.org\/es\/wp-json\/wp\/v2\/types\/page"}],"author":[{"embeddable":true,"href":"https:\/\/www.colorlatina.org\/es\/wp-json\/wp\/v2\/users\/1"}],"replies":[{"embeddable":true,"href":"https:\/\/www.colorlatina.org\/es\/wp-json\/wp\/v2\/comments?post=4216"}],"version-history":[{"count":31,"href":"https:\/\/www.colorlatina.org\/es\/wp-json\/wp\/v2\/pages\/4216\/revisions"}],"predecessor-version":[{"id":4333,"href":"https:\/\/www.colorlatina.org\/es\/wp-json\/wp\/v2\/pages\/4216\/revisions\/4333"}],"up":[{"embeddable":true,"href":"https:\/\/www.colorlatina.org\/es\/wp-json\/wp\/v2\/pages\/388"}],"wp:attachment":[{"href":"https:\/\/www.colorlatina.org\/es\/wp-json\/wp\/v2\/media?parent=4216"}],"curies":[{"name":"wp","href":"https:\/\/api.w.org\/{rel}","templated":true}]}}