{"id":4280,"date":"2024-05-03T12:03:42","date_gmt":"2024-05-03T18:03:42","guid":{"rendered":"https:\/\/www.colorlatina.org\/?page_id=4280"},"modified":"2024-05-03T12:04:26","modified_gmt":"2024-05-03T18:04:26","slug":"press-release-colorado-advocates-respond-to-unintended-consequences-posed-by-sb24-158","status":"publish","type":"page","link":"https:\/\/www.colorlatina.org\/es\/blog-3\/press-release-colorado-advocates-respond-to-unintended-consequences-posed-by-sb24-158\/","title":{"rendered":"[COMUNICADO DE PRENSA] LOS DEFENSORES DE COLORADO RESPONDEN A LAS CONSECUENCIAS IMPREVISTAS QUE PLANTEA LA SB24-158"},"content":{"rendered":"<p><strong>PARA PUBLICACI\u00d3N INMEDIATA \u2013 2 de mayo de 2024<\/strong><br>Contacto de prensa:<br>Aurea Bola\u00f1os Perea<br><em>Director de Comunicaciones Estrat\u00e9gicas, COLOR<\/em><br>aurea@colorlatina.org<\/p>\n\n\n\n<p><strong>DENVER, CO- <\/strong>Los defensores de Colorado, incluidos COLOR, Cobalt, ProgressNow Colorado, One Colorado y New Era Colorado, publicaron hoy la siguiente declaraci\u00f3n sobre SB24-158: \u201c<a href=\"https:\/\/leg.colorado.gov\/bills\/sb24-158\">Informes de divulgaci\u00f3n sobre protecci\u00f3n de menores en redes sociales<\/a>.\u201d<\/p>\n\n\n\n<p><a href=\"https:\/\/leg.colorado.gov\/bills\/sb24-158\">Este proyecto de ley<\/a> Habr\u00eda permitido a las fuerzas del orden acceder a los datos de los usuarios de las redes sociales sin una orden judicial, al tiempo que prohibir\u00eda a la empresa de redes sociales notificar al usuario. Esto supone un riesgo de seguridad para las personas de color, las personas LGBTQ+ y los j\u00f3venes que se enfrentan a da\u00f1os y violencia desproporcionados por parte de las fuerzas del orden y que no pueden confiar en que las fuerzas del orden act\u00faen en su mejor inter\u00e9s.<\/p>\n\n\n\n<p>\u201cEstamos comprometidos a trabajar en las preocupaciones de seguridad interseccionales que enfrentan los j\u00f3venes y las personas de color en las redes sociales. El Proyecto de Ley Senatorial 24-158 habr\u00eda amenazado involuntariamente la seguridad de quienes acceden al aborto o a la atenci\u00f3n de afirmaci\u00f3n de g\u00e9nero en todo nuestro estado, que se enorgullece de ser un modelo de legislaci\u00f3n progresista. Desde la revocaci\u00f3n de la <em>Hueva<\/em>Hemos sido testigos de los efectos perjudiciales de las violaciones de la privacidad de los datos como las que se destacan en este proyecto de ley, ya que se est\u00e1 criminalizando a personas de todo el pa\u00eds por buscar libertad y atenci\u00f3n reproductiva. No debemos facilitar el procesamiento de nuestras comunidades que buscan atenci\u00f3n y eliminar todas las barreras a la atenci\u00f3n. El trabajo de pol\u00edticas, la defensa y la <a href=\"https:\/\/coloradansforreproductivefreedom.com\/\">Nuestra campa\u00f1a proactiva de propuestas de ley<\/a> \u201cEnmendar nuestra constituci\u00f3n estatal permitir\u00e1 a los habitantes de Colorado llevar una vida segura, saludable y autodeterminada sin temor a la verg\u00fcenza o al procesamiento\u201d. <strong>dicho<\/strong> <strong>Mar Galvez Seminario, Gerente Legislativa y de Investigaci\u00f3n de la Organizaci\u00f3n de Colorado para las Oportunidades y los Derechos Reproductivos de las Latinas (COLOR)<\/strong>.&nbsp;<\/p>\n\n\n\n<p>\u201cLa relaci\u00f3n entre las redes sociales y la salud mental de los j\u00f3venes tiene matices; en One Colorado creemos firmemente que reconocer esta complejidad es fundamental para crear soluciones sostenibles. Los espacios en l\u00ednea son el recurso de mayor importancia para encontrar comunidades afirmativas, y la SB158 habr\u00eda puesto en peligro el acceso a esos espacios. One Colorado agradece a los promotores por escuchar las preocupaciones de los miembros de la comunidad sobre las consecuencias no deseadas de la SB158. Sin embargo, los requisitos de consentimiento de los padres obstaculizan el acceso a la informaci\u00f3n sobre apoyo en materia de salud mental, prevenci\u00f3n del suicidio y recursos para la comunidad LGBTQ+\u201d. <strong>Dr. Jax Gonz\u00e1lez, Director Pol\u00edtico de One Colorado.<\/strong><\/p>\n\n\n\n<p>\u201cEl Proyecto de Ley 158 del Senado har\u00eda que todos en Colorado, residentes y no residentes por igual, sean vulnerables a b\u00fasquedas de datos sin orden judicial que podr\u00edan conducir a su condena y encarcelamiento por obtener, proporcionar o ayudar con el aborto y la atenci\u00f3n de afirmaci\u00f3n de g\u00e9nero\u201d. <strong>dicho<\/strong> <strong>Kiera Hatton Sena, directora pol\u00edtica y organizativa de Cobalt<\/strong><\/p>\n\n\n\n<p>\u201cLa privacidad de los datos es m\u00e1s importante que nunca para los j\u00f3venes en un mundo posterior a Roe. La SB24-158 habr\u00eda tenido implicaciones de amplio alcance, no solo para la privacidad de los datos, sino tambi\u00e9n para el acceso a la atenci\u00f3n reproductiva y de afirmaci\u00f3n de g\u00e9nero, todos los cuales son problemas importantes para los j\u00f3venes. Si bien hemos trabajado arduamente para proteger el derecho a la atenci\u00f3n reproductiva en Colorado, nuestra pol\u00edtica y nuestras vidas no funcionan en el vac\u00edo. A pesar de sus intenciones, la aprobaci\u00f3n de la SB24-158 habr\u00eda abierto la puerta a la vigilancia excesiva de la atenci\u00f3n reproductiva y de afirmaci\u00f3n de g\u00e9nero de los j\u00f3venes en todo el oeste\u201d. <strong>Natasha Berwick, directora pol\u00edtica de New Era Colorado<\/strong>.&nbsp;<\/p>\n\n\n\n<p>\u201cComo madre, comprendo el deseo de proteger a los ni\u00f1os que utilizan las redes sociales. Como mujer que vive en un mundo posterior a Roe, no podemos aprobar una legislaci\u00f3n que tenga el potencial de interferir con el derecho de las personas a la privacidad y el acceso al aborto o a la atenci\u00f3n de afirmaci\u00f3n de g\u00e9nero\u201d. <strong>dijo Hazel Gibson, directora de Derechos Reproductivos y Aborto en ProgressNow Colorado.&nbsp;<\/strong><\/p>\n\n\n\n<p><a href=\"https:\/\/drive.google.com\/file\/d\/1Ir5B46iacOf4OY3mCFHows5amE1HEBtU\/view?usp=sharing\"><strong>Organizaciones que han firmado una carta de apoyo:&nbsp;<\/strong><\/a><\/p>\n\n\n\n<p>Organizaci\u00f3n de Colorado para las Oportunidades y los Derechos Reproductivos de las Latinas, ProgressNow Colorado, New Era Colorado, Cobalt, Partido de las Familias Trabajadoras de Colorado, One Colorado, Out Boulder County, Elephant Circle, Soul 2 Soul, Pueblo Pro-Choice, Southern Colorado Equality Alliance, Voces Unidas de las Monta\u00f1as, Movimiento Poder y Planned Parenthood of the Rocky Mountains<\/p>\n\n\n\n<p class=\"has-text-align-center\"><strong><em>###&nbsp;<\/em><\/strong><\/p>","protected":false},"excerpt":{"rendered":"<p>PARA PUBLICACI\u00d3N INMEDIATA \u2013 2 de mayo de 2024Contacto de medios: Aurea Bola\u00f1os PereaDirectora de comunicaciones estrat\u00e9gicas, COLORaurea@colorlatina.org DENVER, CO- Defensores de Colorado, incluidos COLOR, Cobalt, ProgressNow Colorado, One Colorado y New Era Colorado, lanzaron hoy [\u2026]<\/p>","protected":false},"author":1,"featured_media":4281,"parent":741,"menu_order":0,"comment_status":"closed","ping_status":"closed","template":"","meta":{"footnotes":""},"class_list":["post-4280","page","type-page","status-publish","has-post-thumbnail","hentry"],"yoast_head":"<!-- This site is optimized with the Yoast SEO plugin v26.0 - https:\/\/yoast.com\/wordpress\/plugins\/seo\/ -->\n<title>[PRESS RELEASE] COLORADO ADVOCATES RESPOND TO UNINTENDED CONSEQUENCES POSED BY SB24-158 - COLOR Latina<\/title>\n<meta name=\"robots\" content=\"index, follow, max-snippet:-1, max-image-preview:large, max-video-preview:-1\" \/>\n<link rel=\"canonical\" href=\"https:\/\/www.colorlatina.org\/es\/blog-3\/press-release-colorado-advocates-respond-to-unintended-consequences-posed-by-sb24-158\/\" \/>\n<meta property=\"og:locale\" content=\"es_MX\" \/>\n<meta property=\"og:type\" content=\"article\" \/>\n<meta property=\"og:title\" content=\"[PRESS RELEASE] COLORADO ADVOCATES RESPOND TO UNINTENDED CONSEQUENCES POSED BY SB24-158 - COLOR Latina\" \/>\n<meta property=\"og:description\" content=\"FOR IMMEDIATE RELEASE \u2013 May 2, 2024Media Contact:Aurea Bola\u00f1os PereaStrategic Communications Director, COLORaurea@colorlatina.org DENVER, CO- Colorado advocates, including COLOR, Cobalt, ProgressNow Colorado, One Colorado, and New Era Colorado, today released [&hellip;]\" \/>\n<meta property=\"og:url\" content=\"https:\/\/www.colorlatina.org\/es\/blog-3\/press-release-colorado-advocates-respond-to-unintended-consequences-posed-by-sb24-158\/\" \/>\n<meta property=\"og:site_name\" content=\"COLOR Latina\" \/>\n<meta property=\"article:modified_time\" content=\"2024-05-03T18:04:26+00:00\" \/>\n<meta property=\"og:image\" content=\"https:\/\/www.colorlatina.org\/wp-content\/uploads\/2024\/05\/478cedd4-4a7f-40c4-bf85-c64f3e833846.jpg\" \/>\n\t<meta property=\"og:image:width\" content=\"1600\" \/>\n\t<meta property=\"og:image:height\" content=\"1200\" \/>\n\t<meta property=\"og:image:type\" content=\"image\/jpeg\" \/>\n<meta name=\"twitter:card\" content=\"summary_large_image\" \/>\n<meta name=\"twitter:label1\" content=\"Tiempo de lectura\" \/>\n\t<meta name=\"twitter:data1\" content=\"3 minutos\" \/>\n<script type=\"application\/ld+json\" class=\"yoast-schema-graph\">{\"@context\":\"https:\/\/schema.org\",\"@graph\":[{\"@type\":\"WebPage\",\"@id\":\"https:\/\/www.colorlatina.org\/blog-3\/press-release-colorado-advocates-respond-to-unintended-consequences-posed-by-sb24-158\/\",\"url\":\"https:\/\/www.colorlatina.org\/blog-3\/press-release-colorado-advocates-respond-to-unintended-consequences-posed-by-sb24-158\/\",\"name\":\"[PRESS RELEASE] COLORADO ADVOCATES RESPOND TO UNINTENDED CONSEQUENCES POSED BY SB24-158 - COLOR Latina\",\"isPartOf\":{\"@id\":\"https:\/\/www.colorlatina.org\/#website\"},\"primaryImageOfPage\":{\"@id\":\"https:\/\/www.colorlatina.org\/blog-3\/press-release-colorado-advocates-respond-to-unintended-consequences-posed-by-sb24-158\/#primaryimage\"},\"image\":{\"@id\":\"https:\/\/www.colorlatina.org\/blog-3\/press-release-colorado-advocates-respond-to-unintended-consequences-posed-by-sb24-158\/#primaryimage\"},\"thumbnailUrl\":\"https:\/\/www.colorlatina.org\/wp-content\/uploads\/2024\/05\/478cedd4-4a7f-40c4-bf85-c64f3e833846.jpg\",\"datePublished\":\"2024-05-03T18:03:42+00:00\",\"dateModified\":\"2024-05-03T18:04:26+00:00\",\"breadcrumb\":{\"@id\":\"https:\/\/www.colorlatina.org\/blog-3\/press-release-colorado-advocates-respond-to-unintended-consequences-posed-by-sb24-158\/#breadcrumb\"},\"inLanguage\":\"es\",\"potentialAction\":[{\"@type\":\"ReadAction\",\"target\":[\"https:\/\/www.colorlatina.org\/blog-3\/press-release-colorado-advocates-respond-to-unintended-consequences-posed-by-sb24-158\/\"]}]},{\"@type\":\"ImageObject\",\"inLanguage\":\"es\",\"@id\":\"https:\/\/www.colorlatina.org\/blog-3\/press-release-colorado-advocates-respond-to-unintended-consequences-posed-by-sb24-158\/#primaryimage\",\"url\":\"https:\/\/www.colorlatina.org\/wp-content\/uploads\/2024\/05\/478cedd4-4a7f-40c4-bf85-c64f3e833846.jpg\",\"contentUrl\":\"https:\/\/www.colorlatina.org\/wp-content\/uploads\/2024\/05\/478cedd4-4a7f-40c4-bf85-c64f3e833846.jpg\",\"width\":1600,\"height\":1200},{\"@type\":\"BreadcrumbList\",\"@id\":\"https:\/\/www.colorlatina.org\/blog-3\/press-release-colorado-advocates-respond-to-unintended-consequences-posed-by-sb24-158\/#breadcrumb\",\"itemListElement\":[{\"@type\":\"ListItem\",\"position\":1,\"name\":\"Home\",\"item\":\"https:\/\/www.colorlatina.org\/\"},{\"@type\":\"ListItem\",\"position\":2,\"name\":\"El Siglo de COLOR\",\"item\":\"https:\/\/www.colorlatina.org\/blog-3\/\"},{\"@type\":\"ListItem\",\"position\":3,\"name\":\"[PRESS RELEASE] COLORADO ADVOCATES RESPOND TO UNINTENDED CONSEQUENCES POSED BY SB24-158\"}]},{\"@type\":\"WebSite\",\"@id\":\"https:\/\/www.colorlatina.org\/#website\",\"url\":\"https:\/\/www.colorlatina.org\/\",\"name\":\"COLOR Latina\",\"description\":\"\",\"publisher\":{\"@id\":\"https:\/\/www.colorlatina.org\/#organization\"},\"potentialAction\":[{\"@type\":\"SearchAction\",\"target\":{\"@type\":\"EntryPoint\",\"urlTemplate\":\"https:\/\/www.colorlatina.org\/?s={search_term_string}\"},\"query-input\":{\"@type\":\"PropertyValueSpecification\",\"valueRequired\":true,\"valueName\":\"search_term_string\"}}],\"inLanguage\":\"es\"},{\"@type\":\"Organization\",\"@id\":\"https:\/\/www.colorlatina.org\/#organization\",\"name\":\"COLOR Latina\",\"url\":\"https:\/\/www.colorlatina.org\/\",\"logo\":{\"@type\":\"ImageObject\",\"inLanguage\":\"es\",\"@id\":\"https:\/\/www.colorlatina.org\/#\/schema\/logo\/image\/\",\"url\":\"https:\/\/live-color-latina.pantheonsite.io\/wp-content\/uploads\/2022\/04\/color-latina-fb.jpg\",\"contentUrl\":\"https:\/\/live-color-latina.pantheonsite.io\/wp-content\/uploads\/2022\/04\/color-latina-fb.jpg\",\"width\":1200,\"height\":630,\"caption\":\"COLOR Latina\"},\"image\":{\"@id\":\"https:\/\/www.colorlatina.org\/#\/schema\/logo\/image\/\"}}]}<\/script>\n<!-- \/ Yoast SEO plugin. -->","yoast_head_json":{"title":"[COMUNICADO DE PRENSA] DEFENSORES DE COLORADO RESPONDEN A LAS CONSECUENCIAS NO DESEADAS DEL PROYECTO DE LEY SB24-158 - COLOR Latina","robots":{"index":"index","follow":"follow","max-snippet":"max-snippet:-1","max-image-preview":"max-image-preview:large","max-video-preview":"max-video-preview:-1"},"canonical":"https:\/\/www.colorlatina.org\/es\/blog-3\/press-release-colorado-advocates-respond-to-unintended-consequences-posed-by-sb24-158\/","og_locale":"es_MX","og_type":"article","og_title":"[PRESS RELEASE] COLORADO ADVOCATES RESPOND TO UNINTENDED CONSEQUENCES POSED BY SB24-158 - COLOR Latina","og_description":"FOR IMMEDIATE RELEASE \u2013 May 2, 2024Media Contact:Aurea Bola\u00f1os PereaStrategic Communications Director, COLORaurea@colorlatina.org DENVER, CO- Colorado advocates, including COLOR, Cobalt, ProgressNow Colorado, One Colorado, and New Era Colorado, today released [&hellip;]","og_url":"https:\/\/www.colorlatina.org\/es\/blog-3\/press-release-colorado-advocates-respond-to-unintended-consequences-posed-by-sb24-158\/","og_site_name":"COLOR Latina","article_modified_time":"2024-05-03T18:04:26+00:00","og_image":[{"width":1600,"height":1200,"url":"https:\/\/www.colorlatina.org\/wp-content\/uploads\/2024\/05\/478cedd4-4a7f-40c4-bf85-c64f3e833846.jpg","type":"image\/jpeg"}],"twitter_card":"summary_large_image","twitter_misc":{"Tiempo de lectura":"3 minutos"},"schema":{"@context":"https:\/\/schema.org","@graph":[{"@type":"WebPage","@id":"https:\/\/www.colorlatina.org\/blog-3\/press-release-colorado-advocates-respond-to-unintended-consequences-posed-by-sb24-158\/","url":"https:\/\/www.colorlatina.org\/blog-3\/press-release-colorado-advocates-respond-to-unintended-consequences-posed-by-sb24-158\/","name":"[COMUNICADO DE PRENSA] DEFENSORES DE COLORADO RESPONDEN A LAS CONSECUENCIAS NO DESEADAS DEL PROYECTO DE LEY SB24-158 - COLOR Latina","isPartOf":{"@id":"https:\/\/www.colorlatina.org\/#website"},"primaryImageOfPage":{"@id":"https:\/\/www.colorlatina.org\/blog-3\/press-release-colorado-advocates-respond-to-unintended-consequences-posed-by-sb24-158\/#primaryimage"},"image":{"@id":"https:\/\/www.colorlatina.org\/blog-3\/press-release-colorado-advocates-respond-to-unintended-consequences-posed-by-sb24-158\/#primaryimage"},"thumbnailUrl":"https:\/\/www.colorlatina.org\/wp-content\/uploads\/2024\/05\/478cedd4-4a7f-40c4-bf85-c64f3e833846.jpg","datePublished":"2024-05-03T18:03:42+00:00","dateModified":"2024-05-03T18:04:26+00:00","breadcrumb":{"@id":"https:\/\/www.colorlatina.org\/blog-3\/press-release-colorado-advocates-respond-to-unintended-consequences-posed-by-sb24-158\/#breadcrumb"},"inLanguage":"es","potentialAction":[{"@type":"ReadAction","target":["https:\/\/www.colorlatina.org\/blog-3\/press-release-colorado-advocates-respond-to-unintended-consequences-posed-by-sb24-158\/"]}]},{"@type":"ImageObject","inLanguage":"es","@id":"https:\/\/www.colorlatina.org\/blog-3\/press-release-colorado-advocates-respond-to-unintended-consequences-posed-by-sb24-158\/#primaryimage","url":"https:\/\/www.colorlatina.org\/wp-content\/uploads\/2024\/05\/478cedd4-4a7f-40c4-bf85-c64f3e833846.jpg","contentUrl":"https:\/\/www.colorlatina.org\/wp-content\/uploads\/2024\/05\/478cedd4-4a7f-40c4-bf85-c64f3e833846.jpg","width":1600,"height":1200},{"@type":"BreadcrumbList","@id":"https:\/\/www.colorlatina.org\/blog-3\/press-release-colorado-advocates-respond-to-unintended-consequences-posed-by-sb24-158\/#breadcrumb","itemListElement":[{"@type":"ListItem","position":1,"name":"Home","item":"https:\/\/www.colorlatina.org\/"},{"@type":"ListItem","position":2,"name":"El Siglo de COLOR","item":"https:\/\/www.colorlatina.org\/blog-3\/"},{"@type":"ListItem","position":3,"name":"[PRESS RELEASE] COLORADO ADVOCATES RESPOND TO UNINTENDED CONSEQUENCES POSED BY SB24-158"}]},{"@type":"WebSite","@id":"https:\/\/www.colorlatina.org\/#website","url":"https:\/\/www.colorlatina.org\/","name":"COLOR Latina","description":"","publisher":{"@id":"https:\/\/www.colorlatina.org\/#organization"},"potentialAction":[{"@type":"SearchAction","target":{"@type":"EntryPoint","urlTemplate":"https:\/\/www.colorlatina.org\/?s={search_term_string}"},"query-input":{"@type":"PropertyValueSpecification","valueRequired":true,"valueName":"search_term_string"}}],"inLanguage":"es"},{"@type":"Organization","@id":"https:\/\/www.colorlatina.org\/#organization","name":"COLOR Latina","url":"https:\/\/www.colorlatina.org\/","logo":{"@type":"ImageObject","inLanguage":"es","@id":"https:\/\/www.colorlatina.org\/#\/schema\/logo\/image\/","url":"https:\/\/live-color-latina.pantheonsite.io\/wp-content\/uploads\/2022\/04\/color-latina-fb.jpg","contentUrl":"https:\/\/live-color-latina.pantheonsite.io\/wp-content\/uploads\/2022\/04\/color-latina-fb.jpg","width":1200,"height":630,"caption":"COLOR Latina"},"image":{"@id":"https:\/\/www.colorlatina.org\/#\/schema\/logo\/image\/"}}]}},"_links":{"self":[{"href":"https:\/\/www.colorlatina.org\/es\/wp-json\/wp\/v2\/pages\/4280","targetHints":{"allow":["GET"]}}],"collection":[{"href":"https:\/\/www.colorlatina.org\/es\/wp-json\/wp\/v2\/pages"}],"about":[{"href":"https:\/\/www.colorlatina.org\/es\/wp-json\/wp\/v2\/types\/page"}],"author":[{"embeddable":true,"href":"https:\/\/www.colorlatina.org\/es\/wp-json\/wp\/v2\/users\/1"}],"replies":[{"embeddable":true,"href":"https:\/\/www.colorlatina.org\/es\/wp-json\/wp\/v2\/comments?post=4280"}],"version-history":[{"count":2,"href":"https:\/\/www.colorlatina.org\/es\/wp-json\/wp\/v2\/pages\/4280\/revisions"}],"predecessor-version":[{"id":4283,"href":"https:\/\/www.colorlatina.org\/es\/wp-json\/wp\/v2\/pages\/4280\/revisions\/4283"}],"up":[{"embeddable":true,"href":"https:\/\/www.colorlatina.org\/es\/wp-json\/wp\/v2\/pages\/741"}],"wp:featuredmedia":[{"embeddable":true,"href":"https:\/\/www.colorlatina.org\/es\/wp-json\/wp\/v2\/media\/4281"}],"wp:attachment":[{"href":"https:\/\/www.colorlatina.org\/es\/wp-json\/wp\/v2\/media?parent=4280"}],"curies":[{"name":"wp","href":"https:\/\/api.w.org\/{rel}","templated":true}]}}