{"id":442,"date":"2022-02-10T21:20:37","date_gmt":"2022-02-10T21:20:37","guid":{"rendered":"https:\/\/live-color-latina.pantheonsite.io\/?page_id=442"},"modified":"2022-02-10T21:22:16","modified_gmt":"2022-02-10T21:22:16","slug":"support-our-work","status":"publish","type":"page","link":"https:\/\/www.colorlatina.org\/es\/support-our-work\/","title":{"rendered":"Apoye nuestro trabajo"},"content":{"rendered":"<h3 class=\"wp-block-heading\" id=\"what-your-support-does\"><strong>Lo que hace tu apoyo<\/strong><\/h3>\n\n\n\n<p><strong>$250<\/strong> ayudan a traer a cuatro habitantes de Colorado de todo el estado al d\u00eda de la defensa de los latinos para sesiones de capacitaci\u00f3n sobre compromiso c\u00edvico de <em>\u00f3mo hablar con su legislador<\/em> para desarrollar pol\u00edticas de influencia y poder comunitario. <strong>$150<\/strong> nv\u00eda a tres encuestadores a nuestras comunidades a trav\u00e9s del programa Voter Engagement para registrar votantes, educar a las comunidades sobre el proceso electoral y lograr que los latinos voten! <strong>$75<\/strong> proporciona educaci\u00f3n sexual a una persona joven y un adulto cari\u00f1oso en su vida a trav\u00e9s del programa Two-Gen Comp Sex Ed, donde nuestras familias inmigrantes\/migrantes de habla hispana pueden hablar sobre salud sexual. <strong>$55<\/strong> proporcionan un evento de divulgaci\u00f3n en el campus dirigido por uno de nuestros becarios de Youth of COLOR (Juventud de COLOR) para discutir el acceso al aborto y el estigma.<\/p>\n\n\n\n<p>Cuando realiza una donaci\u00f3n mensual a COLOR, ayuda a mantener nuestros esfuerzos durante todo el a\u00f1o. Desde nuestros programas de liderazgo juvenil, como LIPS y Youth of COLOR Fellowship, hasta nuestros programas comunitarios y de educaci\u00f3n intergeneracional como Cafecitos, no podr\u00edamos hacerlo todo sin nuestros donantes de apoyo. <a href=\"http:\/\/bitly.com\/rjforall\" target=\"_blank\" rel=\"noreferrer noopener\">Comience hoy su donaci\u00f3n recurrente.<\/a><\/p>\n\n\n\n<h3 class=\"wp-block-heading\" id=\"other-ways-to-give\"><strong>Otras formas de donar<\/strong><\/h3>\n\n\n\n<p><strong>Asistente de donaci\u00f3n:<\/strong> Al comprar a trav\u00e9s del sitio web de Giving Assistant, obtienes reembolsos en efectivo con cupones que puedes donar a COLOR. Estas donaciones son muy importantes y nos ayudan a continuar con nuestra labor de programaci\u00f3n y pol\u00edticas. A trav\u00e9s del sitio web de Giving Assistant, puedes comprar pr\u00e1cticamente cualquier cosa, desde ropa y zapatos hasta art\u00edculos para el hogar, e incluso tu pr\u00f3ximo viaje o concierto.<a href=\"https:\/\/givingassistant.org\/np#colorado-organization-for-latina-opportunity-and-reproductive-right\"> <strong>Para comprar en l\u00ednea y donar a COLOR, \u00a1puede ir a nuestra p\u00e1gina de registro de Asistente de donaciones y comenzar a comprar en sus tiendas favoritas en l\u00ednea!<\/strong><\/a> Si ya tienes sitios web de confianza para comprar tus productos, \u00a1est\u00e1s de suerte! Giving Assistant tambi\u00e9n ofrece una extensi\u00f3n para navegadores como Firefox y Chrome. Para acceder a esta extensi\u00f3n, reg\u00edstrate en nuestra p\u00e1gina de Giving Assistant, inst\u00e1lala y empieza a apoyar los programas de COLOR ahora mismo.<\/p>\n\n\n\n<p><strong>Recompensas comunitarias de King Soopers\/City Market:<\/strong> \u00a1Vincule su tarjeta de recompensas King Soopers o City Market y apoye nuestro trabajo! Cada vez que compra en l\u00ednea o en persona con su tarjeta de recompensas, una donaci\u00f3n directa se destina a apoyar nuestro trabajo. En cinco sencillos pasos, puede comenzar a donar a COLOR con cada compra que realice. (Debe incluir un gr\u00e1fico que muestre c\u00f3mo hacer esto)<\/p>\n\n\n\n<p><strong>El programa de donaciones planificadas de nuevos ancestros: <\/strong>\u00bfC\u00f3mo puede asegurarse de que su legado est\u00e9 comprometido con la justicia reproductiva? Una forma es a trav\u00e9s de un regalo planificado. Un legado caritativo es una forma poderosa de asegurar que el movimiento hacia la Justicia Reproductiva contin\u00fae en el futuro. Por favor comun\u00edquese con elva@colorlatina.org para obtener m\u00e1s informaci\u00f3n sobre c\u00f3mo convertirse en un <em>nuevo ancestro.<\/em><\/p>\n\n\n\n<p><strong>Donaciones de transferencia de acciones: <\/strong>si est\u00e1 interesado en donar acciones a COLOR, env\u00ede un correo electr\u00f3nico a elva@colorlatina.org para obtener un paquete informativo sobre la donaci\u00f3n de activos.&nbsp;<\/p>\n\n\n\n<p class=\"translation-block\"><strong>AmazonSmiles:<\/strong> AmazonSmile es un sitio web operado por Amazon con los mismos productos, precios y funciones de compra que Amazon.com, incluido Prime. La diferencia es que cuando compras en AmazonSmile, la fundaci\u00f3n AmazonSmile donar\u00e1 el 0.5% del precio de compra de los productos elegibles a la organizaci\u00f3n ben\u00e9fica de tu elecci\u00f3n. Para comenzar a donar a COLOR, simplemente vaya a smile.amazon.com, seleccione COLOR como su organizaci\u00f3n ben\u00e9fica preferida y comience a comprar. O, en la pesta\u00f1a \"accounts and lists\/cuentas y listas\", simplemente haga clic en \"su amazonsmile\" y elija COLOR como su organizaci\u00f3n de elecci\u00f3n.<\/p>\n\n\n\n<p><strong>Reembolso de impuestos:<\/strong> ReFUND es una forma conveniente de financiar nuestro trabajo continuo en todo el estado. Con reFUND, puede donar la totalidad o un porcentaje de su reembolso de impuestos a COLOR. Para donar a COLOR, simplemente ingrese su n\u00famero de registro (<strong>20083001107)<\/strong> en el <em>Donar a un fondo sin fines de lucro de Colorado<\/em> En su declaraci\u00f3n de impuestos estatales, o proporcione esta informaci\u00f3n a su asesor fiscal y decida exactamente cu\u00e1nto desea donar de su declaraci\u00f3n. Con solo donar el 10% de su declaraci\u00f3n de impuestos estatales, ayuda a COLOR a seguir brindando educaci\u00f3n sexual integral a j\u00f3venes y adultos, y a ayudar a las embarazadas a contactar con doulas y encontrar centros de maternidad para tener un embarazo saludable y seguro ante la creciente demanda de servicios de salud. <strong>Apoye nuestro trabajo para proteger y defender a nuestra comunidad ingresando el n\u00famero de registro de COLOR (20083001107) en el <\/strong><strong><em>Donar al Fondo sin fines de lucro de Colorado<\/em><\/strong><strong> en su declaraci\u00f3n de impuestos estatales sobre la renta hoy.<\/strong><\/p>","protected":false},"excerpt":{"rendered":"<p>Lo que hace tu apoyo $250 ayuda a traer a cuatro habitantes de Colorado de todo el estado al D\u00eda de Defensa de los Latinos\/as para sesiones de capacitaci\u00f3n sobre participaci\u00f3n c\u00edvica como C\u00f3mo hablar con tu legislador en [\u2026]<\/p>","protected":false},"author":1,"featured_media":0,"parent":0,"menu_order":0,"comment_status":"closed","ping_status":"closed","template":"","meta":{"footnotes":""},"class_list":["post-442","page","type-page","status-publish","hentry"],"yoast_head":"<!-- This site is optimized with the Yoast SEO plugin v26.0 - https:\/\/yoast.com\/wordpress\/plugins\/seo\/ -->\n<title>Support Our Work - COLOR Latina<\/title>\n<meta name=\"robots\" content=\"index, follow, max-snippet:-1, max-image-preview:large, max-video-preview:-1\" \/>\n<link rel=\"canonical\" href=\"https:\/\/www.colorlatina.org\/es\/support-our-work\/\" \/>\n<meta property=\"og:locale\" content=\"es_MX\" \/>\n<meta property=\"og:type\" content=\"article\" \/>\n<meta property=\"og:title\" content=\"Support Our Work - COLOR Latina\" \/>\n<meta property=\"og:description\" content=\"What Your Support Does $250 helps bring four Coloradans from across the state to Latino\/a Advocacy Day for civic engagement training sessions like How to talk to your legislator in [&hellip;]\" \/>\n<meta property=\"og:url\" content=\"https:\/\/www.colorlatina.org\/es\/support-our-work\/\" \/>\n<meta property=\"og:site_name\" content=\"COLOR Latina\" \/>\n<meta property=\"article:modified_time\" content=\"2022-02-10T21:22:16+00:00\" \/>\n<meta property=\"og:image\" content=\"https:\/\/www.colorlatina.org\/wp-content\/uploads\/2022\/04\/color-latina-fb.jpg\" \/>\n\t<meta property=\"og:image:width\" content=\"1200\" \/>\n\t<meta property=\"og:image:height\" content=\"630\" \/>\n\t<meta property=\"og:image:type\" content=\"image\/jpeg\" \/>\n<meta name=\"twitter:card\" content=\"summary_large_image\" \/>\n<meta name=\"twitter:label1\" content=\"Tiempo de lectura\" \/>\n\t<meta name=\"twitter:data1\" content=\"3 minutos\" \/>\n<script type=\"application\/ld+json\" class=\"yoast-schema-graph\">{\"@context\":\"https:\/\/schema.org\",\"@graph\":[{\"@type\":\"WebPage\",\"@id\":\"https:\/\/www.colorlatina.org\/es\/support-our-work\/\",\"url\":\"https:\/\/www.colorlatina.org\/es\/support-our-work\/\",\"name\":\"Support Our Work - COLOR Latina\",\"isPartOf\":{\"@id\":\"https:\/\/www.colorlatina.org\/#website\"},\"datePublished\":\"2022-02-10T21:20:37+00:00\",\"dateModified\":\"2022-02-10T21:22:16+00:00\",\"breadcrumb\":{\"@id\":\"https:\/\/www.colorlatina.org\/es\/support-our-work\/#breadcrumb\"},\"inLanguage\":\"es\",\"potentialAction\":[{\"@type\":\"ReadAction\",\"target\":[\"https:\/\/www.colorlatina.org\/es\/support-our-work\/\"]}]},{\"@type\":\"BreadcrumbList\",\"@id\":\"https:\/\/www.colorlatina.org\/es\/support-our-work\/#breadcrumb\",\"itemListElement\":[{\"@type\":\"ListItem\",\"position\":1,\"name\":\"Home\",\"item\":\"https:\/\/www.colorlatina.org\/\"},{\"@type\":\"ListItem\",\"position\":2,\"name\":\"Support Our Work\"}]},{\"@type\":\"WebSite\",\"@id\":\"https:\/\/www.colorlatina.org\/#website\",\"url\":\"https:\/\/www.colorlatina.org\/\",\"name\":\"COLOR Latina\",\"description\":\"\",\"publisher\":{\"@id\":\"https:\/\/www.colorlatina.org\/#organization\"},\"potentialAction\":[{\"@type\":\"SearchAction\",\"target\":{\"@type\":\"EntryPoint\",\"urlTemplate\":\"https:\/\/www.colorlatina.org\/?s={search_term_string}\"},\"query-input\":{\"@type\":\"PropertyValueSpecification\",\"valueRequired\":true,\"valueName\":\"search_term_string\"}}],\"inLanguage\":\"es\"},{\"@type\":\"Organization\",\"@id\":\"https:\/\/www.colorlatina.org\/#organization\",\"name\":\"COLOR Latina\",\"url\":\"https:\/\/www.colorlatina.org\/\",\"logo\":{\"@type\":\"ImageObject\",\"inLanguage\":\"es\",\"@id\":\"https:\/\/www.colorlatina.org\/#\/schema\/logo\/image\/\",\"url\":\"https:\/\/live-color-latina.pantheonsite.io\/wp-content\/uploads\/2022\/04\/color-latina-fb.jpg\",\"contentUrl\":\"https:\/\/live-color-latina.pantheonsite.io\/wp-content\/uploads\/2022\/04\/color-latina-fb.jpg\",\"width\":1200,\"height\":630,\"caption\":\"COLOR Latina\"},\"image\":{\"@id\":\"https:\/\/www.colorlatina.org\/#\/schema\/logo\/image\/\"}}]}<\/script>\n<!-- \/ Yoast SEO plugin. -->","yoast_head_json":{"title":"Apoya nuestro trabajo - COLOR Latina","robots":{"index":"index","follow":"follow","max-snippet":"max-snippet:-1","max-image-preview":"max-image-preview:large","max-video-preview":"max-video-preview:-1"},"canonical":"https:\/\/www.colorlatina.org\/es\/support-our-work\/","og_locale":"es_MX","og_type":"article","og_title":"Support Our Work - COLOR Latina","og_description":"What Your Support Does $250 helps bring four Coloradans from across the state to Latino\/a Advocacy Day for civic engagement training sessions like How to talk to your legislator in [&hellip;]","og_url":"https:\/\/www.colorlatina.org\/es\/support-our-work\/","og_site_name":"COLOR Latina","article_modified_time":"2022-02-10T21:22:16+00:00","og_image":[{"width":1200,"height":630,"url":"https:\/\/www.colorlatina.org\/wp-content\/uploads\/2022\/04\/color-latina-fb.jpg","type":"image\/jpeg"}],"twitter_card":"summary_large_image","twitter_misc":{"Tiempo de lectura":"3 minutos"},"schema":{"@context":"https:\/\/schema.org","@graph":[{"@type":"WebPage","@id":"https:\/\/www.colorlatina.org\/es\/support-our-work\/","url":"https:\/\/www.colorlatina.org\/es\/support-our-work\/","name":"Apoya nuestro trabajo - COLOR Latina","isPartOf":{"@id":"https:\/\/www.colorlatina.org\/#website"},"datePublished":"2022-02-10T21:20:37+00:00","dateModified":"2022-02-10T21:22:16+00:00","breadcrumb":{"@id":"https:\/\/www.colorlatina.org\/es\/support-our-work\/#breadcrumb"},"inLanguage":"es","potentialAction":[{"@type":"ReadAction","target":["https:\/\/www.colorlatina.org\/es\/support-our-work\/"]}]},{"@type":"BreadcrumbList","@id":"https:\/\/www.colorlatina.org\/es\/support-our-work\/#breadcrumb","itemListElement":[{"@type":"ListItem","position":1,"name":"Home","item":"https:\/\/www.colorlatina.org\/"},{"@type":"ListItem","position":2,"name":"Support Our Work"}]},{"@type":"WebSite","@id":"https:\/\/www.colorlatina.org\/#website","url":"https:\/\/www.colorlatina.org\/","name":"COLOR Latina","description":"","publisher":{"@id":"https:\/\/www.colorlatina.org\/#organization"},"potentialAction":[{"@type":"SearchAction","target":{"@type":"EntryPoint","urlTemplate":"https:\/\/www.colorlatina.org\/?s={search_term_string}"},"query-input":{"@type":"PropertyValueSpecification","valueRequired":true,"valueName":"search_term_string"}}],"inLanguage":"es"},{"@type":"Organization","@id":"https:\/\/www.colorlatina.org\/#organization","name":"COLOR Latina","url":"https:\/\/www.colorlatina.org\/","logo":{"@type":"ImageObject","inLanguage":"es","@id":"https:\/\/www.colorlatina.org\/#\/schema\/logo\/image\/","url":"https:\/\/live-color-latina.pantheonsite.io\/wp-content\/uploads\/2022\/04\/color-latina-fb.jpg","contentUrl":"https:\/\/live-color-latina.pantheonsite.io\/wp-content\/uploads\/2022\/04\/color-latina-fb.jpg","width":1200,"height":630,"caption":"COLOR Latina"},"image":{"@id":"https:\/\/www.colorlatina.org\/#\/schema\/logo\/image\/"}}]}},"_links":{"self":[{"href":"https:\/\/www.colorlatina.org\/es\/wp-json\/wp\/v2\/pages\/442","targetHints":{"allow":["GET"]}}],"collection":[{"href":"https:\/\/www.colorlatina.org\/es\/wp-json\/wp\/v2\/pages"}],"about":[{"href":"https:\/\/www.colorlatina.org\/es\/wp-json\/wp\/v2\/types\/page"}],"author":[{"embeddable":true,"href":"https:\/\/www.colorlatina.org\/es\/wp-json\/wp\/v2\/users\/1"}],"replies":[{"embeddable":true,"href":"https:\/\/www.colorlatina.org\/es\/wp-json\/wp\/v2\/comments?post=442"}],"version-history":[{"count":3,"href":"https:\/\/www.colorlatina.org\/es\/wp-json\/wp\/v2\/pages\/442\/revisions"}],"predecessor-version":[{"id":445,"href":"https:\/\/www.colorlatina.org\/es\/wp-json\/wp\/v2\/pages\/442\/revisions\/445"}],"wp:attachment":[{"href":"https:\/\/www.colorlatina.org\/es\/wp-json\/wp\/v2\/media?parent=442"}],"curies":[{"name":"wp","href":"https:\/\/api.w.org\/{rel}","templated":true}]}}