{"id":4712,"date":"2024-08-26T14:59:41","date_gmt":"2024-08-26T20:59:41","guid":{"rendered":"https:\/\/www.colorlatina.org\/?page_id=4712"},"modified":"2024-09-24T08:34:00","modified_gmt":"2024-09-24T14:34:00","slug":"latines4justice","status":"publish","type":"page","link":"https:\/\/www.colorlatina.org\/es\/latines4justice\/","title":{"rendered":"Latinos por la justicia"},"content":{"rendered":"<div data-elementor-type=\"wp-page\" data-elementor-id=\"4712\" class=\"elementor elementor-4712\" data-elementor-post-type=\"page\">\n\t\t\t\t\t\t<section class=\"elementor-section elementor-top-section elementor-element elementor-element-d4cef5c elementor-section-boxed elementor-section-height-default elementor-section-height-default\" data-id=\"d4cef5c\" data-element_type=\"section\" id=\"header-code\">\n\t\t\t\t\t\t<div class=\"elementor-container elementor-column-gap-default\">\n\t\t\t\t\t<div class=\"elementor-column elementor-col-100 elementor-top-column elementor-element elementor-element-bfb6ee4\" data-id=\"bfb6ee4\" data-element_type=\"column\">\n\t\t\t<div class=\"elementor-widget-wrap elementor-element-populated\">\n\t\t\t\t\t\t<div class=\"elementor-element elementor-element-f350ad2 elementor-widget elementor-widget-html\" data-id=\"f350ad2\" data-element_type=\"widget\" data-widget_type=\"html.default\">\n\t\t\t\t<div class=\"elementor-widget-container\">\n\t\t\t\t\t<link rel='preload' href='https:\/\/static.everyaction.com\/ea-actiontag\/at.js' as='script' crossorigin='anonymous'>\n <link rel='preload' href='https:\/\/static.everyaction.com\/ea-actiontag\/at.min.css' as='style'>\n <script type='text\/javascript' src='https:\/\/static.everyaction.com\/ea-actiontag\/at.js' crossorigin='anonymous'><\/script>\n <link rel=\"stylesheet\" href=\"https:\/\/use.typekit.net\/zqr5mre.css?version=v3\">\n<style>\n.elementor-section.elementor-element-944888c {\n    display: none !important;\n}\n<\/style>\t\t\t\t<\/div>\n\t\t\t\t<\/div>\n\t\t\t\t\t<\/div>\n\t\t<\/div>\n\t\t\t\t\t<\/div>\n\t\t<\/section>\n\t\t\t\t<section class=\"elementor-section elementor-top-section elementor-element elementor-element-572788c bg-form elementor-hidden-desktop elementor-section-boxed elementor-section-height-default elementor-section-height-default\" data-id=\"572788c\" data-element_type=\"section\" data-settings=\"{&quot;background_background&quot;:&quot;classic&quot;}\">\n\t\t\t\t\t\t<div class=\"elementor-container elementor-column-gap-default\">\n\t\t\t\t\t<div class=\"elementor-column elementor-col-100 elementor-top-column elementor-element elementor-element-8b21e67\" data-id=\"8b21e67\" data-element_type=\"column\">\n\t\t\t<div class=\"elementor-widget-wrap elementor-element-populated\">\n\t\t\t\t\t\t<div class=\"elementor-element elementor-element-238ac70 subhead elementor-widget elementor-widget-heading\" data-id=\"238ac70\" data-element_type=\"widget\" data-widget_type=\"heading.default\">\n\t\t\t\t<div class=\"elementor-widget-container\">\n\t\t\t\t\t<h2 class=\"elementor-heading-title elementor-size-default\">\u00a1\u00danete a COLOR hoy!<\/h2>\t\t\t\t<\/div>\n\t\t\t\t<\/div>\n\t\t\t\t<div class=\"elementor-element elementor-element-ad1046a narrow-content signup-form elementor-widget elementor-widget-html\" data-id=\"ad1046a\" data-element_type=\"widget\" id=\"signup-form\" data-widget_type=\"html.default\">\n\t\t\t\t<div class=\"elementor-widget-container\">\n\t\t\t\t\t<script>\n\/\/ Successful form submission callback\nvar nvtag_callbacks = nvtag_callbacks || {};\nnvtag_callbacks.preSegue = nvtag_callbacks.preSegue || [];\nnvtag_callbacks.preSegue.push(function (args) {\n    if(args.confirmation.confirmationActionType == 'DisplayContent'){\n        fbq('track', 'Lead');\n    }\n});\n<\/script>\n\n  <div class=\"ngp-form\"\n     data-form-url=\"https:\/\/secure.everyaction.com\/v1\/Forms\/KptF205PlEqHEQERGi6j9g2\"\n          data-fastaction-endpoint=\"https:\/\/fastaction.ngpvan.com\"\n     data-inline-errors=\"true\"\n     data-labels=\"inline\"\n     data-fastaction-nologin=\"true\"\n          data-mobile-autofocus=\"false\">\n<\/div>\t\t\t\t<\/div>\n\t\t\t\t<\/div>\n\t\t\t\t<div class=\"elementor-element elementor-element-079c787 narrow-content elementor-widget elementor-widget-text-editor\" data-id=\"079c787\" data-element_type=\"widget\" data-widget_type=\"text-editor.default\">\n\t\t\t\t<div class=\"elementor-widget-container\">\n\t\t\t\t\t\t\t\t\t<p>Organizaci\u00f3n para la Oportunidad y la Justicia Reproductiva para las Latinas de Colorado (COLOR) es una organizaci\u00f3n sin fines de lucro basada en la comunidad que trabaja para que las personas latinas y sus familias puedan llevar una vida segura, saludable y autosuficiente.<\/p>\t\t\t\t\t\t\t\t<\/div>\n\t\t\t\t<\/div>\n\t\t\t\t\t<\/div>\n\t\t<\/div>\n\t\t\t\t\t<\/div>\n\t\t<\/section>\n\t\t\t\t<section class=\"elementor-section elementor-top-section elementor-element elementor-element-6ccd0a0 elementor-section-boxed elementor-section-height-default elementor-section-height-default\" data-id=\"6ccd0a0\" data-element_type=\"section\" id=\"acq-hero\" data-settings=\"{&quot;background_background&quot;:&quot;classic&quot;}\">\n\t\t\t\t\t\t<div class=\"elementor-container elementor-column-gap-default\">\n\t\t\t\t\t<div class=\"elementor-column elementor-col-100 elementor-top-column elementor-element elementor-element-6005f15\" data-id=\"6005f15\" data-element_type=\"column\">\n\t\t\t<div class=\"elementor-widget-wrap elementor-element-populated\">\n\t\t\t\t\t\t<section class=\"elementor-section elementor-inner-section elementor-element elementor-element-2c2e116 elementor-section-boxed elementor-section-height-default elementor-section-height-default\" data-id=\"2c2e116\" data-element_type=\"section\">\n\t\t\t\t\t\t<div class=\"elementor-container elementor-column-gap-default\">\n\t\t\t\t\t<div class=\"elementor-column elementor-col-50 elementor-inner-column elementor-element elementor-element-ca9a5e0\" data-id=\"ca9a5e0\" data-element_type=\"column\">\n\t\t\t<div class=\"elementor-widget-wrap elementor-element-populated\">\n\t\t\t\t\t\t<div class=\"elementor-element elementor-element-57a210c elementor-widget__width-inherit elementor-widget-mobile__width-inherit elementor-widget elementor-widget-image\" data-id=\"57a210c\" data-element_type=\"widget\" data-widget_type=\"image.default\">\n\t\t\t\t<div class=\"elementor-widget-container\">\n\t\t\t\t\t\t\t\t\t\t\t\t\t\t\t<img fetchpriority=\"high\" decoding=\"async\" width=\"800\" height=\"760\" src=\"https:\/\/www.colorlatina.org\/wp-content\/uploads\/2024\/08\/acq-hero-reproductive-justice-is-power-1024x973.png\" class=\"attachment-large size-large wp-image-4725\" alt=\"\" srcset=\"https:\/\/www.colorlatina.org\/wp-content\/uploads\/2024\/08\/acq-hero-reproductive-justice-is-power-1024x973.png 1024w, https:\/\/www.colorlatina.org\/wp-content\/uploads\/2024\/08\/acq-hero-reproductive-justice-is-power-300x285.png 300w, https:\/\/www.colorlatina.org\/wp-content\/uploads\/2024\/08\/acq-hero-reproductive-justice-is-power-768x729.png 768w, https:\/\/www.colorlatina.org\/wp-content\/uploads\/2024\/08\/acq-hero-reproductive-justice-is-power-13x12.png 13w, https:\/\/www.colorlatina.org\/wp-content\/uploads\/2024\/08\/acq-hero-reproductive-justice-is-power.png 1396w\" sizes=\"(max-width: 800px) 100vw, 800px\" \/>\t\t\t\t\t\t\t\t\t\t\t\t\t\t\t<\/div>\n\t\t\t\t<\/div>\n\t\t\t\t\t<\/div>\n\t\t<\/div>\n\t\t\t\t<div class=\"elementor-column elementor-col-50 elementor-inner-column elementor-element elementor-element-b831158\" data-id=\"b831158\" data-element_type=\"column\">\n\t\t\t<div class=\"elementor-widget-wrap elementor-element-populated\">\n\t\t\t\t\t\t<div class=\"elementor-element elementor-element-79e7457 elementor-widget elementor-widget-html\" data-id=\"79e7457\" data-element_type=\"widget\" data-widget_type=\"html.default\">\n\t\t\t\t<div class=\"elementor-widget-container\">\n\t\t\t\t\t<!-- Meta Pixel Code -->\n<script>\n!function(f,b,e,v,n,t,s)\n{if(f.fbq)return;n=f.fbq=function(){n.callMethod?\nn.callMethod.apply(n,arguments):n.queue.push(arguments)};\nif(!f._fbq)f._fbq=n;n.push=n;n.loaded=!0;n.version='2.0';\nn.queue=[];t=b.createElement(e);t.async=!0;\nt.src=v;s=b.getElementsByTagName(e)[0];\ns.parentNode.insertBefore(t,s)}(window, document,'script',\n'https:\/\/connect.facebook.net\/en_US\/fbevents.js');\nfbq('init', '700138004583304');\nfbq('track', 'PageView');\n<\/script>\n<noscript><img height=\"1\" width=\"1\" style=\"display:none\"\nsrc=\"https:\/\/www.facebook.com\/tr?id=700138004583304&ev=PageView&noscript=1\"\n\/><\/noscript>\n<!-- End Meta Pixel Code -->\n\n<script>\n\/\/ English - Aquisition Page\ndocument.querySelectorAll('.page-id-4712 .elementor-location-header .elementor-button').forEach(function(button) {\n    let text = button.textContent.toLowerCase().trim();\n    if (text == \"en espa\u00f1ol\") {\n        button.setAttribute('href', 'https:\/\/www.colorlatina.org\/luchamosporlajusticia\/');\n    }\n});\n\n\/\/ Spanish - Acquisition Page\ndocument.querySelectorAll('.page-id-4833 .elementor-location-header .elementor-button').forEach(function(button) {\n    let text = button.textContent.toLowerCase().trim();\n    if (text == \"donate\") {\n        button.querySelector('.elementor-button-text').textContent = 'Dona a COLOR';\n    }\n    if (text == \"en espa\u00f1ol\") {\n        button.querySelector('.elementor-button-text').textContent = 'In English';\n        button.setAttribute('href', 'https:\/\/www.colorlatina.org\/Latines4Justice\/');\n    }\n});\n<\/script>\t\t\t\t<\/div>\n\t\t\t\t<\/div>\n\t\t\t\t<div class=\"elementor-element elementor-element-7e5a009 elementor-widget__width-initial elementor-widget elementor-widget-heading\" data-id=\"7e5a009\" data-element_type=\"widget\" data-widget_type=\"heading.default\">\n\t\t\t\t<div class=\"elementor-widget-container\">\n\t\t\t\t\t<h1 class=\"elementor-heading-title elementor-size-default\">Los latinos son<br \/>\nluchando por<br \/> \njusticia reproductiva:<\/h1>\t\t\t\t<\/div>\n\t\t\t\t<\/div>\n\t\t\t\t<div class=\"elementor-element elementor-element-e193677 subhead elementor-widget elementor-widget-heading\" data-id=\"e193677\" data-element_type=\"widget\" data-widget_type=\"heading.default\">\n\t\t\t\t<div class=\"elementor-widget-container\">\n\t\t\t\t\t<h2 class=\"elementor-heading-title elementor-size-default\"><a href=\"#signup-form\">\u00a1\u00danete a nosotros!<\/a><\/h2>\t\t\t\t<\/div>\n\t\t\t\t<\/div>\n\t\t\t\t<div class=\"elementor-element elementor-element-fdcc875 elementor-widget elementor-widget-text-editor\" data-id=\"fdcc875\" data-element_type=\"widget\" data-widget_type=\"text-editor.default\">\n\t\t\t\t<div class=\"elementor-widget-container\">\n\t\t\t\t\t\t\t\t\t<p>El acceso al aborto, al control de la natalidad y a otras formas de atenci\u00f3n sanitaria reproductiva nos permite a todos llevar una vida segura, saludable y autodeterminada, sin importar qui\u00e9nes seamos o de d\u00f3nde vengamos.<\/p><p><strong>Es por eso que COLOR ha estado trabajando durante m\u00e1s de 25 a\u00f1os para garantizar que todos los latinos en Colorado tengan acceso asequible a la atenci\u00f3n que necesitan.<\/strong><\/p>\t\t\t\t\t\t\t\t<\/div>\n\t\t\t\t<\/div>\n\t\t\t\t\t<\/div>\n\t\t<\/div>\n\t\t\t\t\t<\/div>\n\t\t<\/section>\n\t\t\t\t<div class=\"elementor-element elementor-element-a521553 elementor-widget elementor-widget-image\" data-id=\"a521553\" data-element_type=\"widget\" id=\"acq-hero-sun\" data-widget_type=\"image.default\">\n\t\t\t\t<div class=\"elementor-widget-container\">\n\t\t\t\t\t\t\t\t\t\t\t\t\t\t\t<img decoding=\"async\" width=\"512\" height=\"500\" src=\"https:\/\/www.colorlatina.org\/wp-content\/uploads\/2024\/08\/acq-sun.png\" class=\"attachment-large size-large wp-image-4726\" alt=\"\" srcset=\"https:\/\/www.colorlatina.org\/wp-content\/uploads\/2024\/08\/acq-sun.png 512w, https:\/\/www.colorlatina.org\/wp-content\/uploads\/2024\/08\/acq-sun-300x293.png 300w, https:\/\/www.colorlatina.org\/wp-content\/uploads\/2024\/08\/acq-sun-12x12.png 12w\" sizes=\"(max-width: 512px) 100vw, 512px\" \/>\t\t\t\t\t\t\t\t\t\t\t\t\t\t\t<\/div>\n\t\t\t\t<\/div>\n\t\t\t\t\t<\/div>\n\t\t<\/div>\n\t\t\t\t\t<\/div>\n\t\t<\/section>\n\t\t\t\t<section class=\"elementor-section elementor-top-section elementor-element elementor-element-bc02124 elementor-section-boxed elementor-section-height-default elementor-section-height-default\" data-id=\"bc02124\" data-element_type=\"section\" id=\"bg-form-intro\" data-settings=\"{&quot;background_background&quot;:&quot;classic&quot;}\">\n\t\t\t\t\t\t<div class=\"elementor-container elementor-column-gap-default\">\n\t\t\t\t\t<div class=\"elementor-column elementor-col-100 elementor-top-column elementor-element elementor-element-752d63a\" data-id=\"752d63a\" data-element_type=\"column\">\n\t\t\t<div class=\"elementor-widget-wrap elementor-element-populated\">\n\t\t\t\t\t\t<div class=\"elementor-element elementor-element-9be8be5 heading-shadow narrow-content elementor-widget__width-initial elementor-widget elementor-widget-heading\" data-id=\"9be8be5\" data-element_type=\"widget\" data-widget_type=\"heading.default\">\n\t\t\t\t<div class=\"elementor-widget-container\">\n\t\t\t\t\t<h2 class=\"elementor-heading-title elementor-size-default\">Juntos, estamos construyendo poder para asegurar el futuro de nuestra comunidad: un futuro donde todos puedan obtener el aborto, el control de la natalidad y la atenci\u00f3n m\u00e9dica reproductiva que necesitan, sin cargas financieras ni verg\u00fcenza.<\/h2>\t\t\t\t<\/div>\n\t\t\t\t<\/div>\n\t\t\t\t\t<\/div>\n\t\t<\/div>\n\t\t\t\t\t<\/div>\n\t\t<\/section>\n\t\t\t\t<section class=\"elementor-section elementor-top-section elementor-element elementor-element-c14b85f bg-form elementor-hidden-tablet elementor-hidden-mobile elementor-section-boxed elementor-section-height-default elementor-section-height-default\" data-id=\"c14b85f\" data-element_type=\"section\" data-settings=\"{&quot;background_background&quot;:&quot;classic&quot;}\">\n\t\t\t\t\t\t<div class=\"elementor-container elementor-column-gap-default\">\n\t\t\t\t\t<div class=\"elementor-column elementor-col-100 elementor-top-column elementor-element elementor-element-678e29e\" data-id=\"678e29e\" data-element_type=\"column\">\n\t\t\t<div class=\"elementor-widget-wrap elementor-element-populated\">\n\t\t\t\t\t\t<div class=\"elementor-element elementor-element-aa49e21 subhead elementor-widget elementor-widget-heading\" data-id=\"aa49e21\" data-element_type=\"widget\" data-widget_type=\"heading.default\">\n\t\t\t\t<div class=\"elementor-widget-container\">\n\t\t\t\t\t<h2 class=\"elementor-heading-title elementor-size-default\">\u00a1\u00danete a COLOR hoy!<\/h2>\t\t\t\t<\/div>\n\t\t\t\t<\/div>\n\t\t\t\t<div class=\"elementor-element elementor-element-3a0ebf5 narrow-content signup-form elementor-widget elementor-widget-html\" data-id=\"3a0ebf5\" data-element_type=\"widget\" data-widget_type=\"html.default\">\n\t\t\t\t<div class=\"elementor-widget-container\">\n\t\t\t\t\t  <div class=\"ngp-form\"\n     data-form-url=\"https:\/\/secure.everyaction.com\/v1\/Forms\/KptF205PlEqHEQERGi6j9g2\"\n          data-fastaction-endpoint=\"https:\/\/fastaction.ngpvan.com\"\n     data-inline-errors=\"true\"\n     data-labels=\"inline\"\n     data-fastaction-nologin=\"true\"\n          data-mobile-autofocus=\"false\">\n<\/div>\t\t\t\t<\/div>\n\t\t\t\t<\/div>\n\t\t\t\t<div class=\"elementor-element elementor-element-77d16b6 narrow-content elementor-widget elementor-widget-text-editor\" data-id=\"77d16b6\" data-element_type=\"widget\" data-widget_type=\"text-editor.default\">\n\t\t\t\t<div class=\"elementor-widget-container\">\n\t\t\t\t\t\t\t\t\t<p>Organizaci\u00f3n para la Oportunidad y la Justicia Reproductiva para las Latinas de Colorado (COLOR) es una organizaci\u00f3n sin fines de lucro basada en la comunidad que trabaja para que las personas latinas y sus familias puedan llevar una vida segura, saludable y autosuficiente.<\/p>\t\t\t\t\t\t\t\t<\/div>\n\t\t\t\t<\/div>\n\t\t\t\t\t<\/div>\n\t\t<\/div>\n\t\t\t\t\t<\/div>\n\t\t<\/section>\n\t\t\t\t<\/div>","protected":false},"excerpt":{"rendered":"<p>\u00a1\u00danete a COLOR hoy! La Organizaci\u00f3n de Colorado para las Oportunidades y los Derechos Reproductivos de las Latinas (COLOR) es una organizaci\u00f3n sin fines de lucro con ra\u00edces comunitarias que trabaja para que las personas latinas y sus familias puedan llevar una vida segura, saludable y [\u2026]<\/p>","protected":false},"author":6,"featured_media":0,"parent":0,"menu_order":0,"comment_status":"closed","ping_status":"closed","template":"elementor_header_footer","meta":{"footnotes":""},"class_list":["post-4712","page","type-page","status-publish","hentry"],"yoast_head":"<!-- This site is optimized with the Yoast SEO plugin v26.0 - https:\/\/yoast.com\/wordpress\/plugins\/seo\/ -->\n<title>Latines 4 Justice - COLOR Latina<\/title>\n<meta name=\"robots\" content=\"index, follow, max-snippet:-1, max-image-preview:large, max-video-preview:-1\" \/>\n<link rel=\"canonical\" href=\"https:\/\/www.colorlatina.org\/es\/latines4justice\/\" \/>\n<meta property=\"og:locale\" content=\"es_MX\" \/>\n<meta property=\"og:type\" content=\"article\" \/>\n<meta property=\"og:title\" content=\"Latines 4 Justice - COLOR Latina\" \/>\n<meta property=\"og:description\" content=\"Join COLOR today! Colorado Organization for Latina Opportunity and Reproductive Rights (COLOR) is a community-rooted nonprofit organization that works to enable Latinx individuals and their families to lead safe, healthy, [&hellip;]\" \/>\n<meta property=\"og:url\" content=\"https:\/\/www.colorlatina.org\/es\/latines4justice\/\" \/>\n<meta property=\"og:site_name\" content=\"COLOR Latina\" \/>\n<meta property=\"article:modified_time\" content=\"2024-09-24T14:34:00+00:00\" \/>\n<meta property=\"og:image\" content=\"https:\/\/www.colorlatina.org\/wp-content\/uploads\/2024\/08\/acq-hero-reproductive-justice-is-power-1024x973.png\" \/>\n<meta name=\"twitter:card\" content=\"summary_large_image\" \/>\n<meta name=\"twitter:label1\" content=\"Tiempo de lectura\" \/>\n\t<meta name=\"twitter:data1\" content=\"2 minutos\" \/>\n<script type=\"application\/ld+json\" class=\"yoast-schema-graph\">{\"@context\":\"https:\/\/schema.org\",\"@graph\":[{\"@type\":\"WebPage\",\"@id\":\"https:\/\/www.colorlatina.org\/latines4justice\/\",\"url\":\"https:\/\/www.colorlatina.org\/latines4justice\/\",\"name\":\"Latines 4 Justice - COLOR Latina\",\"isPartOf\":{\"@id\":\"https:\/\/www.colorlatina.org\/#website\"},\"primaryImageOfPage\":{\"@id\":\"https:\/\/www.colorlatina.org\/latines4justice\/#primaryimage\"},\"image\":{\"@id\":\"https:\/\/www.colorlatina.org\/latines4justice\/#primaryimage\"},\"thumbnailUrl\":\"https:\/\/www.colorlatina.org\/wp-content\/uploads\/2024\/08\/acq-hero-reproductive-justice-is-power-1024x973.png\",\"datePublished\":\"2024-08-26T20:59:41+00:00\",\"dateModified\":\"2024-09-24T14:34:00+00:00\",\"breadcrumb\":{\"@id\":\"https:\/\/www.colorlatina.org\/latines4justice\/#breadcrumb\"},\"inLanguage\":\"es\",\"potentialAction\":[{\"@type\":\"ReadAction\",\"target\":[\"https:\/\/www.colorlatina.org\/latines4justice\/\"]}]},{\"@type\":\"ImageObject\",\"inLanguage\":\"es\",\"@id\":\"https:\/\/www.colorlatina.org\/latines4justice\/#primaryimage\",\"url\":\"https:\/\/www.colorlatina.org\/wp-content\/uploads\/2024\/08\/acq-hero-reproductive-justice-is-power-1024x973.png\",\"contentUrl\":\"https:\/\/www.colorlatina.org\/wp-content\/uploads\/2024\/08\/acq-hero-reproductive-justice-is-power-1024x973.png\"},{\"@type\":\"BreadcrumbList\",\"@id\":\"https:\/\/www.colorlatina.org\/latines4justice\/#breadcrumb\",\"itemListElement\":[{\"@type\":\"ListItem\",\"position\":1,\"name\":\"Home\",\"item\":\"https:\/\/www.colorlatina.org\/\"},{\"@type\":\"ListItem\",\"position\":2,\"name\":\"Latines 4 Justice\"}]},{\"@type\":\"WebSite\",\"@id\":\"https:\/\/www.colorlatina.org\/#website\",\"url\":\"https:\/\/www.colorlatina.org\/\",\"name\":\"COLOR Latina\",\"description\":\"\",\"publisher\":{\"@id\":\"https:\/\/www.colorlatina.org\/#organization\"},\"potentialAction\":[{\"@type\":\"SearchAction\",\"target\":{\"@type\":\"EntryPoint\",\"urlTemplate\":\"https:\/\/www.colorlatina.org\/?s={search_term_string}\"},\"query-input\":{\"@type\":\"PropertyValueSpecification\",\"valueRequired\":true,\"valueName\":\"search_term_string\"}}],\"inLanguage\":\"es\"},{\"@type\":\"Organization\",\"@id\":\"https:\/\/www.colorlatina.org\/#organization\",\"name\":\"COLOR Latina\",\"url\":\"https:\/\/www.colorlatina.org\/\",\"logo\":{\"@type\":\"ImageObject\",\"inLanguage\":\"es\",\"@id\":\"https:\/\/www.colorlatina.org\/#\/schema\/logo\/image\/\",\"url\":\"https:\/\/live-color-latina.pantheonsite.io\/wp-content\/uploads\/2022\/04\/color-latina-fb.jpg\",\"contentUrl\":\"https:\/\/live-color-latina.pantheonsite.io\/wp-content\/uploads\/2022\/04\/color-latina-fb.jpg\",\"width\":1200,\"height\":630,\"caption\":\"COLOR Latina\"},\"image\":{\"@id\":\"https:\/\/www.colorlatina.org\/#\/schema\/logo\/image\/\"}}]}<\/script>\n<!-- \/ Yoast SEO plugin. -->","yoast_head_json":{"title":"Latines 4 Justice - COLOR Latina","robots":{"index":"index","follow":"follow","max-snippet":"max-snippet:-1","max-image-preview":"max-image-preview:large","max-video-preview":"max-video-preview:-1"},"canonical":"https:\/\/www.colorlatina.org\/es\/latines4justice\/","og_locale":"es_MX","og_type":"article","og_title":"Latines 4 Justice - COLOR Latina","og_description":"Join COLOR today! Colorado Organization for Latina Opportunity and Reproductive Rights (COLOR) is a community-rooted nonprofit organization that works to enable Latinx individuals and their families to lead safe, healthy, [&hellip;]","og_url":"https:\/\/www.colorlatina.org\/es\/latines4justice\/","og_site_name":"COLOR Latina","article_modified_time":"2024-09-24T14:34:00+00:00","og_image":[{"url":"https:\/\/www.colorlatina.org\/wp-content\/uploads\/2024\/08\/acq-hero-reproductive-justice-is-power-1024x973.png","type":"","width":"","height":""}],"twitter_card":"summary_large_image","twitter_misc":{"Tiempo de lectura":"2 minutos"},"schema":{"@context":"https:\/\/schema.org","@graph":[{"@type":"WebPage","@id":"https:\/\/www.colorlatina.org\/latines4justice\/","url":"https:\/\/www.colorlatina.org\/latines4justice\/","name":"Latines 4 Justice - COLOR Latina","isPartOf":{"@id":"https:\/\/www.colorlatina.org\/#website"},"primaryImageOfPage":{"@id":"https:\/\/www.colorlatina.org\/latines4justice\/#primaryimage"},"image":{"@id":"https:\/\/www.colorlatina.org\/latines4justice\/#primaryimage"},"thumbnailUrl":"https:\/\/www.colorlatina.org\/wp-content\/uploads\/2024\/08\/acq-hero-reproductive-justice-is-power-1024x973.png","datePublished":"2024-08-26T20:59:41+00:00","dateModified":"2024-09-24T14:34:00+00:00","breadcrumb":{"@id":"https:\/\/www.colorlatina.org\/latines4justice\/#breadcrumb"},"inLanguage":"es","potentialAction":[{"@type":"ReadAction","target":["https:\/\/www.colorlatina.org\/latines4justice\/"]}]},{"@type":"ImageObject","inLanguage":"es","@id":"https:\/\/www.colorlatina.org\/latines4justice\/#primaryimage","url":"https:\/\/www.colorlatina.org\/wp-content\/uploads\/2024\/08\/acq-hero-reproductive-justice-is-power-1024x973.png","contentUrl":"https:\/\/www.colorlatina.org\/wp-content\/uploads\/2024\/08\/acq-hero-reproductive-justice-is-power-1024x973.png"},{"@type":"BreadcrumbList","@id":"https:\/\/www.colorlatina.org\/latines4justice\/#breadcrumb","itemListElement":[{"@type":"ListItem","position":1,"name":"Home","item":"https:\/\/www.colorlatina.org\/"},{"@type":"ListItem","position":2,"name":"Latines 4 Justice"}]},{"@type":"WebSite","@id":"https:\/\/www.colorlatina.org\/#website","url":"https:\/\/www.colorlatina.org\/","name":"COLOR Latina","description":"","publisher":{"@id":"https:\/\/www.colorlatina.org\/#organization"},"potentialAction":[{"@type":"SearchAction","target":{"@type":"EntryPoint","urlTemplate":"https:\/\/www.colorlatina.org\/?s={search_term_string}"},"query-input":{"@type":"PropertyValueSpecification","valueRequired":true,"valueName":"search_term_string"}}],"inLanguage":"es"},{"@type":"Organization","@id":"https:\/\/www.colorlatina.org\/#organization","name":"COLOR Latina","url":"https:\/\/www.colorlatina.org\/","logo":{"@type":"ImageObject","inLanguage":"es","@id":"https:\/\/www.colorlatina.org\/#\/schema\/logo\/image\/","url":"https:\/\/live-color-latina.pantheonsite.io\/wp-content\/uploads\/2022\/04\/color-latina-fb.jpg","contentUrl":"https:\/\/live-color-latina.pantheonsite.io\/wp-content\/uploads\/2022\/04\/color-latina-fb.jpg","width":1200,"height":630,"caption":"COLOR Latina"},"image":{"@id":"https:\/\/www.colorlatina.org\/#\/schema\/logo\/image\/"}}]}},"_links":{"self":[{"href":"https:\/\/www.colorlatina.org\/es\/wp-json\/wp\/v2\/pages\/4712","targetHints":{"allow":["GET"]}}],"collection":[{"href":"https:\/\/www.colorlatina.org\/es\/wp-json\/wp\/v2\/pages"}],"about":[{"href":"https:\/\/www.colorlatina.org\/es\/wp-json\/wp\/v2\/types\/page"}],"author":[{"embeddable":true,"href":"https:\/\/www.colorlatina.org\/es\/wp-json\/wp\/v2\/users\/6"}],"replies":[{"embeddable":true,"href":"https:\/\/www.colorlatina.org\/es\/wp-json\/wp\/v2\/comments?post=4712"}],"version-history":[{"count":208,"href":"https:\/\/www.colorlatina.org\/es\/wp-json\/wp\/v2\/pages\/4712\/revisions"}],"predecessor-version":[{"id":5163,"href":"https:\/\/www.colorlatina.org\/es\/wp-json\/wp\/v2\/pages\/4712\/revisions\/5163"}],"wp:attachment":[{"href":"https:\/\/www.colorlatina.org\/es\/wp-json\/wp\/v2\/media?parent=4712"}],"curies":[{"name":"wp","href":"https:\/\/api.w.org\/{rel}","templated":true}]}}