{"id":5105,"date":"2024-09-11T08:21:27","date_gmt":"2024-09-11T14:21:27","guid":{"rendered":"https:\/\/www.colorlatina.org\/?page_id=5105"},"modified":"2024-09-11T08:23:47","modified_gmt":"2024-09-11T14:23:47","slug":"cover-all-coloradans","status":"publish","type":"page","link":"https:\/\/www.colorlatina.org\/es\/cover-all-coloradans\/","title":{"rendered":"Cubrir a todos los habitantes de Colorado"},"content":{"rendered":"<p>A partir del 1 de enero de 2025, los ni\u00f1os de Colorado de 18 a\u00f1os o menos y las personas embarazadas pueden solicitar cobertura m\u00e9dica gratuita a trav\u00e9s de Health First Colorado (programa de Medicaid de Colorado) y Child Health Plan (CHP+), independientemente de la documentaci\u00f3n.<\/p>\n\n\n\n<h2 class=\"wp-block-heading\">Preguntas frecuentes (FAQ)<\/h2>\n\n\n\n<h4 class=\"wp-block-heading\"><strong>\u00bfQui\u00e9n califica para la nueva expansi\u00f3n de la cobertura de salud p\u00fablica gracias a Cover All Coloradons?<\/strong><\/h4>\n\n\n\n<ul class=\"wp-block-list\">\n<li>Los ni\u00f1os de Colorado de 18 a\u00f1os o menos, las personas embarazadas y las personas que dieron a luz en los \u00faltimos 12 meses que no tengan estatus legal pueden calificar.<\/li>\n<\/ul>\n\n\n\n<h4 class=\"wp-block-heading\"><strong>\u00bfCu\u00e1ndo podr\u00e1n los ni\u00f1os y las personas embarazadas y en posparto recibir cobertura de atenci\u00f3n m\u00e9dica de Health First Colorado y CHP+?<\/strong><\/h4>\n\n\n\n<ul class=\"wp-block-list\">\n<li>La ampliaci\u00f3n de la cobertura comienza el 1 de enero de 2025.<\/li>\n<\/ul>\n\n\n\n<h4 class=\"wp-block-heading\"><strong>\u00bfA qu\u00e9 cobertura de salud pueden calificar las adultas que no est\u00e1n embarazadas?<\/strong><\/h4>\n\n\n\n<ul class=\"wp-block-list\">\n<li>Los adultos que no est\u00e1n embarazadas, viven en Colorado y no tienen estatus legal pueden calificar para Medicaid de emergencia, beneficios de salud reproductiva limitados u OmniSalud.&nbsp;<\/li>\n\n\n\n<li>Solicitar <a href=\"https:\/\/www.colorlatina.org\/es\/rhcp\/\" target=\"_blank\" rel=\"noreferrer noopener\">Servicios de emergencia de Medicaid y salud reproductiva<\/a>s y OmniSalud en connectforhealthco.com\/get-started\/omnisalud\/.<\/li>\n<\/ul>\n\n\n\n<h4 class=\"wp-block-heading\"><strong>\u00bfLa nueva cobertura de salud p\u00fablica es diferente a la de Health First Colorado y CHP+ hoy?<\/strong><\/h4>\n\n\n\n<ul class=\"wp-block-list\">\n<li>No, todos los miembros recibir\u00e1n las tarjetas de miembro de Health First Colorado y CHP+. Esto es para garantizar que los miembros que califican para Cover All Coloradons reciban el mismo trato que los miembros de Health First Colorado y CHP+.<\/li>\n<\/ul>\n\n\n\n<h4 class=\"wp-block-heading\"><strong>\u00bfRecibir estos beneficios afectar\u00e1 la capacidad de arreglar el estatus migratorio de una persona en el futuro?<\/strong><\/h4>\n\n\n\n<ul class=\"wp-block-list\">\n<li>No. Recibir estos beneficios no afectar\u00e1 su estatus migratorio. Para obtener m\u00e1s informaci\u00f3n, consulte los folletos de carga p\u00fablica en el sitio web. <a href=\"https:\/\/hcpf.colorado.gov\/coverallcoloradans\">Cubrir a todos los habitantes de Colorado<\/a> Sitio web tanto en ingl\u00e9s como en espa\u00f1ol.<\/li>\n<\/ul>\n\n\n\n<div style=\"height:46px\" aria-hidden=\"true\" class=\"wp-block-spacer\"><\/div>\n\n\n\n<h2 class=\"wp-block-heading\">Definiciones<\/h2>\n\n\n\n<p><strong><span style=\"text-decoration: underline;\">Perinatal: <\/span><\/strong>(o per\u00edodo perinatal) se considera el per\u00edodo comprendido entre un a\u00f1o antes y 18 a 24 meses despu\u00e9s del nacimiento de un ni\u00f1o.<\/p>\n\n\n\n<p><strong><span style=\"text-decoration: underline;\">Posparto:<\/span><\/strong> que ocurre o es el per\u00edodo posterior al parto.<\/p>\n\n\n\n<p><strong><span style=\"text-decoration: underline;\">Salud Primero Colorado: <\/span><\/strong>Health First Colorado es el programa de Medicaid de Colorado, que ofrece cobertura de salud p\u00fablica sin costo para los habitantes de Colorado que califican.<\/p>\n\n\n\n<p><strong><span style=\"text-decoration: underline;\">Cobertura del Plan de Salud Infantil Plus:<\/span><\/strong> El Plan de Salud Infantil (CHP+) es una cobertura de salud p\u00fablica de bajo costo para determinados ni\u00f1os y mujeres embarazadas. Est\u00e1 destinado a personas que ganan demasiado para calificar para Health First Colorado (el programa de Medicaid de Colorado), pero no lo suficiente para pagar un seguro de salud privado. Consulte la p\u00e1gina del Plan de Salud Infantil Plus para obtener m\u00e1s informaci\u00f3n.<\/p>\n\n\n\n<p><\/p>\n\n\n\n<h2 class=\"wp-block-heading\">Recursos<\/h2>\n\n\n\n<ul class=\"wp-block-list\">\n<li>Sitio web de Cover All Coloradons: https:\/\/hcpf.colorado.gov\/coverallcoloradans<\/li>\n\n\n\n<li>Folletos de Carga P\u00fablica: <a href=\"https:\/\/hcpf.colorado.gov\/sites\/hcpf\/files\/Final_5.4_Public_Charge_Doc%28A%29.pdf\">Ingl\u00e9s<\/a> y <a href=\"https:\/\/hcpf.colorado.gov\/sites\/hcpf\/files\/Final_5.4_Public_Charge_Doc.docx_SPA_FINAL%28A%29.pdf\">Espa\u00f1ol<\/a><\/li>\n<\/ul>","protected":false},"excerpt":{"rendered":"<p>A partir del 1 de enero de 2025, los ni\u00f1os de Colorado de 18 a\u00f1os o menos y las personas embarazadas pueden solicitar cobertura m\u00e9dica gratuita a trav\u00e9s de Health First Colorado (programa de Medicaid de Colorado) y Child Health [\u2026]<\/p>","protected":false},"author":1,"featured_media":0,"parent":0,"menu_order":0,"comment_status":"closed","ping_status":"closed","template":"","meta":{"footnotes":""},"class_list":["post-5105","page","type-page","status-publish","hentry"],"yoast_head":"<!-- This site is optimized with the Yoast SEO plugin v26.0 - https:\/\/yoast.com\/wordpress\/plugins\/seo\/ -->\n<title>Cover All Coloradans - COLOR Latina<\/title>\n<meta name=\"robots\" content=\"index, follow, max-snippet:-1, max-image-preview:large, max-video-preview:-1\" \/>\n<link rel=\"canonical\" href=\"https:\/\/www.colorlatina.org\/es\/cover-all-coloradans\/\" \/>\n<meta property=\"og:locale\" content=\"es_MX\" \/>\n<meta property=\"og:type\" content=\"article\" \/>\n<meta property=\"og:title\" content=\"Cover All Coloradans - COLOR Latina\" \/>\n<meta property=\"og:description\" content=\"Starting January 1, 2025, Colorado children ages 18 and younger and pregnant people can apply to get free health coverage through Health First Colorado (Colorado\u2019s Medicaid program) and Child Health [&hellip;]\" \/>\n<meta property=\"og:url\" content=\"https:\/\/www.colorlatina.org\/es\/cover-all-coloradans\/\" \/>\n<meta property=\"og:site_name\" content=\"COLOR Latina\" \/>\n<meta property=\"article:modified_time\" content=\"2024-09-11T14:23:47+00:00\" \/>\n<meta property=\"og:image\" content=\"https:\/\/www.colorlatina.org\/wp-content\/uploads\/2022\/04\/color-latina-fb.jpg\" \/>\n\t<meta property=\"og:image:width\" content=\"1200\" \/>\n\t<meta property=\"og:image:height\" content=\"630\" \/>\n\t<meta property=\"og:image:type\" content=\"image\/jpeg\" \/>\n<meta name=\"twitter:card\" content=\"summary_large_image\" \/>\n<meta name=\"twitter:label1\" content=\"Tiempo de lectura\" \/>\n\t<meta name=\"twitter:data1\" content=\"2 minutos\" \/>\n<script type=\"application\/ld+json\" class=\"yoast-schema-graph\">{\"@context\":\"https:\/\/schema.org\",\"@graph\":[{\"@type\":\"WebPage\",\"@id\":\"https:\/\/www.colorlatina.org\/cover-all-coloradans\/\",\"url\":\"https:\/\/www.colorlatina.org\/cover-all-coloradans\/\",\"name\":\"Cover All Coloradans - COLOR Latina\",\"isPartOf\":{\"@id\":\"https:\/\/www.colorlatina.org\/#website\"},\"datePublished\":\"2024-09-11T14:21:27+00:00\",\"dateModified\":\"2024-09-11T14:23:47+00:00\",\"breadcrumb\":{\"@id\":\"https:\/\/www.colorlatina.org\/cover-all-coloradans\/#breadcrumb\"},\"inLanguage\":\"es\",\"potentialAction\":[{\"@type\":\"ReadAction\",\"target\":[\"https:\/\/www.colorlatina.org\/cover-all-coloradans\/\"]}]},{\"@type\":\"BreadcrumbList\",\"@id\":\"https:\/\/www.colorlatina.org\/cover-all-coloradans\/#breadcrumb\",\"itemListElement\":[{\"@type\":\"ListItem\",\"position\":1,\"name\":\"Home\",\"item\":\"https:\/\/www.colorlatina.org\/\"},{\"@type\":\"ListItem\",\"position\":2,\"name\":\"Cover All Coloradans\"}]},{\"@type\":\"WebSite\",\"@id\":\"https:\/\/www.colorlatina.org\/#website\",\"url\":\"https:\/\/www.colorlatina.org\/\",\"name\":\"COLOR Latina\",\"description\":\"\",\"publisher\":{\"@id\":\"https:\/\/www.colorlatina.org\/#organization\"},\"potentialAction\":[{\"@type\":\"SearchAction\",\"target\":{\"@type\":\"EntryPoint\",\"urlTemplate\":\"https:\/\/www.colorlatina.org\/?s={search_term_string}\"},\"query-input\":{\"@type\":\"PropertyValueSpecification\",\"valueRequired\":true,\"valueName\":\"search_term_string\"}}],\"inLanguage\":\"es\"},{\"@type\":\"Organization\",\"@id\":\"https:\/\/www.colorlatina.org\/#organization\",\"name\":\"COLOR Latina\",\"url\":\"https:\/\/www.colorlatina.org\/\",\"logo\":{\"@type\":\"ImageObject\",\"inLanguage\":\"es\",\"@id\":\"https:\/\/www.colorlatina.org\/#\/schema\/logo\/image\/\",\"url\":\"https:\/\/live-color-latina.pantheonsite.io\/wp-content\/uploads\/2022\/04\/color-latina-fb.jpg\",\"contentUrl\":\"https:\/\/live-color-latina.pantheonsite.io\/wp-content\/uploads\/2022\/04\/color-latina-fb.jpg\",\"width\":1200,\"height\":630,\"caption\":\"COLOR Latina\"},\"image\":{\"@id\":\"https:\/\/www.colorlatina.org\/#\/schema\/logo\/image\/\"}}]}<\/script>\n<!-- \/ Yoast SEO plugin. -->","yoast_head_json":{"title":"Cubre a todos los habitantes de Colorado - COLOR Latina","robots":{"index":"index","follow":"follow","max-snippet":"max-snippet:-1","max-image-preview":"max-image-preview:large","max-video-preview":"max-video-preview:-1"},"canonical":"https:\/\/www.colorlatina.org\/es\/cover-all-coloradans\/","og_locale":"es_MX","og_type":"article","og_title":"Cover All Coloradans - COLOR Latina","og_description":"Starting January 1, 2025, Colorado children ages 18 and younger and pregnant people can apply to get free health coverage through Health First Colorado (Colorado\u2019s Medicaid program) and Child Health [&hellip;]","og_url":"https:\/\/www.colorlatina.org\/es\/cover-all-coloradans\/","og_site_name":"COLOR Latina","article_modified_time":"2024-09-11T14:23:47+00:00","og_image":[{"width":1200,"height":630,"url":"https:\/\/www.colorlatina.org\/wp-content\/uploads\/2022\/04\/color-latina-fb.jpg","type":"image\/jpeg"}],"twitter_card":"summary_large_image","twitter_misc":{"Tiempo de lectura":"2 minutos"},"schema":{"@context":"https:\/\/schema.org","@graph":[{"@type":"WebPage","@id":"https:\/\/www.colorlatina.org\/cover-all-coloradans\/","url":"https:\/\/www.colorlatina.org\/cover-all-coloradans\/","name":"Cubre a todos los habitantes de Colorado - COLOR Latina","isPartOf":{"@id":"https:\/\/www.colorlatina.org\/#website"},"datePublished":"2024-09-11T14:21:27+00:00","dateModified":"2024-09-11T14:23:47+00:00","breadcrumb":{"@id":"https:\/\/www.colorlatina.org\/cover-all-coloradans\/#breadcrumb"},"inLanguage":"es","potentialAction":[{"@type":"ReadAction","target":["https:\/\/www.colorlatina.org\/cover-all-coloradans\/"]}]},{"@type":"BreadcrumbList","@id":"https:\/\/www.colorlatina.org\/cover-all-coloradans\/#breadcrumb","itemListElement":[{"@type":"ListItem","position":1,"name":"Home","item":"https:\/\/www.colorlatina.org\/"},{"@type":"ListItem","position":2,"name":"Cover All Coloradans"}]},{"@type":"WebSite","@id":"https:\/\/www.colorlatina.org\/#website","url":"https:\/\/www.colorlatina.org\/","name":"COLOR Latina","description":"","publisher":{"@id":"https:\/\/www.colorlatina.org\/#organization"},"potentialAction":[{"@type":"SearchAction","target":{"@type":"EntryPoint","urlTemplate":"https:\/\/www.colorlatina.org\/?s={search_term_string}"},"query-input":{"@type":"PropertyValueSpecification","valueRequired":true,"valueName":"search_term_string"}}],"inLanguage":"es"},{"@type":"Organization","@id":"https:\/\/www.colorlatina.org\/#organization","name":"COLOR Latina","url":"https:\/\/www.colorlatina.org\/","logo":{"@type":"ImageObject","inLanguage":"es","@id":"https:\/\/www.colorlatina.org\/#\/schema\/logo\/image\/","url":"https:\/\/live-color-latina.pantheonsite.io\/wp-content\/uploads\/2022\/04\/color-latina-fb.jpg","contentUrl":"https:\/\/live-color-latina.pantheonsite.io\/wp-content\/uploads\/2022\/04\/color-latina-fb.jpg","width":1200,"height":630,"caption":"COLOR Latina"},"image":{"@id":"https:\/\/www.colorlatina.org\/#\/schema\/logo\/image\/"}}]}},"_links":{"self":[{"href":"https:\/\/www.colorlatina.org\/es\/wp-json\/wp\/v2\/pages\/5105","targetHints":{"allow":["GET"]}}],"collection":[{"href":"https:\/\/www.colorlatina.org\/es\/wp-json\/wp\/v2\/pages"}],"about":[{"href":"https:\/\/www.colorlatina.org\/es\/wp-json\/wp\/v2\/types\/page"}],"author":[{"embeddable":true,"href":"https:\/\/www.colorlatina.org\/es\/wp-json\/wp\/v2\/users\/1"}],"replies":[{"embeddable":true,"href":"https:\/\/www.colorlatina.org\/es\/wp-json\/wp\/v2\/comments?post=5105"}],"version-history":[{"count":2,"href":"https:\/\/www.colorlatina.org\/es\/wp-json\/wp\/v2\/pages\/5105\/revisions"}],"predecessor-version":[{"id":5109,"href":"https:\/\/www.colorlatina.org\/es\/wp-json\/wp\/v2\/pages\/5105\/revisions\/5109"}],"wp:attachment":[{"href":"https:\/\/www.colorlatina.org\/es\/wp-json\/wp\/v2\/media?parent=5105"}],"curies":[{"name":"wp","href":"https:\/\/api.w.org\/{rel}","templated":true}]}}