{"id":6238,"date":"2025-11-25T10:41:45","date_gmt":"2025-11-25T17:41:45","guid":{"rendered":"https:\/\/www.colorlatina.org\/?page_id=6238"},"modified":"2025-12-15T11:30:41","modified_gmt":"2025-12-15T18:30:41","slug":"our-work","status":"publish","type":"page","link":"https:\/\/www.colorlatina.org\/es\/our-work\/","title":{"rendered":"Nuestro impacto"},"content":{"rendered":"<div data-elementor-type=\"wp-page\" data-elementor-id=\"6238\" class=\"elementor elementor-6238\" data-elementor-post-type=\"page\">\n\t\t\t\t\t\t<section class=\"elementor-section elementor-top-section elementor-element elementor-element-90fa900 elementor-section-boxed elementor-section-height-default elementor-section-height-default\" data-id=\"90fa900\" data-element_type=\"section\">\n\t\t\t\t\t\t<div class=\"elementor-container elementor-column-gap-default\">\n\t\t\t\t\t<div class=\"elementor-column elementor-col-50 elementor-top-column elementor-element elementor-element-e25a104\" data-id=\"e25a104\" data-element_type=\"column\">\n\t\t\t<div class=\"elementor-widget-wrap elementor-element-populated\">\n\t\t\t\t\t\t<div class=\"elementor-element elementor-element-97c7b26 elementor-widget elementor-widget-heading\" data-id=\"97c7b26\" data-element_type=\"widget\" data-widget_type=\"heading.default\">\n\t\t\t\t<div class=\"elementor-widget-container\">\n\t\t\t\t\t<h1 class=\"elementor-heading-title elementor-size-default\">Nuestro compromiso con la justicia reproductiva <\/h1>\t\t\t\t<\/div>\n\t\t\t\t<\/div>\n\t\t\t\t<div class=\"elementor-element elementor-element-b8aff5b elementor-widget elementor-widget-text-editor\" data-id=\"b8aff5b\" data-element_type=\"widget\" data-widget_type=\"text-editor.default\">\n\t\t\t\t<div class=\"elementor-widget-container\">\n\t\t\t\t\t\t\t\t\t<p>Fundada hace m\u00e1s de 27 a\u00f1os, nuestra organizaci\u00f3n se nutre de un equipo audaz de activistas, narradores, expertos en pol\u00edticas p\u00fablicas y organizadores que representan a las comunidades a las que servimos. Nuestro trabajo se basa en la interseccionalidad, la competencia intercultural y la convicci\u00f3n de que la liberaci\u00f3n debe ser colectiva y audaz. Movilizamos el voto latino, protegemos nuestros derechos mediante la incidencia legislativa, capacitamos a j\u00f3venes l\u00edderes y brindamos la educaci\u00f3n y las herramientas pol\u00edticas que nuestra comunidad necesita para prosperar.<\/p>\t\t\t\t\t\t\t\t<\/div>\n\t\t\t\t<\/div>\n\t\t\t\t\t<\/div>\n\t\t<\/div>\n\t\t\t\t<div class=\"elementor-column elementor-col-50 elementor-top-column elementor-element elementor-element-8882d86\" data-id=\"8882d86\" data-element_type=\"column\">\n\t\t\t<div class=\"elementor-widget-wrap elementor-element-populated\">\n\t\t\t\t\t\t<div class=\"elementor-element elementor-element-6349d24 elementor-widget elementor-widget-image\" data-id=\"6349d24\" data-element_type=\"widget\" data-widget_type=\"image.default\">\n\t\t\t\t<div class=\"elementor-widget-container\">\n\t\t\t\t\t\t\t\t\t\t\t\t\t\t\t<img fetchpriority=\"high\" decoding=\"async\" width=\"1658\" height=\"1094\" src=\"https:\/\/www.colorlatina.org\/wp-content\/uploads\/2023\/12\/Screenshot-2023-12-14-at-11.26.14\u202fAM.png\" class=\"attachment-full size-full wp-image-4018\" alt=\"\" srcset=\"https:\/\/www.colorlatina.org\/wp-content\/uploads\/2023\/12\/Screenshot-2023-12-14-at-11.26.14\u202fAM.png 1658w, https:\/\/www.colorlatina.org\/wp-content\/uploads\/2023\/12\/Screenshot-2023-12-14-at-11.26.14\u202fAM-300x198.png 300w, https:\/\/www.colorlatina.org\/wp-content\/uploads\/2023\/12\/Screenshot-2023-12-14-at-11.26.14\u202fAM-1024x676.png 1024w, https:\/\/www.colorlatina.org\/wp-content\/uploads\/2023\/12\/Screenshot-2023-12-14-at-11.26.14\u202fAM-768x507.png 768w, https:\/\/www.colorlatina.org\/wp-content\/uploads\/2023\/12\/Screenshot-2023-12-14-at-11.26.14\u202fAM-1536x1014.png 1536w, https:\/\/www.colorlatina.org\/wp-content\/uploads\/2023\/12\/Screenshot-2023-12-14-at-11.26.14\u202fAM-18x12.png 18w\" sizes=\"(max-width: 1658px) 100vw, 1658px\" \/>\t\t\t\t\t\t\t\t\t\t\t\t\t\t\t<\/div>\n\t\t\t\t<\/div>\n\t\t\t\t\t<\/div>\n\t\t<\/div>\n\t\t\t\t\t<\/div>\n\t\t<\/section>\n\t\t\t\t<section class=\"elementor-section elementor-top-section elementor-element elementor-element-addf159 elementor-section-boxed elementor-section-height-default elementor-section-height-default\" data-id=\"addf159\" data-element_type=\"section\">\n\t\t\t\t\t\t<div class=\"elementor-container elementor-column-gap-default\">\n\t\t\t\t\t<div class=\"elementor-column elementor-col-100 elementor-top-column elementor-element elementor-element-c184efa\" data-id=\"c184efa\" data-element_type=\"column\">\n\t\t\t<div class=\"elementor-widget-wrap elementor-element-populated\">\n\t\t\t\t\t\t<div class=\"elementor-element elementor-element-aada4b6 elementor-widget elementor-widget-heading\" data-id=\"aada4b6\" data-element_type=\"widget\" data-widget_type=\"heading.default\">\n\t\t\t\t<div class=\"elementor-widget-container\">\n\t\t\t\t\t<h1 class=\"elementor-heading-title elementor-size-default\">Desarrollo de poder en la comunidad<\/h1>\t\t\t\t<\/div>\n\t\t\t\t<\/div>\n\t\t\t\t\t<\/div>\n\t\t<\/div>\n\t\t\t\t\t<\/div>\n\t\t<\/section>\n\t\t\t\t<section class=\"elementor-section elementor-top-section elementor-element elementor-element-bade753 elementor-section-boxed elementor-section-height-default elementor-section-height-default\" data-id=\"bade753\" data-element_type=\"section\">\n\t\t\t\t\t\t<div class=\"elementor-container elementor-column-gap-default\">\n\t\t\t\t\t<div class=\"elementor-column elementor-col-100 elementor-top-column elementor-element elementor-element-d1a2d18\" data-id=\"d1a2d18\" data-element_type=\"column\">\n\t\t\t<div class=\"elementor-widget-wrap elementor-element-populated\">\n\t\t\t\t\t\t<div class=\"elementor-element elementor-element-f61870c elementor-widget elementor-widget-text-editor\" data-id=\"f61870c\" data-element_type=\"widget\" data-widget_type=\"text-editor.default\">\n\t\t\t\t<div class=\"elementor-widget-container\">\n\t\t\t\t\t\t\t\t\t<p>En COLOR, sabemos que nuestra cultura y nuestras contribuciones son esenciales para el presente y el futuro de Colorado. Por eso luchamos a diario para garantizar que las comunidades latinas puedan prosperar con dignidad. El impacto de nuestro trabajo nos recuerda que nuestras voces importan, nuestro liderazgo es poderoso y nuestras historias forjan el camino hacia la justicia y la equidad.<\/p><p>La justicia reproductiva es fundamental en nuestro trabajo y se refleja en c\u00f3mo organizamos y exigimos responsabilidades a las personas y los sistemas que perjudican a nuestras comunidades. Cada a\u00f1o,\u00a0<a href=\"https:\/\/www.colorlatina.org\/es\/policy-advocacy\/\" target=\"_blank\" rel=\"noopener\">COLOR lucha legislativamente<\/a>\u00a0Para garantizar que la voz de nuestra comunidad se escuche en el Capitolio, a la vez que brindamos transparencia y educaci\u00f3n sobre el proceso legislativo. Para las familias latinas, esta transparencia es esencial. Con demasiada frecuencia, enfrentamos barreras sist\u00e9micas para acceder a la atenci\u00f3n m\u00e9dica, la vivienda y la seguridad.\u00a0<a href=\"https:\/\/www.colorlatina.org\/es\/loteria\/\" target=\"_blank\" rel=\"noopener\">campa\u00f1as educativas<\/a>\u00a0Permitir que nuestra comunidad vea la verdad y la comprenda.\u00a0<span class=\"il\">fuerza<\/span>\u00a0din\u00e1mica y exige un liderazgo valiente.<\/p><p>Nuestra visi\u00f3n es un futuro donde la comunidad latina pueda vivir una vida segura, saludable y con autonom\u00eda, sin barreras. Esto significa acceso garantizado a atenci\u00f3n m\u00e9dica, vivienda asequible y recursos cultural y ling\u00fc\u00edsticamente relevantes. Significa\u00a0<span class=\"il\">edificio<\/span>\u00a0Comunidades libres de discriminaci\u00f3n, donde nuestro entorno sea saludable, donde las familias puedan prosperar y donde todas las personas (incluidas las mujeres, las personas queer y trans) puedan decidir si criar hijos, cu\u00e1ndo y c\u00f3mo. En definitiva, nuestra visi\u00f3n es un Colorado donde la justicia reproductiva no sea un privilegio, sino un derecho para todos.<\/p>\t\t\t\t\t\t\t\t<\/div>\n\t\t\t\t<\/div>\n\t\t\t\t\t<\/div>\n\t\t<\/div>\n\t\t\t\t\t<\/div>\n\t\t<\/section>\n\t\t\t\t<section class=\"elementor-section elementor-top-section elementor-element elementor-element-e97be40 elementor-section-boxed elementor-section-height-default elementor-section-height-default\" data-id=\"e97be40\" data-element_type=\"section\">\n\t\t\t\t\t\t<div class=\"elementor-container elementor-column-gap-default\">\n\t\t\t\t\t<div class=\"elementor-column elementor-col-100 elementor-top-column elementor-element elementor-element-d630790\" data-id=\"d630790\" data-element_type=\"column\">\n\t\t\t<div class=\"elementor-widget-wrap elementor-element-populated\">\n\t\t\t\t\t\t<div class=\"elementor-element elementor-element-d334b6e elementor-widget elementor-widget-heading\" data-id=\"d334b6e\" data-element_type=\"widget\" data-widget_type=\"heading.default\">\n\t\t\t\t<div class=\"elementor-widget-container\">\n\t\t\t\t\t<h1 class=\"elementor-heading-title elementor-size-default\">Midiendo nuestro impacto <\/h1>\t\t\t\t<\/div>\n\t\t\t\t<\/div>\n\t\t\t\t\t<\/div>\n\t\t<\/div>\n\t\t\t\t\t<\/div>\n\t\t<\/section>\n\t\t\t\t<section class=\"elementor-section elementor-top-section elementor-element elementor-element-4964ff5 elementor-section-boxed elementor-section-height-default elementor-section-height-default\" data-id=\"4964ff5\" data-element_type=\"section\">\n\t\t\t\t\t\t<div class=\"elementor-container elementor-column-gap-default\">\n\t\t\t\t\t<div class=\"elementor-column elementor-col-100 elementor-top-column elementor-element elementor-element-476bcaf\" data-id=\"476bcaf\" data-element_type=\"column\">\n\t\t\t<div class=\"elementor-widget-wrap elementor-element-populated\">\n\t\t\t\t\t\t<div class=\"elementor-element elementor-element-e229beb elementor-widget elementor-widget-text-editor\" data-id=\"e229beb\" data-element_type=\"widget\" data-widget_type=\"text-editor.default\">\n\t\t\t\t<div class=\"elementor-widget-container\">\n\t\t\t\t\t\t\t\t\t<p>Nos enorgullecemos de nuestro trabajo y nuestro compromiso con un futuro donde las personas latinas puedan llevar vidas seguras, saludables y con autodeterminaci\u00f3n. A lo largo de nuestros 27 a\u00f1os de organizaci\u00f3n en el \u00e1mbito del acceso al aborto y la justicia reproductiva, COLOR contribuy\u00f3 a impulsar la infraestructura de defensa, transform\u00f3 la cultura y la narrativa, y desarroll\u00f3 a los l\u00edderes comunitarios que han impulsado a nuestro estado a alcanzar este momento energizante y afirmativo.<\/p><p>Como socio fundamental del ecosistema de Colorado y la \u00fanica organizaci\u00f3n latina multientidad de Justicia Reproductiva en Colorado, hemos liderado con valent\u00eda la lucha por proteger los derechos reproductivos de las personas de Colorado y garantizarlos para las futuras generaciones. Nuestro enfoque interseccional ayuda a comprender la conexi\u00f3n entre la autonom\u00eda corporal, la democracia, la justicia racial, la equidad y las dem\u00e1s libertades que solo se pueden alcanzar cuando tenemos control sobre nuestras vidas reproductivas, sexuales y de g\u00e9nero.\u00a0<\/p>\t\t\t\t\t\t\t\t<\/div>\n\t\t\t\t<\/div>\n\t\t\t\t\t<\/div>\n\t\t<\/div>\n\t\t\t\t\t<\/div>\n\t\t<\/section>\n\t\t\t\t<section class=\"elementor-section elementor-top-section elementor-element elementor-element-851e7b3 elementor-section-boxed elementor-section-height-default elementor-section-height-default\" data-id=\"851e7b3\" data-element_type=\"section\">\n\t\t\t\t\t\t<div class=\"elementor-container elementor-column-gap-default\">\n\t\t\t\t\t<div class=\"elementor-column elementor-col-100 elementor-top-column elementor-element elementor-element-b5a115a\" data-id=\"b5a115a\" data-element_type=\"column\">\n\t\t\t<div class=\"elementor-widget-wrap elementor-element-populated\">\n\t\t\t\t\t\t<div class=\"elementor-element elementor-element-8a7c12f elementor-widget elementor-widget-heading\" data-id=\"8a7c12f\" data-element_type=\"widget\" data-widget_type=\"heading.default\">\n\t\t\t\t<div class=\"elementor-widget-container\">\n\t\t\t\t\t<h1 class=\"elementor-heading-title elementor-size-default\">Resumen del a\u00f1o 2024<\/h1>\t\t\t\t<\/div>\n\t\t\t\t<\/div>\n\t\t\t\t\t<\/div>\n\t\t<\/div>\n\t\t\t\t\t<\/div>\n\t\t<\/section>\n\t\t\t\t<section class=\"elementor-section elementor-top-section elementor-element elementor-element-eb48ea4 elementor-section-boxed elementor-section-height-default elementor-section-height-default\" data-id=\"eb48ea4\" data-element_type=\"section\">\n\t\t\t\t\t\t<div class=\"elementor-container elementor-column-gap-default\">\n\t\t\t\t\t<div class=\"elementor-column elementor-col-50 elementor-top-column elementor-element elementor-element-830780d\" data-id=\"830780d\" data-element_type=\"column\">\n\t\t\t<div class=\"elementor-widget-wrap elementor-element-populated\">\n\t\t\t\t\t\t<div class=\"elementor-element elementor-element-8b7d360 elementor-widget elementor-widget-shortcode\" data-id=\"8b7d360\" data-element_type=\"widget\" data-widget_type=\"shortcode.default\">\n\t\t\t\t<div class=\"elementor-widget-container\">\n\t\t\t\t\t\t\t<div class=\"elementor-shortcode\"><embed src=\"https:\/\/dev-color-latina.pantheonsite.io\/wp-content\/uploads\/2025\/07\/COLOR-Year-in-Review-2024.pdf\" width=\"100%\" height=\"600px\" type=\"application\/pdf\"><\/div>\n\t\t\t\t\t\t<\/div>\n\t\t\t\t<\/div>\n\t\t\t\t\t<\/div>\n\t\t<\/div>\n\t\t\t\t<div class=\"elementor-column elementor-col-50 elementor-top-column elementor-element elementor-element-1cfd423\" data-id=\"1cfd423\" data-element_type=\"column\">\n\t\t\t<div class=\"elementor-widget-wrap elementor-element-populated\">\n\t\t\t\t\t\t<div class=\"elementor-element elementor-element-e6e782b elementor-align-center e-transform elementor-widget elementor-widget-button\" data-id=\"e6e782b\" data-element_type=\"widget\" data-settings=\"{&quot;_transform_scale_effect&quot;:{&quot;unit&quot;:&quot;px&quot;,&quot;size&quot;:&quot;&quot;,&quot;sizes&quot;:[]},&quot;_transform_scale_effect_tablet&quot;:{&quot;unit&quot;:&quot;px&quot;,&quot;size&quot;:&quot;&quot;,&quot;sizes&quot;:[]},&quot;_transform_scale_effect_mobile&quot;:{&quot;unit&quot;:&quot;px&quot;,&quot;size&quot;:&quot;&quot;,&quot;sizes&quot;:[]}}\" data-widget_type=\"button.default\">\n\t\t\t\t<div class=\"elementor-widget-container\">\n\t\t\t\t\t\t\t\t\t<div class=\"elementor-button-wrapper\">\n\t\t\t\t\t<a class=\"elementor-button elementor-button-link elementor-size-sm\" href=\"https:\/\/drive.google.com\/file\/d\/1O5B0IhR0t7IxoScABe8yz_eln8gM8Kak\/view?usp=drive_link\" target=\"_blank\">\n\t\t\t\t\t\t<span class=\"elementor-button-content-wrapper\">\n\t\t\t\t\t\t\t\t\t<span class=\"elementor-button-text\">Descargar informe completo<\/span>\n\t\t\t\t\t<\/span>\n\t\t\t\t\t<\/a>\n\t\t\t\t<\/div>\n\t\t\t\t\t\t\t\t<\/div>\n\t\t\t\t<\/div>\n\t\t\t\t\t<\/div>\n\t\t<\/div>\n\t\t\t\t\t<\/div>\n\t\t<\/section>\n\t\t\t\t<section class=\"elementor-section elementor-top-section elementor-element elementor-element-10db0c6 elementor-section-boxed elementor-section-height-default elementor-section-height-default\" data-id=\"10db0c6\" data-element_type=\"section\">\n\t\t\t\t\t\t<div class=\"elementor-container elementor-column-gap-default\">\n\t\t\t\t\t<div class=\"elementor-column elementor-col-100 elementor-top-column elementor-element elementor-element-f2331e9\" data-id=\"f2331e9\" data-element_type=\"column\">\n\t\t\t<div class=\"elementor-widget-wrap elementor-element-populated\">\n\t\t\t\t\t\t<div class=\"elementor-element elementor-element-061b35c elementor-widget elementor-widget-heading\" data-id=\"061b35c\" data-element_type=\"widget\" data-widget_type=\"heading.default\">\n\t\t\t\t<div class=\"elementor-widget-container\">\n\t\t\t\t\t<h1 class=\"elementor-heading-title elementor-size-default\">Informes anuales anteriores<\/h1>\t\t\t\t<\/div>\n\t\t\t\t<\/div>\n\t\t\t\t\t<\/div>\n\t\t<\/div>\n\t\t\t\t\t<\/div>\n\t\t<\/section>\n\t\t\t\t<section class=\"elementor-section elementor-top-section elementor-element elementor-element-909f413 elementor-section-boxed elementor-section-height-default elementor-section-height-default\" data-id=\"909f413\" data-element_type=\"section\">\n\t\t\t\t\t\t<div class=\"elementor-container elementor-column-gap-default\">\n\t\t\t\t\t<div class=\"elementor-column elementor-col-100 elementor-top-column elementor-element elementor-element-885cfa3\" data-id=\"885cfa3\" data-element_type=\"column\">\n\t\t\t<div class=\"elementor-widget-wrap elementor-element-populated\">\n\t\t\t\t\t\t<div class=\"elementor-element elementor-element-905ed70 elementor-widget elementor-widget-text-editor\" data-id=\"905ed70\" data-element_type=\"widget\" data-widget_type=\"text-editor.default\">\n\t\t\t\t<div class=\"elementor-widget-container\">\n\t\t\t\t\t\t\t\t\t<ul><li><a href=\"https:\/\/drive.google.com\/file\/d\/1tqm3AYrfalSVQbm41O7CbZbNN_5IdqPj\/view?usp=sharing\" target=\"_blank\" rel=\"noreferrer noopener\">Informe anual 2023<\/a><\/li><li><a href=\"https:\/\/drive.google.com\/file\/d\/1-lJ0gAIdzy5P3-D8gm8m7xaQVPkN448L\/view?usp=sharing\" target=\"_blank\" rel=\"noreferrer noopener\">Informe anual 2022<\/a><\/li><li><a href=\"https:\/\/drive.google.com\/file\/d\/1MEe4VxE-vWhfK-9VsgZJoHgcDzPbkGwT\/view?usp=sharing\" target=\"_blank\" rel=\"noreferrer noopener\">Informe anual 2021<\/a><\/li><li><a href=\"https:\/\/drive.google.com\/file\/d\/15SjohiJf4LN1dpFreAYtbenf2mXSoNZ3\/view?usp=sharing\" target=\"_blank\" rel=\"noreferrer noopener\">Informe anual 2020<\/a><\/li><\/ul>\t\t\t\t\t\t\t\t<\/div>\n\t\t\t\t<\/div>\n\t\t\t\t\t<\/div>\n\t\t<\/div>\n\t\t\t\t\t<\/div>\n\t\t<\/section>\n\t\t\t\t<\/div>","protected":false},"excerpt":{"rendered":"<p>Nuestro compromiso con la justicia reproductiva Fundada hace m\u00e1s de 27 a\u00f1os, estamos impulsados por un equipo audaz de constructores de movimientos, narradores de historias, expertos en pol\u00edticas y organizadores que reflejan las comunidades que [\u2026]<\/p>","protected":false},"author":6,"featured_media":4018,"parent":0,"menu_order":0,"comment_status":"closed","ping_status":"closed","template":"","meta":{"footnotes":""},"class_list":["post-6238","page","type-page","status-publish","has-post-thumbnail","hentry"],"yoast_head":"<!-- This site is optimized with the Yoast SEO plugin v26.0 - https:\/\/yoast.com\/wordpress\/plugins\/seo\/ -->\n<title>Our Impact - COLOR Latina<\/title>\n<meta name=\"robots\" content=\"index, follow, max-snippet:-1, max-image-preview:large, max-video-preview:-1\" \/>\n<link rel=\"canonical\" href=\"https:\/\/www.colorlatina.org\/es\/our-work\/\" \/>\n<meta property=\"og:locale\" content=\"es_MX\" \/>\n<meta property=\"og:type\" content=\"article\" \/>\n<meta property=\"og:title\" content=\"Our Impact - COLOR Latina\" \/>\n<meta property=\"og:description\" content=\"Our Commitment to Reproductive Justice Founded over 27 years ago, we are powered by a bold team of movement builders, storytellers, policy experts, and organizers who reflect the communities we [&hellip;]\" \/>\n<meta property=\"og:url\" content=\"https:\/\/www.colorlatina.org\/es\/our-work\/\" \/>\n<meta property=\"og:site_name\" content=\"COLOR Latina\" \/>\n<meta property=\"article:modified_time\" content=\"2025-12-15T18:30:41+00:00\" \/>\n<meta property=\"og:image\" content=\"https:\/\/www.colorlatina.org\/wp-content\/uploads\/2023\/12\/Screenshot-2023-12-14-at-11.26.14\u202fAM-1024x676.png\" \/>\n\t<meta property=\"og:image:width\" content=\"1024\" \/>\n\t<meta property=\"og:image:height\" content=\"676\" \/>\n\t<meta property=\"og:image:type\" content=\"image\/png\" \/>\n<meta name=\"twitter:card\" content=\"summary_large_image\" \/>\n<script type=\"application\/ld+json\" class=\"yoast-schema-graph\">{\"@context\":\"https:\/\/schema.org\",\"@graph\":[{\"@type\":\"WebPage\",\"@id\":\"https:\/\/www.colorlatina.org\/our-work\/\",\"url\":\"https:\/\/www.colorlatina.org\/our-work\/\",\"name\":\"Our Impact - COLOR Latina\",\"isPartOf\":{\"@id\":\"https:\/\/www.colorlatina.org\/#website\"},\"primaryImageOfPage\":{\"@id\":\"https:\/\/www.colorlatina.org\/our-work\/#primaryimage\"},\"image\":{\"@id\":\"https:\/\/www.colorlatina.org\/our-work\/#primaryimage\"},\"thumbnailUrl\":\"https:\/\/www.colorlatina.org\/wp-content\/uploads\/2023\/12\/Screenshot-2023-12-14-at-11.26.14\u202fAM.png\",\"datePublished\":\"2025-11-25T17:41:45+00:00\",\"dateModified\":\"2025-12-15T18:30:41+00:00\",\"breadcrumb\":{\"@id\":\"https:\/\/www.colorlatina.org\/our-work\/#breadcrumb\"},\"inLanguage\":\"es\",\"potentialAction\":[{\"@type\":\"ReadAction\",\"target\":[\"https:\/\/www.colorlatina.org\/our-work\/\"]}]},{\"@type\":\"ImageObject\",\"inLanguage\":\"es\",\"@id\":\"https:\/\/www.colorlatina.org\/our-work\/#primaryimage\",\"url\":\"https:\/\/www.colorlatina.org\/wp-content\/uploads\/2023\/12\/Screenshot-2023-12-14-at-11.26.14\u202fAM.png\",\"contentUrl\":\"https:\/\/www.colorlatina.org\/wp-content\/uploads\/2023\/12\/Screenshot-2023-12-14-at-11.26.14\u202fAM.png\",\"width\":1658,\"height\":1094},{\"@type\":\"BreadcrumbList\",\"@id\":\"https:\/\/www.colorlatina.org\/our-work\/#breadcrumb\",\"itemListElement\":[{\"@type\":\"ListItem\",\"position\":1,\"name\":\"Home\",\"item\":\"https:\/\/www.colorlatina.org\/\"},{\"@type\":\"ListItem\",\"position\":2,\"name\":\"Our Impact\"}]},{\"@type\":\"WebSite\",\"@id\":\"https:\/\/www.colorlatina.org\/#website\",\"url\":\"https:\/\/www.colorlatina.org\/\",\"name\":\"COLOR Latina\",\"description\":\"\",\"publisher\":{\"@id\":\"https:\/\/www.colorlatina.org\/#organization\"},\"potentialAction\":[{\"@type\":\"SearchAction\",\"target\":{\"@type\":\"EntryPoint\",\"urlTemplate\":\"https:\/\/www.colorlatina.org\/?s={search_term_string}\"},\"query-input\":{\"@type\":\"PropertyValueSpecification\",\"valueRequired\":true,\"valueName\":\"search_term_string\"}}],\"inLanguage\":\"es\"},{\"@type\":\"Organization\",\"@id\":\"https:\/\/www.colorlatina.org\/#organization\",\"name\":\"COLOR Latina\",\"url\":\"https:\/\/www.colorlatina.org\/\",\"logo\":{\"@type\":\"ImageObject\",\"inLanguage\":\"es\",\"@id\":\"https:\/\/www.colorlatina.org\/#\/schema\/logo\/image\/\",\"url\":\"https:\/\/live-color-latina.pantheonsite.io\/wp-content\/uploads\/2022\/04\/color-latina-fb.jpg\",\"contentUrl\":\"https:\/\/live-color-latina.pantheonsite.io\/wp-content\/uploads\/2022\/04\/color-latina-fb.jpg\",\"width\":1200,\"height\":630,\"caption\":\"COLOR Latina\"},\"image\":{\"@id\":\"https:\/\/www.colorlatina.org\/#\/schema\/logo\/image\/\"}}]}<\/script>\n<!-- \/ Yoast SEO plugin. -->","yoast_head_json":{"title":"Our Impact - COLOR Latina","robots":{"index":"index","follow":"follow","max-snippet":"max-snippet:-1","max-image-preview":"max-image-preview:large","max-video-preview":"max-video-preview:-1"},"canonical":"https:\/\/www.colorlatina.org\/es\/our-work\/","og_locale":"es_MX","og_type":"article","og_title":"Our Impact - COLOR Latina","og_description":"Our Commitment to Reproductive Justice Founded over 27 years ago, we are powered by a bold team of movement builders, storytellers, policy experts, and organizers who reflect the communities we [&hellip;]","og_url":"https:\/\/www.colorlatina.org\/es\/our-work\/","og_site_name":"COLOR Latina","article_modified_time":"2025-12-15T18:30:41+00:00","og_image":[{"width":1024,"height":676,"url":"https:\/\/www.colorlatina.org\/wp-content\/uploads\/2023\/12\/Screenshot-2023-12-14-at-11.26.14\u202fAM-1024x676.png","type":"image\/png"}],"twitter_card":"summary_large_image","schema":{"@context":"https:\/\/schema.org","@graph":[{"@type":"WebPage","@id":"https:\/\/www.colorlatina.org\/our-work\/","url":"https:\/\/www.colorlatina.org\/our-work\/","name":"Our Impact - COLOR Latina","isPartOf":{"@id":"https:\/\/www.colorlatina.org\/#website"},"primaryImageOfPage":{"@id":"https:\/\/www.colorlatina.org\/our-work\/#primaryimage"},"image":{"@id":"https:\/\/www.colorlatina.org\/our-work\/#primaryimage"},"thumbnailUrl":"https:\/\/www.colorlatina.org\/wp-content\/uploads\/2023\/12\/Screenshot-2023-12-14-at-11.26.14\u202fAM.png","datePublished":"2025-11-25T17:41:45+00:00","dateModified":"2025-12-15T18:30:41+00:00","breadcrumb":{"@id":"https:\/\/www.colorlatina.org\/our-work\/#breadcrumb"},"inLanguage":"es","potentialAction":[{"@type":"ReadAction","target":["https:\/\/www.colorlatina.org\/our-work\/"]}]},{"@type":"ImageObject","inLanguage":"es","@id":"https:\/\/www.colorlatina.org\/our-work\/#primaryimage","url":"https:\/\/www.colorlatina.org\/wp-content\/uploads\/2023\/12\/Screenshot-2023-12-14-at-11.26.14\u202fAM.png","contentUrl":"https:\/\/www.colorlatina.org\/wp-content\/uploads\/2023\/12\/Screenshot-2023-12-14-at-11.26.14\u202fAM.png","width":1658,"height":1094},{"@type":"BreadcrumbList","@id":"https:\/\/www.colorlatina.org\/our-work\/#breadcrumb","itemListElement":[{"@type":"ListItem","position":1,"name":"Home","item":"https:\/\/www.colorlatina.org\/"},{"@type":"ListItem","position":2,"name":"Our Impact"}]},{"@type":"WebSite","@id":"https:\/\/www.colorlatina.org\/#website","url":"https:\/\/www.colorlatina.org\/","name":"COLOR Latina","description":"","publisher":{"@id":"https:\/\/www.colorlatina.org\/#organization"},"potentialAction":[{"@type":"SearchAction","target":{"@type":"EntryPoint","urlTemplate":"https:\/\/www.colorlatina.org\/?s={search_term_string}"},"query-input":{"@type":"PropertyValueSpecification","valueRequired":true,"valueName":"search_term_string"}}],"inLanguage":"es"},{"@type":"Organization","@id":"https:\/\/www.colorlatina.org\/#organization","name":"COLOR Latina","url":"https:\/\/www.colorlatina.org\/","logo":{"@type":"ImageObject","inLanguage":"es","@id":"https:\/\/www.colorlatina.org\/#\/schema\/logo\/image\/","url":"https:\/\/live-color-latina.pantheonsite.io\/wp-content\/uploads\/2022\/04\/color-latina-fb.jpg","contentUrl":"https:\/\/live-color-latina.pantheonsite.io\/wp-content\/uploads\/2022\/04\/color-latina-fb.jpg","width":1200,"height":630,"caption":"COLOR Latina"},"image":{"@id":"https:\/\/www.colorlatina.org\/#\/schema\/logo\/image\/"}}]}},"_links":{"self":[{"href":"https:\/\/www.colorlatina.org\/es\/wp-json\/wp\/v2\/pages\/6238","targetHints":{"allow":["GET"]}}],"collection":[{"href":"https:\/\/www.colorlatina.org\/es\/wp-json\/wp\/v2\/pages"}],"about":[{"href":"https:\/\/www.colorlatina.org\/es\/wp-json\/wp\/v2\/types\/page"}],"author":[{"embeddable":true,"href":"https:\/\/www.colorlatina.org\/es\/wp-json\/wp\/v2\/users\/6"}],"replies":[{"embeddable":true,"href":"https:\/\/www.colorlatina.org\/es\/wp-json\/wp\/v2\/comments?post=6238"}],"version-history":[{"count":10,"href":"https:\/\/www.colorlatina.org\/es\/wp-json\/wp\/v2\/pages\/6238\/revisions"}],"predecessor-version":[{"id":6321,"href":"https:\/\/www.colorlatina.org\/es\/wp-json\/wp\/v2\/pages\/6238\/revisions\/6321"}],"wp:featuredmedia":[{"embeddable":true,"href":"https:\/\/www.colorlatina.org\/es\/wp-json\/wp\/v2\/media\/4018"}],"wp:attachment":[{"href":"https:\/\/www.colorlatina.org\/es\/wp-json\/wp\/v2\/media?parent=6238"}],"curies":[{"name":"wp","href":"https:\/\/api.w.org\/{rel}","templated":true}]}}