{"id":739,"date":"2022-02-26T14:55:28","date_gmt":"2022-02-26T21:55:28","guid":{"rendered":"https:\/\/live-color-latina.pantheonsite.io\/?page_id=739"},"modified":"2022-03-31T14:19:27","modified_gmt":"2022-03-31T20:19:27","slug":"latino-a-policy-agenda-2021-results","status":"publish","type":"page","link":"https:\/\/www.colorlatina.org\/es\/latino-a-policy-agenda-2021-results\/","title":{"rendered":"Recorridos de escucha de pol\u00edticas latino\/a"},"content":{"rendered":"<figure class=\"wp-block-image size-large\"><a href=\"https:\/\/coloradolatinopolicyagenda.com\/?eType=EmailBlastContent&amp;eId=f0c3e7b8-5838-4faf-aa47-5bd48ba163c5&amp;emci=98cb9e87-ca40-ec11-9820-c896653b26c8&amp;emdi=ea000000-0000-0000-0000-000000000001&amp;ceid\"><img fetchpriority=\"high\" decoding=\"async\" width=\"1024\" height=\"138\" src=\"https:\/\/live-color-latina.pantheonsite.io\/wp-content\/uploads\/2022\/03\/Screen-Shot-2022-03-10-at-1.25.16-PM-1024x138.png\" alt=\"\" class=\"wp-image-974\" srcset=\"https:\/\/www.colorlatina.org\/wp-content\/uploads\/2022\/03\/Screen-Shot-2022-03-10-at-1.25.16-PM-1024x138.png 1024w, https:\/\/www.colorlatina.org\/wp-content\/uploads\/2022\/03\/Screen-Shot-2022-03-10-at-1.25.16-PM-300x40.png 300w, https:\/\/www.colorlatina.org\/wp-content\/uploads\/2022\/03\/Screen-Shot-2022-03-10-at-1.25.16-PM-768x103.png 768w, https:\/\/www.colorlatina.org\/wp-content\/uploads\/2022\/03\/Screen-Shot-2022-03-10-at-1.25.16-PM-1536x206.png 1536w, https:\/\/www.colorlatina.org\/wp-content\/uploads\/2022\/03\/Screen-Shot-2022-03-10-at-1.25.16-PM-2048x275.png 2048w\" sizes=\"(max-width: 1024px) 100vw, 1024px\" \/><\/a><\/figure>\n\n\n\n<p>El a\u00f1o pasado, llevamos a cabo una serie de giras de escucha por las \u00e1reas de Colorado. Ten\u00edamos la intenci\u00f3n de visitar las zonas rurales de Colorado para escuchar a la comunidad Latinx sobre los problemas que m\u00e1s les afectan. Nuestra intenci\u00f3n era desarrollar una plataforma de pol\u00edticas para compartir con los legisladores en el D\u00eda de la Defensa Latina\/a de este a\u00f1o. Nuestro objetivo es desarrollar <a href=\"https:\/\/coloradolatinopolicyagenda.com\/?eType=EmailBlastContent&amp;eId=f0c3e7b8-5838-4faf-aa47-5bd48ba163c5&amp;emci=98cb9e87-ca40-ec11-9820-c896653b26c8&amp;emdi=ea000000-0000-0000-0000-000000000001&amp;ceid\"><strong>una plataforma integral de pol\u00edticas latinas para Colorado<\/strong><\/a>, y juntos crear los cambios que queremos ver.<\/p>\n\n\n\n<div class=\"wp-block-image\"><figure class=\"aligncenter size-large is-resized\"><img decoding=\"async\" src=\"https:\/\/live-color-latina.pantheonsite.io\/wp-content\/uploads\/2022\/03\/DSC_0305-1024x682.jpg\" alt=\"\" class=\"wp-image-897\" width=\"358\" height=\"237\" srcset=\"https:\/\/www.colorlatina.org\/wp-content\/uploads\/2022\/03\/DSC_0305-1024x682.jpg 1024w, https:\/\/www.colorlatina.org\/wp-content\/uploads\/2022\/03\/DSC_0305-300x200.jpg 300w\" sizes=\"(max-width: 358px) 100vw, 358px\" \/><figcaption>\u00a1COLORistxs en la gira de escucha de pol\u00edticas latinas 2021 en Glenwood Springs!<\/figcaption><\/figure><\/div>\n\n\n\n<div class=\"wp-block-image\"><figure class=\"aligncenter size-full is-resized\"><img decoding=\"async\" src=\"https:\/\/live-color-latina.pantheonsite.io\/wp-content\/uploads\/2022\/03\/DSC_1504-scaled.jpg\" alt=\"\" class=\"wp-image-892\" width=\"372\" height=\"248\" srcset=\"https:\/\/www.colorlatina.org\/wp-content\/uploads\/2022\/03\/DSC_1504-scaled.jpg 2560w, https:\/\/www.colorlatina.org\/wp-content\/uploads\/2022\/03\/DSC_1504-300x200.jpg 300w\" sizes=\"(max-width: 372px) 100vw, 372px\" \/><figcaption>Los legisladores de Colorado se unen a nosotros en la primera Gira Latino\/a de Escucha de Pol\u00edticas en Greeley.<\/figcaption><\/figure><\/div>\n\n\n\n<div class=\"wp-block-image\"><figure class=\"aligncenter size-large is-resized\"><img loading=\"lazy\" decoding=\"async\" src=\"https:\/\/live-color-latina.pantheonsite.io\/wp-content\/uploads\/2022\/03\/DSC_1271-1024x682.jpg\" alt=\"\" class=\"wp-image-900\" width=\"371\" height=\"247\" srcset=\"https:\/\/www.colorlatina.org\/wp-content\/uploads\/2022\/03\/DSC_1271-1024x682.jpg 1024w, https:\/\/www.colorlatina.org\/wp-content\/uploads\/2022\/03\/DSC_1271-300x200.jpg 300w, https:\/\/www.colorlatina.org\/wp-content\/uploads\/2022\/03\/DSC_1271-768x512.jpg 768w, https:\/\/www.colorlatina.org\/wp-content\/uploads\/2022\/03\/DSC_1271-1536x1024.jpg 1536w, https:\/\/www.colorlatina.org\/wp-content\/uploads\/2022\/03\/DSC_1271.jpg 2000w\" sizes=\"(max-width: 371px) 100vw, 371px\" \/><figcaption>Una mesa redonda sobre el impacto de la redistribuci\u00f3n de distritos en Colorado en la Gira de Escucha de Pol\u00edticas Latinas 2021 en Greeley. <\/figcaption><\/figure><\/div>\n\n\n\n<div class=\"wp-block-image\"><figure class=\"aligncenter size-large is-resized\"><img loading=\"lazy\" decoding=\"async\" src=\"https:\/\/live-color-latina.pantheonsite.io\/wp-content\/uploads\/2022\/03\/DSC_0296-1024x682.jpg\" alt=\"\" class=\"wp-image-896\" width=\"375\" height=\"248\"\/><figcaption>Legisladores de Colorado en la Mesa Redonda de la Gira de Escucha de Pol\u00edticas Latinas 2021 en Glenwood Springs.<\/figcaption><\/figure><\/div>\n\n\n\n<div class=\"wp-block-image\"><figure class=\"aligncenter size-large is-resized\"><img loading=\"lazy\" decoding=\"async\" src=\"https:\/\/live-color-latina.pantheonsite.io\/wp-content\/uploads\/2022\/03\/DSC_0976-1024x682.jpg\" alt=\"\" class=\"wp-image-975\" width=\"384\" height=\"254\"\/><figcaption>COLORistxs en el primer Latin Policy Listening Tour en Greeley.<\/figcaption><\/figure><\/div>\n\n\n\n<div class=\"wp-block-image\"><figure class=\"aligncenter size-large is-resized\"><img loading=\"lazy\" decoding=\"async\" src=\"https:\/\/live-color-latina.pantheonsite.io\/wp-content\/uploads\/2022\/03\/DSC_1119-1024x682.jpg\" alt=\"\" class=\"wp-image-976\" width=\"388\" height=\"257\" srcset=\"https:\/\/www.colorlatina.org\/wp-content\/uploads\/2022\/03\/DSC_1119-1024x682.jpg 1024w, https:\/\/www.colorlatina.org\/wp-content\/uploads\/2022\/03\/DSC_1119-300x200.jpg 300w\" sizes=\"(max-width: 388px) 100vw, 388px\" \/><figcaption>Nuestra COLORISTx, gerente de divulgaci\u00f3n y organizaci\u00f3n, Yadira Solis, facilitando una sesi\u00f3n de trabajo en Greeley. <\/figcaption><\/figure><\/div>","protected":false},"excerpt":{"rendered":"<p>El a\u00f1o pasado, realizamos una serie de giras de escucha en las \u00e1reas de Colorado. Nuestra intenci\u00f3n era visitar zonas rurales de Colorado para escuchar a la comunidad latina sobre los problemas que [\u2026]<\/p>","protected":false},"author":1,"featured_media":0,"parent":0,"menu_order":0,"comment_status":"closed","ping_status":"closed","template":"","meta":{"footnotes":""},"class_list":["post-739","page","type-page","status-publish","hentry"],"yoast_head":"<!-- This site is optimized with the Yoast SEO plugin v26.0 - https:\/\/yoast.com\/wordpress\/plugins\/seo\/ -->\n<title>Latino\/a Policy Listening Tours - COLOR Latina<\/title>\n<meta name=\"robots\" content=\"index, follow, max-snippet:-1, max-image-preview:large, max-video-preview:-1\" \/>\n<link rel=\"canonical\" href=\"https:\/\/www.colorlatina.org\/es\/latino-a-policy-agenda-2021-results\/\" \/>\n<meta property=\"og:locale\" content=\"es_MX\" \/>\n<meta property=\"og:type\" content=\"article\" \/>\n<meta property=\"og:title\" content=\"Latino\/a Policy Listening Tours - COLOR Latina\" \/>\n<meta property=\"og:description\" content=\"Last year, we held a series of listening tours across Colorado areas. We intended to visit rural areas in Colorado to hear from the Latinx community about the issues that [&hellip;]\" \/>\n<meta property=\"og:url\" content=\"https:\/\/www.colorlatina.org\/es\/latino-a-policy-agenda-2021-results\/\" \/>\n<meta property=\"og:site_name\" content=\"COLOR Latina\" \/>\n<meta property=\"article:modified_time\" content=\"2022-03-31T20:19:27+00:00\" \/>\n<meta property=\"og:image\" content=\"https:\/\/live-color-latina.pantheonsite.io\/wp-content\/uploads\/2022\/03\/Screen-Shot-2022-03-10-at-1.25.16-PM-1024x138.png\" \/>\n<meta name=\"twitter:card\" content=\"summary_large_image\" \/>\n<meta name=\"twitter:label1\" content=\"Tiempo de lectura\" \/>\n\t<meta name=\"twitter:data1\" content=\"1 minuto\" \/>\n<script type=\"application\/ld+json\" class=\"yoast-schema-graph\">{\"@context\":\"https:\/\/schema.org\",\"@graph\":[{\"@type\":\"WebPage\",\"@id\":\"https:\/\/www.colorlatina.org\/latino-a-policy-agenda-2021-results\/\",\"url\":\"https:\/\/www.colorlatina.org\/latino-a-policy-agenda-2021-results\/\",\"name\":\"Latino\/a Policy Listening Tours - COLOR Latina\",\"isPartOf\":{\"@id\":\"https:\/\/www.colorlatina.org\/#website\"},\"primaryImageOfPage\":{\"@id\":\"https:\/\/www.colorlatina.org\/latino-a-policy-agenda-2021-results\/#primaryimage\"},\"image\":{\"@id\":\"https:\/\/www.colorlatina.org\/latino-a-policy-agenda-2021-results\/#primaryimage\"},\"thumbnailUrl\":\"https:\/\/live-color-latina.pantheonsite.io\/wp-content\/uploads\/2022\/03\/Screen-Shot-2022-03-10-at-1.25.16-PM-1024x138.png\",\"datePublished\":\"2022-02-26T21:55:28+00:00\",\"dateModified\":\"2022-03-31T20:19:27+00:00\",\"breadcrumb\":{\"@id\":\"https:\/\/www.colorlatina.org\/latino-a-policy-agenda-2021-results\/#breadcrumb\"},\"inLanguage\":\"es\",\"potentialAction\":[{\"@type\":\"ReadAction\",\"target\":[\"https:\/\/www.colorlatina.org\/latino-a-policy-agenda-2021-results\/\"]}]},{\"@type\":\"ImageObject\",\"inLanguage\":\"es\",\"@id\":\"https:\/\/www.colorlatina.org\/latino-a-policy-agenda-2021-results\/#primaryimage\",\"url\":\"https:\/\/live-color-latina.pantheonsite.io\/wp-content\/uploads\/2022\/03\/Screen-Shot-2022-03-10-at-1.25.16-PM-1024x138.png\",\"contentUrl\":\"https:\/\/live-color-latina.pantheonsite.io\/wp-content\/uploads\/2022\/03\/Screen-Shot-2022-03-10-at-1.25.16-PM-1024x138.png\"},{\"@type\":\"BreadcrumbList\",\"@id\":\"https:\/\/www.colorlatina.org\/latino-a-policy-agenda-2021-results\/#breadcrumb\",\"itemListElement\":[{\"@type\":\"ListItem\",\"position\":1,\"name\":\"Home\",\"item\":\"https:\/\/www.colorlatina.org\/\"},{\"@type\":\"ListItem\",\"position\":2,\"name\":\"Latino\/a Policy Listening Tours\"}]},{\"@type\":\"WebSite\",\"@id\":\"https:\/\/www.colorlatina.org\/#website\",\"url\":\"https:\/\/www.colorlatina.org\/\",\"name\":\"COLOR Latina\",\"description\":\"\",\"publisher\":{\"@id\":\"https:\/\/www.colorlatina.org\/#organization\"},\"potentialAction\":[{\"@type\":\"SearchAction\",\"target\":{\"@type\":\"EntryPoint\",\"urlTemplate\":\"https:\/\/www.colorlatina.org\/?s={search_term_string}\"},\"query-input\":{\"@type\":\"PropertyValueSpecification\",\"valueRequired\":true,\"valueName\":\"search_term_string\"}}],\"inLanguage\":\"es\"},{\"@type\":\"Organization\",\"@id\":\"https:\/\/www.colorlatina.org\/#organization\",\"name\":\"COLOR Latina\",\"url\":\"https:\/\/www.colorlatina.org\/\",\"logo\":{\"@type\":\"ImageObject\",\"inLanguage\":\"es\",\"@id\":\"https:\/\/www.colorlatina.org\/#\/schema\/logo\/image\/\",\"url\":\"https:\/\/live-color-latina.pantheonsite.io\/wp-content\/uploads\/2022\/04\/color-latina-fb.jpg\",\"contentUrl\":\"https:\/\/live-color-latina.pantheonsite.io\/wp-content\/uploads\/2022\/04\/color-latina-fb.jpg\",\"width\":1200,\"height\":630,\"caption\":\"COLOR Latina\"},\"image\":{\"@id\":\"https:\/\/www.colorlatina.org\/#\/schema\/logo\/image\/\"}}]}<\/script>\n<!-- \/ Yoast SEO plugin. -->","yoast_head_json":{"title":"Giras de escucha sobre pol\u00edticas latinas - COLOR Latina","robots":{"index":"index","follow":"follow","max-snippet":"max-snippet:-1","max-image-preview":"max-image-preview:large","max-video-preview":"max-video-preview:-1"},"canonical":"https:\/\/www.colorlatina.org\/es\/latino-a-policy-agenda-2021-results\/","og_locale":"es_MX","og_type":"article","og_title":"Latino\/a Policy Listening Tours - COLOR Latina","og_description":"Last year, we held a series of listening tours across Colorado areas. We intended to visit rural areas in Colorado to hear from the Latinx community about the issues that [&hellip;]","og_url":"https:\/\/www.colorlatina.org\/es\/latino-a-policy-agenda-2021-results\/","og_site_name":"COLOR Latina","article_modified_time":"2022-03-31T20:19:27+00:00","og_image":[{"url":"https:\/\/live-color-latina.pantheonsite.io\/wp-content\/uploads\/2022\/03\/Screen-Shot-2022-03-10-at-1.25.16-PM-1024x138.png","type":"","width":"","height":""}],"twitter_card":"summary_large_image","twitter_misc":{"Tiempo de lectura":"1 minuto"},"schema":{"@context":"https:\/\/schema.org","@graph":[{"@type":"WebPage","@id":"https:\/\/www.colorlatina.org\/latino-a-policy-agenda-2021-results\/","url":"https:\/\/www.colorlatina.org\/latino-a-policy-agenda-2021-results\/","name":"Giras de escucha sobre pol\u00edticas latinas - COLOR Latina","isPartOf":{"@id":"https:\/\/www.colorlatina.org\/#website"},"primaryImageOfPage":{"@id":"https:\/\/www.colorlatina.org\/latino-a-policy-agenda-2021-results\/#primaryimage"},"image":{"@id":"https:\/\/www.colorlatina.org\/latino-a-policy-agenda-2021-results\/#primaryimage"},"thumbnailUrl":"https:\/\/live-color-latina.pantheonsite.io\/wp-content\/uploads\/2022\/03\/Screen-Shot-2022-03-10-at-1.25.16-PM-1024x138.png","datePublished":"2022-02-26T21:55:28+00:00","dateModified":"2022-03-31T20:19:27+00:00","breadcrumb":{"@id":"https:\/\/www.colorlatina.org\/latino-a-policy-agenda-2021-results\/#breadcrumb"},"inLanguage":"es","potentialAction":[{"@type":"ReadAction","target":["https:\/\/www.colorlatina.org\/latino-a-policy-agenda-2021-results\/"]}]},{"@type":"ImageObject","inLanguage":"es","@id":"https:\/\/www.colorlatina.org\/latino-a-policy-agenda-2021-results\/#primaryimage","url":"https:\/\/live-color-latina.pantheonsite.io\/wp-content\/uploads\/2022\/03\/Screen-Shot-2022-03-10-at-1.25.16-PM-1024x138.png","contentUrl":"https:\/\/live-color-latina.pantheonsite.io\/wp-content\/uploads\/2022\/03\/Screen-Shot-2022-03-10-at-1.25.16-PM-1024x138.png"},{"@type":"BreadcrumbList","@id":"https:\/\/www.colorlatina.org\/latino-a-policy-agenda-2021-results\/#breadcrumb","itemListElement":[{"@type":"ListItem","position":1,"name":"Home","item":"https:\/\/www.colorlatina.org\/"},{"@type":"ListItem","position":2,"name":"Latino\/a Policy Listening Tours"}]},{"@type":"WebSite","@id":"https:\/\/www.colorlatina.org\/#website","url":"https:\/\/www.colorlatina.org\/","name":"COLOR Latina","description":"","publisher":{"@id":"https:\/\/www.colorlatina.org\/#organization"},"potentialAction":[{"@type":"SearchAction","target":{"@type":"EntryPoint","urlTemplate":"https:\/\/www.colorlatina.org\/?s={search_term_string}"},"query-input":{"@type":"PropertyValueSpecification","valueRequired":true,"valueName":"search_term_string"}}],"inLanguage":"es"},{"@type":"Organization","@id":"https:\/\/www.colorlatina.org\/#organization","name":"COLOR Latina","url":"https:\/\/www.colorlatina.org\/","logo":{"@type":"ImageObject","inLanguage":"es","@id":"https:\/\/www.colorlatina.org\/#\/schema\/logo\/image\/","url":"https:\/\/live-color-latina.pantheonsite.io\/wp-content\/uploads\/2022\/04\/color-latina-fb.jpg","contentUrl":"https:\/\/live-color-latina.pantheonsite.io\/wp-content\/uploads\/2022\/04\/color-latina-fb.jpg","width":1200,"height":630,"caption":"COLOR Latina"},"image":{"@id":"https:\/\/www.colorlatina.org\/#\/schema\/logo\/image\/"}}]}},"_links":{"self":[{"href":"https:\/\/www.colorlatina.org\/es\/wp-json\/wp\/v2\/pages\/739","targetHints":{"allow":["GET"]}}],"collection":[{"href":"https:\/\/www.colorlatina.org\/es\/wp-json\/wp\/v2\/pages"}],"about":[{"href":"https:\/\/www.colorlatina.org\/es\/wp-json\/wp\/v2\/types\/page"}],"author":[{"embeddable":true,"href":"https:\/\/www.colorlatina.org\/es\/wp-json\/wp\/v2\/users\/1"}],"replies":[{"embeddable":true,"href":"https:\/\/www.colorlatina.org\/es\/wp-json\/wp\/v2\/comments?post=739"}],"version-history":[{"count":6,"href":"https:\/\/www.colorlatina.org\/es\/wp-json\/wp\/v2\/pages\/739\/revisions"}],"predecessor-version":[{"id":1121,"href":"https:\/\/www.colorlatina.org\/es\/wp-json\/wp\/v2\/pages\/739\/revisions\/1121"}],"wp:attachment":[{"href":"https:\/\/www.colorlatina.org\/es\/wp-json\/wp\/v2\/media?parent=739"}],"curies":[{"name":"wp","href":"https:\/\/api.w.org\/{rel}","templated":true}]}}