{"id":745,"date":"2022-02-26T14:57:19","date_gmt":"2022-02-26T21:57:19","guid":{"rendered":"https:\/\/live-color-latina.pantheonsite.io\/?page_id=745"},"modified":"2022-03-10T14:30:39","modified_gmt":"2022-03-10T21:30:39","slug":"healthcare-enrollment","status":"publish","type":"page","link":"https:\/\/www.colorlatina.org\/es\/healthcare-enrollment\/","title":{"rendered":"Inscripci\u00f3n al seguro m\u00e9dico"},"content":{"rendered":"<p>\u00a1Todav\u00eda hay formas de obtener una cobertura de salud de calidad! Es posible que pueda inscribirse o cambiar de plan de salud si ha pasado por cambios recientes en su vida, como casarse o tener un beb\u00e9. Los planes del Mercado cubren ex\u00e1menes m\u00e9dicos de rutina, atenci\u00f3n materna, inmunizaciones y mucho m\u00e1s.<\/p>\n\n\n\n<p>\u2139\ufe0f Aprenda c\u00f3mo inscribirse usted y sus seres queridos hoy <a href=\"http:\/\/www.healthcare.gov.\">www.asistencia sanitaria.gov.<\/a>\u00a0<a href=\"https:\/\/www.instagram.com\/explore\/tags\/getcovered\/\">#Cubrete<\/a><\/p>\n\n\n\n<div class=\"wp-block-image is-style-default\"><figure class=\"aligncenter size-large is-resized\"><img fetchpriority=\"high\" decoding=\"async\" src=\"https:\/\/live-color-latina.pantheonsite.io\/wp-content\/uploads\/2022\/03\/Screen-Shot-2022-03-09-at-4.49.22-PM-1024x1024.png\" alt=\"\" class=\"wp-image-937\" width=\"623\" height=\"623\" srcset=\"https:\/\/www.colorlatina.org\/wp-content\/uploads\/2022\/03\/Screen-Shot-2022-03-09-at-4.49.22-PM-1024x1024.png 1024w, https:\/\/www.colorlatina.org\/wp-content\/uploads\/2022\/03\/Screen-Shot-2022-03-09-at-4.49.22-PM-300x300.png 300w, https:\/\/www.colorlatina.org\/wp-content\/uploads\/2022\/03\/Screen-Shot-2022-03-09-at-4.49.22-PM-150x150.png 150w, https:\/\/www.colorlatina.org\/wp-content\/uploads\/2022\/03\/Screen-Shot-2022-03-09-at-4.49.22-PM-768x768.png 768w, https:\/\/www.colorlatina.org\/wp-content\/uploads\/2022\/03\/Screen-Shot-2022-03-09-at-4.49.22-PM-1536x1536.png 1536w, https:\/\/www.colorlatina.org\/wp-content\/uploads\/2022\/03\/Screen-Shot-2022-03-09-at-4.49.22-PM.png 1726w\" sizes=\"(max-width: 623px) 100vw, 623px\" \/><\/figure><\/div>","protected":false},"excerpt":{"rendered":"<p>\u00a1A\u00fan hay maneras de obtener una cobertura m\u00e9dica de calidad! Quiz\u00e1s puedas inscribirte o cambiar de plan de salud si has pasado por cambios recientes en tu vida, como casarte [\u2026]<\/p>","protected":false},"author":1,"featured_media":0,"parent":0,"menu_order":0,"comment_status":"closed","ping_status":"closed","template":"","meta":{"footnotes":""},"class_list":["post-745","page","type-page","status-publish","hentry"],"yoast_head":"<!-- This site is optimized with the Yoast SEO plugin v26.0 - https:\/\/yoast.com\/wordpress\/plugins\/seo\/ -->\n<title>Healthcare Enrollment - COLOR Latina<\/title>\n<meta name=\"robots\" content=\"index, follow, max-snippet:-1, max-image-preview:large, max-video-preview:-1\" \/>\n<link rel=\"canonical\" href=\"https:\/\/www.colorlatina.org\/es\/healthcare-enrollment\/\" \/>\n<meta property=\"og:locale\" content=\"es_MX\" \/>\n<meta property=\"og:type\" content=\"article\" \/>\n<meta property=\"og:title\" content=\"Healthcare Enrollment - COLOR Latina\" \/>\n<meta property=\"og:description\" content=\"There are still ways to get quality health coverage! You may be able to enroll in or change health plans if you\u2019ve gone through recent life changes like getting married [&hellip;]\" \/>\n<meta property=\"og:url\" content=\"https:\/\/www.colorlatina.org\/es\/healthcare-enrollment\/\" \/>\n<meta property=\"og:site_name\" content=\"COLOR Latina\" \/>\n<meta property=\"article:modified_time\" content=\"2022-03-10T21:30:39+00:00\" \/>\n<meta property=\"og:image\" content=\"https:\/\/live-color-latina.pantheonsite.io\/wp-content\/uploads\/2022\/03\/Screen-Shot-2022-03-09-at-4.49.22-PM-1024x1024.png\" \/>\n<meta name=\"twitter:card\" content=\"summary_large_image\" \/>\n<script type=\"application\/ld+json\" class=\"yoast-schema-graph\">{\"@context\":\"https:\/\/schema.org\",\"@graph\":[{\"@type\":\"WebPage\",\"@id\":\"https:\/\/www.colorlatina.org\/healthcare-enrollment\/\",\"url\":\"https:\/\/www.colorlatina.org\/healthcare-enrollment\/\",\"name\":\"Healthcare Enrollment - COLOR Latina\",\"isPartOf\":{\"@id\":\"https:\/\/www.colorlatina.org\/#website\"},\"primaryImageOfPage\":{\"@id\":\"https:\/\/www.colorlatina.org\/healthcare-enrollment\/#primaryimage\"},\"image\":{\"@id\":\"https:\/\/www.colorlatina.org\/healthcare-enrollment\/#primaryimage\"},\"thumbnailUrl\":\"https:\/\/live-color-latina.pantheonsite.io\/wp-content\/uploads\/2022\/03\/Screen-Shot-2022-03-09-at-4.49.22-PM-1024x1024.png\",\"datePublished\":\"2022-02-26T21:57:19+00:00\",\"dateModified\":\"2022-03-10T21:30:39+00:00\",\"breadcrumb\":{\"@id\":\"https:\/\/www.colorlatina.org\/healthcare-enrollment\/#breadcrumb\"},\"inLanguage\":\"es\",\"potentialAction\":[{\"@type\":\"ReadAction\",\"target\":[\"https:\/\/www.colorlatina.org\/healthcare-enrollment\/\"]}]},{\"@type\":\"ImageObject\",\"inLanguage\":\"es\",\"@id\":\"https:\/\/www.colorlatina.org\/healthcare-enrollment\/#primaryimage\",\"url\":\"https:\/\/live-color-latina.pantheonsite.io\/wp-content\/uploads\/2022\/03\/Screen-Shot-2022-03-09-at-4.49.22-PM-1024x1024.png\",\"contentUrl\":\"https:\/\/live-color-latina.pantheonsite.io\/wp-content\/uploads\/2022\/03\/Screen-Shot-2022-03-09-at-4.49.22-PM-1024x1024.png\"},{\"@type\":\"BreadcrumbList\",\"@id\":\"https:\/\/www.colorlatina.org\/healthcare-enrollment\/#breadcrumb\",\"itemListElement\":[{\"@type\":\"ListItem\",\"position\":1,\"name\":\"Home\",\"item\":\"https:\/\/www.colorlatina.org\/\"},{\"@type\":\"ListItem\",\"position\":2,\"name\":\"Healthcare Enrollment\"}]},{\"@type\":\"WebSite\",\"@id\":\"https:\/\/www.colorlatina.org\/#website\",\"url\":\"https:\/\/www.colorlatina.org\/\",\"name\":\"COLOR Latina\",\"description\":\"\",\"publisher\":{\"@id\":\"https:\/\/www.colorlatina.org\/#organization\"},\"potentialAction\":[{\"@type\":\"SearchAction\",\"target\":{\"@type\":\"EntryPoint\",\"urlTemplate\":\"https:\/\/www.colorlatina.org\/?s={search_term_string}\"},\"query-input\":{\"@type\":\"PropertyValueSpecification\",\"valueRequired\":true,\"valueName\":\"search_term_string\"}}],\"inLanguage\":\"es\"},{\"@type\":\"Organization\",\"@id\":\"https:\/\/www.colorlatina.org\/#organization\",\"name\":\"COLOR Latina\",\"url\":\"https:\/\/www.colorlatina.org\/\",\"logo\":{\"@type\":\"ImageObject\",\"inLanguage\":\"es\",\"@id\":\"https:\/\/www.colorlatina.org\/#\/schema\/logo\/image\/\",\"url\":\"https:\/\/live-color-latina.pantheonsite.io\/wp-content\/uploads\/2022\/04\/color-latina-fb.jpg\",\"contentUrl\":\"https:\/\/live-color-latina.pantheonsite.io\/wp-content\/uploads\/2022\/04\/color-latina-fb.jpg\",\"width\":1200,\"height\":630,\"caption\":\"COLOR Latina\"},\"image\":{\"@id\":\"https:\/\/www.colorlatina.org\/#\/schema\/logo\/image\/\"}}]}<\/script>\n<!-- \/ Yoast SEO plugin. -->","yoast_head_json":{"title":"Healthcare Enrollment - COLOR Latina","robots":{"index":"index","follow":"follow","max-snippet":"max-snippet:-1","max-image-preview":"max-image-preview:large","max-video-preview":"max-video-preview:-1"},"canonical":"https:\/\/www.colorlatina.org\/es\/healthcare-enrollment\/","og_locale":"es_MX","og_type":"article","og_title":"Healthcare Enrollment - COLOR Latina","og_description":"There are still ways to get quality health coverage! You may be able to enroll in or change health plans if you\u2019ve gone through recent life changes like getting married [&hellip;]","og_url":"https:\/\/www.colorlatina.org\/es\/healthcare-enrollment\/","og_site_name":"COLOR Latina","article_modified_time":"2022-03-10T21:30:39+00:00","og_image":[{"url":"https:\/\/live-color-latina.pantheonsite.io\/wp-content\/uploads\/2022\/03\/Screen-Shot-2022-03-09-at-4.49.22-PM-1024x1024.png","type":"","width":"","height":""}],"twitter_card":"summary_large_image","schema":{"@context":"https:\/\/schema.org","@graph":[{"@type":"WebPage","@id":"https:\/\/www.colorlatina.org\/healthcare-enrollment\/","url":"https:\/\/www.colorlatina.org\/healthcare-enrollment\/","name":"Healthcare Enrollment - COLOR Latina","isPartOf":{"@id":"https:\/\/www.colorlatina.org\/#website"},"primaryImageOfPage":{"@id":"https:\/\/www.colorlatina.org\/healthcare-enrollment\/#primaryimage"},"image":{"@id":"https:\/\/www.colorlatina.org\/healthcare-enrollment\/#primaryimage"},"thumbnailUrl":"https:\/\/live-color-latina.pantheonsite.io\/wp-content\/uploads\/2022\/03\/Screen-Shot-2022-03-09-at-4.49.22-PM-1024x1024.png","datePublished":"2022-02-26T21:57:19+00:00","dateModified":"2022-03-10T21:30:39+00:00","breadcrumb":{"@id":"https:\/\/www.colorlatina.org\/healthcare-enrollment\/#breadcrumb"},"inLanguage":"es","potentialAction":[{"@type":"ReadAction","target":["https:\/\/www.colorlatina.org\/healthcare-enrollment\/"]}]},{"@type":"ImageObject","inLanguage":"es","@id":"https:\/\/www.colorlatina.org\/healthcare-enrollment\/#primaryimage","url":"https:\/\/live-color-latina.pantheonsite.io\/wp-content\/uploads\/2022\/03\/Screen-Shot-2022-03-09-at-4.49.22-PM-1024x1024.png","contentUrl":"https:\/\/live-color-latina.pantheonsite.io\/wp-content\/uploads\/2022\/03\/Screen-Shot-2022-03-09-at-4.49.22-PM-1024x1024.png"},{"@type":"BreadcrumbList","@id":"https:\/\/www.colorlatina.org\/healthcare-enrollment\/#breadcrumb","itemListElement":[{"@type":"ListItem","position":1,"name":"Home","item":"https:\/\/www.colorlatina.org\/"},{"@type":"ListItem","position":2,"name":"Healthcare Enrollment"}]},{"@type":"WebSite","@id":"https:\/\/www.colorlatina.org\/#website","url":"https:\/\/www.colorlatina.org\/","name":"COLOR Latina","description":"","publisher":{"@id":"https:\/\/www.colorlatina.org\/#organization"},"potentialAction":[{"@type":"SearchAction","target":{"@type":"EntryPoint","urlTemplate":"https:\/\/www.colorlatina.org\/?s={search_term_string}"},"query-input":{"@type":"PropertyValueSpecification","valueRequired":true,"valueName":"search_term_string"}}],"inLanguage":"es"},{"@type":"Organization","@id":"https:\/\/www.colorlatina.org\/#organization","name":"COLOR Latina","url":"https:\/\/www.colorlatina.org\/","logo":{"@type":"ImageObject","inLanguage":"es","@id":"https:\/\/www.colorlatina.org\/#\/schema\/logo\/image\/","url":"https:\/\/live-color-latina.pantheonsite.io\/wp-content\/uploads\/2022\/04\/color-latina-fb.jpg","contentUrl":"https:\/\/live-color-latina.pantheonsite.io\/wp-content\/uploads\/2022\/04\/color-latina-fb.jpg","width":1200,"height":630,"caption":"COLOR Latina"},"image":{"@id":"https:\/\/www.colorlatina.org\/#\/schema\/logo\/image\/"}}]}},"_links":{"self":[{"href":"https:\/\/www.colorlatina.org\/es\/wp-json\/wp\/v2\/pages\/745","targetHints":{"allow":["GET"]}}],"collection":[{"href":"https:\/\/www.colorlatina.org\/es\/wp-json\/wp\/v2\/pages"}],"about":[{"href":"https:\/\/www.colorlatina.org\/es\/wp-json\/wp\/v2\/types\/page"}],"author":[{"embeddable":true,"href":"https:\/\/www.colorlatina.org\/es\/wp-json\/wp\/v2\/users\/1"}],"replies":[{"embeddable":true,"href":"https:\/\/www.colorlatina.org\/es\/wp-json\/wp\/v2\/comments?post=745"}],"version-history":[{"count":4,"href":"https:\/\/www.colorlatina.org\/es\/wp-json\/wp\/v2\/pages\/745\/revisions"}],"predecessor-version":[{"id":986,"href":"https:\/\/www.colorlatina.org\/es\/wp-json\/wp\/v2\/pages\/745\/revisions\/986"}],"wp:attachment":[{"href":"https:\/\/www.colorlatina.org\/es\/wp-json\/wp\/v2\/media?parent=745"}],"curies":[{"name":"wp","href":"https:\/\/api.w.org\/{rel}","templated":true}]}}