{"id":954,"date":"2022-03-09T17:34:36","date_gmt":"2022-03-10T00:34:36","guid":{"rendered":"https:\/\/live-color-latina.pantheonsite.io\/?page_id=954"},"modified":"2022-05-17T08:40:06","modified_gmt":"2022-05-17T14:40:06","slug":"covid-19-resources","status":"publish","type":"page","link":"https:\/\/www.colorlatina.org\/es\/covid-19-resources\/","title":{"rendered":"Recursos sobre COVID-19"},"content":{"rendered":"<div class=\"wp-block-image\"><figure class=\"aligncenter size-large\"><img fetchpriority=\"high\" decoding=\"async\" width=\"1024\" height=\"536\" src=\"https:\/\/live-color-latina.pantheonsite.io\/wp-content\/uploads\/2022\/04\/COVID19-website-banner4-1024x536.jpg\" alt=\"\" class=\"wp-image-1223\" srcset=\"https:\/\/www.colorlatina.org\/wp-content\/uploads\/2022\/04\/COVID19-website-banner4-1024x536.jpg 1024w, https:\/\/www.colorlatina.org\/wp-content\/uploads\/2022\/04\/COVID19-website-banner4-300x157.jpg 300w, https:\/\/www.colorlatina.org\/wp-content\/uploads\/2022\/04\/COVID19-website-banner4-768x402.jpg 768w, https:\/\/www.colorlatina.org\/wp-content\/uploads\/2022\/04\/COVID19-website-banner4-1536x804.jpg 1536w, https:\/\/www.colorlatina.org\/wp-content\/uploads\/2022\/04\/COVID19-website-banner4.jpg 2000w\" sizes=\"(max-width: 1024px) 100vw, 1024px\" \/><\/figure><\/div>\n\n\n\n<p><strong>\u00a1Recursos sobre COVID-19 y la vacuna!<\/strong><\/p>\n\n\n\n<p>Consulte los recursos a continuaci\u00f3n para encontrar las \u00faltimas actualizaciones sobre COVID-19 y la vacuna, las pautas actualizadas de la CDC y m\u00e1s recursos sobre c\u00f3mo acceder a las ubicaciones de las cl\u00ednicas de vacunas y acceder a la atenci\u00f3n aqu\u00ed en Colorado.<\/p>\n\n\n\n<p class=\"translation-block\">Nuestro objetivo aqu\u00ed es proporcionar recursos educativos e informativos sobre el COVID-19 y vacunas para la comunidad latina\/hispana tanto en ingl\u00e9s como en  espa\u00f1ol, as\u00ed como ayudar a vacunar a nuestras comunidades contra el virus.<\/p>\n\n\n\n<p><strong>COVID-19 y sus derechos reproductivos<\/strong><\/p>\n\n\n\n<ul class=\"wp-block-list\"><li><a rel=\"noreferrer noopener\" href=\"https:\/\/www.cdc.gov\/coronavirus\/2019-ncov\/vaccines\/recommendations\/pregnancy.html\" target=\"_blank\">Directrices de los CDC sobre las vacunas contra el COVID-19 durante el embarazo y la lactancia.<\/a><\/li><li><a rel=\"noreferrer noopener\" href=\"https:\/\/www.health.harvard.edu\/blog\/wondering-about-covid-19-vaccines-if-youre-pregnant-or-breastfeeding-2021010721722\" target=\"_blank\">Estudio de Harvard para responder preguntas sobre vacunas y embarazo.<\/a><\/li><li><a rel=\"noreferrer noopener\" href=\"https:\/\/www.healthychildren.org\/English\/health-issues\/conditions\/COVID-19\/Pages\/Breastfeeding-During-COVID-19.aspx\" target=\"_blank\">Lactancia materna durante la pandemia de COVID-19.<\/a><\/li><\/ul>\n\n\n\n<p><strong>Recursos del Departamento de Salud P\u00fablica y Medio Ambiente de Colorado<\/strong><\/p>\n\n\n\n<ul class=\"wp-block-list\"><li><a rel=\"noreferrer noopener\" href=\"https:\/\/www.cdc.gov\/coronavirus\/2019-ncov\/vaccines\/recommendations\/pregnancy.html\" target=\"_blank\"><a rel=\"noreferrer noopener\" href=\"https:\/\/covid19.colorado.gov\/\" target=\"_blank\">Haga clic aqu\u00ed para aprender c\u00f3mo proteger a su familia y comunidad contra el COVID-19.<\/a><\/a><\/li><li><a rel=\"noreferrer noopener\" href=\"https:\/\/www.cdc.gov\/coronavirus\/2019-ncov\/vaccines\/recommendations\/pregnancy.html\" target=\"_blank\"><a rel=\"noreferrer noopener\" href=\"https:\/\/covid19.colorado.gov\/\" target=\"_blank\">Haga clic aqu\u00ed para conocer los datos de COVID-19 en Colorado.<\/a><\/a><\/li><\/ul>\n\n\n\n<p><strong>Sitios de prueba en Colorado<\/strong><\/p>\n\n\n\n<ul class=\"wp-block-list\"><li><a rel=\"noreferrer noopener\" href=\"https:\/\/covidcheckcolorado.org\/find-our-sites\/\" target=\"_blank\">Haga clic aqu\u00ed para obtener m\u00e1s informaci\u00f3n sobre los lugares de prueba de COVID-19.<\/a><\/li><li><a rel=\"noreferrer noopener\" href=\"https:\/\/covidcheckcolorado.org\/find-our-sites-vaccinations\/\" target=\"_blank\">Haga clic aqu\u00ed para obtener m\u00e1s informaci\u00f3n sobre c\u00f3mo obtener la vacuna COVID-19.<\/a><\/li><\/ul>\n\n\n\n<p><strong>Ubicaciones de las cl\u00ednicas de vacunas<\/strong><\/p>\n\n\n\n<ul class=\"wp-block-list\"><li><a rel=\"noreferrer noopener\" href=\"https:\/\/9health365.org\/vaccine-locations\/\" target=\"_blank\">\u00a1Haga clic aqu\u00ed para encontrar una cl\u00ednica de vacunas cerca de usted!<\/a> <em>*No se requiere identificaci\u00f3n ni seguro m\u00e9dico.<\/em><\/li><\/ul>\n\n\n\n<p class=\"translation-block\"><strong>Preguntas frecuentes sobre vacunas<\/strong><\/p>\n\n\n\n<ul class=\"wp-block-list\"><li><a href=\"https:\/\/www.coloradovaccineequity.org\/faq\">Consulte las preguntas frecuentes del grupo de trabajo sobre equidad de vacunas de Colorado.<\/a><\/li><\/ul>\n\n\n\n<p><strong>Noticias sobre la variante Delta<\/strong><\/p>\n\n\n\n<p>Seg\u00fan la CDC, la variante Delta causa m\u00e1s infecciones y se propaga m\u00e1s r\u00e1pido que las formas anteriores del virus que causa el COVID-19. Podr\u00eda causar una enfermedad m\u00e1s grave que las cepas anteriores en personas no vacunadas.<a href=\"https:\/\/www.cdc.gov\/coronavirus\/2019-ncov\/variants\/variants.html\"> <em>(Haga clic aqu\u00ed para ver el art\u00edculo completo.)<\/em><\/a><\/p>\n\n\n\n<ul class=\"wp-block-list\"><li>Las vacunas contin\u00faan reduciendo el riesgo de que una persona contraiga el virus que causa el COVID-19, incluida esta variante.<\/li><li>Las vacunas siguen siendo muy eficaces para prevenir la hospitalizaci\u00f3n y la muerte, incluso contra esta variante.<\/li><li>Las personas completamente vacunadas con infecciones de avance de esta variante parecen ser infecciosas por un per\u00edodo m\u00e1s corto.<\/li><li>Vac\u00fanese y use mascarillas en espacios p\u00fablicos en espacios cerrados para reducir la propagaci\u00f3n de esta variante.<\/li><\/ul>\n\n\n\n<p>\ud83d\ude8c No importa qui\u00e9n seas o de d\u00f3nde vengas, todos merecen llevar una vida saludable y autodeterminada. Vacunarse es f\u00e1cil, seguro y ayuda a proteger a su comunidad contra el COVID-19.<\/p>\n\n\n\n<p>En el D\u00eda de la Defensa de los Latinos empoderamos a nuestra comunidad para que aprenda a cabildear por los problemas que m\u00e1s les preocupan, al mismo tiempo que ayudamos a las familias a acceder a la atenci\u00f3n m\u00e9dica. Nos esforzamos por continuar brindando vacunas gratuitas y seguras a nuestras familias y comunidades latinas. \u00a1En LAD, pudimos ayudar a las familias a continuar protegi\u00e9ndose a s\u00ed mismas y a sus seres queridos del COVID-19 con la ayuda de&nbsp;<a href=\"https:\/\/www.instagram.com\/cdphe\/\">@cdphe<\/a>&nbsp;\u00a1Autob\u00fas de vacunaci\u00f3n m\u00f3vil!<\/p>\n\n\n\n<p>\ud83d\udd34 Para obtener m\u00e1s informaci\u00f3n, visite 9health365.org&nbsp;<a href=\"https:\/\/www.instagram.com\/explore\/tags\/covid19vaccine\/\">#VACUNA CONTRA EL COVID19<\/a><a href=\"https:\/\/www.instagram.com\/explore\/tags\/fluvaxco\/\">#FluVaxCO<\/a><a href=\"https:\/\/www.instagram.com\/explore\/tags\/fluvaxcolorado\/\">#FluVaxColorado<\/a><\/p>\n\n\n\n<div class=\"wp-block-image\"><figure class=\"aligncenter size-large is-resized\"><img decoding=\"async\" src=\"https:\/\/live-color-latina.pantheonsite.io\/wp-content\/uploads\/2022\/04\/Family-vaccines-1024x768.jpg\" alt=\"\" class=\"wp-image-1160\" width=\"553\" height=\"415\" srcset=\"https:\/\/www.colorlatina.org\/wp-content\/uploads\/2022\/04\/Family-vaccines-1024x768.jpg 1024w, https:\/\/www.colorlatina.org\/wp-content\/uploads\/2022\/04\/Family-vaccines-300x225.jpg 300w, https:\/\/www.colorlatina.org\/wp-content\/uploads\/2022\/04\/Family-vaccines-768x576.jpg 768w, https:\/\/www.colorlatina.org\/wp-content\/uploads\/2022\/04\/Family-vaccines-1536x1152.jpg 1536w, https:\/\/www.colorlatina.org\/wp-content\/uploads\/2022\/04\/Family-vaccines-2048x1536.jpg 2048w\" sizes=\"(max-width: 553px) 100vw, 553px\" \/><\/figure><\/div>\n\n\n\n<p>\ud83e\udd29 Queremos tomarnos un momento para animar y destacar a nuestra Coordinadora del Programa de Vacunas, Estrella Guerrero, por todo el tremendo trabajo que ha realizado durante el \u00faltimo a\u00f1o trabajando para proteger a nuestras comunidades del COVID-19. La apreciamos por mantener a nuestras comunidades a la vanguardia de la salud y la seguridad p\u00fablicas, y por garantizar que seamos intencionales sobre la equidad de las vacunas para las comunidades latinas.<\/p>\n\n\n\n<p>\u201cHa sido muy gratificante porque a menudo nuestra comunidad se queda atr\u00e1s en lo que respecta a la atenci\u00f3n m\u00e9dica y no tiene el mismo acceso que los dem\u00e1s. Ha sido empoderador impactar un cambio positivo en el \u00e1mbito de la salud p\u00fablica para mi gente\u201d. \u2013 Estrella Guerrero, nuestra Coordinadora del Programa de Vacunas.&nbsp;<\/p>\n\n\n\n<p>\ud83d\udd34 Para obtener m\u00e1s informaci\u00f3n sobre la vacuna COVID-19, visite 9health365.org <a href=\"https:\/\/www.instagram.com\/explore\/tags\/covid19vaccine\/\">#VACUNA CONTRA EL COVID19<\/a> <a href=\"https:\/\/www.instagram.com\/explore\/tags\/fluvaxco\/\">#FluVaxCO<\/a> <a href=\"https:\/\/www.instagram.com\/explore\/tags\/fluvaxcolorado\/\">#FluVaxColorado<\/a><\/p>\n\n\n\n<div class=\"wp-block-image\"><figure class=\"aligncenter size-large is-resized\"><img decoding=\"async\" src=\"https:\/\/live-color-latina.pantheonsite.io\/wp-content\/uploads\/2022\/04\/20220313-LAD-58-1024x683.jpg\" alt=\"\" class=\"wp-image-1156\" width=\"571\" height=\"380\" srcset=\"https:\/\/www.colorlatina.org\/wp-content\/uploads\/2022\/04\/20220313-LAD-58-1024x683.jpg 1024w, https:\/\/www.colorlatina.org\/wp-content\/uploads\/2022\/04\/20220313-LAD-58-300x200.jpg 300w, https:\/\/www.colorlatina.org\/wp-content\/uploads\/2022\/04\/20220313-LAD-58-768x512.jpg 768w, https:\/\/www.colorlatina.org\/wp-content\/uploads\/2022\/04\/20220313-LAD-58-1536x1024.jpg 1536w, https:\/\/www.colorlatina.org\/wp-content\/uploads\/2022\/04\/20220313-LAD-58-2048x1365.jpg 2048w\" sizes=\"(max-width: 571px) 100vw, 571px\" \/><figcaption><em>Estrella Guerrero, nuestra Coordinadora del Programa de Vacunas, se encuentra junto a la Cl\u00ednica M\u00f3vil de Autobuses del Departamento de Salud P\u00fablica y Medio Ambiente de Colorado.&nbsp;<\/em><\/figcaption><\/figure><\/div>\n\n\n\n<div class=\"wp-block-image\"><figure class=\"aligncenter size-large is-resized\"><img loading=\"lazy\" decoding=\"async\" src=\"https:\/\/live-color-latina.pantheonsite.io\/wp-content\/uploads\/2022\/04\/20220313-LAD-61-1024x683.jpg\" alt=\"\" class=\"wp-image-1157\" width=\"566\" height=\"376\" srcset=\"https:\/\/www.colorlatina.org\/wp-content\/uploads\/2022\/04\/20220313-LAD-61-300x200.jpg 300w, https:\/\/www.colorlatina.org\/wp-content\/uploads\/2022\/04\/20220313-LAD-61-768x512.jpg 768w, https:\/\/www.colorlatina.org\/wp-content\/uploads\/2022\/04\/20220313-LAD-61-1536x1024.jpg 1536w, https:\/\/www.colorlatina.org\/wp-content\/uploads\/2022\/04\/20220313-LAD-61-2048x1365.jpg 2048w\" sizes=\"(max-width: 566px) 100vw, 566px\" \/><figcaption class=\"translation-block\">Estrella Guerrero, nuestra Coordinadora del Programa de Vacunas, junto a la Cl\u00ednica M\u00f3vil de Autobuses del Departamento de Salud P\u00fablica y Medio Ambiente de Colorado con un miembro de la comunidad.<\/figcaption><\/figure><\/div>\n\n\n\n<div class=\"wp-block-image\"><figure class=\"aligncenter size-large is-resized\"><img loading=\"lazy\" decoding=\"async\" src=\"https:\/\/live-color-latina.pantheonsite.io\/wp-content\/uploads\/2022\/04\/20220313-LAD-57-1024x683.jpg\" alt=\"\" class=\"wp-image-1155\" width=\"565\" height=\"376\" srcset=\"https:\/\/www.colorlatina.org\/wp-content\/uploads\/2022\/04\/20220313-LAD-57-1024x683.jpg 1024w, https:\/\/www.colorlatina.org\/wp-content\/uploads\/2022\/04\/20220313-LAD-57-300x200.jpg 300w, https:\/\/www.colorlatina.org\/wp-content\/uploads\/2022\/04\/20220313-LAD-57-768x512.jpg 768w, https:\/\/www.colorlatina.org\/wp-content\/uploads\/2022\/04\/20220313-LAD-57-1536x1024.jpg 1536w, https:\/\/www.colorlatina.org\/wp-content\/uploads\/2022\/04\/20220313-LAD-57-2048x1365.jpg 2048w\" sizes=\"(max-width: 565px) 100vw, 565px\" \/><figcaption><em>Estrella Guerrero, nuestra Coordinadora del Programa de Vacunas, habla con los miembros de la comunidad sobre las vacunas contra el COVID-19 durante nuestro 16\u00ba D\u00eda Anual de Defensa Latina\/a.<\/em><\/figcaption><\/figure><\/div>","protected":false},"excerpt":{"rendered":"<p>Recursos sobre la COVID-19 y la vacuna. Consulta los recursos a continuaci\u00f3n para encontrar las \u00faltimas novedades sobre la COVID-19 y la vacuna, las directrices actualizadas de los CDC y m\u00e1s recursos sobre c\u00f3mo [\u2026]<\/p>","protected":false},"author":1,"featured_media":0,"parent":0,"menu_order":0,"comment_status":"closed","ping_status":"closed","template":"","meta":{"footnotes":""},"class_list":["post-954","page","type-page","status-publish","hentry"],"yoast_head":"<!-- This site is optimized with the Yoast SEO plugin v26.0 - https:\/\/yoast.com\/wordpress\/plugins\/seo\/ -->\n<title>COVID-19 Resources - COLOR Latina<\/title>\n<meta name=\"robots\" content=\"index, follow, max-snippet:-1, max-image-preview:large, max-video-preview:-1\" \/>\n<link rel=\"canonical\" href=\"https:\/\/www.colorlatina.org\/es\/covid-19-resources\/\" \/>\n<meta property=\"og:locale\" content=\"es_MX\" \/>\n<meta property=\"og:type\" content=\"article\" \/>\n<meta property=\"og:title\" content=\"COVID-19 Resources - COLOR Latina\" \/>\n<meta property=\"og:description\" content=\"Resources on COVID-19 and the vaccine! Check out the resources below to find the latest updates about COVID-19 and the vaccine, up-to-date CDC guidelines, and more resources about how to [&hellip;]\" \/>\n<meta property=\"og:url\" content=\"https:\/\/www.colorlatina.org\/es\/covid-19-resources\/\" \/>\n<meta property=\"og:site_name\" content=\"COLOR Latina\" \/>\n<meta property=\"article:modified_time\" content=\"2022-05-17T14:40:06+00:00\" \/>\n<meta property=\"og:image\" content=\"https:\/\/live-color-latina.pantheonsite.io\/wp-content\/uploads\/2022\/04\/COVID19-website-banner4-1024x536.jpg\" \/>\n<meta name=\"twitter:card\" content=\"summary_large_image\" \/>\n<meta name=\"twitter:label1\" content=\"Tiempo de lectura\" \/>\n\t<meta name=\"twitter:data1\" content=\"4 minutos\" \/>\n<script type=\"application\/ld+json\" class=\"yoast-schema-graph\">{\"@context\":\"https:\/\/schema.org\",\"@graph\":[{\"@type\":\"WebPage\",\"@id\":\"https:\/\/www.colorlatina.org\/covid-19-resources\/\",\"url\":\"https:\/\/www.colorlatina.org\/covid-19-resources\/\",\"name\":\"COVID-19 Resources - COLOR Latina\",\"isPartOf\":{\"@id\":\"https:\/\/www.colorlatina.org\/#website\"},\"primaryImageOfPage\":{\"@id\":\"https:\/\/www.colorlatina.org\/covid-19-resources\/#primaryimage\"},\"image\":{\"@id\":\"https:\/\/www.colorlatina.org\/covid-19-resources\/#primaryimage\"},\"thumbnailUrl\":\"https:\/\/live-color-latina.pantheonsite.io\/wp-content\/uploads\/2022\/04\/COVID19-website-banner4-1024x536.jpg\",\"datePublished\":\"2022-03-10T00:34:36+00:00\",\"dateModified\":\"2022-05-17T14:40:06+00:00\",\"breadcrumb\":{\"@id\":\"https:\/\/www.colorlatina.org\/covid-19-resources\/#breadcrumb\"},\"inLanguage\":\"es\",\"potentialAction\":[{\"@type\":\"ReadAction\",\"target\":[\"https:\/\/www.colorlatina.org\/covid-19-resources\/\"]}]},{\"@type\":\"ImageObject\",\"inLanguage\":\"es\",\"@id\":\"https:\/\/www.colorlatina.org\/covid-19-resources\/#primaryimage\",\"url\":\"https:\/\/live-color-latina.pantheonsite.io\/wp-content\/uploads\/2022\/04\/COVID19-website-banner4-1024x536.jpg\",\"contentUrl\":\"https:\/\/live-color-latina.pantheonsite.io\/wp-content\/uploads\/2022\/04\/COVID19-website-banner4-1024x536.jpg\"},{\"@type\":\"BreadcrumbList\",\"@id\":\"https:\/\/www.colorlatina.org\/covid-19-resources\/#breadcrumb\",\"itemListElement\":[{\"@type\":\"ListItem\",\"position\":1,\"name\":\"Home\",\"item\":\"https:\/\/www.colorlatina.org\/\"},{\"@type\":\"ListItem\",\"position\":2,\"name\":\"COVID-19 Resources\"}]},{\"@type\":\"WebSite\",\"@id\":\"https:\/\/www.colorlatina.org\/#website\",\"url\":\"https:\/\/www.colorlatina.org\/\",\"name\":\"COLOR Latina\",\"description\":\"\",\"publisher\":{\"@id\":\"https:\/\/www.colorlatina.org\/#organization\"},\"potentialAction\":[{\"@type\":\"SearchAction\",\"target\":{\"@type\":\"EntryPoint\",\"urlTemplate\":\"https:\/\/www.colorlatina.org\/?s={search_term_string}\"},\"query-input\":{\"@type\":\"PropertyValueSpecification\",\"valueRequired\":true,\"valueName\":\"search_term_string\"}}],\"inLanguage\":\"es\"},{\"@type\":\"Organization\",\"@id\":\"https:\/\/www.colorlatina.org\/#organization\",\"name\":\"COLOR Latina\",\"url\":\"https:\/\/www.colorlatina.org\/\",\"logo\":{\"@type\":\"ImageObject\",\"inLanguage\":\"es\",\"@id\":\"https:\/\/www.colorlatina.org\/#\/schema\/logo\/image\/\",\"url\":\"https:\/\/live-color-latina.pantheonsite.io\/wp-content\/uploads\/2022\/04\/color-latina-fb.jpg\",\"contentUrl\":\"https:\/\/live-color-latina.pantheonsite.io\/wp-content\/uploads\/2022\/04\/color-latina-fb.jpg\",\"width\":1200,\"height\":630,\"caption\":\"COLOR Latina\"},\"image\":{\"@id\":\"https:\/\/www.colorlatina.org\/#\/schema\/logo\/image\/\"}}]}<\/script>\n<!-- \/ Yoast SEO plugin. -->","yoast_head_json":{"title":"Recursos sobre la COVID-19 - COLOR Latina","robots":{"index":"index","follow":"follow","max-snippet":"max-snippet:-1","max-image-preview":"max-image-preview:large","max-video-preview":"max-video-preview:-1"},"canonical":"https:\/\/www.colorlatina.org\/es\/covid-19-resources\/","og_locale":"es_MX","og_type":"article","og_title":"COVID-19 Resources - COLOR Latina","og_description":"Resources on COVID-19 and the vaccine! Check out the resources below to find the latest updates about COVID-19 and the vaccine, up-to-date CDC guidelines, and more resources about how to [&hellip;]","og_url":"https:\/\/www.colorlatina.org\/es\/covid-19-resources\/","og_site_name":"COLOR Latina","article_modified_time":"2022-05-17T14:40:06+00:00","og_image":[{"url":"https:\/\/live-color-latina.pantheonsite.io\/wp-content\/uploads\/2022\/04\/COVID19-website-banner4-1024x536.jpg","type":"","width":"","height":""}],"twitter_card":"summary_large_image","twitter_misc":{"Tiempo de lectura":"4 minutos"},"schema":{"@context":"https:\/\/schema.org","@graph":[{"@type":"WebPage","@id":"https:\/\/www.colorlatina.org\/covid-19-resources\/","url":"https:\/\/www.colorlatina.org\/covid-19-resources\/","name":"Recursos sobre la COVID-19 - COLOR Latina","isPartOf":{"@id":"https:\/\/www.colorlatina.org\/#website"},"primaryImageOfPage":{"@id":"https:\/\/www.colorlatina.org\/covid-19-resources\/#primaryimage"},"image":{"@id":"https:\/\/www.colorlatina.org\/covid-19-resources\/#primaryimage"},"thumbnailUrl":"https:\/\/live-color-latina.pantheonsite.io\/wp-content\/uploads\/2022\/04\/COVID19-website-banner4-1024x536.jpg","datePublished":"2022-03-10T00:34:36+00:00","dateModified":"2022-05-17T14:40:06+00:00","breadcrumb":{"@id":"https:\/\/www.colorlatina.org\/covid-19-resources\/#breadcrumb"},"inLanguage":"es","potentialAction":[{"@type":"ReadAction","target":["https:\/\/www.colorlatina.org\/covid-19-resources\/"]}]},{"@type":"ImageObject","inLanguage":"es","@id":"https:\/\/www.colorlatina.org\/covid-19-resources\/#primaryimage","url":"https:\/\/live-color-latina.pantheonsite.io\/wp-content\/uploads\/2022\/04\/COVID19-website-banner4-1024x536.jpg","contentUrl":"https:\/\/live-color-latina.pantheonsite.io\/wp-content\/uploads\/2022\/04\/COVID19-website-banner4-1024x536.jpg"},{"@type":"BreadcrumbList","@id":"https:\/\/www.colorlatina.org\/covid-19-resources\/#breadcrumb","itemListElement":[{"@type":"ListItem","position":1,"name":"Home","item":"https:\/\/www.colorlatina.org\/"},{"@type":"ListItem","position":2,"name":"COVID-19 Resources"}]},{"@type":"WebSite","@id":"https:\/\/www.colorlatina.org\/#website","url":"https:\/\/www.colorlatina.org\/","name":"COLOR Latina","description":"","publisher":{"@id":"https:\/\/www.colorlatina.org\/#organization"},"potentialAction":[{"@type":"SearchAction","target":{"@type":"EntryPoint","urlTemplate":"https:\/\/www.colorlatina.org\/?s={search_term_string}"},"query-input":{"@type":"PropertyValueSpecification","valueRequired":true,"valueName":"search_term_string"}}],"inLanguage":"es"},{"@type":"Organization","@id":"https:\/\/www.colorlatina.org\/#organization","name":"COLOR Latina","url":"https:\/\/www.colorlatina.org\/","logo":{"@type":"ImageObject","inLanguage":"es","@id":"https:\/\/www.colorlatina.org\/#\/schema\/logo\/image\/","url":"https:\/\/live-color-latina.pantheonsite.io\/wp-content\/uploads\/2022\/04\/color-latina-fb.jpg","contentUrl":"https:\/\/live-color-latina.pantheonsite.io\/wp-content\/uploads\/2022\/04\/color-latina-fb.jpg","width":1200,"height":630,"caption":"COLOR Latina"},"image":{"@id":"https:\/\/www.colorlatina.org\/#\/schema\/logo\/image\/"}}]}},"_links":{"self":[{"href":"https:\/\/www.colorlatina.org\/es\/wp-json\/wp\/v2\/pages\/954","targetHints":{"allow":["GET"]}}],"collection":[{"href":"https:\/\/www.colorlatina.org\/es\/wp-json\/wp\/v2\/pages"}],"about":[{"href":"https:\/\/www.colorlatina.org\/es\/wp-json\/wp\/v2\/types\/page"}],"author":[{"embeddable":true,"href":"https:\/\/www.colorlatina.org\/es\/wp-json\/wp\/v2\/users\/1"}],"replies":[{"embeddable":true,"href":"https:\/\/www.colorlatina.org\/es\/wp-json\/wp\/v2\/comments?post=954"}],"version-history":[{"count":6,"href":"https:\/\/www.colorlatina.org\/es\/wp-json\/wp\/v2\/pages\/954\/revisions"}],"predecessor-version":[{"id":2731,"href":"https:\/\/www.colorlatina.org\/es\/wp-json\/wp\/v2\/pages\/954\/revisions\/2731"}],"wp:attachment":[{"href":"https:\/\/www.colorlatina.org\/es\/wp-json\/wp\/v2\/media?parent=954"}],"curies":[{"name":"wp","href":"https:\/\/api.w.org\/{rel}","templated":true}]}}