{"id":956,"date":"2022-03-09T17:34:36","date_gmt":"2022-03-10T00:34:36","guid":{"rendered":"https:\/\/live-color-latina.pantheonsite.io\/?page_id=956"},"modified":"2025-11-18T19:40:19","modified_gmt":"2025-11-19T02:40:19","slug":"community-resources","status":"publish","type":"page","link":"https:\/\/www.colorlatina.org\/es\/community-resources\/","title":{"rendered":"Recursos comunitarios"},"content":{"rendered":"<div data-elementor-type=\"wp-page\" data-elementor-id=\"956\" class=\"elementor elementor-956\" data-elementor-post-type=\"page\">\n\t\t\t\t\t\t<section class=\"elementor-section elementor-top-section elementor-element elementor-element-43ef1535 elementor-section-boxed elementor-section-height-default elementor-section-height-default\" data-id=\"43ef1535\" data-element_type=\"section\">\n\t\t\t\t\t\t<div class=\"elementor-container elementor-column-gap-default\">\n\t\t\t\t\t<div class=\"elementor-column elementor-col-100 elementor-top-column elementor-element elementor-element-48c63b5e\" data-id=\"48c63b5e\" data-element_type=\"column\">\n\t\t\t<div class=\"elementor-widget-wrap elementor-element-populated\">\n\t\t\t\t\t\t<div class=\"elementor-element elementor-element-90159b5 elementor-widget elementor-widget-text-editor\" data-id=\"90159b5\" data-element_type=\"widget\" data-widget_type=\"text-editor.default\">\n\t\t\t\t<div class=\"elementor-widget-container\">\n\t\t\t\t\t\t\t\t\t<p><span style=\"font-weight: 400;\">\u00bfNecesitas apoyo? Explora nuestra lista de organizaciones comunitarias de confianza que ofrecen servicios relacionados con la justicia reproductiva, el acceso a la salud, los derechos de los inmigrantes y mucho m\u00e1s. Descubre lo que ofrecen y accede directamente a los recursos que necesitas.<\/span><\/p>\n<h4><b>Servicios de atenci\u00f3n de la salud reproductiva y grupos de defensa de Colorado<\/b><\/h4>\n<ul>\n<li style=\"font-weight: 400;\" aria-level=\"1\"><a href=\"https:\/\/www.coloradodoulaproject.org\/\"><span style=\"font-weight: 400;\">Proyecto de Doulas de Colorado&nbsp;<\/span><\/a><\/li>\n<li style=\"font-weight: 400;\" aria-level=\"1\"><a href=\"https:\/\/www.rootsfamilycenter.org\/\"><span style=\"font-weight: 400;\">Centro Familiar Ra\u00edces&nbsp;<\/span><\/a><\/li>\n<li style=\"font-weight: 400;\" aria-level=\"1\"><a href=\"https:\/\/www.elephantcircle.net\/\"><span style=\"font-weight: 400;\">C\u00edrculo de elefantes&nbsp;<\/span><\/a><\/li>\n<li style=\"font-weight: 400;\" aria-level=\"1\"><a href=\"https:\/\/cobaltaf.org\/\"><span style=\"font-weight: 400;\">Fondo de Aborto de Cobalto&nbsp;<\/span><\/a><\/li>\n<\/ul>\n<h4><b>Servicios de salud reproductiva a nivel nacional\/en l\u00ednea&nbsp;<\/b><\/h4>\n<ul>\n<li style=\"font-weight: 400;\" aria-level=\"1\"><a href=\"https:\/\/reprolegalhelpline.org\/\"><span style=\"font-weight: 400;\">L\u00ednea de ayuda legal sobre reproducci\u00f3n<\/span><\/a><span style=\"font-weight: 400;\"> &#8211; <\/span><b>844-868-2812<\/b><\/li>\n<li style=\"font-weight: 400;\" aria-level=\"1\"><a href=\"https:\/\/www.abortionfinder.org\/?utm_source=Google&amp;utm_medium=cpc&amp;utm_campaign=CF&amp;gad_source=1&amp;gad_campaignid=13922264542&amp;gbraid=0AAAAADx8nbiu1C9yPOURCEF39dK24I26w&amp;gclid=Cj0KCQjwtMHEBhC-ARIsABua5iQ9f2tmUMc-KHnV9vreMfZwYcFRuQ-3oIjFpItPfte_viNPzB1XrdoaAkSiEALw_wcB\"><span style=\"font-weight: 400;\">Buscador de abortos<\/span><\/a><span style=\"font-weight: 400;\">&nbsp;<\/span><\/li>\n<li style=\"font-weight: 400;\" aria-level=\"1\"><a href=\"https:\/\/www.plancpills.org\/\"><span style=\"font-weight: 400;\">P\u00edldoras del Plan C&nbsp;<\/span><\/a><\/li>\n<li style=\"font-weight: 400;\" aria-level=\"1\"><a href=\"https:\/\/www.heyjane.com\/ad\/find-abortion-pills?utm_source=google-ads&amp;utm_medium=cpc&amp;utm_campaign=Brand-HeyJane&amp;utm_agid=122778951046&amp;utm_term=hey%20jane&amp;gad_source=1&amp;gad_campaignid=13612091982&amp;gbraid=0AAAAACSEwyV73Xyfd6Z8jMm5gwj4SpSH9&amp;gclid=Cj0KCQjwtMHEBhC-ARIsABua5iSLKiAQEylTizTAxbeH89gieEK0cmEoVESKGELtH-F65fP6e7OkSCMaAh1eEALw_wcB\"><span style=\"font-weight: 400;\">Hola Jane&nbsp;<\/span><\/a><\/li>\n<li style=\"font-weight: 400;\" aria-level=\"1\"><a href=\"https:\/\/info.carafem.org\/async?mtm_source=google&amp;mtm_medium=cpc&amp;mtm_campaign=async%20all%20states&amp;mtm_kwd=misoprostol%20and%20mifepristone&amp;mtm_content=679247790398&amp;mtm_cid=&amp;mtm_group=mife%20miso&amp;mtm_placement=&amp;Cj0KCQjwtMHEBhC-ARIsABua5iQNrYVEA4Sis46sp6UxNWgNxUy5qNWHkg7IC19a5XQAEfWzVRIfHl0aAjnCEALw_wcB&amp;gad_source=1&amp;gad_campaignid=20730229182&amp;gbraid=0AAAAADixRpkoODml7V79SCgBr1ywoWme3&amp;gclid=Cj0KCQjwtMHEBhC-ARIsABua5iQNrYVEA4Sis46sp6UxNWgNxUy5qNWHkg7IC19a5XQAEfWzVRIfHl0aAjnCEALw_wcB\"><span style=\"font-weight: 400;\">Carafem<\/span><\/a><\/li>\n<li style=\"font-weight: 400;\" aria-level=\"1\"><a href=\"https:\/\/www.twentyeighthealth.com\/\"><span style=\"font-weight: 400;\">TwentyEight Health<\/span><\/a><\/li>\n<\/ul>\n<h4><b>Cobertura y afiliaci\u00f3n a la atenci\u00f3n m\u00e9dica<\/b><\/h4>\n<p><span style=\"font-weight: 400;\">Usted y su familia pueden calificar para diferentes programas de cobertura m\u00e9dica asequibles seg\u00fan sus ingresos y estatus migratorio. Programas como OmniSalud, Cover All Coloradans y el Programa de Atenci\u00f3n de Salud Reproductiva ofrecen cobertura a personas sin importar su estatus migratorio.&nbsp;<\/span><\/p>\n<p><span style=\"font-weight: 400;\"><a href=\"https:\/\/connectforhealthco.com\/we-can-help\/\">haga clic aqu\u00ed<\/a> para encontrar ayuda gratuita de expertos para la inscripci\u00f3n en la cobertura de salud en organizaciones comunitarias de todo el estado.<\/span><\/p>\n<p><span style=\"font-weight: 400;\">Las personas que no tienen o no pueden obtener cobertura de seguro m\u00e9dico pueden acceder a atenci\u00f3n m\u00e9dica asequible y comunitaria en cl\u00ednicas de salud.<\/span><\/p>\n<ul>\n<li style=\"font-weight: 400;\" aria-level=\"1\"><a href=\"https:\/\/www.tepeyachealth.org\/\"><span style=\"font-weight: 400;\">Centro de Salud Comunitario de Tepeyac<\/span><\/a><\/li>\n<li style=\"font-weight: 400;\" aria-level=\"1\"><a href=\"https:\/\/www.clinica.org\/\"><span style=\"font-weight: 400;\">Cl\u00ednica de Salud Familiar<\/span><\/a><\/li>\n<li style=\"font-weight: 400;\" aria-level=\"1\"><a href=\"https:\/\/www.saludclinic.org\/\"><span style=\"font-weight: 400;\">Centros de Salud Familiar Salud<\/span><\/a><\/li>\n<\/ul>\n<h4><b>Educaci\u00f3n para el voto<\/b><\/h4>\n<p><span style=\"font-weight: 400;\">Obt\u00e9n la informaci\u00f3n que necesitas para votar con confianza: aprende sobre tus derechos, c\u00f3mo registrarte y qu\u00e9 se votar\u00e1 en tu comunidad.<\/span><\/p>\n<ul>\n<li style=\"font-weight: 400;\" aria-level=\"1\"><a href=\"https:\/\/www.mifamiliavota.org\/es\/\"><span style=\"font-weight: 400;\">Mi Familia Vota&nbsp;<\/span><\/a><\/li>\n<li style=\"font-weight: 400;\" aria-level=\"1\"><a href=\"https:\/\/www.coloradosos.gov\/voter\/pages\/pub\/home.xhtml\"><span style=\"font-weight: 400;\">Vota por Colorado&nbsp;<\/span><\/a><\/li>\n<li style=\"font-weight: 400;\" aria-level=\"1\"><a href=\"https:\/\/neweracolorado.org\/\"><span style=\"font-weight: 400;\">Nueva Era Colorado&nbsp;<\/span><\/a><\/li>\n<\/ul>\n<h4><b>Derechos de inmigraci\u00f3n&nbsp;<\/b><\/h4>\n<p><span style=\"font-weight: 400;\">Conozca sus derechos y encuentre recursos confiables que le ayuden a navegar los procesos de inmigraci\u00f3n, proteger a su familia y mantenerse informado sobre los cambios en las pol\u00edticas.<\/span><\/p>\n<ul>\n<li style=\"font-weight: 400;\" aria-level=\"1\"><a href=\"https:\/\/coloradoimmigrant.org\/\"><span style=\"font-weight: 400;\">Coalici\u00f3n por los derechos de los inmigrantes de Colorado<\/span><\/a><span style=\"font-weight: 400;\"> (CIRC)<\/span><\/li>\n<li style=\"font-weight: 400;\" aria-level=\"1\"><a href=\"https:\/\/coloradoimmigrant.org\/\"><span style=\"font-weight: 400;\">Comit\u00e9 de Servicio de los Amigos Americanos<\/span><\/a><span style=\"font-weight: 400;\"> (AFSC)&nbsp;<\/span><\/li>\n<li style=\"font-weight: 400;\" aria-level=\"1\"><a href=\"https:\/\/www.casadepazcolorado.org\/?gad_source=1&amp;gad_campaignid=17500473552&amp;gbraid=0AAAAAouh0IRZdf9MgvtZlWTIDJa5ANESf&amp;gclid=Cj0KCQjwtMHEBhC-ARIsABua5iTLDG8TEIOKDz4014q65RPCk1uv0FL4jDk2y_imsZzZ2V3QwSHbspAaAlvCEALw_wcB\"><span style=\"font-weight: 400;\">Casa de Paz&nbsp;<\/span><\/a><\/li>\n<li style=\"font-weight: 400;\" aria-level=\"1\"><a href=\"https:\/\/www.juntoscommunity.org\/\"><span style=\"font-weight: 400;\">Comunidad Juntos&nbsp;<\/span><\/a><\/li>\n<li aria-level=\"1\"><a href=\"https:\/\/www.vocesunidas.org\/\">Voces Unidas de las Monta\u00f1as<\/a><\/li>\n<\/ul>\n<h4><b>Vivienda y justicia econ\u00f3mica&nbsp;<\/b><\/h4>\n<p><span style=\"font-weight: 400;\">Acceda a recursos confiables sobre apoyo a la vivienda, derechos laborales y justicia econ\u00f3mica para ayudarle a usted y a su comunidad a prosperar con dignidad y estabilidad.<\/span><\/p>\n<ul>\n<li style=\"font-weight: 400;\" aria-level=\"1\"><a href=\"https:\/\/www.bellpolicy.org\/\"><span style=\"font-weight: 400;\">Centro de Pol\u00edticas Bell&nbsp;<\/span><\/a><\/li>\n<li style=\"font-weight: 400;\" aria-level=\"1\"><a href=\"https:\/\/9to5.org\/chapters\/colorado\/\"><span style=\"font-weight: 400;\">9to5 Colorado&nbsp;<\/span><\/a><\/li>\n<li style=\"font-weight: 400;\" aria-level=\"1\"><a href=\"https:\/\/warrenvillage.org\/\"><span style=\"font-weight: 400;\">Pueblo de Warren&nbsp;<\/span><\/a><\/li>\n<li style=\"font-weight: 400;\" aria-level=\"1\"><a href=\"https:\/\/www.mercyhousing.org\/\"><span style=\"font-weight: 400;\">Viviendas de Misericordia<\/span><\/a><span style=\"font-weight: 400;\">&nbsp;<\/span><\/li>\n<li style=\"font-weight: 400;\" aria-level=\"1\"><a href=\"https:\/\/www.coloradocoalition.org\/?gad_source=1&amp;gad_campaignid=12346051645&amp;gbraid=0AAAAADBAQ12yisJYlhUTLdwLKmFSyi7-3&amp;gclid=Cj0KCQjwtMHEBhC-ARIsABua5iSPXD1MzuXb1Wve7lRAN8YCnJslR3kt-PT0QdlTjvEMWJbc_whewzAaAmP4EALw_wcB\"><span style=\"font-weight: 400;\">Coalici\u00f3n de Colorado para las personas sin hogar&nbsp;<\/span><\/a><\/li>\n<\/ul>\t\t\t\t\t\t\t\t<\/div>\n\t\t\t\t<\/div>\n\t\t\t\t\t<\/div>\n\t\t<\/div>\n\t\t\t\t\t<\/div>\n\t\t<\/section>\n\t\t\t\t<\/div>","protected":false},"excerpt":{"rendered":"<p>\u00bfNecesitas apoyo? Explora nuestra lista de organizaciones comunitarias de confianza que ofrecen servicios relacionados con la justicia reproductiva, el acceso a la salud, los derechos de las personas inmigrantes y mucho m\u00e1s. Descubre lo que ofrecen y cont\u00e1ctalas directamente [\u2026]<\/p>","protected":false},"author":1,"featured_media":0,"parent":0,"menu_order":0,"comment_status":"closed","ping_status":"closed","template":"","meta":{"footnotes":""},"class_list":["post-956","page","type-page","status-publish","hentry"],"yoast_head":"<!-- This site is optimized with the Yoast SEO plugin v26.0 - https:\/\/yoast.com\/wordpress\/plugins\/seo\/ -->\n<title>Community Resources - COLOR Latina<\/title>\n<meta name=\"robots\" content=\"index, follow, max-snippet:-1, max-image-preview:large, max-video-preview:-1\" \/>\n<link rel=\"canonical\" href=\"https:\/\/www.colorlatina.org\/es\/community-resources\/\" \/>\n<meta property=\"og:locale\" content=\"es_MX\" \/>\n<meta property=\"og:type\" content=\"article\" \/>\n<meta property=\"og:title\" content=\"Community Resources - COLOR Latina\" \/>\n<meta property=\"og:description\" content=\"Looking for support? Explore our trusted list of community organizations offering services aligned with reproductive justice, health access, immigrant rights, and more. Learn about what they offer and connect directly [&hellip;]\" \/>\n<meta property=\"og:url\" content=\"https:\/\/www.colorlatina.org\/es\/community-resources\/\" \/>\n<meta property=\"og:site_name\" content=\"COLOR Latina\" \/>\n<meta property=\"article:modified_time\" content=\"2025-11-19T02:40:19+00:00\" \/>\n<meta property=\"og:image\" content=\"https:\/\/www.colorlatina.org\/wp-content\/uploads\/2022\/04\/color-latina-fb.jpg\" \/>\n\t<meta property=\"og:image:width\" content=\"1200\" \/>\n\t<meta property=\"og:image:height\" content=\"630\" \/>\n\t<meta property=\"og:image:type\" content=\"image\/jpeg\" \/>\n<meta name=\"twitter:card\" content=\"summary_large_image\" \/>\n<meta name=\"twitter:label1\" content=\"Tiempo de lectura\" \/>\n\t<meta name=\"twitter:data1\" content=\"2 minutos\" \/>\n<script type=\"application\/ld+json\" class=\"yoast-schema-graph\">{\"@context\":\"https:\/\/schema.org\",\"@graph\":[{\"@type\":\"WebPage\",\"@id\":\"https:\/\/www.colorlatina.org\/community-resources\/\",\"url\":\"https:\/\/www.colorlatina.org\/community-resources\/\",\"name\":\"Community Resources - COLOR Latina\",\"isPartOf\":{\"@id\":\"https:\/\/www.colorlatina.org\/#website\"},\"datePublished\":\"2022-03-10T00:34:36+00:00\",\"dateModified\":\"2025-11-19T02:40:19+00:00\",\"breadcrumb\":{\"@id\":\"https:\/\/www.colorlatina.org\/community-resources\/#breadcrumb\"},\"inLanguage\":\"es\",\"potentialAction\":[{\"@type\":\"ReadAction\",\"target\":[\"https:\/\/www.colorlatina.org\/community-resources\/\"]}]},{\"@type\":\"BreadcrumbList\",\"@id\":\"https:\/\/www.colorlatina.org\/community-resources\/#breadcrumb\",\"itemListElement\":[{\"@type\":\"ListItem\",\"position\":1,\"name\":\"Home\",\"item\":\"https:\/\/www.colorlatina.org\/\"},{\"@type\":\"ListItem\",\"position\":2,\"name\":\"Community Resources\"}]},{\"@type\":\"WebSite\",\"@id\":\"https:\/\/www.colorlatina.org\/#website\",\"url\":\"https:\/\/www.colorlatina.org\/\",\"name\":\"COLOR Latina\",\"description\":\"\",\"publisher\":{\"@id\":\"https:\/\/www.colorlatina.org\/#organization\"},\"potentialAction\":[{\"@type\":\"SearchAction\",\"target\":{\"@type\":\"EntryPoint\",\"urlTemplate\":\"https:\/\/www.colorlatina.org\/?s={search_term_string}\"},\"query-input\":{\"@type\":\"PropertyValueSpecification\",\"valueRequired\":true,\"valueName\":\"search_term_string\"}}],\"inLanguage\":\"es\"},{\"@type\":\"Organization\",\"@id\":\"https:\/\/www.colorlatina.org\/#organization\",\"name\":\"COLOR Latina\",\"url\":\"https:\/\/www.colorlatina.org\/\",\"logo\":{\"@type\":\"ImageObject\",\"inLanguage\":\"es\",\"@id\":\"https:\/\/www.colorlatina.org\/#\/schema\/logo\/image\/\",\"url\":\"https:\/\/live-color-latina.pantheonsite.io\/wp-content\/uploads\/2022\/04\/color-latina-fb.jpg\",\"contentUrl\":\"https:\/\/live-color-latina.pantheonsite.io\/wp-content\/uploads\/2022\/04\/color-latina-fb.jpg\",\"width\":1200,\"height\":630,\"caption\":\"COLOR Latina\"},\"image\":{\"@id\":\"https:\/\/www.colorlatina.org\/#\/schema\/logo\/image\/\"}}]}<\/script>\n<!-- \/ Yoast SEO plugin. -->","yoast_head_json":{"title":"Recursos comunitarios - COLOR Latina","robots":{"index":"index","follow":"follow","max-snippet":"max-snippet:-1","max-image-preview":"max-image-preview:large","max-video-preview":"max-video-preview:-1"},"canonical":"https:\/\/www.colorlatina.org\/es\/community-resources\/","og_locale":"es_MX","og_type":"article","og_title":"Community Resources - COLOR Latina","og_description":"Looking for support? Explore our trusted list of community organizations offering services aligned with reproductive justice, health access, immigrant rights, and more. Learn about what they offer and connect directly [&hellip;]","og_url":"https:\/\/www.colorlatina.org\/es\/community-resources\/","og_site_name":"COLOR Latina","article_modified_time":"2025-11-19T02:40:19+00:00","og_image":[{"width":1200,"height":630,"url":"https:\/\/www.colorlatina.org\/wp-content\/uploads\/2022\/04\/color-latina-fb.jpg","type":"image\/jpeg"}],"twitter_card":"summary_large_image","twitter_misc":{"Tiempo de lectura":"2 minutos"},"schema":{"@context":"https:\/\/schema.org","@graph":[{"@type":"WebPage","@id":"https:\/\/www.colorlatina.org\/community-resources\/","url":"https:\/\/www.colorlatina.org\/community-resources\/","name":"Recursos comunitarios - COLOR Latina","isPartOf":{"@id":"https:\/\/www.colorlatina.org\/#website"},"datePublished":"2022-03-10T00:34:36+00:00","dateModified":"2025-11-19T02:40:19+00:00","breadcrumb":{"@id":"https:\/\/www.colorlatina.org\/community-resources\/#breadcrumb"},"inLanguage":"es","potentialAction":[{"@type":"ReadAction","target":["https:\/\/www.colorlatina.org\/community-resources\/"]}]},{"@type":"BreadcrumbList","@id":"https:\/\/www.colorlatina.org\/community-resources\/#breadcrumb","itemListElement":[{"@type":"ListItem","position":1,"name":"Home","item":"https:\/\/www.colorlatina.org\/"},{"@type":"ListItem","position":2,"name":"Community Resources"}]},{"@type":"WebSite","@id":"https:\/\/www.colorlatina.org\/#website","url":"https:\/\/www.colorlatina.org\/","name":"COLOR Latina","description":"","publisher":{"@id":"https:\/\/www.colorlatina.org\/#organization"},"potentialAction":[{"@type":"SearchAction","target":{"@type":"EntryPoint","urlTemplate":"https:\/\/www.colorlatina.org\/?s={search_term_string}"},"query-input":{"@type":"PropertyValueSpecification","valueRequired":true,"valueName":"search_term_string"}}],"inLanguage":"es"},{"@type":"Organization","@id":"https:\/\/www.colorlatina.org\/#organization","name":"COLOR Latina","url":"https:\/\/www.colorlatina.org\/","logo":{"@type":"ImageObject","inLanguage":"es","@id":"https:\/\/www.colorlatina.org\/#\/schema\/logo\/image\/","url":"https:\/\/live-color-latina.pantheonsite.io\/wp-content\/uploads\/2022\/04\/color-latina-fb.jpg","contentUrl":"https:\/\/live-color-latina.pantheonsite.io\/wp-content\/uploads\/2022\/04\/color-latina-fb.jpg","width":1200,"height":630,"caption":"COLOR Latina"},"image":{"@id":"https:\/\/www.colorlatina.org\/#\/schema\/logo\/image\/"}}]}},"_links":{"self":[{"href":"https:\/\/www.colorlatina.org\/es\/wp-json\/wp\/v2\/pages\/956","targetHints":{"allow":["GET"]}}],"collection":[{"href":"https:\/\/www.colorlatina.org\/es\/wp-json\/wp\/v2\/pages"}],"about":[{"href":"https:\/\/www.colorlatina.org\/es\/wp-json\/wp\/v2\/types\/page"}],"author":[{"embeddable":true,"href":"https:\/\/www.colorlatina.org\/es\/wp-json\/wp\/v2\/users\/1"}],"replies":[{"embeddable":true,"href":"https:\/\/www.colorlatina.org\/es\/wp-json\/wp\/v2\/comments?post=956"}],"version-history":[{"count":9,"href":"https:\/\/www.colorlatina.org\/es\/wp-json\/wp\/v2\/pages\/956\/revisions"}],"predecessor-version":[{"id":6153,"href":"https:\/\/www.colorlatina.org\/es\/wp-json\/wp\/v2\/pages\/956\/revisions\/6153"}],"wp:attachment":[{"href":"https:\/\/www.colorlatina.org\/es\/wp-json\/wp\/v2\/media?parent=956"}],"curies":[{"name":"wp","href":"https:\/\/api.w.org\/{rel}","templated":true}]}}